{"id":5399,"date":"2023-06-02T14:25:40","date_gmt":"2023-06-02T12:25:40","guid":{"rendered":"https:\/\/www.ptc.cz\/o-lecbe\/"},"modified":"2024-08-02T13:34:07","modified_gmt":"2024-08-02T11:34:07","slug":"about-proton-therapy","status":"publish","type":"page","link":"https:\/\/www.ptc.cz\/en\/about-proton-therapy\/","title":{"rendered":"About Proton Therapy"},"content":{"rendered":"<h3>Nejpokro\u010dilej\u0161\u00ed forma radioterapie<\/h3>\n<p>V&nbsp;Protonov\u00e9m centru l\u00e9\u010d\u00edme rakovinu pomoc\u00ed oza\u0159ov\u00e1n\u00ed protony, neboli protonovou radioterapi\u00ed. Zjist\u011bte, <a href=\"https:\/\/www.ptc.cz\/o-lecbe\/jak-funguje-protonova-lecba\/\">jak protonov\u00e1 l\u00e9\u010dba funguje<\/a>, v&nbsp;\u010dem se li\u0161\u00ed od fotonov\u00e9 radioterapie a&nbsp;jak\u00e9 jsou jej\u00ed hlavn\u00ed v\u00fdhody.<\/p>\n<p>Pokud v\u00e1s zaj\u00edm\u00e1 sp\u00ed\u0161e praktick\u00e1 str\u00e1nka v\u011bci, tedy to, co v\u00e1s \u010dek\u00e1, stanete-li se na\u0161\u00edm pacientem, pod\u00edvejte se do sekce <a href=\"https:\/\/www.ptc.cz\/o-lecbe\/jak-lecba-probiha\/\">Jak l\u00e9\u010dba prob\u00edh\u00e1<\/a>.<\/p>\n","protected":false},"excerpt":{"rendered":"<p>Nejpokro\u010dilej\u0161\u00ed forma radioterapie V&nbsp;Protonov\u00e9m centru l\u00e9\u010d\u00edme rakovinu pomoc\u00ed oza\u0159ov\u00e1n\u00ed protony, neboli protonovou radioterapi\u00ed. Zjist\u011bte, jak protonov\u00e1 l\u00e9\u010dba funguje, v&nbsp;\u010dem se li\u0161\u00ed od fotonov\u00e9 radioterapie a&nbsp;jak\u00e9 jsou jej\u00ed hlavn\u00ed v\u00fdhody. Pokud v\u00e1s zaj\u00edm\u00e1 sp\u00ed\u0161e praktick\u00e1 str\u00e1nka v\u011bci, tedy to, co v\u00e1s \u010dek\u00e1, stanete-li se na\u0161\u00edm pacientem, pod\u00edvejte se do sekce Jak l\u00e9\u010dba prob\u00edh\u00e1.<\/p>\n","protected":false},"author":1,"featured_media":5401,"parent":0,"menu_order":147,"comment_status":"closed","ping_status":"closed","template":"template-page-with-anchor-sidebar.php","meta":{"footnotes":""},"class_list":["post-5399","page","type-page","status-publish","has-post-thumbnail","hentry"],"acf":[],"aioseo_notices":[],"_links":{"self":[{"href":"https:\/\/www.ptc.cz\/en\/wp-json\/wp\/v2\/pages\/5399","targetHints":{"allow":["GET"]}}],"collection":[{"href":"https:\/\/www.ptc.cz\/en\/wp-json\/wp\/v2\/pages"}],"about":[{"href":"https:\/\/www.ptc.cz\/en\/wp-json\/wp\/v2\/types\/page"}],"author":[{"embeddable":true,"href":"https:\/\/www.ptc.cz\/en\/wp-json\/wp\/v2\/users\/1"}],"replies":[{"embeddable":true,"href":"https:\/\/www.ptc.cz\/en\/wp-json\/wp\/v2\/comments?post=5399"}],"version-history":[{"count":4,"href":"https:\/\/www.ptc.cz\/en\/wp-json\/wp\/v2\/pages\/5399\/revisions"}],"predecessor-version":[{"id":7196,"href":"https:\/\/www.ptc.cz\/en\/wp-json\/wp\/v2\/pages\/5399\/revisions\/7196"}],"wp:featuredmedia":[{"embeddable":true,"href":"https:\/\/www.ptc.cz\/en\/wp-json\/wp\/v2\/media\/5401"}],"wp:attachment":[{"href":"https:\/\/www.ptc.cz\/en\/wp-json\/wp\/v2\/media?parent=5399"}],"curies":[{"name":"wp","href":"https:\/\/api.w.org\/{rel}","templated":true}]}}