{"id":5569,"date":"2023-08-17T16:03:13","date_gmt":"2023-08-17T14:03:13","guid":{"rendered":"https:\/\/www.ptc.cz\/what-we-treat\/hlava-a-krk\/protonova-lecba-hlavy-a-krku\/"},"modified":"2024-07-29T09:48:25","modified_gmt":"2024-07-29T07:48:25","slug":"proton-therapy-for-head-and-neck","status":"publish","type":"page","link":"https:\/\/www.ptc.cz\/en\/what-we-treat\/head-and-neck\/proton-therapy-for-head-and-neck\/","title":{"rendered":"Proton Therapy for Head and Neck"},"content":{"rendered":"<p><strong>Tumours in the head and neck area are not among the most frequently discussed diagnoses in connection with malignant diseases, although their incidence is on the rise. In addition, much younger patients are currently receiving treatment.<\/strong><\/p>\n<p>Head and neck tumours are often detected by doctors at an advanced stage. However, proton radiotherapy gives a&nbsp;high chance of recovery. It is an exceptional treatment, in particular, because it demonstrably reduces the risk of side effects associated with other types of treatment while also rendering excellent treatment results. This is the most common cause of swallowing difficulties. However, the vast majority of patients undergoing proton therapy are able to undergo treatment on an outpatient basis, while maintaining the ability to swallow and without various invasive procedures.<\/p>\n<div class=\"gdc_row\">\n<div class=\"gdc_column gdc_chalf\">\n<div class=\"gdc_inner\">\n<h3>Proton therapy is used to treat tumours of<\/h3>\n<ul>\n<li><strong>nasopharynx<\/strong><\/li>\n<li><strong>paranasal sinuses<\/strong><\/li>\n<li><strong>salivary glands<\/strong><\/li>\n<li><strong>tonsils<\/strong><\/li>\n<li><strong>orbit (eye socket)<\/strong><\/li>\n<li><strong>middle ear and inner ear<\/strong><\/li>\n<\/ul>\n<\/div>\n<\/div>\n<div class=\"gdc_column gdc_chalf\">\n<div class=\"gdc_inner\">\n<p><iframe loading=\"lazy\" title=\"Protonov\u00e1 l\u00e9\u010dba n\u00e1dor\u016f v oblasti hlavy a krku\" width=\"500\" height=\"281\" src=\"https:\/\/www.youtube.com\/embed\/rnccC5iVVCs?feature=oembed\" frameborder=\"0\" allow=\"accelerometer; autoplay; clipboard-write; encrypted-media; gyroscope; picture-in-picture; web-share\" referrerpolicy=\"strict-origin-when-cross-origin\" allowfullscreen><\/iframe><\/p>\n<\/div>\n<\/div>\n<\/div>\n<p style=\"text-align: left;\"><a  target=\"\"  class=\"button\" href=\"\/en\/contact\/\">Contact us<\/a><\/p>\n","protected":false},"excerpt":{"rendered":"<p>Tumours in the head and neck area are not among the most frequently discussed diagnoses in connection with malignant diseases, although their incidence is on the rise. In addition, much younger patients are currently receiving treatment. Head and neck tumours are often detected by doctors at an advanced stage. However, proton radiotherapy gives a&nbsp;high chance&#8230;<\/p>\n","protected":false},"author":1,"featured_media":5461,"parent":5567,"menu_order":297,"comment_status":"closed","ping_status":"closed","template":"template-service-detail-with-anchor-sidebar.php","meta":{"footnotes":""},"class_list":["post-5569","page","type-page","status-publish","has-post-thumbnail","hentry"],"acf":[],"aioseo_notices":[],"_links":{"self":[{"href":"https:\/\/www.ptc.cz\/en\/wp-json\/wp\/v2\/pages\/5569","targetHints":{"allow":["GET"]}}],"collection":[{"href":"https:\/\/www.ptc.cz\/en\/wp-json\/wp\/v2\/pages"}],"about":[{"href":"https:\/\/www.ptc.cz\/en\/wp-json\/wp\/v2\/types\/page"}],"author":[{"embeddable":true,"href":"https:\/\/www.ptc.cz\/en\/wp-json\/wp\/v2\/users\/1"}],"replies":[{"embeddable":true,"href":"https:\/\/www.ptc.cz\/en\/wp-json\/wp\/v2\/comments?post=5569"}],"version-history":[{"count":5,"href":"https:\/\/www.ptc.cz\/en\/wp-json\/wp\/v2\/pages\/5569\/revisions"}],"predecessor-version":[{"id":7086,"href":"https:\/\/www.ptc.cz\/en\/wp-json\/wp\/v2\/pages\/5569\/revisions\/7086"}],"up":[{"embeddable":true,"href":"https:\/\/www.ptc.cz\/en\/wp-json\/wp\/v2\/pages\/5567"}],"wp:featuredmedia":[{"embeddable":true,"href":"https:\/\/www.ptc.cz\/en\/wp-json\/wp\/v2\/media\/5461"}],"wp:attachment":[{"href":"https:\/\/www.ptc.cz\/en\/wp-json\/wp\/v2\/media?parent=5569"}],"curies":[{"name":"wp","href":"https:\/\/api.w.org\/{rel}","templated":true}]}}