{"id":5739,"date":"2024-01-04T11:32:33","date_gmt":"2024-01-04T10:32:33","guid":{"rendered":"https:\/\/www.ptc.cz\/what-we-treat\/prostata\/jak-poznat-rakovinu-prostaty\/vysledky-prazskeho-protonoveho-centra\/"},"modified":"2024-06-27T14:19:02","modified_gmt":"2024-06-27T12:19:02","slug":"results-of-the-prague-proton-center","status":"publish","type":"page","link":"https:\/\/www.ptc.cz\/en\/what-we-treat\/prostate\/prostate-cancer\/results-of-the-prague-proton-center\/","title":{"rendered":"Results of the Prague Proton Center"},"content":{"rendered":"<div class=\"gdc_row\">\n<div class=\"gdc_column gdc_chalf\">\n<div class=\"gdc_inner\">\n<p><strong>The long-term results of prostate cancer treatment at the Proton Center in Prague were published by two prestigious medical journals.<\/strong><\/p>\n<p>Ultra-hypofractionated proton radiotherapy in the treatment of intermediate- and low-risk prostate tumours \u2013 5-year post-treatment outcomes.<\/p>\n<p><em><strong>One of the first papers based on PTC patient treatment data was published in mid-February 2021.<\/strong><\/em><\/p>\n<p>The study was published by the prestigious international journal, the International Journal of Radiation Oncology, Biology and Physics, and followed a&nbsp;total of 279 patients who were treated for prostate cancer with proton radiotherapy using the pencil beam scanning method (on average, the treatment lasted 9 days) over a&nbsp;period of 8 years. The study yielded interesting results. \u201cThese show that 5 years after treatment, 97% of patients with low-risk prostate cancer are cured and do not have an increase in PSA (prostate specific antigen) levels. For patients with prostate cancer of medium risk, we can state that a&nbsp;total of 90% of them were cured,&#8221; said Assoc. Prof. Dr. Ji\u0159\u00ed Kube\u0161, PhD. In addition, none of the patients died from prostate cancer in the monitored group of patients, and all patients had only minimal side effects (toxicity).<\/p>\n<p><img loading=\"lazy\" decoding=\"async\" class=\"alignnone wp-image-2270 size-medium\" src=\"https:\/\/www.ptc.cz\/wp-content\/uploads\/2024\/02\/134433_web-300x65.jpg\" alt=\"\" width=\"300\" height=\"65\" srcset=\"https:\/\/www.ptc.cz\/wp-content\/uploads\/2024\/02\/134433_web-300x65.jpg 300w, https:\/\/www.ptc.cz\/wp-content\/uploads\/2024\/02\/134433_web-1400x303.jpg 1400w, https:\/\/www.ptc.cz\/wp-content\/uploads\/2024\/02\/134433_web-768x166.jpg 768w, https:\/\/www.ptc.cz\/wp-content\/uploads\/2024\/02\/134433_web.jpg 1440w\" sizes=\"auto, (max-width: 300px) 100vw, 300px\" \/><\/p>\n<\/div>\n<\/div>\n<div class=\"gdc_column gdc_chalf\">\n<div class=\"gdc_inner\">\n<p>Following the publication of this study, the team of Proton Center physicians continued their treatment and publication efforts, resulting in a&nbsp;second, retrospective analysis, the main purpose of which was to confirm the results of the first study.<\/p>\n<p>Five-year analysis of the efficacy and toxicity of ultra-hypofractionated proton radiotherapy in low- and medium-risk prostate cancer: a&nbsp;retrospective analysis<\/p>\n<p>It was published in 2023 in the peer-reviewed medical journal Cancers. \u201cEven before the publication of our first paper, valuable data from the treatment of a&nbsp;larger group of patients were generally missing. Therefore, our second analysis is a&nbsp;kind of extension of the previously published results, which were published based on the observation of a&nbsp;smaller number of patients. Our goal this time was to verify the results of proton therapy in prostate cancer on a&nbsp;sufficiently large group of patients who underwent proton treatment,\u201d said Associate Professor Kube\u0161, explaining the reasons for the second analysis.<\/p>\n<p>During the minimum 6-month post-radiation follow-up after recovery, patients underwent clinical examinations, PSA measurements and evaluation of possible side effects of the treatment (toxicity). &#8220;Even the results of the second study confirmed an almost 97% success rate in curing the disease in patients with low-risk disease. Biochemical recurrence of the disease was observed in only 58 patients, which represents 6.8% of the total number of 853 patients under monitoring. In the 5-year follow-up period, 94.1% of patients from the entire group were without biochemical recurrence of the disease, said senior consultant doctor Kube\u0161 about the conclusions of the confirmatory analysis.<\/p>\n<p><img loading=\"lazy\" decoding=\"async\" class=\"alignnone size-medium wp-image-2273\" src=\"https:\/\/www.ptc.cz\/wp-content\/uploads\/2024\/02\/logo-CANCERS-300x65.jpg\" alt=\"\" width=\"300\" height=\"65\" srcset=\"https:\/\/www.ptc.cz\/wp-content\/uploads\/2024\/02\/logo-CANCERS-300x65.jpg 300w, https:\/\/www.ptc.cz\/wp-content\/uploads\/2024\/02\/logo-CANCERS-1400x303.jpg 1400w, https:\/\/www.ptc.cz\/wp-content\/uploads\/2024\/02\/logo-CANCERS-768x166.jpg 768w, https:\/\/www.ptc.cz\/wp-content\/uploads\/2024\/02\/logo-CANCERS-1536x333.jpg 1536w, https:\/\/www.ptc.cz\/wp-content\/uploads\/2024\/02\/logo-CANCERS.jpg 1920w\" sizes=\"auto, (max-width: 300px) 100vw, 300px\" \/><\/p>\n<\/div>\n<\/div>\n<\/div>\n","protected":false},"excerpt":{"rendered":"","protected":false},"author":1,"featured_media":5741,"parent":5730,"menu_order":482,"comment_status":"closed","ping_status":"closed","template":"template-service-detail-with-sidebar.php","meta":{"footnotes":""},"class_list":["post-5739","page","type-page","status-publish","has-post-thumbnail","hentry"],"acf":[],"aioseo_notices":[],"_links":{"self":[{"href":"https:\/\/www.ptc.cz\/en\/wp-json\/wp\/v2\/pages\/5739","targetHints":{"allow":["GET"]}}],"collection":[{"href":"https:\/\/www.ptc.cz\/en\/wp-json\/wp\/v2\/pages"}],"about":[{"href":"https:\/\/www.ptc.cz\/en\/wp-json\/wp\/v2\/types\/page"}],"author":[{"embeddable":true,"href":"https:\/\/www.ptc.cz\/en\/wp-json\/wp\/v2\/users\/1"}],"replies":[{"embeddable":true,"href":"https:\/\/www.ptc.cz\/en\/wp-json\/wp\/v2\/comments?post=5739"}],"version-history":[{"count":3,"href":"https:\/\/www.ptc.cz\/en\/wp-json\/wp\/v2\/pages\/5739\/revisions"}],"predecessor-version":[{"id":6192,"href":"https:\/\/www.ptc.cz\/en\/wp-json\/wp\/v2\/pages\/5739\/revisions\/6192"}],"up":[{"embeddable":true,"href":"https:\/\/www.ptc.cz\/en\/wp-json\/wp\/v2\/pages\/5730"}],"wp:featuredmedia":[{"embeddable":true,"href":"https:\/\/www.ptc.cz\/en\/wp-json\/wp\/v2\/media\/5741"}],"wp:attachment":[{"href":"https:\/\/www.ptc.cz\/en\/wp-json\/wp\/v2\/media?parent=5739"}],"curies":[{"name":"wp","href":"https:\/\/api.w.org\/{rel}","templated":true}]}}