{"id":5742,"date":"2023-06-12T11:54:58","date_gmt":"2023-06-12T09:54:58","guid":{"rendered":"https:\/\/www.ptc.cz\/what-we-treat\/prostata\/o-protonove-lecbe\/"},"modified":"2024-06-26T13:28:11","modified_gmt":"2024-06-26T11:28:11","slug":"about-proton-therapy","status":"publish","type":"page","link":"https:\/\/www.ptc.cz\/en\/what-we-treat\/prostate\/about-proton-therapy\/","title":{"rendered":"About Proton Therapy"},"content":{"rendered":"<p>Mus\u00ed b\u00fdt kotva sem &#8211; <a href=\"https:\/\/www.ptc.cz\/o-lecbe\/#section3\">O l\u00e9\u010db\u011b | Protonov\u00e9 centrum (mh370.cz)<\/a><\/p>\n<p style=\"text-align: center;\"><a  target=\"\"  class=\"button\" href=\"\/kontakt\/\">Kontaktujte n\u00e1s<\/a><\/p>\n","protected":false},"excerpt":{"rendered":"<p>Mus\u00ed b\u00fdt kotva sem &#8211; O&nbsp;l\u00e9\u010db\u011b | Protonov\u00e9 centrum (mh370.cz)<\/p>\n","protected":false},"author":1,"featured_media":5473,"parent":5717,"menu_order":489,"comment_status":"closed","ping_status":"closed","template":"template-service-detail-with-sidebar.php","meta":{"footnotes":""},"class_list":["post-5742","page","type-page","status-publish","has-post-thumbnail","hentry"],"acf":[],"aioseo_notices":[],"_links":{"self":[{"href":"https:\/\/www.ptc.cz\/en\/wp-json\/wp\/v2\/pages\/5742","targetHints":{"allow":["GET"]}}],"collection":[{"href":"https:\/\/www.ptc.cz\/en\/wp-json\/wp\/v2\/pages"}],"about":[{"href":"https:\/\/www.ptc.cz\/en\/wp-json\/wp\/v2\/types\/page"}],"author":[{"embeddable":true,"href":"https:\/\/www.ptc.cz\/en\/wp-json\/wp\/v2\/users\/1"}],"replies":[{"embeddable":true,"href":"https:\/\/www.ptc.cz\/en\/wp-json\/wp\/v2\/comments?post=5742"}],"version-history":[{"count":1,"href":"https:\/\/www.ptc.cz\/en\/wp-json\/wp\/v2\/pages\/5742\/revisions"}],"predecessor-version":[{"id":5853,"href":"https:\/\/www.ptc.cz\/en\/wp-json\/wp\/v2\/pages\/5742\/revisions\/5853"}],"up":[{"embeddable":true,"href":"https:\/\/www.ptc.cz\/en\/wp-json\/wp\/v2\/pages\/5717"}],"wp:featuredmedia":[{"embeddable":true,"href":"https:\/\/www.ptc.cz\/en\/wp-json\/wp\/v2\/media\/5473"}],"wp:attachment":[{"href":"https:\/\/www.ptc.cz\/en\/wp-json\/wp\/v2\/media?parent=5742"}],"curies":[{"name":"wp","href":"https:\/\/api.w.org\/{rel}","templated":true}]}}