{"id":4676,"date":"2023-09-06T12:54:43","date_gmt":"2023-09-06T10:54:43","guid":{"rendered":"https:\/\/www.ptc.cz\/vnitrni-rad-ptc\/"},"modified":"2024-06-21T13:41:16","modified_gmt":"2024-06-21T11:41:16","slug":"interni-pravilnik-ptc-a","status":"publish","type":"page","link":"https:\/\/www.ptc.cz\/hr\/interni-pravilnik-ptc-a\/","title":{"rendered":"Interni pravilnik PTC-a"},"content":{"rendered":"<div class=\"gdc_row\">\n<div class=\"gdc_column gdc_chalf\">\n<div class=\"gdc_inner\">\n<p class=\"p1\"><strong>V\u00e1\u017een\u00ed pacienti, <\/strong><\/p>\n<p class=\"p3\"><strong>v\u00edt\u00e1me v\u00e1s ve spole\u010dnosti Proton Therapy Center Czech s.r.o., Protonov\u00e9m centru (PTC). <\/strong>D\u011bkujeme v\u00e1m za d\u016fv\u011bru, kterou jste n\u00e1m projevili t\u00edm, \u017ee jste vyhledali na\u0161i p\u00e9\u010di. R\u00e1di bychom v\u00e1m pomohli se v&nbsp;na\u0161em centru zorientovat a&nbsp;poskytnout v\u00e1m z\u00e1kladn\u00ed informace jednak o&nbsp;centru, ale i&nbsp;o&nbsp;l\u00e9\u010db\u011b a&nbsp;diagnostick\u00fdch vy\u0161et\u0159en\u00edch, kter\u00e1 poskytujeme. Douf\u00e1me, \u017ee v\u00e1m tak co nejv\u00edce usnadn\u00edme v\u00e1\u0161 pobyt str\u00e1ven\u00fd v&nbsp;PTC.<\/p>\n<p class=\"p3\">Na\u0161e za\u0159\u00edzen\u00ed je modern\u00ed klinick\u00e9 centrum, kter\u00e9 pro l\u00e9\u010dbu pacient\u016f s\u00a0n\u00e1dorov\u00fdm onemocn\u011bn\u00edm vyu\u017e\u00edv\u00e1 vysoce p\u0159esnou, \u00fa\u010dinnou a&nbsp;\u0161etrnou metodu protonov\u00e9ho z\u00e1\u0159en\u00ed.<\/p>\n<p class=\"p3\">PTC je vybaveno modern\u00ed technologi\u00ed, kter\u00e1 je v\u00a0sou\u010dasnosti sv\u011btovou \u0161pi\u010dkou. Ve\u0161ker\u00e9 l\u00e9\u010debn\u00e9 i\u00a0provozn\u00ed procesy jsou definov\u00e1ny tak, aby odpov\u00eddaly nejp\u0159\u00edsn\u011bj\u0161\u00edm mezin\u00e1rodn\u00edm standard\u016fm a\u00a0byla zaji\u0161t\u011bna maxim\u00e1ln\u00ed kvalita l\u00e9\u010dby. Na\u0161\u00edm c\u00edlem je, aby se u\u00a0n\u00e1s pacient b\u011bhem l\u00e9\u010dby c\u00edtil co\u00a0nejl\u00e9pe a&nbsp;abychom spole\u010dn\u011b dos\u00e1hli nejlep\u0161\u00edch mo\u017en\u00fdch l\u00e9\u010debn\u00fdch v\u00fdsledk\u016f.<\/p>\n<p class=\"p4\">Krom\u011b protonov\u00e9 terapie v\u00e1m v&nbsp;PTC poskytujeme diagnostick\u00e1 vy\u0161et\u0159en\u00ed \u2013 jedn\u00e1 se o&nbsp;PET\/CT vy\u0161et\u0159en\u00ed, magnetickou rezonanci (MR) \u010di vy\u0161et\u0159en\u00ed CT. Pro va\u0161e pohodl\u00ed a&nbsp;bezpe\u010dnost m\u016f\u017eete tak\u00e9 t\u011b\u017eit z&nbsp;\u00fazk\u00e9 spolupr\u00e1ce na\u0161ich onkolog\u016f se specialisty p\u0159edev\u0161\u00edm v&nbsp;oboru urologie a&nbsp;ORL, kte\u0159\u00ed se o&nbsp;v\u00e1s tak\u00e9 velmi r\u00e1di postaraj\u00ed ve specializovan\u00fdch ambulanc\u00edch na\u0161eho centra.<\/p>\n<p class=\"p4\">Na\u0161i zam\u011bstnanci jsou p\u0159ipraveni poskytnout v\u00e1m \u0161pi\u010dkovou zdravotn\u00ed p\u00e9\u010di a&nbsp;usnadnit v\u00e1m n\u00e1vrat do aktivn\u00edho \u017eivota. Pomoci m\u016f\u017eete i&nbsp;vy sv\u00fdm odpov\u011bdn\u00fdm p\u0159\u00edstupem k&nbsp;l\u00e9\u010db\u011b a&nbsp;dodr\u017eov\u00e1n\u00edm l\u00e9ka\u0159em a&nbsp;o\u0161et\u0159uj\u00edc\u00edm person\u00e1lem stanoven\u00fdch pravidel a&nbsp;doporu\u010den\u00ed, kter\u00e9 slou\u017e\u00ed k&nbsp;rychlej\u0161\u00ed aklimatizaci a&nbsp;usnadn\u011bn\u00ed l\u00e9\u010dby p\u0159i va\u0161em pobytu u&nbsp;n\u00e1s.<\/p>\n<h3 class=\"p4\">Kdo se o&nbsp;v\u00e1s v&nbsp;centru bude starat a&nbsp;jak ho pozn\u00e1te?<\/h3>\n<p class=\"p4\">V\u0161ichni zam\u011bstnanci Protonov\u00e9ho centra jsou povinni b\u00fdt viditeln\u011b ozna\u010deni osobn\u00ed identifika\u010dn\u00ed kartou. Z\u00edsk\u00e1te tak informace o\u00a0tom, kdo o\u00a0V\u00e1s pe\u010duje a\u00a0z\u00e1rove\u0148 tak\u00e9 kontrolu, \u017ee jste v\u00a0kontaktu s\u00a0osobou opr\u00e1vn\u011bnou poskytovat zdravotn\u00ed p\u00e9\u010di a\u00a0slu\u017eby.<\/p>\n<p class=\"p4\">Osobn\u00ed identifika\u010dn\u00ed karty jsou rozli\u0161eny barevn\u00fdm pruhem, kter\u00fd je um\u00edst\u011bn\u00fd v\u00a0doln\u00edm okraji karty. Jednotliv\u00e9 barvy ozna\u010duj\u00ed pracovn\u00ed za\u0159azen\u00ed na\u0161ich zam\u011bstnanc\u016f.<span class=\"Apple-converted-space\">\u00a0 \u00a0<\/span><\/p>\n<p class=\"p4\">Zdravotni\u010dt\u00ed zam\u011bstnanci a&nbsp;v\u0161ichni zam\u011bstnanci \u00faseku klientsk\u00e9ho servisu a&nbsp;p\u00e9\u010de o&nbsp;pacienty jsou rovn\u011b\u017e povinn\u011b na&nbsp;viditeln\u00e9m m\u00edst\u011b vybaveni jmenovkou s\u00a0uveden\u00edm pozice, kterou v\u00a0na\u0161em centru zast\u00e1vaj\u00ed.<\/p>\n<p class=\"p3\">Ihned p\u0159i vstupu do PTC se o&nbsp;V\u00e1s postaraj\u00ed recep\u010dn\u00ed <em>hlavn\u00ed ov\u00e1ln\u00e9 recepce PTC<\/em> \u2013 nev\u00e1hejte se na&nbsp;n\u011b kdykoli s\u00a0jak\u00fdmkoli obecn\u00fdm dotazem obr\u00e1tit.<\/p>\n<p class=\"p4\">Sou\u010d\u00e1st\u00ed hlavn\u00ed recepce je vyvol\u00e1vac\u00ed syst\u00e9m, kde vyberete zdravotn\u00ed slu\u017ebu, za kterou jste do\u00a0Protonov\u00e9ho centra p\u0159ijel\/a. Po zvolen\u00ed slu\u017eby si odeberete si l\u00edstek s\u00a0po\u0159adov\u00fdm \u010d\u00edslem, posad\u00edte se v\u00a0prostoru recepce a&nbsp;n\u00e1sledn\u011b vy\u010dk\u00e1te, a\u017e se Va\u0161e \u010d\u00edslo rozsv\u00edt\u00ed na&nbsp;n\u011bkter\u00e9m z\u00a0displej\u016f u\u00a0jednotliv\u00fdch recepc\u00ed nebo vy\u0161et\u0159oven.<\/p>\n<p class=\"p4\">Pro dotazy t\u00fdkaj\u00edc\u00ed se l\u00e9\u010dby protonov\u00fdm svazkem se pros\u00edm obracejte <em>na pacientskou recepci v\u00a05. NP,<\/em> dotazy t\u00fdkaj\u00edc\u00ed se diagnostiky V\u00e1m ochotn\u011b zodpov\u00ed <em>recepce magnetick\u00e9 rezonance a&nbsp;CT<\/em> \u010di recep\u010dn\u00ed vy\u0161et\u0159en\u00ed PET\/CT.<\/p>\n<p class=\"p4\">S dotazy ohledn\u011b pl\u00e1nov\u00e1n\u00ed l\u00e9\u010dby se pros\u00edm obracejte na&nbsp;<em>recepci v\u00a02. NP<\/em>.<span class=\"Apple-converted-space\">\u00a0 <\/span><\/p>\n<h3 class=\"p4\">Poskytov\u00e1n\u00ed informac\u00ed<\/h3>\n<ul>\n<li class=\"p6\">Informace o&nbsp;va\u0161em zdravotn\u00edm stavu mohou b\u00fdt poskytov\u00e1ny Va\u0161\u00edm o\u0161et\u0159uj\u00edc\u00edm l\u00e9ka\u0159em pouze v\u00e1m a&nbsp;osob\u00e1m, kter\u00e9 jste ur\u010dili ve zdravotnick\u00e9 dokumentaci.<\/li>\n<li class=\"p3\">Z d\u016fvodu va\u0161\u00ed jednozna\u010dn\u00e9 identifikace budete po\u017e\u00e1d\u00e1ni person\u00e1lem recepce k&nbsp;p\u0159edlo\u017een\u00ed pr\u016fkazu toto\u017enosti.<\/li>\n<li class=\"p3\">Telefonick\u00e9 informace poskytujeme jen v&nbsp;nal\u00e9hav\u00fdch p\u0159\u00edpadech. Doporu\u010dujeme v\u00e1m stanovit si heslo pro pod\u00e1v\u00e1n\u00ed informac\u00ed prost\u0159ednictv\u00edm telefonu, abychom zajistili ochranu takto podan\u00fdch informac\u00ed. Heslo si s\u00e1m\/sama ur\u010d\u00edte a&nbsp;domluv\u00edte s&nbsp;osobami, kter\u00fdm si p\u0159ejete poskytovat telefonick\u00e9 informace. Heslo zap\u00ed\u0161ete do informovan\u00e9ho souhlasu pacienta s&nbsp;poskytov\u00e1n\u00edm informac\u00ed o&nbsp;zdravotn\u00edm stavu, kter\u00fd obdr\u017e\u00edte na&nbsp;recepci v&nbsp;5. NP .<\/li>\n<li class=\"p3\">P\u0159i komunikaci souvisej\u00edc\u00ed s\u00a0poskytov\u00e1n\u00edm zdravotn\u00edch slu\u017eeb m\u00e1te mo\u017enost dorozum\u00edvat se zp\u016fsobem pro V\u00e1s srozumiteln\u00fdm a&nbsp;dorozum\u00edvac\u00edmi prost\u0159edky, kter\u00e9 si zvol\u00edte s\u00e1m, v\u010detn\u011b zp\u016fsob\u016f zalo\u017een\u00fdch na&nbsp;tlumo\u010den\u00ed druhou osobou. Tlumo\u010den\u00ed ve znakov\u00e9 \u0159e\u010di V\u00e1m na\u00a0vy\u017e\u00e1d\u00e1n\u00ed zprost\u0159edkuje person\u00e1l recepce.<\/li>\n<li class=\"p4\">PTC poskytuje zdravotn\u00ed slu\u017eby, zejm\u00e9na vstupn\u00ed a&nbsp;kontroln\u00ed konzultace, rovn\u011b\u017e distan\u010dn\u00edm zp\u016fsobem, a&nbsp;to formou videokonzultac\u00ed (informace o&nbsp;pr\u016fb\u011bhu a&nbsp;zabezpe\u010den\u00ed videokonzultac\u00ed naleznete na&nbsp;webov\u00fdch str\u00e1nk\u00e1ch PTC). Videokonzultace prob\u00edhaj\u00ed v\u017edy po dohod\u011b o\u0161et\u0159uj\u00edc\u00edho l\u00e9ka\u0159e s\u00a0pacientem, a&nbsp;to za podm\u00ednky, kdy l\u00e9ka\u0159 zhodnot\u00ed, \u017ee vzd\u00e1len\u00fd p\u0159\u00edstup je pro dan\u00fd typ konzultace z\u00a0l\u00e9ka\u0159sk\u00e9ho hlediska vhodn\u00fd a&nbsp;\u017ee nap\u0159. z\u00a0d\u016fvodu nep\u0159\u00edzniv\u00e9 epidemiologick\u00e9 situace nebo respira\u010dn\u00edho onemocn\u011bn\u00ed je pro pacienta nejm\u00e9n\u011b rizikov\u00fd.<\/li>\n<\/ul>\n<\/div>\n<\/div>\n<div class=\"gdc_column gdc_chalf\">\n<div class=\"gdc_inner\">\n<p>&nbsp;<\/p>\n<h3 class=\"p4\">Osobn\u00ed p\u0159edm\u011bty<\/h3>\n<ul>\n<li class=\"p4\">P\u0159ed n\u00e1v\u0161t\u011bvou PTC budete na\u0161imi odborn\u00edky informov\u00e1ni, kter\u00e9 p\u0159edm\u011bty osobn\u00ed pot\u0159eby budete pot\u0159ebovat a&nbsp;kter\u00e9 V\u00e1m doporu\u010dujeme p\u0159in\u00e9st si s\u00a0sebou na\u00a0vy\u0161et\u0159en\u00ed \u010di l\u00e9\u010dbu.<\/li>\n<\/ul>\n<h3 class=\"p1\">Cenn\u00e9 p\u0159edm\u011bty a&nbsp;pen\u00edze<\/h3>\n<ul>\n<li class=\"p3\">Do PTC, pros\u00edm, nenoste v\u011bt\u0161\u00ed obnos pen\u011bz, klenoty, \u017e\u00e1dn\u00e9 cenn\u00e9 a\u00a0drah\u00e9 p\u0159edm\u011bty. V\u00a0p\u0159\u00edpad\u011b, \u017ee je nem\u016f\u017eete p\u0159enechat sv\u00fdm p\u0159\u00edbuzn\u00fdm \u010di Va\u0161emu doprovodu, m\u016f\u017eete je p\u0159edat o\u0161et\u0159uj\u00edc\u00edmu person\u00e1lu, kter\u00fd zajist\u00ed jejich bezpe\u010dn\u00e9 ulo\u017een\u00ed po\u00a0dobu Va\u0161\u00ed n\u00e1v\u0161t\u011bvy PTC. Pokud si tyto v\u011bci i\u00a0p\u0159es mo\u017enost ulo\u017een\u00ed nech\u00e1te u\u00a0sebe, PTC za n\u011b neodpov\u00edd\u00e1.<\/li>\n<\/ul>\n<h3 class=\"p5\">Vnit\u0159n\u00ed \u0159\u00e1d PTC<\/h3>\n<ul>\n<li class=\"p4\">Pro zv\u00fd\u0161en\u00ed Va\u0161\u00ed bezpe\u010dnosti je do PTC zak\u00e1z\u00e1no vn\u00e1\u0161et a\u00a0ukl\u00e1dat zbran\u011b, st\u0159elivo a\u00a0jin\u00e9 nebezpe\u010dn\u00e9 l\u00e1tky. Pokud byste u\u00a0sebe zbra\u0148 i&nbsp;p\u0159esto m\u011bli, je bezpodm\u00edne\u010dn\u011b nutn\u00e9, abyste tuto skute\u010dnost ozn\u00e1mili o\u0161et\u0159uj\u00edc\u00edmu person\u00e1lu, kter\u00fd ve\u00a0spolupr\u00e1ci s\u00a0Polici\u00ed \u010cR zabezpe\u010d\u00ed jej\u00ed z\u00e1konn\u00e9 ulo\u017een\u00ed.<\/li>\n<li class=\"p3\">P\u0159i n\u00e1v\u0161t\u011bv\u011b v\u00a0PTC plat\u00ed z\u00e1kaz po\u017e\u00edv\u00e1n\u00ed alkoholick\u00fdch n\u00e1poj\u016f, n\u00e1vykov\u00fdch a\u00a0omamn\u00fdch l\u00e1tek. Ve v\u0161ech prostor\u00e1ch PTC plat\u00ed z\u00e1kaz kou\u0159en\u00ed. Poru\u0161en\u00ed z\u00e1kazu po\u017e\u00edv\u00e1n\u00ed alkoholu \u010di jin\u00fdch n\u00e1vykov\u00fdch l\u00e1tek a\u00a0doporu\u010den\u00ed l\u00e9ka\u0159e nekou\u0159it, m\u016f\u017ee b\u00fdt posuzov\u00e1no jako nedodr\u017een\u00ed individu\u00e1ln\u00edho l\u00e9\u010debn\u00e9ho postupu se v\u0161emi d\u016fsledky z\u00a0toho plynouc\u00edmi.<\/li>\n<li class=\"p3\">Nevstupujte do slu\u017eebn\u00edch prostor v\u010detn\u011b prostor, kter\u00e9 slou\u017e\u00ed k\u00a0poskytov\u00e1n\u00ed zdravotn\u00ed p\u00e9\u010de, bez souhlasu zdravotnick\u00fdch pracovn\u00edk\u016f. Nemanipulujte s\u00a0technick\u00fdm za\u0159\u00edzen\u00edm a&nbsp;vybaven\u00edm vy\u0161et\u0159oven.<\/li>\n<li class=\"p3\">Jestli\u017ee m\u00e1te smyslov\u00e9 nebo t\u011blesn\u00e9 posti\u017een\u00ed a\u00a0vyu\u017e\u00edv\u00e1te vod\u00edc\u00edho nebo asisten\u010dn\u00edho psa, je mo\u017en\u00e1 jeho p\u0159\u00edtomnost, pokud to bude ve prosp\u011bch Va\u0161eho zdravotn\u00edho stavu. Podm\u00ednkou je, aby nebyla jeho p\u0159\u00edtomnost\u00ed poru\u0161ov\u00e1na pr\u00e1va ostatn\u00edch pacient\u016f a&nbsp;bylo to z\u00a0provozn\u00edch a\u00a0technick\u00fdch d\u016fvod\u016f mo\u017en\u00e9. V\u00e1\u0161 pes mus\u00ed b\u00fdt z\u0159eteln\u011b ozna\u010den jako vod\u00edc\u00ed nebo asisten\u010dn\u00ed (postroj, vesti\u010dka). Ve\u0161kerou p\u00e9\u010di a&nbsp;pot\u0159eby pro n\u011bj zaji\u0161\u0165ujete Vy (misky, krmen\u00ed, s\u00e1\u010dky na\u00a0exkrementy).<\/li>\n<li class=\"p3\">V\u00a0p\u0159\u00edpad\u011b jin\u00fdch ps\u016f ne\u017e asisten\u010dn\u00edch a\u00a0vod\u00edc\u00edch akceptujeme, p\u0159i uveden\u00ed objektivn\u00edch d\u016fvod\u016f (nap\u0159. po\u010das\u00ed), v\u00a0na\u0161em centru pouze mal\u00e1 a\u00a0tich\u00e1 zv\u00ed\u0159ata p\u0159inesen\u00e1 v\u00a0ta\u0161ce, kter\u00e1 tuto schr\u00e1nku neopust\u00ed po celou dobu pacientsk\u00e9 n\u00e1v\u0161t\u011bvy. Ostatn\u00ed psi a\u00a0jin\u00e1 zv\u00ed\u0159ata z\u016fst\u00e1vaj\u00ed v\u017edy venku u\u00a0misky s\u00a0vodou, kterou zajist\u00ed person\u00e1l PTC.<\/li>\n<li class=\"p3\">P\u0159i po\u017e\u00e1ru nebo jin\u00e9 mimo\u0159\u00e1dn\u00e9 ud\u00e1losti zachovejte klid a\u00a0n\u00e1sledujte pokyn\u016f o\u0161et\u0159uj\u00edc\u00edho person\u00e1lu.<\/li>\n<li class=\"p3\">Pokud zp\u016fsob\u00edte \u0161kodu na&nbsp;za\u0159\u00edzen\u00ed Protonov\u00e9ho centra, bude V\u00e1m p\u0159ips\u00e1na k\u00a0\u00fahrad\u011b.<\/li>\n<li class=\"p3\">V\u00a0p\u0159\u00edpad\u011b ztr\u00e1ty Va\u0161eho majetku kontaktujte o\u0161et\u0159uj\u00edc\u00ed person\u00e1l, kter\u00fd ztr\u00e1tu nahl\u00e1s\u00ed Policii\u00a0\u010cR. Zpr\u00e1va Policie n\u00e1sledn\u011b slou\u017e\u00ed PTC jako podklad p\u0159i \u0159e\u0161en\u00ed ztr\u00e1ty Va\u0161ich v\u011bc\u00ed.<\/li>\n<li class=\"p3\">Pravdiv\u011b informujte o\u0161et\u0159uj\u00edc\u00ed person\u00e1l o&nbsp;dosavadn\u00edm v\u00fdvoji zdravotn\u00edho stavu, o&nbsp;zdravotn\u00edch slu\u017eb\u00e1ch poskytovan\u00fdch jin\u00fdmi poskytovateli, o&nbsp;u\u017e\u00edv\u00e1n\u00ed l\u00e9\u010div\u00fdch p\u0159\u00edpravk\u016f p\u0159\u00edpadn\u011b n\u00e1vykov\u00fdch l\u00e1tek, o&nbsp;infek\u010dn\u00ed nemoci a&nbsp;dal\u0161\u00edch podstatn\u00fdch skute\u010dnostech, kter\u00e9 jsou d\u016fle\u017eit\u00e9 pro poskytov\u00e1n\u00ed zdravotn\u00edch slu\u017eeb.<\/li>\n<\/ul>\n<h3 class=\"p5\">Slu\u017eby pro pacienty<\/h3>\n<ul>\n<li class=\"p4\">V PTC je pro pacienty i\u00a0n\u00e1v\u0161t\u011bvy k\u00a0dispozici bezdr\u00e1tov\u00e9 (Wi-Fi) p\u0159ipojen\u00ed k\u00a0internetu. Toto p\u0159ipojen\u00ed je zdarma. N\u00e1zev pro p\u0159ipojen\u00ed Wi-Fi (SSID s\u00edt\u011b) obdr\u017e\u00edte v\u00a0recepci.<\/li>\n<li class=\"p3\">Pou\u017e\u00edvejte, pros\u00edm, mobiln\u00ed telefony v\u00fdhradn\u011b tak, abyste neru\u0161ili ostatn\u00ed. Z\u00a0d\u016fvodu mo\u017en\u00e9ho zneu\u017eit\u00ed osobn\u00edch \u00fadaj\u016f, nepou\u017e\u00edvejte mobiln\u00ed telefony pro fotografov\u00e1n\u00ed, nat\u00e1\u010den\u00ed videa a\u00a0sd\u00edlen\u00ed t\u011bchto dat na&nbsp;soci\u00e1ln\u00edch s\u00edt\u00edch.<\/li>\n<li class=\"p3\">Na vy\u017e\u00e1d\u00e1n\u00ed nab\u00edz\u00edme klient\u016fm a\u00a0jejich rodinn\u00fdm p\u0159\u00edslu\u0161n\u00edk\u016fm soukromou relaxa\u010dn\u00ed m\u00edstnost. V\u00a0t\u00e9to m\u00edstnosti je k\u00a0dispozici telefon, Wi-Fi p\u0159ipojen\u00ed, TV, k\u00e1vovar a&nbsp;ledni\u010dka.<\/li>\n<li class=\"p3\">Pro p\u0159\u00edjemn\u00e9 str\u00e1ven\u00ed Va\u0161eho pobytu v\u00a0PTC je V\u00e1m pln\u011b k\u00a0dispozici n\u00e1\u0161 mini bar s\u00a0obsluhou. Rovn\u011b\u017e m\u016f\u017eete vyu\u017e\u00edt mo\u017enost zap\u016fj\u010den\u00ed denn\u00edho tisku nebo knih z\u00a0na\u0161\u00ed knihovny. D\u011bkujeme V\u00e1m p\u0159edem, \u017ee n\u00e1m knihy vrac\u00edte.<\/li>\n<li class=\"p3\">V\u00a0p\u0159\u00edpad\u011b l\u00e9\u010dby v\u00a0PTC pro V\u00e1s zajist\u00edme dlouhodob\u00e9 povolen\u00ed pro vjezd do\u00a0are\u00e1lu Nemocnice Na&nbsp;Bulovce za jednor\u00e1zov\u00fd poplatek 300&nbsp;K\u010d na&nbsp;1 m\u011bs\u00edc. Parkov\u00e1n\u00ed na\u00a0parkovi\u0161ti PTC je zdarma. V\u00edce informac\u00ed a\u00a0vy\u0159\u00edzen\u00ed povolen\u00ed k\u00a0vjezdu z\u00edsk\u00e1te na&nbsp;hlavn\u00ed recepci na\u0161eho centra.<\/li>\n<\/ul>\n<\/div>\n<\/div>\n<\/div>\n<p class=\"p3\">D\u011bkujeme, \u017ee respektujete Vnit\u0159n\u00ed \u0159\u00e1d Protonov\u00e9ho centra a&nbsp;pom\u00e1h\u00e1te n\u00e1m tak vytv\u00e1\u0159et p\u0159\u00edjemn\u00e9 prost\u0159ed\u00ed a&nbsp;optim\u00e1ln\u00ed podm\u00ednky pro poskytov\u00e1n\u00ed zdravotn\u00edch slu\u017eeb v\u0161em na\u0161im pacient\u016fm.<\/p>\n","protected":false},"excerpt":{"rendered":"<p>D\u011bkujeme, \u017ee respektujete Vnit\u0159n\u00ed \u0159\u00e1d Protonov\u00e9ho centra a&nbsp;pom\u00e1h\u00e1te n\u00e1m tak vytv\u00e1\u0159et p\u0159\u00edjemn\u00e9 prost\u0159ed\u00ed a&nbsp;optim\u00e1ln\u00ed podm\u00ednky pro poskytov\u00e1n\u00ed zdravotn\u00edch slu\u017eeb v\u0161em na\u0161im pacient\u016fm.<\/p>\n","protected":false},"author":1,"featured_media":0,"parent":0,"menu_order":3,"comment_status":"closed","ping_status":"closed","template":"","meta":{"footnotes":""},"class_list":["post-4676","page","type-page","status-publish","hentry"],"acf":[],"aioseo_notices":[],"_links":{"self":[{"href":"https:\/\/www.ptc.cz\/hr\/wp-json\/wp\/v2\/pages\/4676","targetHints":{"allow":["GET"]}}],"collection":[{"href":"https:\/\/www.ptc.cz\/hr\/wp-json\/wp\/v2\/pages"}],"about":[{"href":"https:\/\/www.ptc.cz\/hr\/wp-json\/wp\/v2\/types\/page"}],"author":[{"embeddable":true,"href":"https:\/\/www.ptc.cz\/hr\/wp-json\/wp\/v2\/users\/1"}],"replies":[{"embeddable":true,"href":"https:\/\/www.ptc.cz\/hr\/wp-json\/wp\/v2\/comments?post=4676"}],"version-history":[{"count":1,"href":"https:\/\/www.ptc.cz\/hr\/wp-json\/wp\/v2\/pages\/4676\/revisions"}],"predecessor-version":[{"id":4695,"href":"https:\/\/www.ptc.cz\/hr\/wp-json\/wp\/v2\/pages\/4676\/revisions\/4695"}],"wp:attachment":[{"href":"https:\/\/www.ptc.cz\/hr\/wp-json\/wp\/v2\/media?parent=4676"}],"curies":[{"name":"wp","href":"https:\/\/api.w.org\/{rel}","templated":true}]}}