{"id":4678,"date":"2023-09-06T12:54:03","date_gmt":"2023-09-06T10:54:03","guid":{"rendered":"https:\/\/www.ptc.cz\/cookies\/"},"modified":"2024-06-21T13:41:40","modified_gmt":"2024-06-21T11:41:40","slug":"kolacici","status":"publish","type":"page","link":"https:\/\/www.ptc.cz\/hr\/kolacici\/","title":{"rendered":"Kola\u010di\u0107i"},"content":{"rendered":"<p>Pro spr\u00e1vnou funkci str\u00e1nek je n\u011bkdy nezbytn\u00e9 um\u00edstit mal\u00e9 datov\u00e9 soubory, ozna\u010dovan\u00e9 jako cookies, na&nbsp;Va\u0161e za\u0159\u00edzen\u00ed.<\/p>\n<h2><\/h2>\n<h3>Co jsou soubory cookies<\/h3>\n<p><strong>Cookie je kr\u00e1tk\u00fd textov\u00fd soubor<\/strong>, kter\u00fd nav\u0161t\u00edven\u00e1 webov\u00e1 str\u00e1nka ode\u0161le do prohl\u00ed\u017ee\u010de. Umo\u017e\u0148uje webu zaznamenat informace o&nbsp;Va\u0161\u00ed n\u00e1v\u0161t\u011bv\u011b, zapamatov\u00e1n\u00ed si Va\u0161ich p\u0159edvoleb a&nbsp;nastaven\u00ed. Va\u0161e p\u0159\u00ed\u0161t\u00ed n\u00e1v\u0161t\u011bva str\u00e1nek tak m\u016f\u017ee b\u00fdt snaz\u0161\u00ed a&nbsp;efektivn\u011bj\u0161\u00ed. Bez soubor\u016f cookies by bylo proch\u00e1zen\u00ed webu mnohem slo\u017eit\u011bj\u0161\u00ed.<\/p>\n<p>A\u010dkoliv p\u0159i opakovan\u00e9 n\u00e1v\u0161t\u011bv\u011b webov\u00fdch str\u00e1nek umo\u017e\u0148uj\u00ed soubory cookies identifikovat V\u00e1\u0161 po\u010d\u00edta\u010d, neumo\u017e\u0148uj\u00ed jakkoliv identifikovat V\u00e1s osobn\u011b.<\/p>\n<p>K\u00a0identifikaci po\u010d\u00edta\u010de je pou\u017e\u00edv\u00e1na<strong> IP adresa, co\u017e je unik\u00e1tn\u00ed \u010d\u00edslo<\/strong>, kter\u00e9 je p\u0159id\u011bleno po\u010d\u00edta\u010di nebo jin\u00e9mu za\u0159\u00edzen\u00ed komunikuj\u00edc\u00edmu prost\u0159ednictv\u00edm internetov\u00e9ho protokolu. P\u0159i ka\u017ed\u00e9m p\u0159enosu dat je nutn\u00e9 zn\u00e1t IP adresu odes\u00edlatele i&nbsp;p\u0159\u00edjemce.<\/p>\n<p>Standardn\u00ed webov\u00e9 prohl\u00ed\u017ee\u010de podporuj\u00ed spr\u00e1vu cookies. Pokud bude m\u00edt V\u00e1\u0161 prohl\u00ed\u017ee\u010d pou\u017eit\u00ed cookies povoleno, budeme vych\u00e1zet z\u00a0toho, \u017ee souhlas\u00edte s\u00a0vyu\u017e\u00edv\u00e1n\u00edm standardn\u00edch cookies ze strany na\u0161\u00ed webov\u00e9 str\u00e1nky.<\/p>\n<h2><\/h2>\n<h3>K\u00a0\u010demu jsou soubory cookies vyu\u017e\u00edv\u00e1ny<\/h3>\n<ol>\n<li><strong>Zaji\u0161t\u011bn\u00ed funk\u010dnosti internetov\u00e9 str\u00e1nky<\/strong> &#8211; pom\u00e1haj\u00ed, aby byla webov\u00e1 str\u00e1nka pou\u017eiteln\u00e1 tak, \u017ee umo\u017en\u00ed z\u00e1kladn\u00ed funkce jako nap\u0159. navigace str\u00e1nky, p\u0159\u00edstup k&nbsp;zabezpe\u010den\u00fdm sekc\u00edm webov\u00e9 str\u00e1nky, rychl\u00e9 na\u010dten\u00ed obsahu internetov\u00e9 str\u00e1nky \u010di ov\u011b\u0159en\u00ed u\u017eivatele. Webov\u00e1 str\u00e1nka nem\u016f\u017ee spr\u00e1vn\u011b fungovat bez zpracov\u00e1n\u00ed t\u011bchto \u00fadaj\u016f, kter\u00e9 jsou pro tento \u00fa\u010del nezbytn\u00e9.<\/li>\n<li><strong>Ulo\u017een\u00ed preferenc\u00ed u\u017eivatele<\/strong> na&nbsp;dom\u00e9n\u011b po dobu relace a&nbsp;ulo\u017een\u00ed preferenc\u00ed nap\u0159\u00ed\u010d webov\u00fdmi str\u00e1nkami &#8211; zvy\u0161uj\u00ed V\u00e1\u0161 u\u017eivatelsk\u00fd komfort t\u00edm, \u017ee si internetov\u00e1 str\u00e1nka, pop\u0159. sp\u0159\u00edzn\u011bn\u00e9 webov\u00e9 str\u00e1nky, ulo\u017e\u00ed informace o&nbsp;Va\u0161em nastaven\u00ed jako nap\u0159\u00edklad o&nbsp;volb\u011b jazyka, regionu, rozli\u0161en\u00ed obrazovky, o&nbsp;souhlasu s&nbsp;pou\u017eit\u00edm cookies a&nbsp;dal\u0161\u00ed.<\/li>\n<li><strong> M\u011b\u0159en\u00ed n\u00e1v\u0161t\u011bvnosti webov\u00fdch str\u00e1ne<\/strong>k &#8211; analytick\u00e9 cookies slou\u017e\u00ed k&nbsp;m\u011b\u0159en\u00ed n\u00e1v\u0161t\u011bvnosti webov\u00fdch str\u00e1nek a&nbsp;neobsahuj\u00ed unik\u00e1tn\u00ed identifikaci u\u017eivatele.<\/li>\n<li><strong>Statistika a&nbsp;anal\u00fdza chov\u00e1n\u00ed u\u017eivatele<\/strong> &#8211; slou\u017e\u00ed pro vytv\u00e1\u0159en\u00ed statistik, sledov\u00e1n\u00ed a&nbsp;anal\u00fdzu chov\u00e1n\u00ed u\u017eivatele na&nbsp;internetov\u00fdch str\u00e1nk\u00e1ch. Na&nbsp;jejich z\u00e1klad\u011b mohou b\u00fdt vytv\u00e1\u0159eny anonymizovan\u00e9 reporty, z&nbsp;kter\u00fdch je mo\u017en\u00e9 dohledat subjekt \u00fadaj\u016f pomoci ur\u010dit\u00e9 kombinace osobn\u00edch \u00fadaj\u016f subjektu v&nbsp;intern\u00edch datab\u00e1z\u00edch.<\/li>\n<li><strong>Marketing \u2013<\/strong> slou\u017e\u00ed nap\u0159. ke zv\u00fd\u0161en\u00ed p\u0159ita\u017elivosti reklam v\u00fdb\u011brem t\u011bch, kter\u00e9 jsou pro V\u00e1s relevantn\u00ed.<\/li>\n<\/ol>\n<h2><\/h2>\n<h3>Rozsah zpracov\u00e1n\u00ed<\/h3>\n<p>Zpracov\u00e1n\u00ed osobn\u00edch \u00fadaj\u016f zahrnuje zejm\u00e9na sb\u011br, ulo\u017een\u00ed na&nbsp;datov\u00fdch nosi\u010d\u00edch, t\u0159\u00edd\u011bn\u00ed, u\u017e\u00edv\u00e1n\u00ed, ukl\u00e1d\u00e1n\u00ed a&nbsp;maz\u00e1n\u00ed osobn\u00edch \u00fadaj\u016f automaticky \u010di manu\u00e1ln\u011b tak, aby tyto \u010dinnosti naplnily \u00fa\u010del \u2013 viz. bod K\u00a0\u010demu jsou soubory cookies vyu\u017e\u00edv\u00e1ny.<\/p>\n<p>Zpracov\u00e1v\u00e1ny mohou b\u00fdt \u00fadaje t\u00fdkaj\u00edc\u00ed se Va\u0161eho pou\u017e\u00edv\u00e1n\u00ed webu, zejm\u00e9na:<\/p>\n<ol>\n<li>\u00fadaje o&nbsp;za\u0159\u00edzen\u00ed ze kter\u00e9ho se p\u0159ipojujete k\u00a0webu, jako IP adresa, opera\u010dn\u00ed syst\u00e9m,<\/li>\n<li>\u010das a&nbsp;doba pou\u017e\u00edv\u00e1n\u00ed webu, \u00fadaje o&nbsp;vyhled\u00e1v\u00e1n\u00ed na&nbsp;webu,<\/li>\n<li>\u00fadaje o&nbsp;Va\u0161\u00ed poloze,<\/li>\n<li>jin\u00e9 \u00fadaje o&nbsp;Va\u0161em vyu\u017e\u00edv\u00e1n\u00ed webu, kter\u00e9 mohou b\u00fdt zpracov\u00e1ny, pokud pou\u017eijete str\u00e1nky t\u0159et\u00edch stran ke spolupr\u00e1ci s&nbsp;n\u00e1mi.<\/li>\n<\/ol>\n<h2><\/h2>\n<h3>Dobrovolnost zpracov\u00e1n\u00ed<\/h3>\n<p>N\u011bkter\u00e9 osobn\u00ed \u00fadaje jako nap\u0159. cookies zpracov\u00e1van\u00e9 zejm\u00e9na za \u00fa\u010delem m\u011b\u0159en\u00ed n\u00e1v\u0161t\u011bvnosti webov\u00fdch str\u00e1nek, vytv\u00e1\u0159en\u00ed statistik t\u00fdkaj\u00edc\u00ed se n\u00e1v\u0161t\u011bvnosti a&nbsp;chov\u00e1n\u00ed n\u00e1v\u0161t\u011bvn\u00edk\u016f na&nbsp;webov\u00fdch str\u00e1nk\u00e1ch, a&nbsp;fungov\u00e1n\u00ed webov\u00fdch str\u00e1nek, jsou zpracov\u00e1v\u00e1ny na&nbsp;z\u00e1klad\u011b opr\u00e1vn\u011bn\u00e9ho z\u00e1jmu na\u0161\u00ed spole\u010dnosti.<\/p>\n<p>Pro ostatn\u00ed \u00fa\u010dely, jako nap\u0159. marketing, jsou Va\u0161e osobn\u00ed \u00fadaje zpracov\u00e1v\u00e1ny pouze na&nbsp;z\u00e1klad\u011b Va\u0161eho souhlasu. Poskytov\u00e1n\u00ed \u00fadaj\u016f pro takov\u00e9to zpracov\u00e1n\u00ed je z\u00a0Va\u0161\u00ed strany dobrovoln\u00e9, tj. tyto \u00fadaje nejste povinni n\u00e1m poskytovat.<\/p>\n<p>&nbsp;<\/p>\n<h3>Doba zpracov\u00e1n\u00ed soubor\u016f cookies<\/h3>\n<p><strong>Rela\u010dn\u00ed cookies<\/strong> jsou do\u010dasn\u00e9 soubory, kter\u00e9 jsou ulo\u017eeny ve Va\u0161em po\u010d\u00edta\u010di jen do ukon\u010den\u00ed relace prohl\u00ed\u017ee\u010de, umo\u017e\u0148uj\u00ed uchov\u00e1v\u00e1n\u00ed informac\u00ed p\u0159i p\u0159ech\u00e1zen\u00ed z\u00a0jedn\u00e9 webov\u00e9 str\u00e1nky na&nbsp;druhou a&nbsp;odstra\u0148uj\u00ed pot\u0159ebu opakovan\u00e9ho zad\u00e1v\u00e1n\u00ed n\u011bkter\u00fdch \u00fadaj\u016f.<\/p>\n<p><strong>Permanentn\u00ed cookies<\/strong> jsou vyu\u017e\u00edv\u00e1ny pro Va\u0161i snadn\u011bj\u0161\u00ed a\u00a0pohodln\u011bj\u0161\u00ed orientaci na\u00a0na\u0161ich Internetov\u00fdch str\u00e1nk\u00e1ch (nap\u0159\u00edklad jednodu\u0161\u0161\u00ed a\u00a0rychlej\u0161\u00ed navigace). Tyto cookies z\u016fst\u00e1vaj\u00ed v\u00a0souboru cookie Va\u0161eho prohl\u00ed\u017ee\u010de po\u00a0del\u0161\u00ed obdob\u00ed. D\u00e9lka toho obdob\u00ed z\u00e1vis\u00ed na\u00a0zvolen\u00e9m nastaven\u00ed internetov\u00e9ho prohl\u00ed\u017ee\u010de. Permanentn\u00ed cookies umo\u017e\u0148uj\u00ed p\u0159esun informac\u00ed na\u00a0internetov\u00fd server p\u0159i\u00a0ka\u017ed\u00e9 n\u00e1v\u0161t\u011bv\u011b Internetov\u00fdch str\u00e1nek.<\/p>\n<p>Soubory cookies m\u016f\u017eete v\u00a0nastaven\u00ed sv\u00e9ho internetov\u00e9ho prohl\u00ed\u017ee\u010de odm\u00edtnout, nebo si nastavit u\u017e\u00edv\u00e1n\u00ed jen n\u011bkter\u00fdch. Pokud ale nepovol\u00edte pou\u017eit\u00ed soubor\u016f cookies, n\u011bkter\u00e9 funkce a\u00a0nemus\u00ed fungovat tak, jak by m\u011bly.<\/p>\n<p><strong>Nastaven\u00ed soukrom\u00ed ve\u00a0Va\u0161em po\u010d\u00edta\u010di, kde lze pou\u017eit\u00ed soubor\u016f cookie odm\u00edtnout \u010di\u00a0zak\u00e1zat, najdete v\u00a0menu p\u0159\u00edslu\u0161n\u00e9ho internetov\u00e9ho prohl\u00ed\u017ee\u010de. Nastaven\u00ed soubor\u016f cookies v\u00a0nej\u010dast\u011bji pou\u017e\u00edvan\u00fdch prohl\u00ed\u017ee\u010d\u00edch najdete na\u00a0n\u00e1sleduj\u00edc\u00edch internetov\u00fdch str\u00e1nk\u00e1ch:<\/strong><\/p>\n<p>Google Chrome:\u00a0<a href=\"https:\/\/support.google.com\/accounts\/answer\/61416?hl=cz\">https:\/\/support.google.com\/accounts\/answer\/61416?hl=cz<\/a><br \/>\nInternet Explorer:\u00a0<a href=\"http:\/\/windows.microsoft.com\/cs-cz\/internet-explorer\/delete-manage-cookies#ie=ie-11\">http:\/\/windows.microsoft.com\/cs-cz\/internet-explorer\/delete-manage-cookies#ie=ie-11<\/a><br \/>\nMicrosoft Edge:\u00a0<a href=\"http:\/\/windows.microsoft.com\/cs-cz\/windows-10\/edge-privacy-faq\">http:\/\/windows.microsoft.com\/cs-cz\/windows-10\/edge-privacy-faq<\/a><br \/>\nMozilla Firefox:\u00a0<a href=\"https:\/\/support.mozilla.org\/cs\/kb\/vymazani-cookies\">https:\/\/support.mozilla.org\/cs\/kb\/vymazani-cookies<\/a><br \/>\nOpera:\u00a0<a href=\"http:\/\/help.opera.com\/Windows\/9.64\/cs\/cookies.html\">http:\/\/help.opera.com\/Windows\/9.64\/cs\/cookies.html<\/a><\/p>\n<h3>Osoby, kter\u00fdm mohou b\u00fdt osobn\u00ed \u00fadaje zp\u0159\u00edstupn\u011bny<\/h3>\n<p>Z\u00edskan\u00e9 osobn\u00ed \u00fadaje m\u016f\u017eeme v\u00a0od\u016fvodn\u011bn\u00fdch p\u0159\u00edpadech zp\u0159\u00edstupnit dal\u0161\u00edm stran\u00e1m, kter\u00fdmi jsou analytick\u00e9 a&nbsp;statistick\u00e9 spole\u010dnosti, nap\u0159. Google Analytics.<\/p>\n<p>D\u00e1le mohou b\u00fdt Va\u0161e osobn\u00ed \u00fadaje poskytnuty na&nbsp;vy\u017e\u00e1d\u00e1n\u00ed org\u00e1n\u016fm ve\u0159ejn\u00e9 moci \u010di org\u00e1n\u016fm \u010dinn\u00fdm v\u00a0trestn\u00edm \u0159\u00edzen\u00ed, a&nbsp;to v\u00a0nezbytn\u00e9m rozsahu a&nbsp;v\u00a0mez\u00edch z\u00e1kona.<\/p>\n<p>&nbsp;<\/p>\n<h3><strong>P\u0159ehled cookies<\/strong><\/h3>\n<div class=\"table-wrapper\">\n<table id=\"CookieTable\" class=\"table table-striped table-bordered mb-5\">\n<thead>\n<tr>\n<th scope=\"col\">Cookie<\/th>\n<th scope=\"col\">Popis<\/th>\n<th scope=\"col\">Trv\u00e1n\u00ed<\/th>\n<th scope=\"col\">Typ<\/th>\n<\/tr>\n<\/thead>\n<tbody>\n<tr>\n<td>GPS<\/td>\n<td>Tento druh cookie je nastaven YouTube a&nbsp;registruje unik\u00e1tn\u00ed ID pro sledov\u00e1n\u00ed u\u017eivatel\u016f na&nbsp;z\u00e1klad\u011b jejich geografick\u00e9 polohy<\/td>\n<td>30 minut<\/td>\n<td>Analytick\u00e9<\/td>\n<\/tr>\n<tr>\n<td>VISITOR_INFO1_LIVE<\/td>\n<td>Tento druh cookie je nastaven YouTube a&nbsp;pou\u017e\u00edv\u00e1 se ke sledov\u00e1n\u00ed informac\u00ed o&nbsp;vide\u00edch z&nbsp;YouTube vlo\u017een\u00fdch na&nbsp;webov\u00e9 str\u00e1nce.<\/td>\n<td>5 m\u011bs\u00edc\u016f<\/td>\n<td>Reklama<\/td>\n<\/tr>\n<tr>\n<td>YSC<\/td>\n<td>Tento druh cookie je nastaven YouTube a&nbsp;pou\u017e\u00edv\u00e1 se ke sledov\u00e1n\u00ed po\u010dtu shl\u00e9dnut\u00ed vlo\u017een\u00fdch vide\u00ed.<\/td>\n<td><\/td>\n<td>V\u00fdkon<\/td>\n<\/tr>\n<tr>\n<td>_gcl_au<\/td>\n<td>Tento druh cookie je pou\u017e\u00edv\u00e1n Google Analytics k&nbsp;pochopen\u00ed u\u017eivatelov\u00fdch interakc\u00ed na&nbsp;webov\u00e9 str\u00e1nce.<\/td>\n<td>2 m\u011bs\u00edce<\/td>\n<td>Analytick\u00e9<\/td>\n<\/tr>\n<tr>\n<td>_ga<\/td>\n<td>Tento druh cookie je instalov\u00e1na Google Analytics. Pou\u017e\u00edv\u00e1 se ke sledov\u00e1n\u00ed n\u00e1v\u0161t\u011bvnosti, relace, dat o&nbsp;kampan\u00edch a&nbsp;vyu\u017eit\u00ed webu pro jeho analytick\u00fd p\u0159ehled. Informace jsou skladov\u00e1ny anonymn\u011b a&nbsp;k&nbsp;indentifikaci jednotliv\u00fdch n\u00e1v\u0161t\u011bvn\u00edk\u016f pou\u017e\u00edvaj\u00ed n\u00e1hodn\u011b generovan\u00e1 \u010d\u00edsla.<\/td>\n<td>2 roky<\/td>\n<td>Analytick\u00e9<\/td>\n<\/tr>\n<tr>\n<td>_gid<\/td>\n<td>Tento druh cookie je instalov\u00e1na Google Analytics. Pou\u017e\u00edv\u00e1 se k&nbsp;ukl\u00e1d\u00e1n\u00ed informac\u00ed o&nbsp;tom, jak n\u00e1v\u0161t\u011bvn\u00edci kou\u017e\u00edvaj\u00ed webovou str\u00e1nku a&nbsp;pom\u00e1haj\u00ed vytv\u00e1\u0159et analytick\u00fd p\u0159ehled stavu str\u00e1nky. Posb\u00edran\u00e1 data v\u010detn\u011b po\u010dtu n\u00e1v\u0161t\u011bvn\u00edk\u016f, zdroje, odkud p\u0159i\u0161li, a&nbsp;str\u00e1nek, kter\u00e9 nav\u0161t\u00edvili, jsou v&nbsp;anonymn\u00ed form\u011b.<\/td>\n<td>1 den<\/td>\n<td>Analytick\u00e9<\/td>\n<\/tr>\n<tr>\n<td>_dc_gtm_UA-126028854-1<\/td>\n<td>nev\u00fdznamn\u00e9<\/td>\n<td>1 minuta<\/td>\n<td>Jin\u00e9<\/td>\n<\/tr>\n<tr>\n<td>sid<\/td>\n<td>Tento druh cookie je velmi \u010dast\u00fd a&nbsp;pou\u017e\u00edv\u00e1 se ke spr\u00e1v\u011b stavu relace.<\/td>\n<td>4 t\u00fddny<\/td>\n<td>V\u00fdkon<\/td>\n<\/tr>\n<tr>\n<td>c<\/td>\n<td>Tento druh cookie je nastaven Rubicon Project. P\u0159esn\u00fd \u00fa\u010del t\u011bchto cookie nen\u00ed zn\u00e1m\u00fd.<\/td>\n<td>1 m\u011bs\u00edc<\/td>\n<td>Jin\u00e9<\/td>\n<\/tr>\n<tr>\n<td>IDE<\/td>\n<td>Tento druh cookie pou\u017e\u00edv\u00e1 Google DoubleClick a&nbsp;ukl\u00e1d\u00e1 informace o&nbsp;tom, jak u\u017eivatel pou\u017e\u00edv\u00e1 webovou str\u00e1nku a&nbsp;ostatn\u00ed reklamy p\u0159edt\u00edm, ne\u017e nav\u0161t\u00edv\u00ed konkr\u00e9tn\u00ed str\u00e1nku. Pou\u017e\u00edv\u00e1 se to k&nbsp;zobrazov\u00e1n\u00ed pro u\u017eivatele relevantn\u00edch reklam podle jejich profilu.<\/td>\n<td>1 rok<\/td>\n<td>Reklama<\/td>\n<\/tr>\n<tr>\n<td>uid<\/td>\n<td>Tento druh cookie se pou\u017e\u00edv\u00e1 k&nbsp;anonymn\u00edm\u016f m\u011b\u0159en\u00ed po\u010dt\u016f a&nbsp;sledov\u00e1n\u00ed chov\u00e1n\u00ed u\u017eivatel\u016f na&nbsp;str\u00e1nce. Data obsahuj\u00ed po\u010det n\u00e1v\u0161t\u011bv, pr\u016fm\u011brnou d\u00e9lku n\u00e1v\u0161t\u011bvy, nav\u0161t\u00edven\u00e9 str\u00e1nky atd. pro \u00fa\u010dely lep\u0161\u00edho pochopen\u00ed u\u017eivatelsk\u00fdch prefernc\u00ed pro c\u00edlen\u00e9 reklamy.<\/td>\n<td>1 m\u011bs\u00edc<\/td>\n<td>Reklama<\/td>\n<\/tr>\n<tr>\n<td>_fbp<\/td>\n<td>Tento druh cookie je nastaven Facebookem k&nbsp;zobrazov\u00e1n\u00ed reklam, kdy\u017e jsou u\u017eivatel\u00e9 na&nbsp;Facebooku nebo jin\u00e9 Facebookem poh\u00e1n\u011bn\u00e9 platform\u011b po nav\u0161t\u00edven\u00ed t\u00e9to str\u00e1nky.<\/td>\n<td>2 m\u011bs\u00edce<\/td>\n<td>Reklama<\/td>\n<\/tr>\n<tr>\n<td>fr<\/td>\n<td>Tento druh cookie je nastaven Facebookem k&nbsp;zobrazov\u00e1n\u00ed relevantn\u00edch reklam u\u017eivatel\u016fm a&nbsp;m\u011b\u0159en\u00ed a&nbsp;zlep\u0161ov\u00e1n\u00ed inzerce. Tak\u00e9 sleduje chov\u00e1n\u00ed u\u017eivatel\u016f na&nbsp;webov\u00fdch str\u00e1nk\u00e1ch, kter\u00e9 maj\u00ed Facebook pixel nebo Facebook social plugin.<\/td>\n<td>2 m\u011bs\u00edce<\/td>\n<td>Reklama<\/td>\n<\/tr>\n<tr>\n<td>AWSALB<\/td>\n<td>Tento druh cookie je generov\u00e1n Application Load Balancerem v&nbsp;r\u00e1mci Amazon Web Services. Pracuje lehce odli\u0161n\u011b ne\u017e AWSELB.<\/td>\n<td>1 t\u00fdden<\/td>\n<td>Jin\u00e9<\/td>\n<\/tr>\n<tr>\n<td>AWSALBCORS<\/td>\n<td>nev\u00fdznamn\u00e9<\/td>\n<td>1 t\u00fdden<\/td>\n<td>Jin\u00e9<\/td>\n<\/tr>\n<tr>\n<td>ATN<\/td>\n<td>Tento druh cookie je nastaven atdmt.com. Ukl\u00e1d\u00e1 data o&nbsp;chov\u00e1n\u00ed u\u017eivatel\u016f na&nbsp;n\u011bkolika str\u00e1nk\u00e1ch. Ta se pak pou\u017e\u00edvaj\u00ed k&nbsp;zobrazov\u00e1n\u00ed relevantn\u00edch reklam u\u017eivatel\u016fm str\u00e1nek.<\/td>\n<td>2 roky<\/td>\n<td>Reklama<\/td>\n<\/tr>\n<tr>\n<td>ssupp.vid<\/td>\n<td>nev\u00fdznamn\u00e9<\/td>\n<td>5 m\u011bs\u00edc\u016f<\/td>\n<td>Jin\u00e9<\/td>\n<\/tr>\n<tr>\n<td>ssupp.visits<\/td>\n<td>nev\u00fdznamn\u00e9<\/td>\n<td>5 m\u011bs\u00edc\u016f<\/td>\n<td>Jin\u00e9<\/td>\n<\/tr>\n<tr>\n<td>ssupp.chatid<\/td>\n<td>nev\u00fdznamn\u00e9<\/td>\n<td><\/td>\n<td><\/td>\n<\/tr>\n<\/tbody>\n<\/table>\n<\/div>\n","protected":false},"excerpt":{"rendered":"<p>Pro spr\u00e1vnou funkci str\u00e1nek je n\u011bkdy nezbytn\u00e9 um\u00edstit mal\u00e9 datov\u00e9 soubory, ozna\u010dovan\u00e9 jako cookies, na&nbsp;Va\u0161e za\u0159\u00edzen\u00ed. Co jsou soubory cookies Cookie je kr\u00e1tk\u00fd textov\u00fd soubor, kter\u00fd nav\u0161t\u00edven\u00e1 webov\u00e1 str\u00e1nka ode\u0161le do prohl\u00ed\u017ee\u010de. Umo\u017e\u0148uje webu zaznamenat informace o&nbsp;Va\u0161\u00ed n\u00e1v\u0161t\u011bv\u011b, zapamatov\u00e1n\u00ed si Va\u0161ich p\u0159edvoleb a&nbsp;nastaven\u00ed. Va\u0161e p\u0159\u00ed\u0161t\u00ed n\u00e1v\u0161t\u011bva str\u00e1nek tak m\u016f\u017ee b\u00fdt snaz\u0161\u00ed a&nbsp;efektivn\u011bj\u0161\u00ed. Bez soubor\u016f cookies&#8230;<\/p>\n","protected":false},"author":1,"featured_media":0,"parent":0,"menu_order":5,"comment_status":"closed","ping_status":"closed","template":"","meta":{"footnotes":""},"class_list":["post-4678","page","type-page","status-publish","hentry"],"acf":[],"aioseo_notices":[],"_links":{"self":[{"href":"https:\/\/www.ptc.cz\/hr\/wp-json\/wp\/v2\/pages\/4678","targetHints":{"allow":["GET"]}}],"collection":[{"href":"https:\/\/www.ptc.cz\/hr\/wp-json\/wp\/v2\/pages"}],"about":[{"href":"https:\/\/www.ptc.cz\/hr\/wp-json\/wp\/v2\/types\/page"}],"author":[{"embeddable":true,"href":"https:\/\/www.ptc.cz\/hr\/wp-json\/wp\/v2\/users\/1"}],"replies":[{"embeddable":true,"href":"https:\/\/www.ptc.cz\/hr\/wp-json\/wp\/v2\/comments?post=4678"}],"version-history":[{"count":1,"href":"https:\/\/www.ptc.cz\/hr\/wp-json\/wp\/v2\/pages\/4678\/revisions"}],"predecessor-version":[{"id":4697,"href":"https:\/\/www.ptc.cz\/hr\/wp-json\/wp\/v2\/pages\/4678\/revisions\/4697"}],"wp:attachment":[{"href":"https:\/\/www.ptc.cz\/hr\/wp-json\/wp\/v2\/media?parent=4678"}],"curies":[{"name":"wp","href":"https:\/\/api.w.org\/{rel}","templated":true}]}}