{"id":4705,"date":"2023-06-16T09:20:33","date_gmt":"2023-06-16T07:20:33","guid":{"rendered":"https:\/\/www.ptc.cz\/jak-se-k-nam-dostanete\/"},"modified":"2024-06-21T13:46:25","modified_gmt":"2024-06-21T11:46:25","slug":"kako-do-nas-doci","status":"publish","type":"page","link":"https:\/\/www.ptc.cz\/hr\/kako-do-nas-doci\/","title":{"rendered":"Kako do nas do\u0107i"},"content":{"rendered":"<div class=\"gdc_row\">\n<div class=\"gdc_column gdc_chalf\">\n<div class=\"gdc_inner\">\n<p><strong>Vstup do Protonov\u00e9ho centra<\/strong> najdete v\u00a0are\u00e1lu Nemocnice Na&nbsp;Bulovce mezi \u00dastavem radia\u010dn\u00ed onkologie (budova 16) a&nbsp;Klinikou pneumologie a&nbsp;hrudn\u00ed chirurgie (budova 4, tzv. \u201ez\u00e1me\u010dek\u201c).<\/p>\n<\/div>\n<\/div>\n<div class=\"gdc_column gdc_chalf\">\n<div class=\"gdc_inner\">\n<p>Proton Therapy Center Czech s.r.o.<br \/>\nBud\u00ednova 2437\/1a<br \/>\n180&nbsp;00 Praha 8<br \/>\nGPS: 50.1171363, 14.4646944<\/p>\n<\/div>\n<\/div>\n<\/div>\n<h2>Cesta MHD<\/h2>\n<div class=\"gdc_row\">\n<div class=\"gdc_column gdc_chalf\">\n<div class=\"gdc_inner\">\n<p><strong>Zast\u00e1vka Bulovka<\/strong><\/p>\n<\/div>\n<\/div>\n<div class=\"gdc_column gdc_chalf\">\n<div class=\"gdc_inner\">\n<ul>\n<li>bus \u010d. 201<\/li>\n<li>tram \u010d. 3, 10, 24<\/li>\n<\/ul>\n<\/div>\n<\/div>\n<\/div>\n<h2>Cesta autem<\/h2>\n<div class=\"gdc_row\">\n<div class=\"gdc_column gdc_chalf\">\n<div class=\"gdc_inner\">\n<p>Pokud vlastn\u00edte navigaci, m\u016f\u017eete zadat sou\u0159adnice GPS: 50.1171363, 14.4646944.<\/p>\n<p><em><strong>Vjezdy do are\u00e1lu:<\/strong><\/em><\/p>\n<ul>\n<li>Z ulice Na&nbsp;Truhl\u00e1\u0159ce (viz mapa \u2013 \u010derven\u00e9 te\u010dky).<\/li>\n<li>Z\u00a0ulice Zenklova (viz mapa \u2013 modr\u00e9 te\u010dky).<\/li>\n<\/ul>\n<p>V\u00a0p\u0159\u00edpad\u011b obou vjezd\u016f sledujte modrob\u00edlou navigaci s\u00a0n\u00e1pisem Proton Therapy Center.<\/p>\n<p>&nbsp;<\/p>\n<\/div>\n<\/div>\n<div class=\"gdc_column gdc_chalf\">\n<div class=\"gdc_inner\">\n<p><strong><a href=\"https:\/\/www.ptc.cz\/wp-content\/uploads\/2023\/08\/ptc-mapa-cze-1200x1200-1.jpg\" data-rel=\"lightbox-image-0\" data-rl_title=\"\" data-rl_caption=\"\" title=\"\"><img loading=\"lazy\" decoding=\"async\" class=\"alignnone size-full wp-image-440\" src=\"https:\/\/www.ptc.cz\/wp-content\/uploads\/2023\/08\/ptc-mapa-cze-1200x1200-1.jpg\" alt=\"\" width=\"1200\" height=\"742\" srcset=\"https:\/\/www.ptc.cz\/wp-content\/uploads\/2023\/08\/ptc-mapa-cze-1200x1200-1.jpg 1200w, https:\/\/www.ptc.cz\/wp-content\/uploads\/2023\/08\/ptc-mapa-cze-1200x1200-1-300x186.jpg 300w, https:\/\/www.ptc.cz\/wp-content\/uploads\/2023\/08\/ptc-mapa-cze-1200x1200-1-768x475.jpg 768w\" sizes=\"auto, (max-width: 1200px) 100vw, 1200px\" \/><\/a><\/strong><\/p>\n<\/div>\n<\/div>\n<\/div>\n<h2>Parkov\u00e1n\u00ed<\/h2>\n<div class=\"gdc_row\">\n<div class=\"gdc_column gdc_chalf\">\n<div class=\"gdc_inner\">\n<p>Parkovi\u0161t\u011b pro n\u00e1v\u0161t\u011bvn\u00edky je p\u0159\u00edmo u&nbsp;hlavn\u00edho vchodu Protonov\u00e9ho centra, nach\u00e1z\u00ed se v\u00a0are\u00e1lu Nemocnice Na&nbsp;Bulovce. <strong>Vjezd do are\u00e1lu Nemocnice Na&nbsp;Bulovce je po 30 minut\u00e1ch zpoplatn\u011bn.\u00a0<\/strong><\/p>\n<p>Pacienti, kte\u0159\u00ed doch\u00e1zej\u00ed na&nbsp;l\u00e9\u010dbu pravideln\u011b, si mohou pro pohodln\u011bj\u0161\u00ed vjezd <strong>p\u0159edplatit povolen\u00ed k\u00a0vjezdu<\/strong>. \u010cidlo u&nbsp;z\u00e1vory si na\u010dte SPZ a&nbsp;z\u00e1vora se p\u0159i dal\u0161\u00edch n\u00e1v\u0161t\u011bv\u00e1ch otev\u00edr\u00e1 automaticky.<\/p>\n<\/div>\n<\/div>\n<div class=\"gdc_column gdc_chalf\">\n<div class=\"gdc_inner\">\n<p>Cena povolen\u00ed k\u00a0vjezdu je 300&nbsp;K\u010d na&nbsp;30 dn\u016f. S\u00a0vypln\u011bn\u00edm \u017e\u00e1dosti v\u00e1m r\u00e1di pom\u016f\u017eeme na&nbsp;hlavn\u00ed recepci.<\/p>\n<p><strong>Vy\u0159\u00edzen\u00ed \u017e\u00e1dosti m\u016f\u017ee trvat i&nbsp;n\u011bkolik dn\u00ed, proto, pros\u00edm, o&nbsp;povolen\u00ed \u017e\u00e1dejte s\u00a0p\u0159edstihem.<\/strong><\/p>\n<\/div>\n<\/div>\n<\/div>\n","protected":false},"excerpt":{"rendered":"<p>Cesta MHD Cesta autem Parkov\u00e1n\u00ed<\/p>\n","protected":false},"author":1,"featured_media":4707,"parent":0,"menu_order":73,"comment_status":"closed","ping_status":"closed","template":"template-page-with-anchor-sidebar.php","meta":{"footnotes":""},"class_list":["post-4705","page","type-page","status-publish","has-post-thumbnail","hentry"],"acf":[],"aioseo_notices":[],"_links":{"self":[{"href":"https:\/\/www.ptc.cz\/hr\/wp-json\/wp\/v2\/pages\/4705","targetHints":{"allow":["GET"]}}],"collection":[{"href":"https:\/\/www.ptc.cz\/hr\/wp-json\/wp\/v2\/pages"}],"about":[{"href":"https:\/\/www.ptc.cz\/hr\/wp-json\/wp\/v2\/types\/page"}],"author":[{"embeddable":true,"href":"https:\/\/www.ptc.cz\/hr\/wp-json\/wp\/v2\/users\/1"}],"replies":[{"embeddable":true,"href":"https:\/\/www.ptc.cz\/hr\/wp-json\/wp\/v2\/comments?post=4705"}],"version-history":[{"count":1,"href":"https:\/\/www.ptc.cz\/hr\/wp-json\/wp\/v2\/pages\/4705\/revisions"}],"predecessor-version":[{"id":4716,"href":"https:\/\/www.ptc.cz\/hr\/wp-json\/wp\/v2\/pages\/4705\/revisions\/4716"}],"wp:featuredmedia":[{"embeddable":true,"href":"https:\/\/www.ptc.cz\/hr\/wp-json\/wp\/v2\/media\/4707"}],"wp:attachment":[{"href":"https:\/\/www.ptc.cz\/hr\/wp-json\/wp\/v2\/media?parent=4705"}],"curies":[{"name":"wp","href":"https:\/\/api.w.org\/{rel}","templated":true}]}}