{"id":4710,"date":"2023-06-16T09:21:38","date_gmt":"2023-06-16T07:21:38","guid":{"rendered":"https:\/\/www.ptc.cz\/jak-se-k-nam-dostanete\/parkovani\/"},"modified":"2024-06-21T13:47:06","modified_gmt":"2024-06-21T11:47:06","slug":"parkiranje","status":"publish","type":"page","link":"https:\/\/www.ptc.cz\/hr\/kako-do-nas-doci\/parkiranje\/","title":{"rendered":"Parkiranje"},"content":{"rendered":"<div class=\"gdc_row\">\n<div class=\"gdc_column gdc_chalf\">\n<div class=\"gdc_inner\">\n<p>Parkovi\u0161t\u011b pro n\u00e1v\u0161t\u011bvn\u00edky je p\u0159\u00edmo u&nbsp;hlavn\u00edho vchodu Protonov\u00e9ho centra, nach\u00e1z\u00ed se v\u00a0are\u00e1lu Nemocnice Na&nbsp;Bulovce. <strong>Vjezd do are\u00e1lu Nemocnice Na&nbsp;Bulovce je po 30 minut\u00e1ch zpoplatn\u011bn.\u00a0<\/strong><\/p>\n<p>Pacienti, kte\u0159\u00ed doch\u00e1zej\u00ed na&nbsp;l\u00e9\u010dbu pravideln\u011b, si mohou pro pohodln\u011bj\u0161\u00ed vjezd <strong>p\u0159edplatit povolen\u00ed k\u00a0vjezdu<\/strong>. \u010cidlo u&nbsp;z\u00e1vory si na\u010dte SPZ a&nbsp;z\u00e1vora se p\u0159i dal\u0161\u00edch n\u00e1v\u0161t\u011bv\u00e1ch otev\u00edr\u00e1 automaticky.<\/p>\n<\/div>\n<\/div>\n<div class=\"gdc_column gdc_chalf\">\n<div class=\"gdc_inner\">\n<p>Cena povolen\u00ed k\u00a0vjezdu je 300&nbsp;K\u010d na&nbsp;30 dn\u016f. S\u00a0vypln\u011bn\u00edm \u017e\u00e1dosti v\u00e1m r\u00e1di pom\u016f\u017eeme na&nbsp;hlavn\u00ed recepci.<\/p>\n<p><strong>Vy\u0159\u00edzen\u00ed \u017e\u00e1dosti m\u016f\u017ee trvat i&nbsp;n\u011bkolik dn\u00ed, proto, pros\u00edm, o&nbsp;povolen\u00ed \u017e\u00e1dejte s\u00a0p\u0159edstihem.<\/strong><\/p>\n<\/div>\n<\/div>\n<\/div>\n<p>20<\/p>\n","protected":false},"excerpt":{"rendered":"<p>20<\/p>\n","protected":false},"author":1,"featured_media":0,"parent":4705,"menu_order":88,"comment_status":"closed","ping_status":"closed","template":"template-page-with-sidebar.php","meta":{"footnotes":""},"class_list":["post-4710","page","type-page","status-publish","hentry"],"acf":[],"aioseo_notices":[],"_links":{"self":[{"href":"https:\/\/www.ptc.cz\/hr\/wp-json\/wp\/v2\/pages\/4710","targetHints":{"allow":["GET"]}}],"collection":[{"href":"https:\/\/www.ptc.cz\/hr\/wp-json\/wp\/v2\/pages"}],"about":[{"href":"https:\/\/www.ptc.cz\/hr\/wp-json\/wp\/v2\/types\/page"}],"author":[{"embeddable":true,"href":"https:\/\/www.ptc.cz\/hr\/wp-json\/wp\/v2\/users\/1"}],"replies":[{"embeddable":true,"href":"https:\/\/www.ptc.cz\/hr\/wp-json\/wp\/v2\/comments?post=4710"}],"version-history":[{"count":1,"href":"https:\/\/www.ptc.cz\/hr\/wp-json\/wp\/v2\/pages\/4710\/revisions"}],"predecessor-version":[{"id":4719,"href":"https:\/\/www.ptc.cz\/hr\/wp-json\/wp\/v2\/pages\/4710\/revisions\/4719"}],"up":[{"embeddable":true,"href":"https:\/\/www.ptc.cz\/hr\/wp-json\/wp\/v2\/pages\/4705"}],"wp:attachment":[{"href":"https:\/\/www.ptc.cz\/hr\/wp-json\/wp\/v2\/media?parent=4710"}],"curies":[{"name":"wp","href":"https:\/\/api.w.org\/{rel}","templated":true}]}}