{"id":4723,"date":"2023-06-13T10:20:43","date_gmt":"2023-06-13T08:20:43","guid":{"rendered":"https:\/\/www.ptc.cz\/moderni-diagnostika\/magneticka-rezonance\/"},"modified":"2024-06-21T13:51:06","modified_gmt":"2024-06-21T11:51:06","slug":"magnetska-rezonanca","status":"publish","type":"page","link":"https:\/\/www.ptc.cz\/hr\/moderna-dijagnostika\/magnetska-rezonanca\/","title":{"rendered":"Magnetska rezonanca"},"content":{"rendered":"<p><strong>Magnetick\u00e1 rezonance (MRI)<\/strong> je modern\u00ed neinvazivn\u00ed diagnostick\u00e1 zobrazovac\u00ed metoda, kter\u00e1 umo\u017e\u0148uje detailn\u00ed pohled do vnit\u0159n\u00edch struktur t\u011bla. Pomoc\u00ed siln\u00e9ho magnetick\u00e9ho pole a&nbsp;r\u00e1diov\u00fdch vln vytv\u00e1\u0159\u00ed MRI detailn\u00ed obr\u00e1zky org\u00e1n\u016f a&nbsp;tk\u00e1n\u00ed, kter\u00e9 jsou vyu\u017e\u00edv\u00e1ny k&nbsp;diagnostice a&nbsp;sledov\u00e1n\u00ed r\u016fzn\u00fdch zdravotn\u00edch stav\u016f.<\/p>\n<p>MRI vyu\u017e\u00edv\u00e1 siln\u00e9 magnetick\u00e9 pole a&nbsp;r\u00e1diov\u00e9 vlny k&nbsp;vytvo\u0159en\u00ed podrobn\u00fdch obraz\u016f vnit\u0159n\u00edch org\u00e1n\u016f a&nbsp;struktur t\u011bla. Kdy\u017e pacient vstoup\u00ed do MRI p\u0159\u00edstroje, magnetick\u00e9 pole ovliv\u0148uje atomy vod\u00edku v&nbsp;t\u011ble. Tyto atomy vys\u00edlaj\u00ed sign\u00e1ly, kter\u00e9 jsou zachyceny a&nbsp;zpracov\u00e1ny do obr\u00e1zk\u016f. Na&nbsp;rozd\u00edl od rentgen\u016f a&nbsp;CT, MRI nepou\u017e\u00edv\u00e1 ionizuj\u00edc\u00ed z\u00e1\u0159en\u00ed, co\u017e \u010din\u00ed tuto metodu bezpe\u010dn\u011bj\u0161\u00ed pro opakovan\u00e9 pou\u017eit\u00ed.<\/p>\n","protected":false},"excerpt":{"rendered":"<p>Magnetick\u00e1 rezonance (MRI) je modern\u00ed neinvazivn\u00ed diagnostick\u00e1 zobrazovac\u00ed metoda, kter\u00e1 umo\u017e\u0148uje detailn\u00ed pohled do vnit\u0159n\u00edch struktur t\u011bla. Pomoc\u00ed siln\u00e9ho magnetick\u00e9ho pole a&nbsp;r\u00e1diov\u00fdch vln vytv\u00e1\u0159\u00ed MRI detailn\u00ed obr\u00e1zky org\u00e1n\u016f a&nbsp;tk\u00e1n\u00ed, kter\u00e9 jsou vyu\u017e\u00edv\u00e1ny k&nbsp;diagnostice a&nbsp;sledov\u00e1n\u00ed r\u016fzn\u00fdch zdravotn\u00edch stav\u016f. MRI vyu\u017e\u00edv\u00e1 siln\u00e9 magnetick\u00e9 pole a&nbsp;r\u00e1diov\u00e9 vlny k&nbsp;vytvo\u0159en\u00ed podrobn\u00fdch obraz\u016f vnit\u0159n\u00edch org\u00e1n\u016f a&nbsp;struktur t\u011bla. Kdy\u017e pacient vstoup\u00ed do&#8230;<\/p>\n","protected":false},"author":1,"featured_media":4725,"parent":4720,"menu_order":103,"comment_status":"closed","ping_status":"closed","template":"template-page-with-sidebar.php","meta":{"footnotes":""},"class_list":["post-4723","page","type-page","status-publish","has-post-thumbnail","hentry"],"acf":[],"aioseo_notices":[],"_links":{"self":[{"href":"https:\/\/www.ptc.cz\/hr\/wp-json\/wp\/v2\/pages\/4723","targetHints":{"allow":["GET"]}}],"collection":[{"href":"https:\/\/www.ptc.cz\/hr\/wp-json\/wp\/v2\/pages"}],"about":[{"href":"https:\/\/www.ptc.cz\/hr\/wp-json\/wp\/v2\/types\/page"}],"author":[{"embeddable":true,"href":"https:\/\/www.ptc.cz\/hr\/wp-json\/wp\/v2\/users\/1"}],"replies":[{"embeddable":true,"href":"https:\/\/www.ptc.cz\/hr\/wp-json\/wp\/v2\/comments?post=4723"}],"version-history":[{"count":1,"href":"https:\/\/www.ptc.cz\/hr\/wp-json\/wp\/v2\/pages\/4723\/revisions"}],"predecessor-version":[{"id":4762,"href":"https:\/\/www.ptc.cz\/hr\/wp-json\/wp\/v2\/pages\/4723\/revisions\/4762"}],"up":[{"embeddable":true,"href":"https:\/\/www.ptc.cz\/hr\/wp-json\/wp\/v2\/pages\/4720"}],"wp:featuredmedia":[{"embeddable":true,"href":"https:\/\/www.ptc.cz\/hr\/wp-json\/wp\/v2\/media\/4725"}],"wp:attachment":[{"href":"https:\/\/www.ptc.cz\/hr\/wp-json\/wp\/v2\/media?parent=4723"}],"curies":[{"name":"wp","href":"https:\/\/api.w.org\/{rel}","templated":true}]}}