{"id":4726,"date":"2023-06-13T10:36:24","date_gmt":"2023-06-13T08:36:24","guid":{"rendered":"https:\/\/www.ptc.cz\/moderni-diagnostika\/magneticka-rezonance\/zadanka-na-mr-vysetreni-pdf-ke-stazeni\/"},"modified":"2024-06-21T13:52:55","modified_gmt":"2024-06-21T11:52:55","slug":"zahtjev-za-mr-pregled-pdf-za-preuzimanje","status":"publish","type":"page","link":"https:\/\/www.ptc.cz\/hr\/moderna-dijagnostika\/magnetska-rezonanca\/zahtjev-za-mr-pregled-pdf-za-preuzimanje\/","title":{"rendered":"Zahtjev za MR pregled <br>(PDF za preuzimanje)"},"content":{"rendered":"<p><strong><a href=\"https:\/\/www.ptc.cz\/wp-content\/uploads\/2023\/08\/zadanka-na-mr-vysetreni-cs-v2.pdf\" target=\"_blank\" rel=\"noopener\">\u017d\u00e1danka na&nbsp;MR vy\u0161et\u0159en\u00ed<\/a><br \/>\n<\/strong><\/p>\n<h5><strong><em>*K v\u00fdkonu vy\u0161et\u0159en\u00ed je nutn\u00e9 dolo\u017eit origin\u00e1l \u017e\u00e1danky, proto\u017ee zdravotn\u00ed poji\u0161\u0165ovny v&nbsp;r\u00e1mci prov\u00e1d\u011bn\u00fdch kontrol po\u017eaduj\u00ed po zdravotnick\u00fdch za\u0159\u00edzen\u00edch p\u0159edlo\u017een\u00ed origin\u00e1lu \u017e\u00e1danek v&nbsp;souladu s&nbsp;vyhl\u00e1\u0161kami MZ\u010cR. Indikuj\u00edc\u00ed l\u00e9ka\u0159 m\u00e1 povinnost origin\u00e1l \u017e\u00e1danky pacientovi vydat, proto pros\u00edme o&nbsp;sou\u010dinnost.<br \/>\nD\u011bkujeme za pochopen\u00ed.<\/em><\/strong><\/h5>\n","protected":false},"excerpt":{"rendered":"<p>\u017d\u00e1danka na&nbsp;MR vy\u0161et\u0159en\u00ed *K v\u00fdkonu vy\u0161et\u0159en\u00ed je nutn\u00e9 dolo\u017eit origin\u00e1l \u017e\u00e1danky, proto\u017ee zdravotn\u00ed poji\u0161\u0165ovny v&nbsp;r\u00e1mci prov\u00e1d\u011bn\u00fdch kontrol po\u017eaduj\u00ed po zdravotnick\u00fdch za\u0159\u00edzen\u00edch p\u0159edlo\u017een\u00ed origin\u00e1lu \u017e\u00e1danek v&nbsp;souladu s&nbsp;vyhl\u00e1\u0161kami MZ\u010cR. Indikuj\u00edc\u00ed l\u00e9ka\u0159 m\u00e1 povinnost origin\u00e1l \u017e\u00e1danky pacientovi vydat, proto pros\u00edme o&nbsp;sou\u010dinnost. D\u011bkujeme za pochopen\u00ed.<\/p>\n","protected":false},"author":1,"featured_media":0,"parent":4723,"menu_order":117,"comment_status":"closed","ping_status":"closed","template":"template-page-with-sidebar.php","meta":{"footnotes":""},"class_list":["post-4726","page","type-page","status-publish","hentry"],"acf":[],"aioseo_notices":[],"_links":{"self":[{"href":"https:\/\/www.ptc.cz\/hr\/wp-json\/wp\/v2\/pages\/4726","targetHints":{"allow":["GET"]}}],"collection":[{"href":"https:\/\/www.ptc.cz\/hr\/wp-json\/wp\/v2\/pages"}],"about":[{"href":"https:\/\/www.ptc.cz\/hr\/wp-json\/wp\/v2\/types\/page"}],"author":[{"embeddable":true,"href":"https:\/\/www.ptc.cz\/hr\/wp-json\/wp\/v2\/users\/1"}],"replies":[{"embeddable":true,"href":"https:\/\/www.ptc.cz\/hr\/wp-json\/wp\/v2\/comments?post=4726"}],"version-history":[{"count":1,"href":"https:\/\/www.ptc.cz\/hr\/wp-json\/wp\/v2\/pages\/4726\/revisions"}],"predecessor-version":[{"id":4763,"href":"https:\/\/www.ptc.cz\/hr\/wp-json\/wp\/v2\/pages\/4726\/revisions\/4763"}],"up":[{"embeddable":true,"href":"https:\/\/www.ptc.cz\/hr\/wp-json\/wp\/v2\/pages\/4723"}],"wp:attachment":[{"href":"https:\/\/www.ptc.cz\/hr\/wp-json\/wp\/v2\/media?parent=4726"}],"curies":[{"name":"wp","href":"https:\/\/api.w.org\/{rel}","templated":true}]}}