{"id":4730,"date":"2023-06-13T13:12:42","date_gmt":"2023-06-13T11:12:42","guid":{"rendered":"https:\/\/www.ptc.cz\/moderni-diagnostika\/magneticka-rezonance\/informace-o-vysetreni-magnetickou-rezonanci-pro-lekare\/"},"modified":"2024-06-21T13:53:14","modified_gmt":"2024-06-21T11:53:14","slug":"informacije-o-magnetskoj-rezonanci-za-lijecnike","status":"publish","type":"page","link":"https:\/\/www.ptc.cz\/hr\/moderna-dijagnostika\/magnetska-rezonanca\/informacije-o-magnetskoj-rezonanci-za-lijecnike\/","title":{"rendered":"Informacije o&nbsp;magnetskoj rezonanci za lije\u010dnike"},"content":{"rendered":"<p>Protonov\u00e9 centrum v&nbsp;Praze nab\u00edz\u00ed <strong>vybran\u00e1 diagnostick\u00e1 vy\u0161et\u0159en\u00ed,<\/strong> a&nbsp;to magnetickou rezonanci (MR) a&nbsp;pozitronovou emisn\u00ed tomografii v&nbsp;kombinaci s&nbsp;po\u010d\u00edta\u010dovou tomografii (PET\/CT). Vy\u0161et\u0159en\u00ed prov\u00e1d\u00edme nejen u&nbsp;onkologicky nemocn\u00fdch pacient\u016f Protonov\u00e9ho centra, ale i&nbsp;u&nbsp;v\u0161ech ostatn\u00edch pacient\u016f, kter\u00fdm o\u0161et\u0159uj\u00edc\u00ed l\u00e9ka\u0159 vystav\u00ed \u017e\u00e1danku.<\/p>\n<p><strong>Odd\u011blen\u00ed Radiodiagnostiky prov\u00e1d\u00ed n\u00e1sleduj\u00edc\u00ed vy\u0161et\u0159en\u00ed:<\/strong><\/p>\n<ul>\n<li>MR zobrazen\u00ed hlavy (nap\u0159. mozku v\u010detn\u011b MR angiografie, spektroskopie mozku),<\/li>\n<li>MR kon\u010detin, kloub\u016f, p\u00e1te\u0159e (kr\u010dn\u00ed, hrudn\u00ed nebo bedern\u00ed),<\/li>\n<li>MR m\u011bkk\u00fdch tk\u00e1n\u00ed,<\/li>\n<li>MR zobrazen\u00ed krku, hrudn\u00edku, b\u0159icha, p\u00e1nve,<\/li>\n<li>MR angiografie,<\/li>\n<li>MR spektroskopie,<\/li>\n<li>MR cholangiopankreatikografie (MRCP)<\/li>\n<li>MR prsu.<\/li>\n<\/ul>\n<h4>Term\u00edny objedn\u00e1n\u00ed jsou kr\u00e1tk\u00e9, jedn\u00e1 se o&nbsp;rozmez\u00ed 2-4 t\u00fddn\u016f. Ochotn\u011b v\u00e1m zavol\u00e1me, pokud se uvoln\u00ed d\u0159\u00edv\u011bj\u0161\u00ed term\u00edn.<\/h4>\n<p><em><strong><img decoding=\"async\" class=\"is-loaded\" src=\"https:\/\/www.ptc.cz\/uploads\/thumbs\/dsc-0381-1200x1200.jpg\" alt=\"dsc-0381.jpg (2.87 MB)\" width=\"600\" data-src=\"\/uploads\/thumbs\/dsc-0381-1200x1200.jpg\" \/><\/strong><\/em><\/p>\n<h4><strong>\u00a01. Jak objednat pacienta na&nbsp;vy\u0161et\u0159en\u00ed magnetickou rezonanc\u00ed<\/strong><\/h4>\n<ul>\n<li><a href=\"https:\/\/www.ptc.cz\/wp-content\/uploads\/2023\/08\/zadanka-na-mr-vysetreni-cs-v2.pdf\"><strong><em>\u017d\u00e1danka na&nbsp;MR vy\u0161et\u0159en\u00ed (PDF ke sta\u017een\u00ed)<\/em><\/strong><\/a><\/li>\n<li><strong><em>\u017d\u00e1danka na&nbsp;MR vy\u0161et\u0159en\u00ed (k&nbsp;vypln\u011bn\u00ed online)<\/em><\/strong><\/li>\n<\/ul>\n<p>&nbsp;<\/p>\n<p>Vypln\u011bn\u00fd formul\u00e1\u0159 \u017e\u00e1danky na&nbsp;vy\u0161et\u0159en\u00ed magnetickou rezonanc\u00ed s&nbsp;\u00fadaji o&nbsp;pacientovi, v\u010detn\u011b zd\u016fvodn\u011bn\u00ed, detailn\u00ed specifikace vy\u0161et\u0159en\u00ed, raz\u00edtka a&nbsp;podpisu, za\u0161lete, pros\u00edme, na&nbsp;e-mailovou adresu:\u00a0<a href=\"mailto:zadanky@ptc.cz\">zadanky@ptc.cz<\/a>.<\/p>\n<p>Dal\u0161\u00ed mo\u017enost\u00ed je vypln\u011bn\u00ed \u017e\u00e1danky online, kde po kliknut\u00ed na&nbsp;odkaz, pros\u00edm, vypl\u0148te po\u017eadovan\u00e9 \u00fadaje a&nbsp;stiskn\u011bte tla\u010d\u00edtko <strong>&#8220;Odeslat \u017e\u00e1danku.&#8221;<\/strong><\/p>\n<p><strong>Nejpozd\u011bji n\u00e1sleduj\u00edc\u00ed pracovn\u00ed den v\u00e1m sd\u011bl\u00edme nejbli\u017e\u0161\u00ed term\u00edn vy\u0161et\u0159en\u00ed.<\/strong><\/p>\n<p>Pro n\u011bkter\u00e9 typy MR vy\u0161et\u0159en\u00ed je n\u011bkdy nutn\u00e9 pod\u00e1n\u00ed kontrastn\u00ed l\u00e1tky. Proto po\u017eadujeme p\u0159edchoz\u00ed proveden\u00ed <strong>laboratorn\u00ed kontroly ren\u00e1ln\u00edch funkc\u00ed pacienta<\/strong>. P\u0159edch\u00e1z\u00edme t\u00edm nutnosti prov\u00e9st pouze nativn\u00ed, tedy m\u00e9n\u011b v\u00fdt\u011b\u017en\u00e9, vy\u0161et\u0159en\u00ed nebo p\u0159esunout pacienta na&nbsp;n\u00e1hradn\u00ed term\u00edn, a\u017e po obdr\u017een\u00ed laboratorn\u00edch v\u00fdsledk\u016f.<\/p>\n<p>Jsme schopni zajistit tak\u00e9 kvalitn\u00ed vy\u0161et\u0159en\u00ed v&nbsp;<strong>celkov\u00e9 anestezii<\/strong> d\u011btsk\u00fdch pacient\u016f i&nbsp;dosp\u011bl\u00fdch pacient\u016f se specifick\u00fdmi probl\u00e9my (klaustrofobie).<\/p>\n<p>&nbsp;<\/p>\n<h4><strong>2. MR &#8211; ke sta\u017een\u00ed pro l\u00e9ka\u0159e\u00a0<\/strong><\/h4>\n<ul>\n<li><a href=\"https:\/\/www.ptc.cz\/wp-content\/uploads\/2023\/08\/brozura-a5-mr-nahled-v3.pdf\"><strong><em>Pou\u010den\u00ed pro pacienta &#8211; Magnetick\u00e1 rezonance (PDF ke sta\u017een\u00ed)<\/em><\/strong><\/a><\/li>\n<\/ul>\n<p>Abychom va\u0161eho pacienta u\u0161et\u0159ili p\u0159\u00edpadn\u00fdch obav z&nbsp;vy\u0161et\u0159en\u00ed, p\u0159ipravili jsme po n\u011bj z\u00e1kladn\u00ed informace o&nbsp;vy\u0161et\u0159en\u00ed MR.<\/p>\n<ul>\n<li><a href=\"https:\/\/www.ptc.cz\/wp-content\/uploads\/2023\/08\/informovany-souhlas-mr-vysetreni-cs-verze-9.doc\"><strong><em>Informovan\u00fd souhlas pacienta s\u00a0MR vy\u0161et\u0159en\u00edm (ke sta\u017een\u00ed)\u00a0<\/em><\/strong><\/a><\/li>\n<\/ul>\n<p>Informovan\u00fd souhlas s&nbsp;vy\u0161et\u0159en\u00edm MR si m\u016f\u017ee pacient prostudovat v&nbsp;klidu domova. M\u016f\u017ee jej vyplnit a&nbsp;podepsat a\u017e p\u0159i n\u00e1v\u0161t\u011bv\u011b Protonov\u00e9ho centra.<\/p>\n","protected":false},"excerpt":{"rendered":"<p>Protonov\u00e9 centrum v&nbsp;Praze nab\u00edz\u00ed vybran\u00e1 diagnostick\u00e1 vy\u0161et\u0159en\u00ed, a&nbsp;to magnetickou rezonanci (MR) a&nbsp;pozitronovou emisn\u00ed tomografii v&nbsp;kombinaci s&nbsp;po\u010d\u00edta\u010dovou tomografii (PET\/CT). Vy\u0161et\u0159en\u00ed prov\u00e1d\u00edme nejen u&nbsp;onkologicky nemocn\u00fdch pacient\u016f Protonov\u00e9ho centra, ale i&nbsp;u&nbsp;v\u0161ech ostatn\u00edch pacient\u016f, kter\u00fdm o\u0161et\u0159uj\u00edc\u00ed l\u00e9ka\u0159 vystav\u00ed \u017e\u00e1danku. Odd\u011blen\u00ed Radiodiagnostiky prov\u00e1d\u00ed n\u00e1sleduj\u00edc\u00ed vy\u0161et\u0159en\u00ed: MR zobrazen\u00ed hlavy (nap\u0159. mozku v\u010detn\u011b MR angiografie, spektroskopie mozku), MR kon\u010detin, kloub\u016f, p\u00e1te\u0159e (kr\u010dn\u00ed,&#8230;<\/p>\n","protected":false},"author":1,"featured_media":4731,"parent":4723,"menu_order":99,"comment_status":"closed","ping_status":"closed","template":"template-page-with-sidebar.php","meta":{"footnotes":""},"class_list":["post-4730","page","type-page","status-publish","has-post-thumbnail","hentry"],"acf":[],"aioseo_notices":[],"_links":{"self":[{"href":"https:\/\/www.ptc.cz\/hr\/wp-json\/wp\/v2\/pages\/4730","targetHints":{"allow":["GET"]}}],"collection":[{"href":"https:\/\/www.ptc.cz\/hr\/wp-json\/wp\/v2\/pages"}],"about":[{"href":"https:\/\/www.ptc.cz\/hr\/wp-json\/wp\/v2\/types\/page"}],"author":[{"embeddable":true,"href":"https:\/\/www.ptc.cz\/hr\/wp-json\/wp\/v2\/users\/1"}],"replies":[{"embeddable":true,"href":"https:\/\/www.ptc.cz\/hr\/wp-json\/wp\/v2\/comments?post=4730"}],"version-history":[{"count":1,"href":"https:\/\/www.ptc.cz\/hr\/wp-json\/wp\/v2\/pages\/4730\/revisions"}],"predecessor-version":[{"id":4765,"href":"https:\/\/www.ptc.cz\/hr\/wp-json\/wp\/v2\/pages\/4730\/revisions\/4765"}],"up":[{"embeddable":true,"href":"https:\/\/www.ptc.cz\/hr\/wp-json\/wp\/v2\/pages\/4723"}],"wp:featuredmedia":[{"embeddable":true,"href":"https:\/\/www.ptc.cz\/hr\/wp-json\/wp\/v2\/media\/4731"}],"wp:attachment":[{"href":"https:\/\/www.ptc.cz\/hr\/wp-json\/wp\/v2\/media?parent=4730"}],"curies":[{"name":"wp","href":"https:\/\/api.w.org\/{rel}","templated":true}]}}