{"id":4732,"date":"2023-06-13T13:13:51","date_gmt":"2023-06-13T11:13:51","guid":{"rendered":"https:\/\/www.ptc.cz\/moderni-diagnostika\/magneticka-rezonance\/informace-o-vysetreni-magnetickou-rezonanci-pro-pacienty\/"},"modified":"2024-06-21T13:53:34","modified_gmt":"2024-06-21T11:53:34","slug":"informacije-o-magnetskoj-rezonanci-za-pacijente","status":"publish","type":"page","link":"https:\/\/www.ptc.cz\/hr\/moderna-dijagnostika\/magnetska-rezonanca\/informacije-o-magnetskoj-rezonanci-za-pacijente\/","title":{"rendered":"Informacije o&nbsp;magnetskoj rezonanci za pacijente"},"content":{"rendered":"<div class=\"row\">\n<div class=\"col js-imageOptimalization\">\n<p>Protonov\u00e9 centrum v&nbsp;Praze nab\u00edz\u00ed\u00a0<strong>vybran\u00e1 diagnostick\u00e1 vy\u0161et\u0159en\u00ed,<\/strong>\u00a0a to magnetickou rezonanci (MR) a&nbsp;pozitronovou emisn\u00ed tomografii v&nbsp;kombinaci s&nbsp;po\u010d\u00edta\u010dovou tomografii (PET\/CT). Vy\u0161et\u0159en\u00ed prov\u00e1d\u00edme nejen u&nbsp;onkologicky nemocn\u00fdch pacient\u016f Protonov\u00e9ho centra, ale i&nbsp;u&nbsp;v\u0161ech ostatn\u00edch pacient\u016f, kter\u00fdm o\u0161et\u0159uj\u00edc\u00ed l\u00e9ka\u0159 vystav\u00ed \u017e\u00e1danku.<\/p>\n<p><strong>Odd\u011blen\u00ed Radiodiagnostiky prov\u00e1d\u00ed n\u00e1sleduj\u00edc\u00ed vy\u0161et\u0159en\u00ed:<\/strong><\/p>\n<ul>\n<li>MR zobrazen\u00ed hlavy (nap\u0159. mozku v\u010detn\u011b MR angiografie, spektroskopie mozku),<\/li>\n<li>MR kon\u010detin, kloub\u016f, p\u00e1te\u0159e (kr\u010dn\u00ed, hrudn\u00ed nebo bedern\u00ed),<\/li>\n<li>MR m\u011bkk\u00fdch tk\u00e1n\u00ed,<\/li>\n<li>MR zobrazen\u00ed krku, hrudn\u00edku, b\u0159icha, p\u00e1nve,<\/li>\n<li>MR angiografie,<\/li>\n<li>MR spektroskopie,<\/li>\n<li>MR \u017elu\u010dov\u00fdch a&nbsp;pankreatick\u00fdch cest bez endoskopick\u00e9ho z\u00e1sahu (cholangiopankreatikografie),<\/li>\n<li>MR prsu.<\/li>\n<\/ul>\n<h4>Term\u00edny objedn\u00e1n\u00ed jsou kr\u00e1tk\u00e9, jedn\u00e1 se o\u00a0rozmez\u00ed 2 &#8211; 4 t\u00fddn\u016f.\u00a0Ochotn\u011b v\u00e1m zavol\u00e1me, pokud se uvoln\u00ed d\u0159\u00edv\u011bj\u0161\u00ed term\u00edn.<\/h4>\n<h4><strong>1. Jak se na&nbsp;vy\u0161et\u0159en\u00ed magnetickou rezonanc\u00ed objednat<\/strong><\/h4>\n<ul>\n<li>Na vy\u0161et\u0159en\u00ed magnetickou rezonanc\u00ed se m\u016f\u017eete objednat prost\u0159ednictv\u00edm e-mailu:\u00a0<strong><a href=\"mailto:zadanky@ptc.cz\">zadanky@ptc.cz<\/a><\/strong>.<\/li>\n<\/ul>\n<p>Ned\u0159\u00edve pot\u0159ebujete z\u00edskat <strong>\u017e\u00e1danku<\/strong>, kterou vystav\u00ed v\u00e1\u0161 o\u0161et\u0159uj\u00edc\u00ed l\u00e9ka\u0159. \u017d\u00e1danka mus\u00ed b\u00fdt podepsan\u00e1 a&nbsp;opat\u0159en\u00e1 raz\u00edtkem zdravotnick\u00e9ho za\u0159\u00edzen\u00ed. Do zpr\u00e1vy e-mailu, pros\u00edme, uve\u010fte tak\u00e9 <strong>kontakt na&nbsp;v\u00e1s<\/strong> (nejl\u00e9pe telefonn\u00ed \u010d\u00edslo). Jestli\u017ee za\u0161lete \u017e\u00e1danku p\u0159edem, syst\u00e9m objedn\u00e1n\u00ed se t\u00edm zjednodu\u0161\u00ed a&nbsp;urychl\u00ed.<\/p>\n<ul>\n<li>V p\u0159\u00edpad\u011b, \u017ee \u017e\u00e1danku nem\u016f\u017eete zaslat prost\u0159ednictv\u00edm e-mailu, <strong>kontaktujte recepci<\/strong> Odd\u011blen\u00ed radiodiagnostiky na&nbsp;telefonn\u00edm \u010d\u00edsle\u00a0<a title=\"volat +420 222 999 070\" href=\"tel:+420222999070\"><strong>+420&nbsp;222&nbsp;999&nbsp;070<\/strong><\/a>, kde se dozv\u00edte, jak d\u00e1le postupovat.<\/li>\n<\/ul>\n<p><strong>Origin\u00e1l vypln\u011bn\u00e9 \u017e\u00e1danky na&nbsp;vy\u0161et\u0159en\u00ed magnetickou rezonanc\u00ed s&nbsp;raz\u00edtkem zdravotnick\u00e9ho za\u0159\u00edzen\u00ed a&nbsp;podpisem l\u00e9ka\u0159e p\u0159ineste s&nbsp;sebou na&nbsp;vy\u0161et\u0159en\u00ed.<\/strong><\/p>\n<h2><\/h2>\n<h4><strong>2. Co budete pro vy\u0161et\u0159en\u00ed magnetickou rezonanc\u00ed pot\u0159ebovat<\/strong><\/h4>\n<ul>\n<li><strong>\u017d\u00e1danku<\/strong> vystavenou o\u0161et\u0159uj\u00edc\u00edm l\u00e9ka\u0159em (praktick\u00fdm l\u00e9ka\u0159em nebo l\u00e9ka\u0159em specialistou \u2013 onkologem, ortopedem\u2026 apod.).<\/li>\n<li><strong>Platnou karti\u010dku poji\u0161\u0165ovny.<\/strong><\/li>\n<li><strong>Ob\u010dansk\u00fd pr\u016fkaz.<\/strong><\/li>\n<\/ul>\n<h4><strong>3. Ke sta\u017een\u00ed pro pacienty<\/strong><\/h4>\n<ul>\n<li><a href=\"https:\/\/www.ptc.cz\/wp-content\/uploads\/2023\/08\/brozura-a5-mr-nahled-v3.pdf\"><em><strong>Pou\u010den\u00ed pro pacienta Magnetick\u00e1 rezonance (PDF ke sta\u017een\u00ed)<\/strong><\/em><\/a><\/li>\n<\/ul>\n<p>Na&nbsp;z\u00e1klad\u011b klinick\u00e9ho n\u00e1lezu v\u00e1m l\u00e9ka\u0159 doporu\u010dil vy\u0161et\u0159en\u00ed magnetickou rezonanc\u00ed. Abychom v\u00e1s u\u0161et\u0159ili p\u0159\u00edpadn\u00fdch obav z&nbsp;vy\u0161et\u0159en\u00ed, p\u0159ipravili jsme zde z\u00e1kladn\u00ed informace o&nbsp;magnetick\u00e9 rezonanci. Dozv\u00edte se, co je to za vy\u0161et\u0159en\u00ed, co v\u00e1s \u010dek\u00e1, jak dlouho vy\u0161et\u0159en\u00ed trv\u00e1 a&nbsp;zda jsou p\u0159i n\u011bm n\u011bjak\u00e1 omezen\u00ed.<\/p>\n<ul>\n<li><a href=\"https:\/\/www.ptc.cz\/wp-content\/uploads\/2023\/08\/informovany-souhlas-mr-vysetreni-cs-verze-9.doc\"><em><strong>Informovan\u00fd souhlas pacienta s\u00a0MR vy\u0161et\u0159en\u00edm (ke sta\u017een\u00ed)<\/strong><\/em><\/a><\/li>\n<\/ul>\n<p>Informovan\u00fd souhlas s&nbsp;vy\u0161et\u0159en\u00edm magnetickou rezonanc\u00ed si m\u016f\u017eete prostudovat v&nbsp;klidu domova. Vypln\u00edte a&nbsp;podep\u00ed\u0161ete jej a\u017e p\u0159i n\u00e1v\u0161t\u011bv\u011b Protonov\u00e9ho centra.<\/p>\n<h3><\/h3>\n<h4>4. Kdy nem\u016f\u017eete vy\u0161et\u0159en\u00ed magnetickou rezonanc\u00ed podstoupit<\/h4>\n<p>Magnetickou rezonanc\u00ed\u00a0<strong>NESM\u00cdTE <\/strong>b\u00fdt vy\u0161et\u0159eni,\u00a0pokud m\u00e1te:<\/p>\n<ul>\n<li>implantovan\u00fd <strong>kardiostimul\u00e1tor<\/strong> \u010di defibril\u00e1tor,<\/li>\n<li><strong>kochle\u00e1rn\u00ed implant\u00e1t<\/strong>.<\/li>\n<\/ul>\n<p>Pokud jste nositeli jak\u00e9hokoliv elektronick\u00e9ho nebo kovov\u00e9ho implant\u00e1tu, p\u0159\u00edpadn\u011b ciz\u00edho t\u011blesa, neznamen\u00e1 to automaticky, \u017ee nem\u016f\u017eete b\u00fdt vy\u0161et\u0159eni na&nbsp;MR. Takovou skute\u010dnost v\u0161ak\u00a0<strong>mus\u00edte V\u017dDY P\u0158ED <\/strong>objedn\u00e1n\u00edm se na\u00a0vy\u0161et\u0159en\u00ed ohl\u00e1sit person\u00e1lu recepce a&nbsp;n\u00e1sledn\u011b i&nbsp;obsluze MR za\u0159\u00edzen\u00ed, kter\u00e1 kvalifikovan\u011b rozhodne, zda m\u016f\u017eete, nebo nem\u016f\u017eete vy\u0161et\u0159en\u00ed podstoupit.<\/p>\n<p><strong>Koj\u00edc\u00edm \u017een\u00e1m <\/strong>doporu\u010dujeme mate\u0159sk\u00e9 ml\u00e9ko odst\u0159\u00edkat a&nbsp;uchovat v&nbsp;dostate\u010dn\u00e9m mno\u017estv\u00ed pro v\u00fd\u017eivu d\u00edt\u011bte po n\u00e1sleduj\u00edc\u00edch 24 hodin. Po vy\u0161et\u0159en\u00ed s&nbsp;pod\u00e1n\u00edm kontrastn\u00ed l\u00e1tky, ne\u017e se l\u00e1tka zcela vylou\u010d\u00ed ledvinami, p\u0159eru\u0161it kojen\u00ed na&nbsp;dobu 24 hodin a&nbsp;odst\u0159\u00edkan\u00e9 ml\u00e9ko nepou\u017e\u00edvat.<\/p>\n<h3><\/h3>\n<h4>5. Magnetick\u00e1 rezonance prsu<\/h4>\n<p><strong>Vy\u0161et\u0159en\u00ed prs\u016f magnetickou rezonanc\u00ed<\/strong>\u00a0se st\u00e1le v\u00edce vyu\u017e\u00edv\u00e1 pro lep\u0161\u00ed zobrazen\u00ed lo\u017eiskov\u00fdch l\u00e9z\u00ed prs\u016f. MR vy\u0161et\u0159en\u00ed by m\u011bly podstoupit p\u0159edev\u0161\u00edm \u017eeny se zv\u00fd\u0161en\u00fdm rizikem v\u00fdskytu karcinomu prsu. Jedn\u00e1 se o&nbsp;\u017eeny, jejich\u017e matka nebo babi\u010dka m\u011bly n\u00e1dor prsu, maj\u00ed genetickou predispozici, jsou po oz\u00e1\u0159en\u00ed hrudn\u00edku nebo mezihrud\u00ed (mediastina) p\u0159ed 30 a&nbsp;v\u00edce lety nebo jsou sledov\u00e1ny pro nezhoubn\u00fd n\u00e1dor prsu.<\/p>\n<p>Magnetick\u00e1 rezonance prs\u016f umo\u017e\u0148uje lep\u0161\u00ed zji\u0161t\u011bn\u00ed rozsahu n\u00e1doru p\u0159ed operac\u00ed \u010di oz\u00e1\u0159en\u00edm. Vy\u0161et\u0159en\u00ed mohou podstoupit i&nbsp;\u017eeny, kter\u00e9 maj\u00ed prsn\u00ed implant\u00e1ty a&nbsp;u&nbsp;kter\u00fdch ultrazvuk neposkytl dostate\u010dn\u00e9 informace, a&nbsp;tak\u00e9 \u017eeny po kosmetick\u00fdch v\u00fdkonech (nap\u0159. modelace).<\/p>\n<p>V&nbsp;p\u0159\u00edpad\u011b onkologick\u00e9ho onemocn\u011bn\u00ed m\u016f\u017ee MR prsu poskytnout informaci o&nbsp;reakci na&nbsp;l\u00e9\u010dbu z\u00e1\u0159en\u00edm \u010di chemoterapi\u00ed, p\u0159\u00edpadn\u011b slou\u017e\u00ed k&nbsp;dal\u0161\u00edmu sledov\u00e1n\u00ed a&nbsp;kontrole po prod\u011blan\u00e9m onemocn\u011bn\u00ed. Vy\u0161et\u0159en\u00ed lze prov\u00e1d\u011bt tak\u00e9 u&nbsp;pacientek se zv\u011bt\u0161en\u00fdmi uzlinami v&nbsp;podpa\u017e\u00ed (axil\u00e1ch), kde nen\u00ed zn\u00e1m\u00fd prim\u00e1rn\u00ed zdroj, nebo u&nbsp;nemocn\u00fdch s&nbsp;podez\u0159en\u00edm na&nbsp;n\u00e1dor na&nbsp;p\u0159edchoz\u00edm proveden\u00e9m mamografick\u00e9m vy\u0161et\u0159en\u00ed. Dynamick\u00e9 sekvence po\u0159izovan\u00e9 b\u011bhem magnetick\u00e9 rezonance pom\u00e1haj\u00ed k&nbsp;odli\u0161en\u00ed zhoubn\u00fdch a&nbsp;nezhoubn\u00fdch l\u00e9z\u00ed podle typu jejich sycen\u00ed, <strong>proto je MR vy\u0161et\u0159en\u00ed v&nbsp;diagnostice karcinomu prsu velmi p\u0159\u00ednosn\u00e9 a&nbsp;m\u00e1 v\u00fdraznou v\u00fdt\u011b\u017enost.<\/strong><\/p>\n<\/div>\n<\/div>\n","protected":false},"excerpt":{"rendered":"<p>Protonov\u00e9 centrum v&nbsp;Praze nab\u00edz\u00ed\u00a0vybran\u00e1 diagnostick\u00e1 vy\u0161et\u0159en\u00ed,\u00a0a to magnetickou rezonanci (MR) a&nbsp;pozitronovou emisn\u00ed tomografii v&nbsp;kombinaci s&nbsp;po\u010d\u00edta\u010dovou tomografii (PET\/CT). Vy\u0161et\u0159en\u00ed prov\u00e1d\u00edme nejen u&nbsp;onkologicky nemocn\u00fdch pacient\u016f Protonov\u00e9ho centra, ale i&nbsp;u&nbsp;v\u0161ech ostatn\u00edch pacient\u016f, kter\u00fdm o\u0161et\u0159uj\u00edc\u00ed l\u00e9ka\u0159 vystav\u00ed \u017e\u00e1danku. Odd\u011blen\u00ed Radiodiagnostiky prov\u00e1d\u00ed n\u00e1sleduj\u00edc\u00ed vy\u0161et\u0159en\u00ed: MR zobrazen\u00ed hlavy (nap\u0159. mozku v\u010detn\u011b MR angiografie, spektroskopie mozku), MR kon\u010detin, kloub\u016f, p\u00e1te\u0159e (kr\u010dn\u00ed, hrudn\u00ed&#8230;<\/p>\n","protected":false},"author":1,"featured_media":4733,"parent":4723,"menu_order":107,"comment_status":"closed","ping_status":"closed","template":"template-page-with-sidebar.php","meta":{"footnotes":""},"class_list":["post-4732","page","type-page","status-publish","has-post-thumbnail","hentry"],"acf":[],"aioseo_notices":[],"_links":{"self":[{"href":"https:\/\/www.ptc.cz\/hr\/wp-json\/wp\/v2\/pages\/4732","targetHints":{"allow":["GET"]}}],"collection":[{"href":"https:\/\/www.ptc.cz\/hr\/wp-json\/wp\/v2\/pages"}],"about":[{"href":"https:\/\/www.ptc.cz\/hr\/wp-json\/wp\/v2\/types\/page"}],"author":[{"embeddable":true,"href":"https:\/\/www.ptc.cz\/hr\/wp-json\/wp\/v2\/users\/1"}],"replies":[{"embeddable":true,"href":"https:\/\/www.ptc.cz\/hr\/wp-json\/wp\/v2\/comments?post=4732"}],"version-history":[{"count":1,"href":"https:\/\/www.ptc.cz\/hr\/wp-json\/wp\/v2\/pages\/4732\/revisions"}],"predecessor-version":[{"id":4766,"href":"https:\/\/www.ptc.cz\/hr\/wp-json\/wp\/v2\/pages\/4732\/revisions\/4766"}],"up":[{"embeddable":true,"href":"https:\/\/www.ptc.cz\/hr\/wp-json\/wp\/v2\/pages\/4723"}],"wp:featuredmedia":[{"embeddable":true,"href":"https:\/\/www.ptc.cz\/hr\/wp-json\/wp\/v2\/media\/4733"}],"wp:attachment":[{"href":"https:\/\/www.ptc.cz\/hr\/wp-json\/wp\/v2\/media?parent=4732"}],"curies":[{"name":"wp","href":"https:\/\/api.w.org\/{rel}","templated":true}]}}