{"id":4734,"date":"2023-06-13T10:21:18","date_gmt":"2023-06-13T08:21:18","guid":{"rendered":"https:\/\/www.ptc.cz\/moderni-diagnostika\/pet-ct\/"},"modified":"2023-06-13T10:21:18","modified_gmt":"2023-06-13T08:21:18","slug":"pet-ct","status":"publish","type":"page","link":"https:\/\/www.ptc.cz\/hr\/moderna-dijagnostika\/pet-ct\/","title":{"rendered":"PET\/CT"},"content":{"rendered":"<p><strong>PET\/CT <\/strong>je pokro\u010dil\u00e1 diagnostick\u00e1 zobrazovac\u00ed technika, kter\u00e1 kombinuje dv\u011b v\u00fdkonn\u00e9 technologie \u2013 pozitronovou emisn\u00ed tomografii (PET) a&nbsp;po\u010d\u00edta\u010dovou tomografii (CT). Tato kombinace n\u00e1m umo\u017e\u0148uje\u00a0 z\u00edskat detailn\u00ed informace o&nbsp;anatomii a&nbsp;metabolick\u00e9 aktivit\u011b tk\u00e1n\u00ed a&nbsp;org\u00e1n\u016f, co\u017e je zvl\u00e1\u0161t\u011b u\u017eite\u010dn\u00e9 p\u0159i diagnostice a&nbsp;sledov\u00e1n\u00ed r\u016fzn\u00fdch onemocn\u011bn\u00ed, v\u010detn\u011b rakoviny.<\/p>\n","protected":false},"excerpt":{"rendered":"<p>PET\/CT je pokro\u010dil\u00e1 diagnostick\u00e1 zobrazovac\u00ed technika, kter\u00e1 kombinuje dv\u011b v\u00fdkonn\u00e9 technologie \u2013 pozitronovou emisn\u00ed tomografii (PET) a&nbsp;po\u010d\u00edta\u010dovou tomografii (CT). Tato kombinace n\u00e1m umo\u017e\u0148uje\u00a0 z\u00edskat detailn\u00ed informace o&nbsp;anatomii a&nbsp;metabolick\u00e9 aktivit\u011b tk\u00e1n\u00ed a&nbsp;org\u00e1n\u016f, co\u017e je zvl\u00e1\u0161t\u011b u\u017eite\u010dn\u00e9 p\u0159i diagnostice a&nbsp;sledov\u00e1n\u00ed r\u016fzn\u00fdch onemocn\u011bn\u00ed, v\u010detn\u011b rakoviny.<\/p>\n","protected":false},"author":1,"featured_media":4736,"parent":4720,"menu_order":132,"comment_status":"closed","ping_status":"closed","template":"template-page-with-sidebar.php","meta":{"footnotes":""},"class_list":["post-4734","page","type-page","status-publish","has-post-thumbnail","hentry"],"acf":[],"aioseo_notices":[],"_links":{"self":[{"href":"https:\/\/www.ptc.cz\/hr\/wp-json\/wp\/v2\/pages\/4734","targetHints":{"allow":["GET"]}}],"collection":[{"href":"https:\/\/www.ptc.cz\/hr\/wp-json\/wp\/v2\/pages"}],"about":[{"href":"https:\/\/www.ptc.cz\/hr\/wp-json\/wp\/v2\/types\/page"}],"author":[{"embeddable":true,"href":"https:\/\/www.ptc.cz\/hr\/wp-json\/wp\/v2\/users\/1"}],"replies":[{"embeddable":true,"href":"https:\/\/www.ptc.cz\/hr\/wp-json\/wp\/v2\/comments?post=4734"}],"version-history":[{"count":0,"href":"https:\/\/www.ptc.cz\/hr\/wp-json\/wp\/v2\/pages\/4734\/revisions"}],"up":[{"embeddable":true,"href":"https:\/\/www.ptc.cz\/hr\/wp-json\/wp\/v2\/pages\/4720"}],"wp:featuredmedia":[{"embeddable":true,"href":"https:\/\/www.ptc.cz\/hr\/wp-json\/wp\/v2\/media\/4736"}],"wp:attachment":[{"href":"https:\/\/www.ptc.cz\/hr\/wp-json\/wp\/v2\/media?parent=4734"}],"curies":[{"name":"wp","href":"https:\/\/api.w.org\/{rel}","templated":true}]}}