{"id":4743,"date":"2023-06-13T13:19:52","date_gmt":"2023-06-13T11:19:52","guid":{"rendered":"https:\/\/www.ptc.cz\/moderni-diagnostika\/pet-ct\/informace-o-vysetreni-pet-ct-pro-pacienty\/"},"modified":"2024-06-21T13:54:09","modified_gmt":"2024-06-21T11:54:09","slug":"informacije-o-pet-ct-pregledu-za-pacijente","status":"publish","type":"page","link":"https:\/\/www.ptc.cz\/hr\/moderna-dijagnostika\/pet-ct\/informacije-o-pet-ct-pregledu-za-pacijente\/","title":{"rendered":"Informacije o&nbsp;PET\/CT pregledu za pacijente"},"content":{"rendered":"<div class=\"row\">\n<div class=\"col js-imageOptimalization\">\n<p><strong>PET\/CT je diagnostick\u00e1 zobrazovac\u00ed metoda nukle\u00e1rn\u00ed medic\u00edny<\/strong>. Metoda se pou\u017e\u00edv\u00e1 zejm\u00e9na k&nbsp;diagnostice n\u00e1dorov\u00fdch onemocn\u011bn\u00ed, p\u0159\u00edpadn\u011b z\u00e1n\u011bt\u016f, p\u0159i\u010dem\u017e vyu\u017e\u00edv\u00e1 f\u00fazi, neboli kombinaci funk\u010dn\u00edho (metabolick\u00e9ho) a&nbsp;anatomick\u00e9ho (morfologick\u00e9ho) obrazu.<\/p>\n<p><strong>Odd\u011blen\u00ed Nukle\u00e1rn\u00ed medic\u00edny prov\u00e1d\u00ed n\u00e1sleduj\u00edc\u00ed vy\u0161et\u0159en\u00ed:<\/strong><\/p>\n<ul>\n<li>PET\/CT trupu s&nbsp;vyu\u017eit\u00edm radiofarmaka fluorodeoxygluk\u00f3zy (FDG),<\/li>\n<li>PET\/CT trupu s&nbsp;vyu\u017eit\u00edm radiofarmaka fluorocholinu (FCh),<\/li>\n<li>PET\/CT trupu s&nbsp;vyu\u017eit\u00edm radioafarmaka 18F-fluciclovinu (Axumin),<\/li>\n<li>PET\/CT mozku s&nbsp;vyu\u017eit\u00edm radiofarmaka fluorodeoxygluk\u00f3zy (FDG),<\/li>\n<li>PET\/CT mozku\u00a0 s&nbsp;vyu\u017eit\u00edm radiofarmaka C-metioninu (C-Met),<\/li>\n<li>PET\/CT pro pl\u00e1nov\u00e1n\u00ed radioterapie.<\/li>\n<\/ul>\n<p><strong>Term\u00edny objedn\u00e1n\u00ed jsou kr\u00e1tk\u00e9, jedn\u00e1 se o\u00a0rozmez\u00ed 3 &#8211; 4 t\u00fddn\u016f.\u00a0Ochotn\u011b v\u00e1m zavol\u00e1me, pokud se uvoln\u00ed d\u0159\u00edv\u011bj\u0161\u00ed term\u00edn.<\/strong><\/p>\n<p>&nbsp;<\/p>\n<p><img loading=\"lazy\" decoding=\"async\" class=\"is-loaded\" src=\"https:\/\/www.ptc.cz\/uploads\/thumbs\/medium-150-dpi-mi-biograph-vision-4837-image-18-1200x1200.jpg\" alt=\"medium-150-dpi-mi-biograph-vision-4837-image-18.jpg (456 KB)\" width=\"677\" height=\"508\" data-src=\"\/uploads\/thumbs\/medium-150-dpi-mi-biograph-vision-4837-image-18-1200x1200.jpg\" \/><\/p>\n<p>&nbsp;<\/p>\n<p>PET\/CT vy\u0161et\u0159en\u00ed pat\u0159\u00ed v&nbsp;r\u00e1mci zobrazovac\u00edch metod k&nbsp;nejmodern\u011bj\u0161\u00edm. Kombinuje v\u00fdhody metabolick\u00e9ho vy\u0161et\u0159en\u00ed (PET) a&nbsp;struktur\u00e1ln\u00edho zobrazen\u00ed (CT). Jedn\u00e1 se o&nbsp;tzv. hybridn\u00ed zobrazen\u00ed. D\u00edky tomu umo\u017e\u0148uje ur\u010dit p\u0159esnou anatomickou lokalizaci patologick\u00e9ho n\u00e1lezu a&nbsp;z\u00e1rove\u0148 objasnit nejasn\u00e9 struktur\u00e1ln\u00ed zm\u011bny. T\u00edm se v\u00fdznamn\u011b zvy\u0161uje v\u00fdt\u011b\u017enost obou metod. Proveden\u00ed obou vy\u0161et\u0159en\u00ed sou\u010dasn\u011b zjednodu\u0161uje mnohdy zdlouhav\u00fd, pro pacienty n\u00e1ro\u010dn\u00fd proces.<\/p>\n<div class=\"text-center\">\n<ul>\n<li><strong>Nej\u010dast\u011bji vyu\u017e\u00edvan\u00e1 metoda v&nbsp;onkologii<\/strong>\u2013 u&nbsp;pacient\u016f s&nbsp;podez\u0159en\u00edm na&nbsp;n\u00e1dorov\u00e9 onemocn\u011bn\u00ed nebo s&nbsp;ji\u017e potvrzen\u00fdm n\u00e1dorov\u00fdm onemocn\u011bn\u00edm. V&nbsp;tomto p\u0159\u00edpad\u011b se vy\u0161et\u0159en\u00ed prov\u00e1d\u00ed p\u0159ed zah\u00e1jen\u00edm l\u00e9\u010dby (na&nbsp;z\u00e1klad\u011b tohoto vy\u0161et\u0159en\u00ed doch\u00e1z\u00ed ke zm\u011bn\u011b l\u00e9\u010debn\u00e9ho postupu a\u017e ve 25&nbsp;% p\u0159\u00edpad\u016f).<\/li>\n<li>Vy\u0161et\u0159en\u00ed se ale tak\u00e9 \u010dasto prov\u00e1d\u00ed jako <strong>kontrola po proveden\u00e9 l\u00e9\u010db\u011b<\/strong> (zhodnocen\u00ed efektu l\u00e9\u010dby a&nbsp;pro jej\u00ed p\u0159\u00edpadnou \u00fapravu) nebo pro pl\u00e1nov\u00e1n\u00ed radioterapie.<\/li>\n<li>PET\/CT se rovn\u011b\u017e uplat\u0148uje v&nbsp;diagnostice z\u00e1n\u011btliv\u00fdch, resp. autoimunitn\u00edch onemocn\u011bn\u00ed, v&nbsp;neurologii a&nbsp;v&nbsp;kardiologii.<\/li>\n<\/ul>\n<\/div>\n<h4>Pou\u017eit\u00ed radiofarmak<\/h4>\n<p>Ke zhotoven\u00ed metabolick\u00e9ho obrazu je za pot\u0159eb\u00ed nitro\u017eiln\u00ed aplikace speci\u00e1ln\u00edch radioaktivn\u00edch l\u00e1tek, naz\u00fdvan\u00fdch <strong>radiofarmaka,<\/strong> (nej\u010dast\u011bji F-fluordeoxygluk\u00f3za (FDG) a&nbsp;F-chol\u00edn (FCH)). Aplikovan\u00e9 radioaktivn\u00ed l\u00e1tky se z&nbsp;t\u011bla pacienta rychle vylu\u010duj\u00ed mo\u010d\u00ed, nep\u016fsob\u00ed alergie ani <strong>neomezuj\u00ed \u0159\u00edzen\u00ed motorov\u00fdch vozide<\/strong>l. Pouze v&nbsp;p\u0159\u00edpad\u011b, \u017ee v\u00e1m byly pod\u00e1ny dal\u0161\u00ed l\u00e9ky, konzultuje, pros\u00edme, \u0159\u00edzen\u00ed motorov\u00fdch vozidel s&nbsp;l\u00e9ka\u0159em.<\/p>\n<p>Morfologick\u00fd obraz z\u00edsk\u00e1v\u00e1me pomoci plnohodnotn\u00e9ho CT vy\u0161et\u0159en\u00ed s&nbsp;aplikac\u00ed jodov\u00e9ho kontrastu (pokud nen\u00ed kontraindikov\u00e1n). Vy\u0161et\u0159en\u00ed je \u010dasov\u011b n\u00e1ro\u010dn\u00e9, <strong>jedn\u00e1 se p\u0159ibli\u017en\u011b o&nbsp;3 hodiny,<\/strong> proto\u017ee se standardn\u011b sn\u00edm\u00e1 velk\u00fd rozsah t\u011bla (naz\u00fdv\u00e1no celot\u011blov\u00e9 vy\u0161et\u0159en\u00ed).<\/p>\n<p>&nbsp;<\/p>\n<h4>1. Jak se objednat na&nbsp;PET\/CT vy\u0161et\u0159en\u00ed<\/h4>\n<p>Na&nbsp;vy\u0161et\u0159en\u00ed PET\/CT, tedy vy\u0161et\u0159en\u00ed pozitronovou emisn\u00ed tomografi\u00ed v&nbsp;kombinaci s&nbsp;po\u010d\u00edta\u010dovou tomografi\u00ed, se m\u016f\u017eete objednat na&nbsp;telefonn\u00edm \u010d\u00edsle\u00a0<a title=\"volat +420 222 999 046\" href=\"tel:+420222999046\">+420&nbsp;222&nbsp;999&nbsp;046<\/a>. N\u00e1sledn\u011b za\u0161lete vypln\u011bnou \u017e\u00e1danku na&nbsp;e-mail:\u00a0<a title=\"zadanky@ptc.cz\" href=\"mailto:zadanky@ptc.cz\">zadanky@ptc.cz<\/a>. <strong>Syst\u00e9m objedn\u00e1n\u00ed se t\u00edm zjednodu\u0161\u00ed a&nbsp;urychl\u00ed.<\/strong><\/p>\n<p>&nbsp;<\/p>\n<h4><strong>2. Co budete pro PET\/CT vy\u0161et\u0159en\u00ed pot\u0159ebovat?<\/strong><\/h4>\n<ul>\n<li><strong>\u017d\u00e1danku<\/strong> vystavenou o\u0161et\u0159uj\u00edc\u00edm l\u00e9ka\u0159em (praktick\u00fdm l\u00e9ka\u0159em nebo l\u00e9ka\u0159em specialistou \u2013 onkologem, pneumologem, revmatologem, chirurgem, hematologem, neurologem, kardiologem\u2026 apod.).<\/li>\n<li><strong>Platnou karti\u010dku poji\u0161\u0165ovny.<\/strong><\/li>\n<li><strong>Ob\u010dansk\u00fd pr\u016fkaz.<\/strong><\/li>\n<\/ul>\n<h4><strong>3. Ke sta\u017een\u00ed pro pacienty<\/strong><\/h4>\n<ul>\n<li><a href=\"https:\/\/www.ptc.cz\/wp-content\/uploads\/2023\/08\/brozura-a5-pet-ct-nahled-v2.pdf\"><em><strong>Pou\u010den\u00ed pro pacienta PET\/CT vy\u0161et\u0159en\u00ed<\/strong><\/em><\/a><\/li>\n<\/ul>\n<p>Na&nbsp;z\u00e1klad\u011b klinick\u00e9ho n\u00e1lezu v\u00e1m l\u00e9ka\u0159 doporu\u010dil vy\u0161et\u0159en\u00ed PET\/CT. Abychom v\u00e1s u\u0161et\u0159ili p\u0159\u00edpadn\u00fdch obav z&nbsp;vy\u0161et\u0159en\u00ed, p\u0159ipravili jsme zde z\u00e1kladn\u00ed informace. Dozv\u00edte se, o&nbsp;jak\u00e9 vy\u0161et\u0159en\u00ed se jedn\u00e1, co v\u00e1s \u010dek\u00e1, jak dlouho vy\u0161et\u0159en\u00ed trv\u00e1 a&nbsp;zda obn\u00e1\u0161\u00ed n\u011bjak\u00e1 omezen\u00ed.<\/p>\n<ul>\n<li><a href=\"https:\/\/www.ptc.cz\/wp-content\/uploads\/2023\/08\/informovany-souhlas-petct-vysetreni-cs-verze-5-doc.docx\"><em><strong>Informovan\u00fd souhlas pacienta s\u00a0PET\/CT vy\u0161et\u0159en\u00edm<\/strong><\/em><\/a><\/li>\n<\/ul>\n<p>Informovan\u00fd souhlas s&nbsp;vy\u0161et\u0159en\u00edm PET\/CT si m\u016f\u017eete prostudovat v&nbsp;klidu domova. Vypln\u00edte a&nbsp;podep\u00ed\u0161ete jej a\u017e p\u0159i n\u00e1v\u0161t\u011bv\u011b Protonov\u00e9ho centra.<\/p>\n<\/div>\n<\/div>\n","protected":false},"excerpt":{"rendered":"<p>PET\/CT je diagnostick\u00e1 zobrazovac\u00ed metoda nukle\u00e1rn\u00ed medic\u00edny. Metoda se pou\u017e\u00edv\u00e1 zejm\u00e9na k&nbsp;diagnostice n\u00e1dorov\u00fdch onemocn\u011bn\u00ed, p\u0159\u00edpadn\u011b z\u00e1n\u011bt\u016f, p\u0159i\u010dem\u017e vyu\u017e\u00edv\u00e1 f\u00fazi, neboli kombinaci funk\u010dn\u00edho (metabolick\u00e9ho) a&nbsp;anatomick\u00e9ho (morfologick\u00e9ho) obrazu. Odd\u011blen\u00ed Nukle\u00e1rn\u00ed medic\u00edny prov\u00e1d\u00ed n\u00e1sleduj\u00edc\u00ed vy\u0161et\u0159en\u00ed: PET\/CT trupu s&nbsp;vyu\u017eit\u00edm radiofarmaka fluorodeoxygluk\u00f3zy (FDG), PET\/CT trupu s&nbsp;vyu\u017eit\u00edm radiofarmaka fluorocholinu (FCh), PET\/CT trupu s&nbsp;vyu\u017eit\u00edm radioafarmaka 18F-fluciclovinu (Axumin), PET\/CT mozku s&nbsp;vyu\u017eit\u00edm radiofarmaka fluorodeoxygluk\u00f3zy&#8230;<\/p>\n","protected":false},"author":1,"featured_media":4745,"parent":4734,"menu_order":115,"comment_status":"closed","ping_status":"closed","template":"template-page-with-sidebar.php","meta":{"footnotes":""},"class_list":["post-4743","page","type-page","status-publish","has-post-thumbnail","hentry"],"acf":[],"aioseo_notices":[],"_links":{"self":[{"href":"https:\/\/www.ptc.cz\/hr\/wp-json\/wp\/v2\/pages\/4743","targetHints":{"allow":["GET"]}}],"collection":[{"href":"https:\/\/www.ptc.cz\/hr\/wp-json\/wp\/v2\/pages"}],"about":[{"href":"https:\/\/www.ptc.cz\/hr\/wp-json\/wp\/v2\/types\/page"}],"author":[{"embeddable":true,"href":"https:\/\/www.ptc.cz\/hr\/wp-json\/wp\/v2\/users\/1"}],"replies":[{"embeddable":true,"href":"https:\/\/www.ptc.cz\/hr\/wp-json\/wp\/v2\/comments?post=4743"}],"version-history":[{"count":1,"href":"https:\/\/www.ptc.cz\/hr\/wp-json\/wp\/v2\/pages\/4743\/revisions"}],"predecessor-version":[{"id":4774,"href":"https:\/\/www.ptc.cz\/hr\/wp-json\/wp\/v2\/pages\/4743\/revisions\/4774"}],"up":[{"embeddable":true,"href":"https:\/\/www.ptc.cz\/hr\/wp-json\/wp\/v2\/pages\/4734"}],"wp:featuredmedia":[{"embeddable":true,"href":"https:\/\/www.ptc.cz\/hr\/wp-json\/wp\/v2\/media\/4745"}],"wp:attachment":[{"href":"https:\/\/www.ptc.cz\/hr\/wp-json\/wp\/v2\/media?parent=4743"}],"curies":[{"name":"wp","href":"https:\/\/api.w.org\/{rel}","templated":true}]}}