{"id":4746,"date":"2023-06-02T14:25:49","date_gmt":"2023-06-02T12:25:49","guid":{"rendered":"https:\/\/www.ptc.cz\/kontakt\/"},"modified":"2023-06-02T14:25:49","modified_gmt":"2023-06-02T12:25:49","slug":"kontakt","status":"publish","type":"page","link":"https:\/\/www.ptc.cz\/hr\/kontakt\/","title":{"rendered":"Kontakt"},"content":{"rendered":"<div class=\"gdc_row\">\n<div class=\"gdc_column gdc_chalf\">\n<div class=\"gdc_inner\">\n<h3>Klientsk\u00fd servis a&nbsp;p\u00e9\u010de o\u00a0pacienty:<\/h3>\n<h4>Informace o&nbsp;vhodnosti l\u00e9\u010dby:<\/h4>\n<p><a href=\"tel:+420222998950\"><strong>+420&nbsp;222&nbsp;998&nbsp;950<\/strong><\/a><br \/>\n<strong>E-mail:<\/strong> <a href=\"mailto:pacient@ptc.cz\">pacient@ptc.cz<\/a><\/p>\n<\/div>\n<\/div>\n<div class=\"gdc_column gdc_chalf\">\n<div class=\"gdc_inner\">\n<h3>Zdravotn\u00ed \u00fasek:<\/h3>\n<h4>Vrchn\u00ed sestra<\/h4>\n<p>Mgr. Michaela \u010cekanov\u00e1<br \/>\n<a href=\"tel:+420222999057\">+420&nbsp;222&nbsp;999&nbsp;057<\/a><br \/>\n<a href=\"mailto:michaela.cekanova@ptc.cz\">michaela.cekanova@ptc.cz<\/a><\/p>\n<\/div>\n<\/div>\n<\/div>\n<div class=\"gdc_row\">\n<div class=\"gdc_column gdc_chalf\">\n<div class=\"gdc_inner\">\n<h3>Diagnostika recepce:<\/h3>\n<p><strong>MR: <a href=\"tel:+420222999070\">+420&nbsp;222&nbsp;999&nbsp;070<\/a><\/strong><br \/>\n<strong>PET\/CT: <a href=\"tel:+420222999046\">+420&nbsp;222&nbsp;999&nbsp;046<\/a><\/strong><\/p>\n<p><a href=\"mailto:zadanky@ptc.cz\">zadanky@ptc.cz<\/a><\/p>\n<\/div>\n<\/div>\n<div class=\"gdc_column gdc_chalf\">\n<div class=\"gdc_inner\">\n<h3>Odd\u011blen\u00ed kvality:<\/h3>\n<p><a href=\"mailto:kvalita@ptc.cz\">kvalita@ptc.cz<\/a><\/p>\n<h4>Pov\u011b\u0159enec pro ochranu osobn\u00edch \u00fadaj\u016f:<\/h4>\n<p>Mgr. Kate\u0159ina Krejbichov\u00e1, DiS.<br \/>\n<a href=\"tel:+420222999058\">+420&nbsp;222&nbsp;999&nbsp;058<\/a><br \/>\n<a href=\"mailto:katerina.krejbichova@ptc.cz\">katerina.krejbichova@ptc.cz<\/a><\/p>\n<p>Po\u0161lete n\u00e1m sv\u00e9 podn\u011bty, p\u0159ipom\u00ednky \u010di st\u00ed\u017enosti: <a href=\"https:\/\/www.survio.com\/survey\/d\/T2I\/kniha\">kniha podn\u011bt\u016f a&nbsp;pochval<\/a><\/p>\n<\/div>\n<\/div>\n<\/div>\n<div class=\"gdc_row\">\n<div class=\"gdc_column gdc_chalf\">\n<div class=\"gdc_inner\">\n<h3>Person\u00e1ln\u00ed odd\u011blen\u00ed:<\/h3>\n<p><a href=\"mailto:hr@ptc.cz\">hr@ptc.cz<\/a><\/p>\n<\/div>\n<\/div>\n<div class=\"gdc_column gdc_chalf\">\n<div class=\"gdc_inner\">\n<h3>Dotazn\u00edk spokojenosti N\u00e1rodn\u00edho hodnocen\u00ed MZ\u010cR:<\/h3>\n<p><a rel=\"lightbox\" target=\"\"  class=\"button\" href=\"\/wp-content\/uploads\/2024\/06\/letak-1.jpg\" data-rel=\"lightbox-image-0\" data-rl_title=\"\" data-rl_caption=\"\" title=\"\">Dotazn\u00edk spokojenosti<\/a><\/p>\n<\/div>\n<\/div>\n<\/div>\n<div class=\"gdc_row\">\n<div class=\"gdc_column gdc_chalf\">\n<div class=\"gdc_inner\">\n<h3>PR<\/h3>\n<p><a href=\"mailto:marketing@ptc.cz\">marketing@ptc.cz<\/a><\/p>\n<\/div>\n<\/div>\n<div class=\"gdc_column gdc_chalf\">\n<div class=\"gdc_inner\">\n<h3>Ekonomick\u00e9 odd\u011blen\u00ed:<\/h3>\n<p><a href=\"mailto:ekonomika@ptc.cz\">ekonomika@ptc.cz<\/a><\/p>\n<\/div>\n<\/div>\n<\/div>\n","protected":false},"excerpt":{"rendered":"","protected":false},"author":1,"featured_media":6503,"parent":0,"menu_order":144,"comment_status":"closed","ping_status":"closed","template":"template-contact-2.php","meta":{"footnotes":""},"class_list":["post-4746","page","type-page","status-publish","has-post-thumbnail","hentry"],"acf":[],"aioseo_notices":[],"_links":{"self":[{"href":"https:\/\/www.ptc.cz\/hr\/wp-json\/wp\/v2\/pages\/4746","targetHints":{"allow":["GET"]}}],"collection":[{"href":"https:\/\/www.ptc.cz\/hr\/wp-json\/wp\/v2\/pages"}],"about":[{"href":"https:\/\/www.ptc.cz\/hr\/wp-json\/wp\/v2\/types\/page"}],"author":[{"embeddable":true,"href":"https:\/\/www.ptc.cz\/hr\/wp-json\/wp\/v2\/users\/1"}],"replies":[{"embeddable":true,"href":"https:\/\/www.ptc.cz\/hr\/wp-json\/wp\/v2\/comments?post=4746"}],"version-history":[{"count":0,"href":"https:\/\/www.ptc.cz\/hr\/wp-json\/wp\/v2\/pages\/4746\/revisions"}],"wp:featuredmedia":[{"embeddable":true,"href":"https:\/\/www.ptc.cz\/hr\/wp-json\/wp\/v2\/media\/6503"}],"wp:attachment":[{"href":"https:\/\/www.ptc.cz\/hr\/wp-json\/wp\/v2\/media?parent=4746"}],"curies":[{"name":"wp","href":"https:\/\/api.w.org\/{rel}","templated":true}]}}