{"id":4776,"date":"2023-06-02T14:25:26","date_gmt":"2023-06-02T12:25:26","guid":{"rendered":"https:\/\/www.ptc.cz\/pro-pacienty\/"},"modified":"2024-06-21T13:56:45","modified_gmt":"2024-06-21T11:56:45","slug":"za-pacijente","status":"publish","type":"page","link":"https:\/\/www.ptc.cz\/hr\/za-pacijente\/","title":{"rendered":"Za pacijente"},"content":{"rendered":"<h3>Pacient je pro n\u00e1s v\u017edy na&nbsp;prvn\u00edm m\u00edst\u011b<\/h3>\n<p>Ke ka\u017ed\u00e9mu z&nbsp;nich proto p\u0159istupujeme individu\u00e1ln\u011b, lidsky a&nbsp;citliv\u011b, s&nbsp;ohledem na&nbsp;jeho sou\u010dasnou n\u00e1ro\u010dnou \u017eivotn\u00ed situaci, ve kter\u00e9 se sna\u017e\u00edme pro n\u011bj b\u00fdt spolehlivou oporou.<\/p>\n<p>L\u00e9\u010dba v&nbsp;Protonov\u00e9m centru za\u010d\u00edn\u00e1 v\u017edy vstupn\u00edm vy\u0161et\u0159en\u00edm. Ve\u0161ker\u00e9 informace, v\u010detn\u011b n\u00e1vodu, jak se objednat, najdete v&nbsp;sekci <a href=\"https:\/\/www.ptc.cz\/pro-pacienty\/jak-se-objednat\/vstupni-vysetreni\/\">Vstupn\u00ed vy\u0161et\u0159en\u00ed<\/a>.<\/p>\n<p>Ka\u017ed\u00fd z&nbsp;na\u0161ich pacient\u016f m\u00e1 k&nbsp;dispozici sv\u00e9ho <a href=\"https:\/\/www.ptc.cz\/pro-pacienty\/osobni-koordinator\/\">osobn\u00edho koordin\u00e1tora l\u00e9\u010dby<\/a>. Pod\u00edvejte se, <a href=\"https:\/\/www.ptc.cz\/pro-pacienty\/osobni-koordinator\/s-cim-vam-pomuzeme\/\">co v\u0161echno pro v\u00e1s m\u016f\u017ee ud\u011blat<\/a>.<\/p>\n<p style=\"text-align: center;\"><a  target=\"\"  class=\"button\" href=\"\/kontakt\/\">Kontaktujte n\u00e1s<\/a><\/p>\n","protected":false},"excerpt":{"rendered":"<p>Pacient je pro n\u00e1s v\u017edy na&nbsp;prvn\u00edm m\u00edst\u011b Ke ka\u017ed\u00e9mu z&nbsp;nich proto p\u0159istupujeme individu\u00e1ln\u011b, lidsky a&nbsp;citliv\u011b, s&nbsp;ohledem na&nbsp;jeho sou\u010dasnou n\u00e1ro\u010dnou \u017eivotn\u00ed situaci, ve kter\u00e9 se sna\u017e\u00edme pro n\u011bj b\u00fdt spolehlivou oporou. L\u00e9\u010dba v&nbsp;Protonov\u00e9m centru za\u010d\u00edn\u00e1 v\u017edy vstupn\u00edm vy\u0161et\u0159en\u00edm. Ve\u0161ker\u00e9 informace, v\u010detn\u011b n\u00e1vodu, jak se objednat, najdete v&nbsp;sekci Vstupn\u00ed vy\u0161et\u0159en\u00ed. Ka\u017ed\u00fd z&nbsp;na\u0161ich pacient\u016f m\u00e1 k&nbsp;dispozici sv\u00e9ho osobn\u00edho&#8230;<\/p>\n","protected":false},"author":1,"featured_media":4778,"parent":0,"menu_order":152,"comment_status":"closed","ping_status":"closed","template":"template-boxes.php","meta":{"footnotes":""},"class_list":["post-4776","page","type-page","status-publish","has-post-thumbnail","hentry"],"acf":[],"aioseo_notices":[],"_links":{"self":[{"href":"https:\/\/www.ptc.cz\/hr\/wp-json\/wp\/v2\/pages\/4776","targetHints":{"allow":["GET"]}}],"collection":[{"href":"https:\/\/www.ptc.cz\/hr\/wp-json\/wp\/v2\/pages"}],"about":[{"href":"https:\/\/www.ptc.cz\/hr\/wp-json\/wp\/v2\/types\/page"}],"author":[{"embeddable":true,"href":"https:\/\/www.ptc.cz\/hr\/wp-json\/wp\/v2\/users\/1"}],"replies":[{"embeddable":true,"href":"https:\/\/www.ptc.cz\/hr\/wp-json\/wp\/v2\/comments?post=4776"}],"version-history":[{"count":1,"href":"https:\/\/www.ptc.cz\/hr\/wp-json\/wp\/v2\/pages\/4776\/revisions"}],"predecessor-version":[{"id":4794,"href":"https:\/\/www.ptc.cz\/hr\/wp-json\/wp\/v2\/pages\/4776\/revisions\/4794"}],"wp:featuredmedia":[{"embeddable":true,"href":"https:\/\/www.ptc.cz\/hr\/wp-json\/wp\/v2\/media\/4778"}],"wp:attachment":[{"href":"https:\/\/www.ptc.cz\/hr\/wp-json\/wp\/v2\/media?parent=4776"}],"curies":[{"name":"wp","href":"https:\/\/api.w.org\/{rel}","templated":true}]}}