{"id":4779,"date":"2023-06-16T09:07:27","date_gmt":"2023-06-16T07:07:27","guid":{"rendered":"https:\/\/www.ptc.cz\/pro-pacienty\/jak-se-objednat\/"},"modified":"2024-06-21T13:56:56","modified_gmt":"2024-06-21T11:56:56","slug":"ulazne-konzultacije","status":"publish","type":"page","link":"https:\/\/www.ptc.cz\/hr\/za-pacijente\/ulazne-konzultacije\/","title":{"rendered":"Ulazne konzultacije"},"content":{"rendered":"<div class=\"gdc_row\">\n<div class=\"gdc_column gdc_chalf\">\n<div class=\"gdc_inner\">\n<p><strong>Na bezplatnou vstupn\u00ed konzultaci<\/strong> se m\u016f\u017eete objednat u&nbsp;koordin\u00e1torek Klientsk\u00e9ho servisu Protonov\u00e9ho centra. Objedn\u00e1vat se m\u016f\u017eete prost\u0159ednictv\u00edm:<\/p>\n<ul>\n<li><strong>infolinky +420\u00a0222\u00a0999\u00a0000, <\/strong><\/li>\n<li><strong>e-mailem\u00a0<a href=\"mailto:pacient@ptc.cz\">pacient@ptc.cz<\/a>,<\/strong><\/li>\n<li><strong>vypln\u011bn\u00edm kontaktn\u00edho formul\u00e1\u0159e na&nbsp;\u00a0<a href=\"http:\/\/www.ptc.cz.\">www.ptc.cz.\u00a0<\/a><\/strong><\/li>\n<\/ul>\n<p>Pokud jste n\u00e1m pot\u0159ebn\u00e9 dokumenty zaslali a&nbsp;nedostali jste od n\u00e1s do 24 hodin odpov\u011b\u010f, pravd\u011bpodobn\u011b n\u00e1m va\u0161e podklady nedorazily. V&nbsp;tomto p\u0159\u00edpad\u011b n\u00e1s pros\u00edm kontaktujte na&nbsp;v\u00fd\u0161e uveden\u00e9m tel. \u010d\u00edsle +420&nbsp;222&nbsp;999&nbsp;000 a&nbsp;domluv\u00edme se spole\u010dn\u011b na&nbsp;dal\u0161\u00edm postupu.<\/p>\n<p>&nbsp;<\/p>\n<\/div>\n<\/div>\n<div class=\"gdc_column gdc_chalf\">\n<div class=\"gdc_inner\">\n<h3>Kam se m\u00e1m obr\u00e1tit, bude-li pot\u0159eba dal\u0161\u00ed vy\u0161et\u0159en\u00ed<\/h3>\n<p><strong>V\u011bt\u0161inu diagnostick\u00fdch vy\u0161et\u0159en\u00ed<\/strong>, kter\u00e1 doporu\u010d\u00ed na&nbsp;z\u00e1klad\u011b vstupn\u00edho vy\u0161et\u0159en\u00ed l\u00e9ka\u0159 Protonov\u00e9ho centra, <strong>jsme schopni zajistit p\u0159\u00edmo v\u00a0Protonov\u00e9m centru<\/strong>. U&nbsp;ostatn\u00edch vy\u0161et\u0159en\u00ed v\u00e1m sjedn\u00e1me term\u00edn vy\u0161et\u0159en\u00ed ve spolupracuj\u00edc\u00edch zdravotnick\u00fdch za\u0159\u00edzen\u00edch nebo v\u00e1m doporu\u010d\u00edme, kam se m\u016f\u017eete obr\u00e1tit.<\/p>\n<p>&nbsp;<\/p>\n<\/div>\n<\/div>\n<\/div>\n","protected":false},"excerpt":{"rendered":"","protected":false},"author":1,"featured_media":4778,"parent":4776,"menu_order":158,"comment_status":"closed","ping_status":"closed","template":"template-page-with-anchor-sidebar.php","meta":{"footnotes":""},"class_list":["post-4779","page","type-page","status-publish","has-post-thumbnail","hentry"],"acf":[],"aioseo_notices":[],"_links":{"self":[{"href":"https:\/\/www.ptc.cz\/hr\/wp-json\/wp\/v2\/pages\/4779","targetHints":{"allow":["GET"]}}],"collection":[{"href":"https:\/\/www.ptc.cz\/hr\/wp-json\/wp\/v2\/pages"}],"about":[{"href":"https:\/\/www.ptc.cz\/hr\/wp-json\/wp\/v2\/types\/page"}],"author":[{"embeddable":true,"href":"https:\/\/www.ptc.cz\/hr\/wp-json\/wp\/v2\/users\/1"}],"replies":[{"embeddable":true,"href":"https:\/\/www.ptc.cz\/hr\/wp-json\/wp\/v2\/comments?post=4779"}],"version-history":[{"count":1,"href":"https:\/\/www.ptc.cz\/hr\/wp-json\/wp\/v2\/pages\/4779\/revisions"}],"predecessor-version":[{"id":4796,"href":"https:\/\/www.ptc.cz\/hr\/wp-json\/wp\/v2\/pages\/4779\/revisions\/4796"}],"up":[{"embeddable":true,"href":"https:\/\/www.ptc.cz\/hr\/wp-json\/wp\/v2\/pages\/4776"}],"wp:featuredmedia":[{"embeddable":true,"href":"https:\/\/www.ptc.cz\/hr\/wp-json\/wp\/v2\/media\/4778"}],"wp:attachment":[{"href":"https:\/\/www.ptc.cz\/hr\/wp-json\/wp\/v2\/media?parent=4779"}],"curies":[{"name":"wp","href":"https:\/\/api.w.org\/{rel}","templated":true}]}}