{"id":4805,"date":"2023-06-02T14:24:17","date_gmt":"2023-06-02T12:24:17","guid":{"rendered":"https:\/\/www.ptc.cz\/co-lecime\/"},"modified":"2024-06-21T13:58:29","modified_gmt":"2024-06-21T11:58:29","slug":"sto-lijecimo","status":"publish","type":"page","link":"https:\/\/www.ptc.cz\/hr\/sto-lijecimo\/","title":{"rendered":"\u0160to lije\u010dimo"},"content":{"rendered":"<p><strong>\u0160irok\u00e9 spektrum diagn\u00f3z<\/strong><\/p>\n<p>V&nbsp;Protonov\u00e9m centru se zam\u011b\u0159ujeme na&nbsp;l\u00e9\u010dbu pacient\u016f s&nbsp;takov\u00fdmi druhy rakoviny, u&nbsp;kter\u00fdch je protonov\u00e1 radioterapie sv\u011btov\u011b uzn\u00e1vanou a&nbsp;doporu\u010denou l\u00e9\u010debnou metodou. Vysokou \u00fasp\u011b\u0161nost a&nbsp;z\u00e1rove\u0148 minim\u00e1ln\u00ed negativn\u00ed dopad na&nbsp;pacient\u016fv b\u011b\u017en\u00fd \u017eivot zaznamen\u00e1v\u00e1me zejm\u00e9na v&nbsp;l\u00e9\u010db\u011b rakoviny prostaty. N\u00e1\u0161 t\u00fdm rovn\u011b\u017e vyvinul unik\u00e1tn\u00ed metodu l\u00e9\u010dby karcinomu prsu, kterou nyn\u00ed p\u0159ej\u00edmaj\u00ed i&nbsp;zahrani\u010dn\u00ed Protonov\u00e1 centra. P\u0159i l\u00e9\u010db\u011b lymfom\u016f zase spolupracujeme s&nbsp;presti\u017en\u00ed Oxfordskou univerzitou.<\/p>\n<p>Pro pacienta m\u00e1 nesm\u00edrn\u00fd p\u0159\u00ednos i&nbsp;protonov\u00e1 l\u00e9\u010dba rakoviny org\u00e1n\u016f hlavy a&nbsp;krku, kter\u00e9 se \u010dasto nach\u00e1zej\u00ed v&nbsp;bl\u00edzkosti citliv\u00fdch struktur. L\u00e9\u010d\u00edme ov\u0161em i&nbsp;n\u00e1dory centr\u00e1ln\u00edho nervov\u00e9ho syst\u00e9mu, za\u017e\u00edvac\u00edho traktu nebo nemalobun\u011b\u010dn\u00e9 karcinomy plic. V&nbsp;neposledn\u00ed \u0159ad\u011b se pak v\u011bnujeme l\u00e9\u010db\u011b n\u00e1dor\u016f u&nbsp;d\u011bt\u00ed.<\/p>\n<p><a  target=\"\"  class=\"button\" href=\"\/kontakt\/\">Kontaktujte n\u00e1s<\/a><\/p>\n","protected":false},"excerpt":{"rendered":"<p>\u0160irok\u00e9 spektrum diagn\u00f3z V&nbsp;Protonov\u00e9m centru se zam\u011b\u0159ujeme na&nbsp;l\u00e9\u010dbu pacient\u016f s&nbsp;takov\u00fdmi druhy rakoviny, u&nbsp;kter\u00fdch je protonov\u00e1 radioterapie sv\u011btov\u011b uzn\u00e1vanou a&nbsp;doporu\u010denou l\u00e9\u010debnou metodou. Vysokou \u00fasp\u011b\u0161nost a&nbsp;z\u00e1rove\u0148 minim\u00e1ln\u00ed negativn\u00ed dopad na&nbsp;pacient\u016fv b\u011b\u017en\u00fd \u017eivot zaznamen\u00e1v\u00e1me zejm\u00e9na v&nbsp;l\u00e9\u010db\u011b rakoviny prostaty. N\u00e1\u0161 t\u00fdm rovn\u011b\u017e vyvinul unik\u00e1tn\u00ed metodu l\u00e9\u010dby karcinomu prsu, kterou nyn\u00ed p\u0159ej\u00edmaj\u00ed i&nbsp;zahrani\u010dn\u00ed Protonov\u00e1 centra. P\u0159i l\u00e9\u010db\u011b lymfom\u016f zase spolupracujeme&#8230;<\/p>\n","protected":false},"author":1,"featured_media":4806,"parent":0,"menu_order":184,"comment_status":"closed","ping_status":"closed","template":"template-treatment.php","meta":{"footnotes":""},"class_list":["post-4805","page","type-page","status-publish","has-post-thumbnail","hentry"],"acf":[],"aioseo_notices":[],"_links":{"self":[{"href":"https:\/\/www.ptc.cz\/hr\/wp-json\/wp\/v2\/pages\/4805","targetHints":{"allow":["GET"]}}],"collection":[{"href":"https:\/\/www.ptc.cz\/hr\/wp-json\/wp\/v2\/pages"}],"about":[{"href":"https:\/\/www.ptc.cz\/hr\/wp-json\/wp\/v2\/types\/page"}],"author":[{"embeddable":true,"href":"https:\/\/www.ptc.cz\/hr\/wp-json\/wp\/v2\/users\/1"}],"replies":[{"embeddable":true,"href":"https:\/\/www.ptc.cz\/hr\/wp-json\/wp\/v2\/comments?post=4805"}],"version-history":[{"count":1,"href":"https:\/\/www.ptc.cz\/hr\/wp-json\/wp\/v2\/pages\/4805\/revisions"}],"predecessor-version":[{"id":4822,"href":"https:\/\/www.ptc.cz\/hr\/wp-json\/wp\/v2\/pages\/4805\/revisions\/4822"}],"wp:featuredmedia":[{"embeddable":true,"href":"https:\/\/www.ptc.cz\/hr\/wp-json\/wp\/v2\/media\/4806"}],"wp:attachment":[{"href":"https:\/\/www.ptc.cz\/hr\/wp-json\/wp\/v2\/media?parent=4805"}],"curies":[{"name":"wp","href":"https:\/\/api.w.org\/{rel}","templated":true}]}}