{"id":4827,"date":"2024-02-23T15:25:55","date_gmt":"2024-02-23T14:25:55","guid":{"rendered":"https:\/\/www.ptc.cz\/sto-lijecimo\/plice\/protonova-lecba-rakoviny-plic\/vyhody-protonove-lecby\/"},"modified":"2024-06-21T14:01:58","modified_gmt":"2024-06-21T12:01:58","slug":"prednosti-protonske-terapije","status":"publish","type":"page","link":"https:\/\/www.ptc.cz\/hr\/sto-lijecimo\/pluca\/protonska-terapija-raka-pluca\/prednosti-protonske-terapije\/","title":{"rendered":"Prednosti protonske terapije"},"content":{"rendered":"<h3>V\u00fdhody protonov\u00e9 l\u00e9\u010dby<\/h3>\n<ul>\n<li>Umo\u017e\u0148uje <strong>zv\u00fd\u0161en\u00ed celkov\u00e9 d\u00e1vky z\u00e1\u0159en\u00ed<\/strong> za sou\u010dasn\u00e9 ni\u017e\u0161\u00ed toxicity = men\u0161\u00ed zat\u00ed\u017een\u00ed kritick\u00fdch org\u00e1n\u016f.<\/li>\n<li>Umo\u017e\u0148uje <strong>sn\u00ed\u017eit d\u00e1vku z\u00e1\u0159en\u00ed na&nbsp;zdravou tk\u00e1\u0148 plic,<\/strong> \u010d\u00edm\u017e sni\u017euje riziko d\u00fdchac\u00edch pot\u00ed\u017e\u00ed a&nbsp;vznik plicn\u00ed fibr\u00f3zy.<\/li>\n<li><strong>Sni\u017euje d\u00e1vku z\u00e1\u0159en\u00ed na&nbsp;srde\u010dn\u00ed sval<\/strong>, a&nbsp;tak sni\u017euje riziko srde\u010dn\u00edho onemocn\u011bn\u00ed.<\/li>\n<li><strong>Sni\u017euje riziko polykac\u00edch pot\u00ed\u017e\u00ed<\/strong> a&nbsp;ztr\u00e1ty chuti k&nbsp;j\u00eddlu.<\/li>\n<li>Umo\u017e\u0148uje z<strong>v\u00fd\u0161en\u00ed kvality \u017eivota<\/strong> pacient\u016f.<\/li>\n<li>Umo\u017e\u0148uje pou\u017eit\u00ed <strong>men\u0161\u00edho po\u010dtu<\/strong> l\u00e9\u010debn\u00fdch frakc\u00ed.<\/li>\n<li>V\u00fdznamn\u011b \u0161et\u0159\u00ed kl\u00ed\u010dov\u00e9 bu\u0148ky imunitn\u00edho syst\u00e9mu.<\/li>\n<\/ul>\n","protected":false},"excerpt":{"rendered":"<p>V\u00fdhody protonov\u00e9 l\u00e9\u010dby Umo\u017e\u0148uje zv\u00fd\u0161en\u00ed celkov\u00e9 d\u00e1vky z\u00e1\u0159en\u00ed za sou\u010dasn\u00e9 ni\u017e\u0161\u00ed toxicity = men\u0161\u00ed zat\u00ed\u017een\u00ed kritick\u00fdch org\u00e1n\u016f. Umo\u017e\u0148uje sn\u00ed\u017eit d\u00e1vku z\u00e1\u0159en\u00ed na&nbsp;zdravou tk\u00e1\u0148 plic, \u010d\u00edm\u017e sni\u017euje riziko d\u00fdchac\u00edch pot\u00ed\u017e\u00ed a&nbsp;vznik plicn\u00ed fibr\u00f3zy. Sni\u017euje d\u00e1vku z\u00e1\u0159en\u00ed na&nbsp;srde\u010dn\u00ed sval, a&nbsp;tak sni\u017euje riziko srde\u010dn\u00edho onemocn\u011bn\u00ed. Sni\u017euje riziko polykac\u00edch pot\u00ed\u017e\u00ed a&nbsp;ztr\u00e1ty chuti k&nbsp;j\u00eddlu. Umo\u017e\u0148uje zv\u00fd\u0161en\u00ed kvality \u017eivota pacient\u016f. Umo\u017e\u0148uje&#8230;<\/p>\n","protected":false},"author":5,"featured_media":0,"parent":4825,"menu_order":196,"comment_status":"closed","ping_status":"closed","template":"template-service-detail-with-sidebar.php","meta":{"footnotes":""},"class_list":["post-4827","page","type-page","status-publish","hentry"],"acf":[],"aioseo_notices":[],"_links":{"self":[{"href":"https:\/\/www.ptc.cz\/hr\/wp-json\/wp\/v2\/pages\/4827","targetHints":{"allow":["GET"]}}],"collection":[{"href":"https:\/\/www.ptc.cz\/hr\/wp-json\/wp\/v2\/pages"}],"about":[{"href":"https:\/\/www.ptc.cz\/hr\/wp-json\/wp\/v2\/types\/page"}],"author":[{"embeddable":true,"href":"https:\/\/www.ptc.cz\/hr\/wp-json\/wp\/v2\/users\/5"}],"replies":[{"embeddable":true,"href":"https:\/\/www.ptc.cz\/hr\/wp-json\/wp\/v2\/comments?post=4827"}],"version-history":[{"count":2,"href":"https:\/\/www.ptc.cz\/hr\/wp-json\/wp\/v2\/pages\/4827\/revisions"}],"predecessor-version":[{"id":4842,"href":"https:\/\/www.ptc.cz\/hr\/wp-json\/wp\/v2\/pages\/4827\/revisions\/4842"}],"up":[{"embeddable":true,"href":"https:\/\/www.ptc.cz\/hr\/wp-json\/wp\/v2\/pages\/4825"}],"wp:attachment":[{"href":"https:\/\/www.ptc.cz\/hr\/wp-json\/wp\/v2\/media?parent=4827"}],"curies":[{"name":"wp","href":"https:\/\/api.w.org\/{rel}","templated":true}]}}