{"id":4828,"date":"2023-08-17T16:27:46","date_gmt":"2023-08-17T14:27:46","guid":{"rendered":"https:\/\/www.ptc.cz\/sto-lijecimo\/plice\/proc-zvolit-protonovou-lecbu\/"},"modified":"2024-06-21T14:02:09","modified_gmt":"2024-06-21T12:02:09","slug":"zasto-odabrati-protonsko-lijecenje","status":"publish","type":"page","link":"https:\/\/www.ptc.cz\/hr\/sto-lijecimo\/pluca\/zasto-odabrati-protonsko-lijecenje\/","title":{"rendered":"Za\u0161to odabrati protonsko lije\u010denje"},"content":{"rendered":"<p><strong>V\u00ddHODY PROTONOV\u00c9 L\u00c9\u010cBY P\u0158I OZA\u0158OV\u00c1N\u00cd N\u00c1DORU PLIC PROTI B\u011a\u017dN\u00c9 RADIOTERAPII<\/strong><\/p>\n<ul>\n<li><strong>Zv\u00fd\u0161en\u00ed celkov\u00e9 d\u00e1vky<\/strong> z\u00e1\u0159en\u00ed za sou\u010dasn\u00e9 ni\u017e\u0161\u00ed toxicity = men\u0161\u00ed zat\u00ed\u017een\u00ed kritick\u00fdch org\u00e1n\u016f.<\/li>\n<li><strong>Sn\u00ed\u017een\u00ed d\u00e1vky z\u00e1\u0159en\u00ed <\/strong><strong>na zdravou tk\u00e1\u0148 pl\u00edce<\/strong>, \u010d\u00edm\u017e se sni\u017euje riziko d\u00fdchac\u00edch pot\u00ed\u017e\u00ed a&nbsp;vzniku plicn\u00ed fibr\u00f3zy.<\/li>\n<li><strong>Sn\u00ed\u017een\u00ed d\u00e1vky z\u00e1\u0159en\u00ed na&nbsp;srde\u010dn\u00ed sval<\/strong>, a&nbsp;t\u00edm sn\u00ed\u017een\u00ed rizika srde\u010dn\u00edho onemocn\u011bn\u00ed.<\/li>\n<li><strong>Sn\u00ed\u017een\u00ed rizika polykac\u00edch pot\u00ed\u017e\u00ed a&nbsp;ztr\u00e1ty chuti k&nbsp;j\u00eddlu.<\/strong><\/li>\n<li><strong>Zv\u00fd\u0161en\u00ed kvality \u017eivota pacient\u016f.<\/strong><\/li>\n<li><strong>Pou\u017eit\u00ed men\u0161\u00edho po\u010dtu l\u00e9\u010debn\u00fdch frakc\u00ed<\/strong> a&nbsp;zkr\u00e1cen\u00ed celkov\u00e9 doby oza\u0159ov\u00e1n\u00ed.<\/li>\n<\/ul>\n<h5><span style=\"color: #48b270;\">\u2e3a<\/span><\/h5>\n<h4><strong>Na schematick\u00e9m obr\u00e1zku je zn\u00e1zorn\u011bno rozlo\u017een\u00ed d\u00e1vky z\u00e1\u0159en\u00ed v&nbsp;t\u011ble p\u0159i pou\u017eit\u00ed protonov\u00e9 a&nbsp;fotonov\u00e9 terapie.\u00a0<\/strong><\/h4>\n<p>Je patrn\u00e9, \u017ee protonov\u00fd svazek oza\u0159uje pouze tzv. c\u00edlov\u00fd objem (oblast, kde se nach\u00e1z\u00ed nebo nach\u00e1zel n\u00e1dor), tedy z\u00e1\u0159en\u00ed je sm\u011brov\u00e1no tak\u0159ka v\u00fdlu\u010dn\u011b jenom do tk\u00e1n\u011b, kter\u00e1 je posti\u017een\u00e1. Naopak fotonov\u00e9 z\u00e1\u0159en\u00ed d\u00edky sv\u00fdm fyzik\u00e1ln\u00edm vlastnostem zasahuje v\u00fdznamn\u011b i\u00a0okoln\u00ed zdrav\u00e9 struktury.<\/p>\n<p>&nbsp;<\/p>\n<div class=\"gdc_row\">\n<div class=\"gdc_column gdc_chalf\">\n<div class=\"gdc_inner\">\n<p><img loading=\"lazy\" decoding=\"async\" class=\"alignnone wp-image-2445\" src=\"https:\/\/www.ptc.cz\/wp-content\/uploads\/2024\/04\/PLICE-_-porovnani-proton-1000x12000-1-250x300.jpg\" alt=\"\" width=\"450\" height=\"540\" srcset=\"https:\/\/www.ptc.cz\/wp-content\/uploads\/2024\/04\/PLICE-_-porovnani-proton-1000x12000-1-250x300.jpg 250w, https:\/\/www.ptc.cz\/wp-content\/uploads\/2024\/04\/PLICE-_-porovnani-proton-1000x12000-1-768x922.jpg 768w, https:\/\/www.ptc.cz\/wp-content\/uploads\/2024\/04\/PLICE-_-porovnani-proton-1000x12000-1.jpg 1000w\" sizes=\"auto, (max-width: 450px) 100vw, 450px\" \/><\/p>\n<\/div>\n<\/div>\n<div class=\"gdc_column gdc_chalf\">\n<div class=\"gdc_inner\">\n<p><img loading=\"lazy\" decoding=\"async\" class=\"alignnone wp-image-2444\" src=\"https:\/\/www.ptc.cz\/wp-content\/uploads\/2024\/04\/PLICE-_-porovnani-foton-1000x12000-1-250x300.jpg\" alt=\"\" width=\"450\" height=\"540\" srcset=\"https:\/\/www.ptc.cz\/wp-content\/uploads\/2024\/04\/PLICE-_-porovnani-foton-1000x12000-1-250x300.jpg 250w, https:\/\/www.ptc.cz\/wp-content\/uploads\/2024\/04\/PLICE-_-porovnani-foton-1000x12000-1-768x922.jpg 768w, https:\/\/www.ptc.cz\/wp-content\/uploads\/2024\/04\/PLICE-_-porovnani-foton-1000x12000-1.jpg 1000w\" sizes=\"auto, (max-width: 450px) 100vw, 450px\" \/><\/p>\n<\/div>\n<\/div>\n<\/div>\n","protected":false},"excerpt":{"rendered":"<p>V\u00ddHODY PROTONOV\u00c9 L\u00c9\u010cBY P\u0158I OZA\u0158OV\u00c1N\u00cd N\u00c1DORU PLIC PROTI B\u011a\u017dN\u00c9 RADIOTERAPII Zv\u00fd\u0161en\u00ed celkov\u00e9 d\u00e1vky z\u00e1\u0159en\u00ed za sou\u010dasn\u00e9 ni\u017e\u0161\u00ed toxicity = men\u0161\u00ed zat\u00ed\u017een\u00ed kritick\u00fdch org\u00e1n\u016f. Sn\u00ed\u017een\u00ed d\u00e1vky z\u00e1\u0159en\u00ed na&nbsp;zdravou tk\u00e1\u0148 pl\u00edce, \u010d\u00edm\u017e se sni\u017euje riziko d\u00fdchac\u00edch pot\u00ed\u017e\u00ed a&nbsp;vzniku plicn\u00ed fibr\u00f3zy. Sn\u00ed\u017een\u00ed d\u00e1vky z\u00e1\u0159en\u00ed na&nbsp;srde\u010dn\u00ed sval, a&nbsp;t\u00edm sn\u00ed\u017een\u00ed rizika srde\u010dn\u00edho onemocn\u011bn\u00ed. Sn\u00ed\u017een\u00ed rizika polykac\u00edch pot\u00ed\u017e\u00ed a&nbsp;ztr\u00e1ty chuti&#8230;<\/p>\n","protected":false},"author":1,"featured_media":4830,"parent":4823,"menu_order":199,"comment_status":"closed","ping_status":"closed","template":"template-service-detail-with-sidebar.php","meta":{"footnotes":""},"class_list":["post-4828","page","type-page","status-publish","has-post-thumbnail","hentry"],"acf":[],"aioseo_notices":[],"_links":{"self":[{"href":"https:\/\/www.ptc.cz\/hr\/wp-json\/wp\/v2\/pages\/4828","targetHints":{"allow":["GET"]}}],"collection":[{"href":"https:\/\/www.ptc.cz\/hr\/wp-json\/wp\/v2\/pages"}],"about":[{"href":"https:\/\/www.ptc.cz\/hr\/wp-json\/wp\/v2\/types\/page"}],"author":[{"embeddable":true,"href":"https:\/\/www.ptc.cz\/hr\/wp-json\/wp\/v2\/users\/1"}],"replies":[{"embeddable":true,"href":"https:\/\/www.ptc.cz\/hr\/wp-json\/wp\/v2\/comments?post=4828"}],"version-history":[{"count":1,"href":"https:\/\/www.ptc.cz\/hr\/wp-json\/wp\/v2\/pages\/4828\/revisions"}],"predecessor-version":[{"id":4849,"href":"https:\/\/www.ptc.cz\/hr\/wp-json\/wp\/v2\/pages\/4828\/revisions\/4849"}],"up":[{"embeddable":true,"href":"https:\/\/www.ptc.cz\/hr\/wp-json\/wp\/v2\/pages\/4823"}],"wp:featuredmedia":[{"embeddable":true,"href":"https:\/\/www.ptc.cz\/hr\/wp-json\/wp\/v2\/media\/4830"}],"wp:attachment":[{"href":"https:\/\/www.ptc.cz\/hr\/wp-json\/wp\/v2\/media?parent=4828"}],"curies":[{"name":"wp","href":"https:\/\/api.w.org\/{rel}","templated":true}]}}