{"id":4833,"date":"2023-08-17T16:28:21","date_gmt":"2023-08-17T14:28:21","guid":{"rendered":"https:\/\/www.ptc.cz\/sto-lijecimo\/plice\/jak-poznat-rakovinu-plic\/"},"modified":"2024-06-21T14:02:31","modified_gmt":"2024-06-21T12:02:31","slug":"rak-pluca","status":"publish","type":"page","link":"https:\/\/www.ptc.cz\/hr\/sto-lijecimo\/pluca\/rak-pluca\/","title":{"rendered":"Rak plu\u0107a"},"content":{"rendered":"<div class=\"gdc_row\">\n<div class=\"gdc_column gdc_chalf\">\n<div class=\"gdc_inner\">\n<p>V&nbsp;\u010cesk\u00e9 republice je <strong>karcinom plic<\/strong>\u00a0po zhoubn\u00fdch n\u00e1dorech tlust\u00e9ho st\u0159eva nej\u010dast\u011bj\u0161\u00ed n\u00e1dorov\u00e9 onemocn\u011bn\u00ed s&nbsp;trvale vzr\u016fstaj\u00edc\u00ed tendenc\u00ed. V\u011bt\u0161ina nov\u011b diagnostikovan\u00fdch p\u0159\u00edpad\u016f je zji\u0161t\u011bna v&nbsp;pokro\u010dil\u00e9m st\u00e1diu onemocn\u011bn\u00ed (stadia III, IV). P\u011btilet\u00e9 p\u0159e\u017eit\u00ed se i&nbsp;d\u00edky t\u00e9to skute\u010dnosti pohybuje u&nbsp;obou pohlav\u00ed m\u00edrn\u011b nad&nbsp;10&nbsp;%. Na&nbsp;z\u00e1va\u017enost onemocn\u011bn\u00ed poukazuje i&nbsp;fakt, \u017ee u&nbsp;obou pohlav\u00ed jde o&nbsp;nej\u010dast\u011bj\u0161\u00ed p\u0159\u00ed\u010dinu \u00famrt\u00ed na&nbsp;onkologick\u00e9 onemocn\u011bn\u00ed.<\/p>\n<p>Z&nbsp;pohledu biologick\u00fdch vlastnost\u00ed a&nbsp;l\u00e9\u010debn\u00fdch postup\u016f d\u011bl\u00edme karcinom plic na&nbsp;<strong>malobun\u011b\u010dn\u00fd a&nbsp;nemalobun\u011b\u010dn\u00fd. Protonov\u00e1 l\u00e9\u010dba je vhodn\u00e1 pro nemalobun\u011b\u010dn\u00fd karcinom plic,<\/strong> <strong>kter\u00fd p\u0159edstavuje asi 75 \u2013 80 %\u00a0plicn\u00edch n\u00e1dor\u016f<\/strong>. Nemalobun\u011b\u010dn\u00fd karcinom plic vykazuje mnohem pomalej\u0161\u00ed r\u016fst ne\u017e malobun\u011b\u010dn\u00fd karcinom, a&nbsp;z\u00a0toho d\u016fvodu\u00a0 existuje\u00a0 v\u011bt\u0161\u00ed mo\u017enost chirurgick\u00e9ho odstran\u011bn\u00ed, ale pouze za p\u0159edpokladu, \u017ee n\u00e1dor ji\u017e nevytvo\u0159il metastatick\u00e1 lo\u017eiska.<\/p>\n<\/div>\n<\/div>\n<div class=\"gdc_column gdc_chalf\">\n<div class=\"gdc_inner\">\n<h3>P\u0159\u00edznaky karcinomu plic<\/h3>\n<p>Neexistuj\u00ed \u010dasn\u00e9 varovn\u00e9 sign\u00e1ly, kter\u00e9 by umo\u017enily zachytit nemoc v&nbsp;po\u010d\u00e1te\u010dn\u00edm stadiu. Jakmile se p\u0159\u00edznaky nemoci objev\u00ed, je u\u017e n\u00e1dor ve stadiu pokro\u010dil\u00e9m. Ob\u010das b\u00fdv\u00e1 n\u00e1dor mal\u00e9ho rozsahu objeven p\u0159i vy\u0161et\u0159ov\u00e1n\u00ed jin\u00e9 nemoci.<\/p>\n<p><strong>P\u0159\u00edznakem rakoviny plic<\/strong>\u00a0m\u016f\u017ee b\u00fdt\u00a0nov\u011b vznikl\u00fd dlouhotrvaj\u00edc\u00ed ka\u0161el nebo zm\u011bna charakteru chronick\u00e9ho ku\u0159\u00e1ck\u00e9ho ka\u0161le. \u00a0V dob\u011b stanoven\u00ed diagn\u00f3zy plicn\u00edho n\u00e1doru trp\u00ed ka\u0161lem asi\u00a080&nbsp;% nemocn\u00fdch. Dal\u0161\u00edm p\u0159\u00edznakem je\u00a0vyka\u0161l\u00e1v\u00e1n\u00ed krve\u00a0nebo p\u0159\u00edtomnost nitek krve ve vyka\u0161l\u00e1van\u00e9m hlenu. B\u011b\u017en\u00e9 jsou\u00a0z\u00e1n\u011bty plic, kter\u00e9 neustupuj\u00ed\u00a0p\u0159i l\u00e9\u010db\u011b\u00a0antibiotiky nebo se opakovan\u011b obnovuj\u00ed na&nbsp;stejn\u00e9m m\u00edst\u011b.<\/p>\n<\/div>\n<\/div>\n<\/div>\n","protected":false},"excerpt":{"rendered":"","protected":false},"author":1,"featured_media":4834,"parent":4823,"menu_order":208,"comment_status":"closed","ping_status":"closed","template":"template-service-detail-with-sidebar.php","meta":{"footnotes":""},"class_list":["post-4833","page","type-page","status-publish","has-post-thumbnail","hentry"],"acf":[],"aioseo_notices":[],"_links":{"self":[{"href":"https:\/\/www.ptc.cz\/hr\/wp-json\/wp\/v2\/pages\/4833","targetHints":{"allow":["GET"]}}],"collection":[{"href":"https:\/\/www.ptc.cz\/hr\/wp-json\/wp\/v2\/pages"}],"about":[{"href":"https:\/\/www.ptc.cz\/hr\/wp-json\/wp\/v2\/types\/page"}],"author":[{"embeddable":true,"href":"https:\/\/www.ptc.cz\/hr\/wp-json\/wp\/v2\/users\/1"}],"replies":[{"embeddable":true,"href":"https:\/\/www.ptc.cz\/hr\/wp-json\/wp\/v2\/comments?post=4833"}],"version-history":[{"count":1,"href":"https:\/\/www.ptc.cz\/hr\/wp-json\/wp\/v2\/pages\/4833\/revisions"}],"predecessor-version":[{"id":4852,"href":"https:\/\/www.ptc.cz\/hr\/wp-json\/wp\/v2\/pages\/4833\/revisions\/4852"}],"up":[{"embeddable":true,"href":"https:\/\/www.ptc.cz\/hr\/wp-json\/wp\/v2\/pages\/4823"}],"wp:featuredmedia":[{"embeddable":true,"href":"https:\/\/www.ptc.cz\/hr\/wp-json\/wp\/v2\/media\/4834"}],"wp:attachment":[{"href":"https:\/\/www.ptc.cz\/hr\/wp-json\/wp\/v2\/media?parent=4833"}],"curies":[{"name":"wp","href":"https:\/\/api.w.org\/{rel}","templated":true}]}}