{"id":4858,"date":"2024-02-23T10:57:18","date_gmt":"2024-02-23T09:57:18","guid":{"rendered":"https:\/\/www.ptc.cz\/sto-lijecimo\/zazivaci-trakt\/protonova-lecba-zazivaciho-traktu\/vyhody-protonove-lecby\/"},"modified":"2024-06-21T14:06:01","modified_gmt":"2024-06-21T12:06:01","slug":"prednosti-protonske-terapije","status":"publish","type":"page","link":"https:\/\/www.ptc.cz\/hr\/sto-lijecimo\/probavni-trakt\/protonska-terapija-probavnog-trakta\/prednosti-protonske-terapije\/","title":{"rendered":"Prednosti protonske terapije"},"content":{"rendered":"<h3>V\u00fdhody protonov\u00e9 l\u00e9\u010dby<\/h3>\n<ul>\n<li><strong class=\"custom-bold\">Umo\u017e\u0148uje pou\u017eit\u00ed radioterapie<\/strong> i&nbsp;p\u0159i onemocn\u011bn\u00edch (situac\u00edch), kter\u00e9 dosud nebylo mo\u017en\u00e9 l\u00e9\u010dit<strong>\u00a0konven\u010dn\u00ed radioterapi\u00ed.<\/strong><\/li>\n<li><strong><strong class=\"custom-bold\">Umo\u017e\u0148uje sn\u00ed\u017een\u00ed po\u010dtu frakc\u00ed<\/strong> a&nbsp;<strong class=\"custom-bold\">zkr\u00e1cen\u00ed doby oza\u0159ov\u00e1n\u00ed<\/strong><\/strong><strong class=\"custom-bold\">,<\/strong>\u00a0co\u017e vede k&nbsp;dal\u0161\u00edmu sn\u00ed\u017een\u00ed rizika vzniku r\u016fzn\u00fdch komplikac\u00ed.<\/li>\n<li><strong class=\"custom-bold\">Umo\u017e\u0148uje dod\u00e1n\u00ed vy\u0161\u0161\u00ed d\u00e1vky<\/strong>\u00a0z\u00e1\u0159en\u00ed, a&nbsp;t\u00edm zvy\u0161uje \u0161ance na&nbsp;zni\u010den\u00ed n\u00e1doru.<\/li>\n<li><strong class=\"custom-bold\">Minimalizuje ne\u017e\u00e1douc\u00ed oz\u00e1\u0159en\u00ed<\/strong> zdrav\u00fdch tk\u00e1n\u00ed a&nbsp;org\u00e1n\u016f, a&nbsp;t\u00edm sni\u017euje riziko vzniku dal\u0161\u00edch ne\u017e\u00e1douc\u00edch komplikac\u00ed.<\/li>\n<li>V\u00fdznamn\u011b \u0161et\u0159\u00ed kl\u00ed\u010dov\u00e9 bu\u0148ky imunitn\u00edho syst\u00e9mu.<\/li>\n<\/ul>\n","protected":false},"excerpt":{"rendered":"<p>V\u00fdhody protonov\u00e9 l\u00e9\u010dby Umo\u017e\u0148uje pou\u017eit\u00ed radioterapie i&nbsp;p\u0159i onemocn\u011bn\u00edch (situac\u00edch), kter\u00e9 dosud nebylo mo\u017en\u00e9 l\u00e9\u010dit\u00a0konven\u010dn\u00ed radioterapi\u00ed. Umo\u017e\u0148uje sn\u00ed\u017een\u00ed po\u010dtu frakc\u00ed a&nbsp;zkr\u00e1cen\u00ed doby oza\u0159ov\u00e1n\u00ed,\u00a0co\u017e vede k&nbsp;dal\u0161\u00edmu sn\u00ed\u017een\u00ed rizika vzniku r\u016fzn\u00fdch komplikac\u00ed. Umo\u017e\u0148uje dod\u00e1n\u00ed vy\u0161\u0161\u00ed d\u00e1vky\u00a0z\u00e1\u0159en\u00ed, a&nbsp;t\u00edm zvy\u0161uje \u0161ance na&nbsp;zni\u010den\u00ed n\u00e1doru. Minimalizuje ne\u017e\u00e1douc\u00ed oz\u00e1\u0159en\u00ed zdrav\u00fdch tk\u00e1n\u00ed a&nbsp;org\u00e1n\u016f, a&nbsp;t\u00edm sni\u017euje riziko vzniku dal\u0161\u00edch ne\u017e\u00e1douc\u00edch komplikac\u00ed. V\u00fdznamn\u011b \u0161et\u0159\u00ed kl\u00ed\u010dov\u00e9 bu\u0148ky&#8230;<\/p>\n","protected":false},"author":5,"featured_media":0,"parent":4857,"menu_order":227,"comment_status":"closed","ping_status":"closed","template":"template-service-detail-with-sidebar.php","meta":{"footnotes":""},"class_list":["post-4858","page","type-page","status-publish","hentry"],"acf":[],"aioseo_notices":[],"_links":{"self":[{"href":"https:\/\/www.ptc.cz\/hr\/wp-json\/wp\/v2\/pages\/4858","targetHints":{"allow":["GET"]}}],"collection":[{"href":"https:\/\/www.ptc.cz\/hr\/wp-json\/wp\/v2\/pages"}],"about":[{"href":"https:\/\/www.ptc.cz\/hr\/wp-json\/wp\/v2\/types\/page"}],"author":[{"embeddable":true,"href":"https:\/\/www.ptc.cz\/hr\/wp-json\/wp\/v2\/users\/5"}],"replies":[{"embeddable":true,"href":"https:\/\/www.ptc.cz\/hr\/wp-json\/wp\/v2\/comments?post=4858"}],"version-history":[{"count":1,"href":"https:\/\/www.ptc.cz\/hr\/wp-json\/wp\/v2\/pages\/4858\/revisions"}],"predecessor-version":[{"id":4874,"href":"https:\/\/www.ptc.cz\/hr\/wp-json\/wp\/v2\/pages\/4858\/revisions\/4874"}],"up":[{"embeddable":true,"href":"https:\/\/www.ptc.cz\/hr\/wp-json\/wp\/v2\/pages\/4857"}],"wp:attachment":[{"href":"https:\/\/www.ptc.cz\/hr\/wp-json\/wp\/v2\/media?parent=4858"}],"curies":[{"name":"wp","href":"https:\/\/api.w.org\/{rel}","templated":true}]}}