{"id":4859,"date":"2023-08-17T16:19:56","date_gmt":"2023-08-17T14:19:56","guid":{"rendered":"https:\/\/www.ptc.cz\/sto-lijecimo\/zazivaci-trakt\/proc-zvolit-protonovou-lecbu\/"},"modified":"2024-06-21T14:06:10","modified_gmt":"2024-06-21T12:06:10","slug":"zasto-odabrati-protonsko-lijecenje","status":"publish","type":"page","link":"https:\/\/www.ptc.cz\/hr\/sto-lijecimo\/probavni-trakt\/zasto-odabrati-protonsko-lijecenje\/","title":{"rendered":"Za\u0161to odabrati protonsko lije\u010denje"},"content":{"rendered":"<h3>V\u00fdhody protonov\u00e9 l\u00e9\u010dby p\u0159i oza\u0159ov\u00e1n\u00ed n\u00e1dor\u016f za\u017e\u00edvac\u00edho traktu proti b\u011b\u017en\u00e9 radioterapii<\/h3>\n<p><strong>Protonov\u00e1 l\u00e9\u010dba je \u0161etrn\u011bj\u0161\u00ed,<\/strong> <strong>proto\u017ee dok\u00e1\u017ee sn\u00ed\u017eit z\u00e1t\u011b\u017e okoln\u00edch tk\u00e1n\u00ed a&nbsp;org\u00e1n\u016f ne\u017e\u00e1douc\u00edm z\u00e1\u0159en\u00edm, a&nbsp;t\u00edm v\u00fdznamn\u011b sn\u00ed\u017eit riziko komplikac\u00ed spojen\u00fdch s&nbsp;l\u00e9\u010dbou. Umo\u017e\u0148uje <\/strong>pou\u017eit\u00ed radioterapie i&nbsp;p\u0159i onemocn\u011bn\u00edch (situac\u00edch), kter\u00e9 dosud nebylo mo\u017en\u00e9 l\u00e9\u010dit\u00a0<strong>\u00a0konven\u010dn\u00ed radioterapi\u00ed.<\/strong><\/p>\n<ul>\n<li>U n\u00e1dor\u016f j\u00edcnu <strong>v\u00fdznamn\u011b sni\u017euje<\/strong> ne\u017e\u00e1douc\u00ed oz\u00e1\u0159en\u00ed srdce a&nbsp;plic.<\/li>\n<li><strong>Minimalizuje oz\u00e1\u0159en\u00ed<\/strong> mo\u010dov\u00e9ho m\u011bch\u00fd\u0159e a&nbsp;ledvin, tenk\u00e9ho st\u0159eva a&nbsp;dal\u0161\u00edch org\u00e1n\u016f dutiny b\u0159i\u0161n\u00ed.<\/li>\n<li><strong>Minimalizuje d\u00e1vky<\/strong> z\u00e1\u0159en\u00ed na&nbsp;m\u00edchu.<\/li>\n<li><strong>Umo\u017e\u0148uje sn\u00ed\u017een\u00ed po\u010dtu frakc\u00ed a&nbsp;zkr\u00e1cen\u00ed doby oza\u0159ov\u00e1n\u00ed<\/strong>, co\u017e vede k&nbsp;dal\u0161\u00edmu sn\u00ed\u017een\u00ed rizika vzniku r\u016fzn\u00fdch komplikac\u00ed.<\/li>\n<li><strong>Umo\u017e\u0148uje dod\u00e1n\u00ed vy\u0161\u0161\u00ed d\u00e1vky<\/strong> z\u00e1\u0159en\u00ed, a&nbsp;t\u00edm zvy\u0161uje \u0161ance na&nbsp;zni\u010den\u00ed n\u00e1doru.<\/li>\n<\/ul>\n<h3>Na z\u00e1klad\u011b celosv\u011btov\u00fdch zku\u0161enost\u00ed a&nbsp;dlouhodob\u00fdch v\u00fdsledk\u016f u&nbsp;odl\u00e9\u010den\u00fdch pacient\u016f je z\u0159ejm\u00e9, \u017ee pacienti po protonov\u00e9 l\u00e9\u010db\u011b si zachov\u00e1vaj\u00ed vysokou kvalitu \u017eivota ve srovn\u00e1n\u00ed s&nbsp;ostatn\u00edmi mo\u017enostmi l\u00e9\u010dby.<\/h3>\n<h5><span style=\"color: #ce9fc9;\">\u2e3a<\/span><\/h5>\n<h4 style=\"text-align: left;\"><strong>Na schematick\u00e9m obr\u00e1zku je zn\u00e1zorn\u011bno rozlo\u017een\u00ed d\u00e1vky z\u00e1\u0159en\u00ed v&nbsp;t\u011ble p\u0159i pou\u017eit\u00ed protonov\u00e9 a&nbsp;fotonov\u00e9 terapie.\u00a0<\/strong><\/h4>\n<p style=\"text-align: left;\">Je patrn\u00e9, \u017ee protonov\u00fd svazek oza\u0159uje pouze tzv. c\u00edlov\u00fd objem (oblast, kde se nach\u00e1z\u00ed nebo nach\u00e1zel n\u00e1dor), tedy z\u00e1\u0159en\u00ed je sm\u011brov\u00e1no tak\u0159ka v\u00fdlu\u010dn\u011b jenom do tk\u00e1n\u011b, kter\u00e1 je posti\u017een\u00e1. Naopak fotonov\u00e9 z\u00e1\u0159en\u00ed d\u00edky sv\u00fdm fyzik\u00e1ln\u00edm vlastnostem zasahuje v\u00fdznamn\u011b i\u00a0okoln\u00ed zdrav\u00e9 struktury.<\/p>\n<div class=\"gdc_row\">\n<div class=\"gdc_column gdc_chalf\">\n<div class=\"gdc_inner\">\n<p><img loading=\"lazy\" decoding=\"async\" class=\"alignnone wp-image-2439\" src=\"https:\/\/www.ptc.cz\/wp-content\/uploads\/2024\/04\/GIT-_-porovnani-proton-1000x12000-1-250x300.jpg\" alt=\"\" width=\"450\" height=\"540\" srcset=\"https:\/\/www.ptc.cz\/wp-content\/uploads\/2024\/04\/GIT-_-porovnani-proton-1000x12000-1-250x300.jpg 250w, https:\/\/www.ptc.cz\/wp-content\/uploads\/2024\/04\/GIT-_-porovnani-proton-1000x12000-1-768x922.jpg 768w, https:\/\/www.ptc.cz\/wp-content\/uploads\/2024\/04\/GIT-_-porovnani-proton-1000x12000-1.jpg 1000w\" sizes=\"auto, (max-width: 450px) 100vw, 450px\" \/><\/p>\n<\/div>\n<\/div>\n<div class=\"gdc_column gdc_chalf\">\n<div class=\"gdc_inner\">\n<p><img loading=\"lazy\" decoding=\"async\" class=\"alignnone wp-image-2438\" src=\"https:\/\/www.ptc.cz\/wp-content\/uploads\/2024\/04\/GIT-_-porovnani-foton-1000x12000-1-250x300.jpg\" alt=\"\" width=\"450\" height=\"540\" srcset=\"https:\/\/www.ptc.cz\/wp-content\/uploads\/2024\/04\/GIT-_-porovnani-foton-1000x12000-1-250x300.jpg 250w, https:\/\/www.ptc.cz\/wp-content\/uploads\/2024\/04\/GIT-_-porovnani-foton-1000x12000-1-768x922.jpg 768w, https:\/\/www.ptc.cz\/wp-content\/uploads\/2024\/04\/GIT-_-porovnani-foton-1000x12000-1.jpg 1000w\" sizes=\"auto, (max-width: 450px) 100vw, 450px\" \/><\/p>\n<\/div>\n<\/div>\n<\/div>\n","protected":false},"excerpt":{"rendered":"<p>V\u00fdhody protonov\u00e9 l\u00e9\u010dby p\u0159i oza\u0159ov\u00e1n\u00ed n\u00e1dor\u016f za\u017e\u00edvac\u00edho traktu proti b\u011b\u017en\u00e9 radioterapii Protonov\u00e1 l\u00e9\u010dba je \u0161etrn\u011bj\u0161\u00ed, proto\u017ee dok\u00e1\u017ee sn\u00ed\u017eit z\u00e1t\u011b\u017e okoln\u00edch tk\u00e1n\u00ed a&nbsp;org\u00e1n\u016f ne\u017e\u00e1douc\u00edm z\u00e1\u0159en\u00edm, a&nbsp;t\u00edm v\u00fdznamn\u011b sn\u00ed\u017eit riziko komplikac\u00ed spojen\u00fdch s&nbsp;l\u00e9\u010dbou. Umo\u017e\u0148uje pou\u017eit\u00ed radioterapie i&nbsp;p\u0159i onemocn\u011bn\u00edch (situac\u00edch), kter\u00e9 dosud nebylo mo\u017en\u00e9 l\u00e9\u010dit\u00a0\u00a0konven\u010dn\u00ed radioterapi\u00ed. U&nbsp;n\u00e1dor\u016f j\u00edcnu v\u00fdznamn\u011b sni\u017euje ne\u017e\u00e1douc\u00ed oz\u00e1\u0159en\u00ed srdce a&nbsp;plic. Minimalizuje oz\u00e1\u0159en\u00ed mo\u010dov\u00e9ho&#8230;<\/p>\n","protected":false},"author":1,"featured_media":4830,"parent":4855,"menu_order":229,"comment_status":"closed","ping_status":"closed","template":"template-service-detail-with-sidebar.php","meta":{"footnotes":""},"class_list":["post-4859","page","type-page","status-publish","has-post-thumbnail","hentry"],"acf":[],"aioseo_notices":[],"_links":{"self":[{"href":"https:\/\/www.ptc.cz\/hr\/wp-json\/wp\/v2\/pages\/4859","targetHints":{"allow":["GET"]}}],"collection":[{"href":"https:\/\/www.ptc.cz\/hr\/wp-json\/wp\/v2\/pages"}],"about":[{"href":"https:\/\/www.ptc.cz\/hr\/wp-json\/wp\/v2\/types\/page"}],"author":[{"embeddable":true,"href":"https:\/\/www.ptc.cz\/hr\/wp-json\/wp\/v2\/users\/1"}],"replies":[{"embeddable":true,"href":"https:\/\/www.ptc.cz\/hr\/wp-json\/wp\/v2\/comments?post=4859"}],"version-history":[{"count":1,"href":"https:\/\/www.ptc.cz\/hr\/wp-json\/wp\/v2\/pages\/4859\/revisions"}],"predecessor-version":[{"id":4881,"href":"https:\/\/www.ptc.cz\/hr\/wp-json\/wp\/v2\/pages\/4859\/revisions\/4881"}],"up":[{"embeddable":true,"href":"https:\/\/www.ptc.cz\/hr\/wp-json\/wp\/v2\/pages\/4855"}],"wp:featuredmedia":[{"embeddable":true,"href":"https:\/\/www.ptc.cz\/hr\/wp-json\/wp\/v2\/media\/4830"}],"wp:attachment":[{"href":"https:\/\/www.ptc.cz\/hr\/wp-json\/wp\/v2\/media?parent=4859"}],"curies":[{"name":"wp","href":"https:\/\/api.w.org\/{rel}","templated":true}]}}