{"id":4862,"date":"2024-02-23T15:11:14","date_gmt":"2024-02-23T14:11:14","guid":{"rendered":"https:\/\/www.ptc.cz\/sto-lijecimo\/zazivaci-trakt\/proc-zvolit-protonovou-lecbu\/ozarovani-v-rizenem-nadechu\/"},"modified":"2024-06-21T14:06:20","modified_gmt":"2024-06-21T12:06:20","slug":"zracenje-uz-kontrolirano-disanje","status":"publish","type":"page","link":"https:\/\/www.ptc.cz\/hr\/sto-lijecimo\/probavni-trakt\/zasto-odabrati-protonsko-lijecenje\/zracenje-uz-kontrolirano-disanje\/","title":{"rendered":"Zra\u010denje uz kontrolirano disanje"},"content":{"rendered":"<div class=\"gdc_row\">\n<div class=\"gdc_column gdc_chalf\">\n<div class=\"gdc_inner\">\n<p><strong>Proto\u017ee d\u00fdchac\u00ed pohyby mohou naru\u0161it spr\u00e1vnost a&nbsp;p\u0159esnost proveden\u00ed protonov\u00e9ho oz\u00e1\u0159en\u00ed, pro radioterapii vybran\u00fdch n\u00e1dor\u016f za\u017e\u00edvac\u00edho traktu vyu\u017e\u00edv\u00e1me tak\u00e9 metodu \u0159\u00edzen\u00e9ho n\u00e1dechu.<\/strong> K\u00a0tomu slou\u017e\u00ed p\u0159\u00edstroj Dyn\u2019R.<\/p>\n<p>Metoda oza\u0159ov\u00e1n\u00ed s\u00a0\u0159\u00edzen\u00fdm d\u00fdchan\u00edm je zvolena proto, \u017ee je d\u016fle\u017eit\u00e9, aby\u00a0<strong>oza\u0159ovan\u00e1 \u010d\u00e1st t\u011bla (objem) byla oz\u00e1\u0159ena ka\u017ed\u00fd den stejn\u011b.<\/strong> Jeliko\u017e se v\u0161ak tento oza\u0159ovan\u00fd objem pohybuje v&nbsp;z\u00e1vislosti na&nbsp;d\u00fdch\u00e1n\u00ed, mus\u00edme zajistit, aby va\u0161e t\u011blo bylo v\u017edy ve stejn\u00e9 pozici. To se nejl\u00e9pe provede pr\u00e1v\u011b zadr\u017een\u00edm dechu v&nbsp;ur\u010dit\u00e9 hladin\u011b. Pro stanoven\u00ed t\u00e9to hladiny proto nejprve podstoup\u00edte tzv. n\u00e1cvik \u0159\u00edzen\u00e9ho d\u00fdch\u00e1n\u00ed (n\u00e1cvik Dyn\u2019Ru).<\/p>\n<p><strong>N\u00e1cvik \u0159\u00edzen\u00e9ho d\u00fdch\u00e1n\u00ed<\/strong>\u00a0prob\u00edh\u00e1 vle\u017ee na&nbsp;z\u00e1dech p\u0159i p\u0159ipojen\u00ed na&nbsp;spirometr pomoc\u00ed antibakteri\u00e1ln\u00edho filtru a&nbsp;n\u00e1ustku. Nos je scvaknut\u00fd kol\u00ed\u010dkem, aby ve\u0161ker\u00fd vydechovan\u00fd vzduch proudil \u00fasty. Na&nbsp;o\u010di v\u00e1m nasad\u00edme speci\u00e1ln\u00ed br\u00fdle, kde budete sledovat pokyny k\u00a0d\u00fdch\u00e1n\u00ed. N\u00e1\u0161 zku\u0161en\u00fd zam\u011bstnanec v\u00e1s cel\u00fdm procesem n\u00e1cviku trp\u011bliv\u011b provede\u00a0 a&nbsp;v\u0161e si budete m\u00edt mo\u017enost dostate\u010dn\u011b vyzkou\u0161et.\u00a0Nemus\u00edte m\u00edt z&nbsp;ni\u010deho obavy.<\/p>\n<\/div>\n<\/div>\n<div class=\"gdc_column gdc_chalf\">\n<div class=\"gdc_inner\">\n<p><img decoding=\"async\" class=\"is-loaded\" src=\"https:\/\/www.ptc.cz\/uploads\/thumbs\/prsy-zarizeni-1200x1200.png\" alt=\"N\u00e1cvik \u0159\u00edzen\u00e9ho d\u00fdch\u00e1n\u00ed\" width=\"600\" data-src=\"\/uploads\/thumbs\/prsy-zarizeni-1200x1200.png\" \/><\/p>\n<\/div>\n<\/div>\n<\/div>\n","protected":false},"excerpt":{"rendered":"","protected":false},"author":5,"featured_media":0,"parent":4859,"menu_order":234,"comment_status":"closed","ping_status":"closed","template":"template-service-detail-with-sidebar.php","meta":{"footnotes":""},"class_list":["post-4862","page","type-page","status-publish","hentry"],"acf":[],"aioseo_notices":[],"_links":{"self":[{"href":"https:\/\/www.ptc.cz\/hr\/wp-json\/wp\/v2\/pages\/4862","targetHints":{"allow":["GET"]}}],"collection":[{"href":"https:\/\/www.ptc.cz\/hr\/wp-json\/wp\/v2\/pages"}],"about":[{"href":"https:\/\/www.ptc.cz\/hr\/wp-json\/wp\/v2\/types\/page"}],"author":[{"embeddable":true,"href":"https:\/\/www.ptc.cz\/hr\/wp-json\/wp\/v2\/users\/5"}],"replies":[{"embeddable":true,"href":"https:\/\/www.ptc.cz\/hr\/wp-json\/wp\/v2\/comments?post=4862"}],"version-history":[{"count":2,"href":"https:\/\/www.ptc.cz\/hr\/wp-json\/wp\/v2\/pages\/4862\/revisions"}],"predecessor-version":[{"id":4883,"href":"https:\/\/www.ptc.cz\/hr\/wp-json\/wp\/v2\/pages\/4862\/revisions\/4883"}],"up":[{"embeddable":true,"href":"https:\/\/www.ptc.cz\/hr\/wp-json\/wp\/v2\/pages\/4859"}],"wp:attachment":[{"href":"https:\/\/www.ptc.cz\/hr\/wp-json\/wp\/v2\/media?parent=4862"}],"curies":[{"name":"wp","href":"https:\/\/api.w.org\/{rel}","templated":true}]}}