{"id":4893,"date":"2023-08-17T16:13:29","date_gmt":"2023-08-17T14:13:29","guid":{"rendered":"https:\/\/www.ptc.cz\/sto-lijecimo\/centralni-nervovy-system\/protonova-lecba-centralniho-nervoveho-systemu\/"},"modified":"2024-06-21T14:09:52","modified_gmt":"2024-06-21T12:09:52","slug":"protonska-terapija-tumora-cns-a","status":"publish","type":"page","link":"https:\/\/www.ptc.cz\/hr\/sto-lijecimo\/sredisnji-zivcani-sustav\/protonska-terapija-tumora-cns-a\/","title":{"rendered":"Protonska terapija tumora CNS-a"},"content":{"rendered":"<p><strong>Radioterapie m\u00e1 v&nbsp;l\u00e9\u010db\u011b n\u00e1dor\u016f CNS svou nezastupitelnou roli. Protonov\u00e1 radioterapie p\u0159in\u00e1\u0161\u00ed v&nbsp;l\u00e9\u010db\u011b n\u00e1dor\u016f mozku a&nbsp;m\u00edchy zcela nov\u00e9 mo\u017enosti. Zvl\u00e1\u0161t\u011b v&nbsp;p\u0159\u00edpad\u011b n\u00e1dor\u016f inoperabiln\u00edch z&nbsp;d\u016fvodu lokalizace v&nbsp;bl\u00edzkosti \u00a0\u017eivotn\u011b d\u016fle\u017eit\u00fdch oblast\u00ed nebo po nekompletn\u011b proveden\u00fdch exstirpac\u00edch (operac\u00edch) protonov\u00e1 radioterapie v\u00fdznamn\u011b zlep\u0161uje l\u00e9\u010debn\u00e9 v\u00fdsledky p\u0159i zachov\u00e1n\u00ed dobr\u00e9 kvality \u017eivota pacienta.<\/strong><\/p>\n<p><strong>Protonov\u00e9 centrum v&nbsp;Praze pou\u017e\u00edv\u00e1 inovativn\u00ed postupy l\u00e9\u010dby<\/strong>, kter\u00e9 <strong>minimalizuj\u00ed ne\u017e\u00e1douc\u00ed oz\u00e1<\/strong>\u0159<strong>en\u00ed<\/strong> okoln\u00edch zdrav\u00fdch tk\u00e1n\u00ed, jako je nap\u0159. zrakov\u00fd a&nbsp;sluchov\u00fd nerv, hippocampus nebo mozkov\u00fd kmen apod. P\u0159\u00ednos protonov\u00e9 radioterapie centr\u00e1ln\u00ed nervov\u00e9 soustavy se tak projevuje ji\u017e v\u00a0pr\u016fb\u011bhu l\u00e9\u010dby, kdy naprost\u00e1 v\u011bt\u0161ina pacient\u016f zvl\u00e1dne l\u00e9\u010dbu bez hospitalizace.<\/p>\n<h3>Protonov\u00e1 terapie se vyu\u017e\u00edv\u00e1 zejm\u00e9na k&nbsp;l\u00e9\u010db\u011b:<\/h3>\n<ul>\n<li><strong>n\u00e1dor\u016f baze lebn\u00ed (chordomy a&nbsp;chondrosarkomy),<\/strong><\/li>\n<li><strong>meningeom\u016f,<\/strong><\/li>\n<li><strong>gliom\u016f s&nbsp;n\u00edzk\u00fdm stupn\u011bm malignity,<\/strong><\/li>\n<li><strong>pituit\u00e1rn\u00edch adenom\u016f,<\/strong><\/li>\n<li><strong>neurinom\u016f akustiku,<\/strong><\/li>\n<li><strong>kraniofaryngeom\u016f,<\/strong><\/li>\n<li><strong>meduloblastom\u016f.<\/strong><\/li>\n<\/ul>\n","protected":false},"excerpt":{"rendered":"<p>Radioterapie m\u00e1 v&nbsp;l\u00e9\u010db\u011b n\u00e1dor\u016f CNS svou nezastupitelnou roli. Protonov\u00e1 radioterapie p\u0159in\u00e1\u0161\u00ed v&nbsp;l\u00e9\u010db\u011b n\u00e1dor\u016f mozku a&nbsp;m\u00edchy zcela nov\u00e9 mo\u017enosti. Zvl\u00e1\u0161t\u011b v&nbsp;p\u0159\u00edpad\u011b n\u00e1dor\u016f inoperabiln\u00edch z&nbsp;d\u016fvodu lokalizace v&nbsp;bl\u00edzkosti \u00a0\u017eivotn\u011b d\u016fle\u017eit\u00fdch oblast\u00ed nebo po nekompletn\u011b proveden\u00fdch exstirpac\u00edch (operac\u00edch) protonov\u00e1 radioterapie v\u00fdznamn\u011b zlep\u0161uje l\u00e9\u010debn\u00e9 v\u00fdsledky p\u0159i zachov\u00e1n\u00ed dobr\u00e9 kvality \u017eivota pacienta. Protonov\u00e9 centrum v&nbsp;Praze pou\u017e\u00edv\u00e1 inovativn\u00ed postupy l\u00e9\u010dby, kter\u00e9 minimalizuj\u00ed&#8230;<\/p>\n","protected":false},"author":1,"featured_media":4826,"parent":4890,"menu_order":262,"comment_status":"closed","ping_status":"closed","template":"template-service-detail-with-sidebar.php","meta":{"footnotes":""},"class_list":["post-4893","page","type-page","status-publish","has-post-thumbnail","hentry"],"acf":[],"aioseo_notices":[],"_links":{"self":[{"href":"https:\/\/www.ptc.cz\/hr\/wp-json\/wp\/v2\/pages\/4893","targetHints":{"allow":["GET"]}}],"collection":[{"href":"https:\/\/www.ptc.cz\/hr\/wp-json\/wp\/v2\/pages"}],"about":[{"href":"https:\/\/www.ptc.cz\/hr\/wp-json\/wp\/v2\/types\/page"}],"author":[{"embeddable":true,"href":"https:\/\/www.ptc.cz\/hr\/wp-json\/wp\/v2\/users\/1"}],"replies":[{"embeddable":true,"href":"https:\/\/www.ptc.cz\/hr\/wp-json\/wp\/v2\/comments?post=4893"}],"version-history":[{"count":1,"href":"https:\/\/www.ptc.cz\/hr\/wp-json\/wp\/v2\/pages\/4893\/revisions"}],"predecessor-version":[{"id":4907,"href":"https:\/\/www.ptc.cz\/hr\/wp-json\/wp\/v2\/pages\/4893\/revisions\/4907"}],"up":[{"embeddable":true,"href":"https:\/\/www.ptc.cz\/hr\/wp-json\/wp\/v2\/pages\/4890"}],"wp:featuredmedia":[{"embeddable":true,"href":"https:\/\/www.ptc.cz\/hr\/wp-json\/wp\/v2\/media\/4826"}],"wp:attachment":[{"href":"https:\/\/www.ptc.cz\/hr\/wp-json\/wp\/v2\/media?parent=4893"}],"curies":[{"name":"wp","href":"https:\/\/api.w.org\/{rel}","templated":true}]}}