{"id":4924,"date":"2024-01-19T12:57:30","date_gmt":"2024-01-19T11:57:30","guid":{"rendered":"https:\/\/www.ptc.cz\/sto-lijecimo\/hlava-a-krk\/protonova-lecba-hlavy-a-krku\/nadory-orl-oblasti-lecene-v-ptc\/"},"modified":"2024-06-21T14:15:26","modified_gmt":"2024-06-21T12:15:26","slug":"tumori-orl-podrucja-lijeceni-u-ptc-u","status":"publish","type":"page","link":"https:\/\/www.ptc.cz\/hr\/sto-lijecimo\/glava-i-vrat\/protonska-terapija-glave-i-vrata\/tumori-orl-podrucja-lijeceni-u-ptc-u\/","title":{"rendered":"Tumori ORL podru\u010dja lije\u010deni u&nbsp;PTC-u"},"content":{"rendered":"<h3>N\u00e1dory oblasti hlavy a&nbsp;krku se daj\u00ed rozd\u011blit do \u010dty\u0159 oblast\u00ed.<\/h3>\n<div class=\"gdc_row\">\n<div class=\"gdc_column gdc_chalf\">\n<div class=\"gdc_inner\">\n<p>Prvn\u00ed v&nbsp;PTC l\u00e9\u010denou diagn\u00f3zou jsou n\u00e1dory <strong><span style=\"color: #96bc53;\">vedlej\u0161\u00edch dutin nosn\u00edch<\/span> <\/strong>(\u010deln\u00ed dutina, oblast mezi o\u010dima). B\u011b\u017enou radioterapi\u00ed jsou tyto oblasti v&nbsp;podstat\u011b neoz\u00e1\u0159iteln\u00e9 spr\u00e1vn\u00fdm zp\u016fsobem. Tato diagn\u00f3za tvo\u0159\u00ed nejv\u011bt\u0161\u00ed skupinu na\u0161ich pacient\u016f.<\/p>\n<p>Druhou d\u016fle\u017eitou skupinou jsou pacienti s&nbsp;<span style=\"color: #96bc53;\"><strong>n\u00e1dory nosohltanu<\/strong><\/span> \u2013 to je pom\u011brn\u011b specifick\u00e1 diagn\u00f3za, vznikaj\u00edc\u00ed p\u0159edev\u0161\u00edm u&nbsp;mlad\u0161\u00edch pacient\u016f mezi 20 \u2013 40 lety \u017eivota. Vyskytuje se v&nbsp;tk\u00e1ni, kter\u00e1 tvo\u0159\u00ed zadn\u00ed st\u011bnu nosohltanu. Jde o&nbsp;pom\u011brn\u011b agresivn\u00ed n\u00e1dory, kter\u00e9 v\u0161ak reaguj\u00ed velmi dob\u0159e na&nbsp;l\u00e9\u010dbu, perspektiva pacient\u016f je velmi dobr\u00e1 \u2013 a\u017e 85&nbsp;% se vyl\u00e9\u010d\u00ed dlouhodob\u011b. Tento typ n\u00e1dor\u016f je ulo\u017een uprost\u0159ed lebky, tak\u017ee standardn\u00ed fotonov\u00e1 metoda je nevhodn\u00e1 \u2013 pozdn\u00ed n\u00e1sledky vznikaj\u00edc\u00ed za 4, 5 let jsou z\u00e1sadn\u00ed.<\/p>\n<\/div>\n<\/div>\n<div class=\"gdc_column gdc_chalf\">\n<div class=\"gdc_inner\">\n<p>Dal\u0161\u00ed skupinu tvo\u0159\u00ed <span style=\"color: #96bc53;\"><strong>n\u00e1dory slinn\u00fdch \u017el\u00e1z a&nbsp;p\u0159\u00edu\u0161n\u00ed \u017el\u00e1zy<\/strong><\/span> \u2013 zejm\u00e9na u&nbsp;t\u00e9to diagn\u00f3zy vyu\u017e\u00edv\u00e1me toho, \u017ee n\u00e1dor b\u00fdv\u00e1 lokalizov\u00e1n na&nbsp;stran\u011b hlavy a&nbsp;na&nbsp;povrchu, tak\u017ee proton se zastav\u00ed ve 2 \u2013 3 cm a&nbsp;cel\u00fd zbytek obli\u010deje z\u016fstane bez z\u00e1\u0159en\u00ed.<\/p>\n<p>Z&nbsp;hlediska v\u00fdskytu ale posledn\u00ed dobou velmi intenzivn\u011b nar\u016fst\u00e1 posledn\u00ed skupina n\u00e1dor\u016f, kter\u00e9 l\u00e9\u010d\u00edme \u2013 <span style=\"color: #96bc53;\"><strong>n\u00e1dory kr\u010dn\u00edch mandl\u00ed a&nbsp;ko\u0159ene jazyka<\/strong><\/span>. Postihuje zejm\u00e9na mlad\u0161\u00ed pacienty. Tento typ n\u00e1dor\u016f zp\u016fsobuje stejn\u00fd virus, kter\u00fd je zodpov\u011bdn\u00fd za rakovinu d\u011blo\u017en\u00edho \u010d\u00edpku u&nbsp;\u017een, HPV 16.<\/p>\n<p>P\u0159\u00edle\u017eitostn\u011b se v&nbsp;PTC setk\u00e1v\u00e1me i&nbsp;s&nbsp;n\u00e1dory u\u0161\u00ed, ale jedn\u00e1 se o&nbsp;velice vz\u00e1cn\u00e9 diagn\u00f3zy \u2013 jednotky pacient\u016f.<\/p>\n<\/div>\n<\/div>\n<\/div>\n","protected":false},"excerpt":{"rendered":"<p>N\u00e1dory oblasti hlavy a&nbsp;krku se daj\u00ed rozd\u011blit do \u010dty\u0159 oblast\u00ed.<\/p>\n","protected":false},"author":5,"featured_media":0,"parent":4923,"menu_order":299,"comment_status":"closed","ping_status":"closed","template":"template-service-detail-with-sidebar.php","meta":{"footnotes":""},"class_list":["post-4924","page","type-page","status-publish","hentry"],"acf":[],"aioseo_notices":[],"_links":{"self":[{"href":"https:\/\/www.ptc.cz\/hr\/wp-json\/wp\/v2\/pages\/4924","targetHints":{"allow":["GET"]}}],"collection":[{"href":"https:\/\/www.ptc.cz\/hr\/wp-json\/wp\/v2\/pages"}],"about":[{"href":"https:\/\/www.ptc.cz\/hr\/wp-json\/wp\/v2\/types\/page"}],"author":[{"embeddable":true,"href":"https:\/\/www.ptc.cz\/hr\/wp-json\/wp\/v2\/users\/5"}],"replies":[{"embeddable":true,"href":"https:\/\/www.ptc.cz\/hr\/wp-json\/wp\/v2\/comments?post=4924"}],"version-history":[{"count":2,"href":"https:\/\/www.ptc.cz\/hr\/wp-json\/wp\/v2\/pages\/4924\/revisions"}],"predecessor-version":[{"id":4952,"href":"https:\/\/www.ptc.cz\/hr\/wp-json\/wp\/v2\/pages\/4924\/revisions\/4952"}],"up":[{"embeddable":true,"href":"https:\/\/www.ptc.cz\/hr\/wp-json\/wp\/v2\/pages\/4923"}],"wp:attachment":[{"href":"https:\/\/www.ptc.cz\/hr\/wp-json\/wp\/v2\/media?parent=4924"}],"curies":[{"name":"wp","href":"https:\/\/api.w.org\/{rel}","templated":true}]}}