{"id":4929,"date":"2024-01-19T14:49:05","date_gmt":"2024-01-19T13:49:05","guid":{"rendered":"https:\/\/www.ptc.cz\/sto-lijecimo\/hlava-a-krk\/rakovina-krcni-mandle\/protonova-radioterapie-nadoru-krcni-mandle\/"},"modified":"2024-06-21T14:14:30","modified_gmt":"2024-06-21T12:14:30","slug":"protonska-radioterapija-tumora-krajnika","status":"publish","type":"page","link":"https:\/\/www.ptc.cz\/hr\/sto-lijecimo\/glava-i-vrat\/rak-krajnika\/protonska-radioterapija-tumora-krajnika\/","title":{"rendered":"Protonska radioterapija tumora krajnika"},"content":{"rendered":"<div class=\"gdc_row\">\n<div class=\"gdc_column gdc_chalf\">\n<div class=\"gdc_inner\">\n<p><strong>C\u00edlem modern\u00ed onkologick\u00e9 l\u00e9\u010dby je zajistit pacient\u016fm maxim\u00e1ln\u00ed \u0161anci na&nbsp;vyl\u00e9\u010den\u00ed\u00a0p\u0159i minimalizaci vedlej\u0161\u00edch \u00fa\u010dink\u016f spojen\u00fdch s\u00a0l\u00e9\u010dbou. Tohoto c\u00edle je dnes mo\u017en\u00e9 dos\u00e1hnout pomoc\u00ed\u00a0protonov\u00e9 l\u00e9\u010dby.<\/strong>\u00a0Protonov\u00e1 l\u00e9\u010dba je\u00a0<strong>\u0161etrn\u011bj\u0161\u00ed,<\/strong>\u00a0proto\u017ee dok\u00e1\u017ee sn\u00ed\u017eit z\u00e1t\u011b\u017e okoln\u00edch tk\u00e1n\u00ed a&nbsp;org\u00e1n\u016f ne\u017e\u00e1douc\u00edm z\u00e1\u0159en\u00edm, a&nbsp;t\u00edm v\u00fdznamn\u011b sn\u00ed\u017eit riziko komplikac\u00ed spojen\u00fdch s&nbsp;l\u00e9\u010dbou.<\/p>\n<p><strong>Protonov\u00e1 l\u00e9\u010dba je v\u00fdjime\u010dn\u00e1\u00a0<\/strong>p\u0159edev\u0161\u00edm t\u00edm, \u017ee krom\u011b vynikaj\u00edc\u00edch v\u00fdsledk\u016f prokazateln\u011b sni\u017euje riziko vedlej\u0161\u00edch \u00fa\u010dink\u016f, kter\u00e9 prov\u00e1z\u00ed jin\u00e9 druhy l\u00e9\u010dby.\u00a0Je nesm\u00edrn\u011b u\u017eite\u010dn\u00e1 nap\u0159\u00edklad\u00a0<strong>u n\u00e1dor\u016f kr\u010dn\u00edch mandl\u00ed, <\/strong><strong>u kter\u00fdch umo\u017en\u00ed dodat dostate\u010dn\u011b vysokou d\u00e1vku nutnou ke zni\u010den\u00ed n\u00e1doru.<\/strong><\/p>\n<\/div>\n<\/div>\n<div class=\"gdc_column gdc_chalf\">\n<div class=\"gdc_inner\">\n<h4><span style=\"color: #a0c657;\">Protonov\u00e1 radioterapie umo\u017e\u0148uje:<\/span><\/h4>\n<ul>\n<li>sn\u00ed\u017een\u00ed rizika vzniku polykac\u00edch obt\u00ed\u017e\u00ed a&nbsp;zachov\u00e1n\u00ed schopnosti polyk\u00e1n\u00ed,<\/li>\n<li>v\u00fdznamn\u00e9 sn\u00ed\u017een\u00ed ne\u017e\u00e1douc\u00edho oz\u00e1\u0159en\u00ed m\u00edchy a\u017e o&nbsp;80&nbsp;% a&nbsp;p\u0159edch\u00e1z\u00ed vzniku myelopatie,<\/li>\n<li>redukci d\u00e1vky z\u00e1\u0159en\u00ed na&nbsp;slinn\u00e9 \u017el\u00e1zy, tak\u017ee pacient nep\u0159ich\u00e1z\u00ed o&nbsp;sliny,<\/li>\n<li>redukci d\u00e1vky z\u00e1\u0159en\u00ed na&nbsp;zuby a&nbsp;\u010delisti a&nbsp;sn\u00ed\u017een\u00ed rizika zv\u00fd\u0161en\u00e9 kazivosti zub\u016f,<\/li>\n<li>v\u00fdznamnou redukci ne\u017e\u00e1douc\u00edho z\u00e1\u0159en\u00ed na&nbsp;dal\u0161\u00ed tk\u00e1n\u011b v&nbsp;dutin\u011b \u00fastn\u00ed (tv\u00e1\u0159e, jazyk) a&nbsp;sn\u00ed\u017een\u00ed rizika vzniku z\u00e1n\u011bt\u016f, vzniku v\u0159ed\u016f, p\u00ed\u0161t\u011bli \u010di sekund\u00e1rn\u00edch n\u00e1dor\u016f.<\/li>\n<\/ul>\n<\/div>\n<\/div>\n<\/div>\n<p>&nbsp;<\/p>\n","protected":false},"excerpt":{"rendered":"<p>&nbsp;<\/p>\n","protected":false},"author":5,"featured_media":0,"parent":4928,"menu_order":310,"comment_status":"closed","ping_status":"closed","template":"template-service-detail-with-sidebar.php","meta":{"footnotes":""},"class_list":["post-4929","page","type-page","status-publish","hentry"],"acf":[],"aioseo_notices":[],"_links":{"self":[{"href":"https:\/\/www.ptc.cz\/hr\/wp-json\/wp\/v2\/pages\/4929","targetHints":{"allow":["GET"]}}],"collection":[{"href":"https:\/\/www.ptc.cz\/hr\/wp-json\/wp\/v2\/pages"}],"about":[{"href":"https:\/\/www.ptc.cz\/hr\/wp-json\/wp\/v2\/types\/page"}],"author":[{"embeddable":true,"href":"https:\/\/www.ptc.cz\/hr\/wp-json\/wp\/v2\/users\/5"}],"replies":[{"embeddable":true,"href":"https:\/\/www.ptc.cz\/hr\/wp-json\/wp\/v2\/comments?post=4929"}],"version-history":[{"count":1,"href":"https:\/\/www.ptc.cz\/hr\/wp-json\/wp\/v2\/pages\/4929\/revisions"}],"predecessor-version":[{"id":4947,"href":"https:\/\/www.ptc.cz\/hr\/wp-json\/wp\/v2\/pages\/4929\/revisions\/4947"}],"up":[{"embeddable":true,"href":"https:\/\/www.ptc.cz\/hr\/wp-json\/wp\/v2\/pages\/4928"}],"wp:attachment":[{"href":"https:\/\/www.ptc.cz\/hr\/wp-json\/wp\/v2\/media?parent=4929"}],"curies":[{"name":"wp","href":"https:\/\/api.w.org\/{rel}","templated":true}]}}