{"id":4956,"date":"2023-08-17T15:59:13","date_gmt":"2023-08-17T13:59:13","guid":{"rendered":"https:\/\/www.ptc.cz\/sto-lijecimo\/nadory-u-deti\/protonova-lecba-nadoru-u-deti\/"},"modified":"2024-06-21T14:32:54","modified_gmt":"2024-06-21T12:32:54","slug":"protonska-terapija-tumora-kod-djece","status":"publish","type":"page","link":"https:\/\/www.ptc.cz\/hr\/sto-lijecimo\/tumori-kod-djece\/protonska-terapija-tumora-kod-djece\/","title":{"rendered":"Protonska terapija tumora kod djece"},"content":{"rendered":"<div class=\"gdc_row\">\n<div class=\"gdc_column gdc_chalf\">\n<div class=\"gdc_inner\">\n<p><strong class=\"custom-bold\">C\u00edlem modern\u00ed onkologick\u00e9 l\u00e9\u010dby je zajistit pacient\u016fm maxim\u00e1ln\u00ed \u0161anci na&nbsp;vyl\u00e9\u010den\u00ed p\u0159i minimalizaci vedlej\u0161\u00edch \u00fa\u010dink\u016f spojen\u00fdch s\u00a0l\u00e9\u010dbou, tohoto c\u00edle je dnes mo\u017en\u00e9 dos\u00e1hnout pomoc\u00ed protonov\u00e9 l\u00e9\u010dby.<\/strong><\/p>\n<p><strong class=\"custom-bold\">Protonov\u00e9 centrum v&nbsp;Praze<\/strong> v&nbsp;r\u00e1mci d\u011btsk\u00e9ho l\u00e9\u010debn\u00e9ho programu\u00a0vyu\u017e\u00edv\u00e1 nejmodern\u011bj\u0161\u00ed technologii\u00a0a zku\u0161enosti p\u0159edn\u00edch \u010desk\u00fdch a&nbsp;sv\u011btov\u00fdch onkolog\u016f s\u00a0protonovou l\u00e9\u010dbou u&nbsp;d\u011bt\u00ed.\u00a0V\u0161echny d\u011bti l\u00e9\u010den\u00e9 v&nbsp;Protonov\u00e9m centru\u00a0jsou indikov\u00e1ny k&nbsp;protonov\u00e9 l\u00e9\u010db\u011b ve spolupr\u00e1ci s&nbsp;n\u011bkter\u00fdm z&nbsp;d\u011btsk\u00fdch onkologick\u00fdch center.<strong> V\u00edce ne\u017e 80&nbsp;% d\u011btsk\u00fdch pacient\u016f se dnes \u00fasp\u011b\u0161n\u011b vyl\u00e9\u010d\u00ed.<\/strong><\/p>\n<p>Mezi pou\u017e\u00edvan\u00e9 l\u00e9\u010debn\u00e9 metody u&nbsp;n\u00e1dor\u016f d\u011bt\u00ed pat\u0159\u00ed operace, oza\u0159ov\u00e1n\u00ed, chemoterapie a&nbsp;biologick\u00e1 l\u00e9\u010dba. <strong>Jak\u00e1 konkr\u00e9tn\u00ed l\u00e9\u010dba bude u&nbsp;va\u0161eho d\u00edt\u011bte provedena, z\u00e1le\u017e\u00ed na&nbsp;mnoha r\u016fzn\u00fdch faktorech. Pl\u00e1n l\u00e9\u010dby s&nbsp;v\u00e1mi podrobn\u011b prodiskutuje o\u0161et\u0159uj\u00edc\u00ed d\u011btsk\u00fd onkolog.<\/strong><\/p>\n<p><a href=\"https:\/\/www.ptc.cz\/wp-content\/uploads\/2023\/08\/dsc-0288-kopie-1200x1200-1.jpg\" data-rel=\"lightbox-image-0\" data-rl_title=\"\" data-rl_caption=\"\" title=\"\"><img loading=\"lazy\" decoding=\"async\" class=\"alignnone size-full wp-image-821\" src=\"https:\/\/www.ptc.cz\/wp-content\/uploads\/2023\/08\/dsc-0288-kopie-1200x1200-1.jpg\" alt=\"\" width=\"1200\" height=\"837\" srcset=\"https:\/\/www.ptc.cz\/wp-content\/uploads\/2023\/08\/dsc-0288-kopie-1200x1200-1.jpg 1200w, https:\/\/www.ptc.cz\/wp-content\/uploads\/2023\/08\/dsc-0288-kopie-1200x1200-1-300x209.jpg 300w, https:\/\/www.ptc.cz\/wp-content\/uploads\/2023\/08\/dsc-0288-kopie-1200x1200-1-768x536.jpg 768w\" sizes=\"auto, (max-width: 1200px) 100vw, 1200px\" \/><\/a><\/p>\n<\/div>\n<\/div>\n<div class=\"gdc_column gdc_chalf\">\n<div class=\"gdc_inner\">\n<p><strong>Oza\u0159ov\u00e1n\u00ed, neboli radioterapie<\/strong> (kam se \u0159ad\u00ed i&nbsp;radioterapie protonov\u00e1), je obecn\u011b jednou ze z\u00e1kladn\u00edch l\u00e9\u010debn\u00fdch metod n\u00e1dorov\u00fdch onemocn\u011bn\u00ed u&nbsp;d\u011bt\u00ed. U\u00a0pacient\u016f se pou\u017e\u00edv\u00e1 bu\u010f samostatn\u011b, nebo \u010dast\u011bji v&nbsp;kombinaci s&nbsp;jin\u00fdmi metodami (nej\u010dast\u011bji operace, chemoterapie). S&nbsp;c\u00edlem omezit ne\u017e\u00e1douc\u00ed \u00fa\u010dinky l\u00e9\u010dby z\u00e1\u0159en\u00edm je sou\u010dasn\u00fdm trendem u\u017eit\u00ed radioterapie omezit na&nbsp;p\u0159\u00edsn\u011b vybran\u00e9 situace, a&nbsp;pokud u\u017e je oza\u0159ov\u00e1n\u00ed nezbytn\u00e9, pak <strong>pou\u017e\u00edvat nejmodern\u011bj\u0161\u00ed zp\u016fsoby oza\u0159ov\u00e1n\u00ed, jako nap\u0159\u00edklad protonovou radioterapii.<\/strong><\/p>\n<p><strong>Protonov\u00e1 l\u00e9\u010dba<\/strong> je, na&nbsp;rozd\u00edl od b\u011b\u017en\u011b pou\u017e\u00edvan\u00e9ho oza\u0159ov\u00e1n\u00ed, \u0161etrn\u011bj\u0161\u00ed a&nbsp;bezpe\u010dn\u011bj\u0161\u00ed. D\u00edky p\u0159esn\u00e9mu zac\u00edlen\u00ed protonov\u00e9ho paprsku, dok\u00e1\u017eeme v\u00fdznamn\u011b sn\u00ed\u017eit riziko vzniku ne\u017e\u00e1douc\u00edch \u00fa\u010dink\u016f a&nbsp;omezit p\u0159\u00edpadn\u00e1 rizika jako jsou po\u0161kozen\u00ed srdce a&nbsp;plic, v\u00fdskyt endokrinn\u00edch probl\u00e9m\u016f, poruchy r\u016fstu, poruchy smyslov\u00fdch funkc\u00ed, sn\u00ed\u017een\u00ed intelektu, po\u0161kozen\u00ed ledvin a&nbsp;mo\u010dov\u00fdch cest, ohro\u017een\u00ed plodnosti, vznik druhotn\u00fdch n\u00e1dor\u016f.<\/p>\n<p><iframe loading=\"lazy\" title=\"Protonov\u00e1 l\u00e9\u010dba n\u00e1dor\u016f v d\u011btsk\u00e9m v\u011bku\" width=\"500\" height=\"281\" src=\"https:\/\/www.youtube.com\/embed\/QldMupwVmnM?feature=oembed\" frameborder=\"0\" allow=\"accelerometer; autoplay; clipboard-write; encrypted-media; gyroscope; picture-in-picture; web-share\" referrerpolicy=\"strict-origin-when-cross-origin\" allowfullscreen><\/iframe><\/p>\n<\/div>\n<\/div>\n<\/div>\n<p>&nbsp;<\/p>\n","protected":false},"excerpt":{"rendered":"<p>&nbsp;<\/p>\n","protected":false},"author":1,"featured_media":4826,"parent":4953,"menu_order":329,"comment_status":"closed","ping_status":"closed","template":"template-service-detail-with-anchor-sidebar.php","meta":{"footnotes":""},"class_list":["post-4956","page","type-page","status-publish","has-post-thumbnail","hentry"],"acf":[],"aioseo_notices":[],"_links":{"self":[{"href":"https:\/\/www.ptc.cz\/hr\/wp-json\/wp\/v2\/pages\/4956","targetHints":{"allow":["GET"]}}],"collection":[{"href":"https:\/\/www.ptc.cz\/hr\/wp-json\/wp\/v2\/pages"}],"about":[{"href":"https:\/\/www.ptc.cz\/hr\/wp-json\/wp\/v2\/types\/page"}],"author":[{"embeddable":true,"href":"https:\/\/www.ptc.cz\/hr\/wp-json\/wp\/v2\/users\/1"}],"replies":[{"embeddable":true,"href":"https:\/\/www.ptc.cz\/hr\/wp-json\/wp\/v2\/comments?post=4956"}],"version-history":[{"count":1,"href":"https:\/\/www.ptc.cz\/hr\/wp-json\/wp\/v2\/pages\/4956\/revisions"}],"predecessor-version":[{"id":4968,"href":"https:\/\/www.ptc.cz\/hr\/wp-json\/wp\/v2\/pages\/4956\/revisions\/4968"}],"up":[{"embeddable":true,"href":"https:\/\/www.ptc.cz\/hr\/wp-json\/wp\/v2\/pages\/4953"}],"wp:featuredmedia":[{"embeddable":true,"href":"https:\/\/www.ptc.cz\/hr\/wp-json\/wp\/v2\/media\/4826"}],"wp:attachment":[{"href":"https:\/\/www.ptc.cz\/hr\/wp-json\/wp\/v2\/media?parent=4956"}],"curies":[{"name":"wp","href":"https:\/\/api.w.org\/{rel}","templated":true}]}}