{"id":4958,"date":"2024-02-16T08:55:58","date_gmt":"2024-02-16T07:55:58","guid":{"rendered":"https:\/\/www.ptc.cz\/sto-lijecimo\/nadory-u-deti\/protonova-lecba-nadoru-u-deti\/indikace-k-protonove-radioterapii-u-deti\/"},"modified":"2024-06-21T14:33:04","modified_gmt":"2024-06-21T12:33:04","slug":"indikacije-za-protonsko-zracenje-kod-djece","status":"publish","type":"page","link":"https:\/\/www.ptc.cz\/hr\/sto-lijecimo\/tumori-kod-djece\/protonska-terapija-tumora-kod-djece\/indikacije-za-protonsko-zracenje-kod-djece\/","title":{"rendered":"Indikacije za protonsko zra\u010denje kod djece"},"content":{"rendered":"<h3>Protonov\u00e1 terapie se vyu\u017e\u00edv\u00e1 k&nbsp;l\u00e9\u010db\u011b n\u00e1dor\u016f<\/h3>\n<p>Protonov\u00e1 l\u00e9\u010dba je podle mezin\u00e1rodn\u011b uznan\u00fdch doporu\u010den\u00fdch standard\u016f nej\u010dast\u011bji indikov\u00e1na u&nbsp;t\u011bchto diagn\u00f3z:<\/p>\n<ul>\n<li><strong>meduloblastom<\/strong><\/li>\n<li><strong>kraniopharyngeom<\/strong><\/li>\n<li><strong>n\u00edzce malign\u00ed gliom<\/strong><\/li>\n<li><strong>ependymom<\/strong><\/li>\n<li><strong>sarkomy m\u011bkk\u00fdch tk\u00e1n\u00ed<\/strong><\/li>\n<li><strong>Ewing\u016fv sarkom<\/strong><\/li>\n<li><strong>neuroblastom<\/strong><\/li>\n<li><strong>retinoblastom<\/strong><\/li>\n<\/ul>\n","protected":false},"excerpt":{"rendered":"<p>Protonov\u00e1 terapie se vyu\u017e\u00edv\u00e1 k&nbsp;l\u00e9\u010db\u011b n\u00e1dor\u016f Protonov\u00e1 l\u00e9\u010dba je podle mezin\u00e1rodn\u011b uznan\u00fdch doporu\u010den\u00fdch standard\u016f nej\u010dast\u011bji indikov\u00e1na u&nbsp;t\u011bchto diagn\u00f3z: meduloblastom kraniopharyngeom n\u00edzce malign\u00ed gliom ependymom sarkomy m\u011bkk\u00fdch tk\u00e1n\u00ed Ewing\u016fv sarkom neuroblastom retinoblastom<\/p>\n","protected":false},"author":5,"featured_media":0,"parent":4956,"menu_order":332,"comment_status":"closed","ping_status":"closed","template":"template-service-detail-with-sidebar.php","meta":{"footnotes":""},"class_list":["post-4958","page","type-page","status-publish","hentry"],"acf":[],"aioseo_notices":[],"_links":{"self":[{"href":"https:\/\/www.ptc.cz\/hr\/wp-json\/wp\/v2\/pages\/4958","targetHints":{"allow":["GET"]}}],"collection":[{"href":"https:\/\/www.ptc.cz\/hr\/wp-json\/wp\/v2\/pages"}],"about":[{"href":"https:\/\/www.ptc.cz\/hr\/wp-json\/wp\/v2\/types\/page"}],"author":[{"embeddable":true,"href":"https:\/\/www.ptc.cz\/hr\/wp-json\/wp\/v2\/users\/5"}],"replies":[{"embeddable":true,"href":"https:\/\/www.ptc.cz\/hr\/wp-json\/wp\/v2\/comments?post=4958"}],"version-history":[{"count":1,"href":"https:\/\/www.ptc.cz\/hr\/wp-json\/wp\/v2\/pages\/4958\/revisions"}],"predecessor-version":[{"id":4969,"href":"https:\/\/www.ptc.cz\/hr\/wp-json\/wp\/v2\/pages\/4958\/revisions\/4969"}],"up":[{"embeddable":true,"href":"https:\/\/www.ptc.cz\/hr\/wp-json\/wp\/v2\/pages\/4956"}],"wp:attachment":[{"href":"https:\/\/www.ptc.cz\/hr\/wp-json\/wp\/v2\/media?parent=4958"}],"curies":[{"name":"wp","href":"https:\/\/api.w.org\/{rel}","templated":true}]}}