{"id":4961,"date":"2024-02-16T09:02:08","date_gmt":"2024-02-16T08:02:08","guid":{"rendered":"https:\/\/www.ptc.cz\/sto-lijecimo\/nadory-u-deti\/proc-zvolit-protonovou-lecbu\/jak-probiha-lecba-detskeho-pacienta\/"},"modified":"2024-06-21T14:33:23","modified_gmt":"2024-06-21T12:33:23","slug":"kako-se-provodi-lijecenje-djecjeg-pacijenta","status":"publish","type":"page","link":"https:\/\/www.ptc.cz\/hr\/sto-lijecimo\/tumori-kod-djece\/zasto-odabrati-protonsko-lijecenje\/kako-se-provodi-lijecenje-djecjeg-pacijenta\/","title":{"rendered":"Kako se provodi lije\u010denje dje\u010djeg pacijenta"},"content":{"rendered":"<div class=\"gdc_row\">\n<div class=\"gdc_column gdc_chalf\">\n<div class=\"gdc_inner\">\n<p><strong>D\u011btsk\u00fd pacient je k&nbsp;l\u00e9\u010db\u011b do Protonov\u00e9ho centra p\u0159ijat na&nbsp;z\u00e1klad\u011b doporu\u010den\u00ed d\u011btsk\u00e9ho onkologa.<\/strong>\u00a0\u00a0Protonov\u00e9 centrum v&nbsp;Praze spolupracuje s&nbsp;Klinikou d\u011btsk\u00e9 hematologie a&nbsp;onkologie FN Motol a&nbsp;Klinikou d\u011btsk\u00e9 onkologie FN Brno.<\/p>\n<p><strong>D\u011bt\u0161t\u00ed pacienti jsou v\u00a0p\u0159\u00edpad\u011b nutnosti<\/strong>\u00a0(nap\u0159. pokud oza\u0159ov\u00e1n\u00ed prob\u00edh\u00e1 v&nbsp;celkov\u00e9 anestezii)\u00a0<strong>hospitalizov\u00e1ni ve Fakultn\u00ed nemocnici v&nbsp;Motole a&nbsp;do Protonov\u00e9ho centra doj\u00ed\u017ed\u011bj\u00ed pouze na&nbsp;oz\u00e1\u0159en\u00ed.<\/strong><\/p>\n<p>P\u0159esto, \u017ee je protonov\u00e1 l\u00e9\u010dba bezbolestn\u00e1, v\u00edme, \u017ee d\u016fle\u017eitou sou\u010d\u00e1st\u00ed l\u00e9\u010dby je psychika d\u00edt\u011bte. Od prvn\u00edho momentu je tak v&nbsp;r\u00e1mci mo\u017enost\u00ed v\u0161echno p\u0159izp\u016fsobeno jeho pot\u0159eb\u00e1m.<\/p>\n<p>D\u011bti na&nbsp;oz\u00e1\u0159en\u00ed nebo kontroln\u00ed vy\u0161et\u0159en\u00ed, pokud nejsou v&nbsp;anestezii, mohou \u010dekat v&nbsp;d\u011btsk\u00e9 m\u00edstnosti se spoustou hra\u010dek, kter\u00e1 ni\u010d\u00edm nep\u0159ipom\u00edn\u00e1 nemocnici. Vesel\u00e9 omalov\u00e1nky a&nbsp;skl\u00e1da\u010dky s&nbsp;\u201eprofesorem Protonem\u201c , kter\u00fd je prov\u00e1z\u00ed l\u00e9\u010dbou, poskytnou rozpt\u00fdlen\u00ed a&nbsp;provedou je spole\u010dn\u011b s&nbsp;vy\u0161kolen\u00fdm person\u00e1lem celou l\u00e9\u010dbou.<\/p>\n<\/div>\n<\/div>\n<div class=\"gdc_column gdc_chalf\">\n<div class=\"gdc_inner\">\n<p><strong>Ka\u017ed\u00e9 oz\u00e1\u0159en\u00ed d\u011btsk\u00e9ho pacienta v&nbsp;Protonov\u00e9m centru trv\u00e1 15-90 minut, v\u011bt\u0161inu \u010dasu zabere rozpt\u00fdlen\u00ed d\u00edt\u011bte, jeho zklidn\u011bn\u00ed a&nbsp;nastaven\u00ed polohy pro oz\u00e1\u0159en\u00ed,<\/strong> <strong>samotn\u00e9 oza\u0159ov\u00e1n\u00ed je ot\u00e1zkou n\u011bkolika minut.<\/strong><\/p>\n<p>V&nbsp;p\u0159\u00edpad\u011b l\u00e9\u010dby v&nbsp;celkov\u00e9 anestezii se pobyt v&nbsp;Protonov\u00e9m centru prodlou\u017e\u00ed cca na&nbsp;2-3 hodiny, kter\u00e9 d\u00edt\u011b str\u00e1v\u00ed spole\u010dn\u011b s&nbsp;rodi\u010dem v&nbsp;anesteziologick\u00e9 m\u00edstnosti a&nbsp;na&nbsp;dosp\u00e1vac\u00edm pokoji, kde se pod&nbsp;dohledem sest\u0159i\u010dek a&nbsp;l\u00e9ka\u0159e\/anesteziologa dosp\u00ed.<\/p>\n<p><strong>P\u0159ed ka\u017ed\u00fdm oza\u0159ov\u00e1n\u00edm pe\u010dliv\u011b p\u0159ekontrolujeme polohu d\u00edt\u011bte<\/strong>\u00a0pomoc\u00ed rentgenov\u00fdch sn\u00edmk\u016f a&nbsp;provedeme n\u011bkolik d\u00edl\u010d\u00edch kontrol, bez kter\u00fdch by se oz\u00e1\u0159en\u00ed nemohlo spustit.\u00a0<strong>Minim\u00e1ln\u011b jednou t\u00fddn\u011b<\/strong> absolvuje d\u00edt\u011b kontrolu u&nbsp;l\u00e9ka\u0159e, kter\u00fd s&nbsp;rodi\u010di probere pr\u016fb\u011bh l\u00e9\u010dby a&nbsp;zkontroluje zdravotn\u00ed stav d\u00edt\u011bte. <strong>Sou\u010dasn\u011b prob\u00edhaj\u00ed kontroly d\u011btsk\u00fdm onkologem (ambulantn\u011b), nen\u00ed-li d\u00edt\u011b hospitalizov\u00e1no.<\/strong><\/p>\n<\/div>\n<\/div>\n<\/div>\n","protected":false},"excerpt":{"rendered":"","protected":false},"author":5,"featured_media":0,"parent":4959,"menu_order":338,"comment_status":"closed","ping_status":"closed","template":"template-service-detail-with-sidebar.php","meta":{"footnotes":""},"class_list":["post-4961","page","type-page","status-publish","hentry"],"acf":[],"aioseo_notices":[],"_links":{"self":[{"href":"https:\/\/www.ptc.cz\/hr\/wp-json\/wp\/v2\/pages\/4961","targetHints":{"allow":["GET"]}}],"collection":[{"href":"https:\/\/www.ptc.cz\/hr\/wp-json\/wp\/v2\/pages"}],"about":[{"href":"https:\/\/www.ptc.cz\/hr\/wp-json\/wp\/v2\/types\/page"}],"author":[{"embeddable":true,"href":"https:\/\/www.ptc.cz\/hr\/wp-json\/wp\/v2\/users\/5"}],"replies":[{"embeddable":true,"href":"https:\/\/www.ptc.cz\/hr\/wp-json\/wp\/v2\/comments?post=4961"}],"version-history":[{"count":1,"href":"https:\/\/www.ptc.cz\/hr\/wp-json\/wp\/v2\/pages\/4961\/revisions"}],"predecessor-version":[{"id":4977,"href":"https:\/\/www.ptc.cz\/hr\/wp-json\/wp\/v2\/pages\/4961\/revisions\/4977"}],"up":[{"embeddable":true,"href":"https:\/\/www.ptc.cz\/hr\/wp-json\/wp\/v2\/pages\/4959"}],"wp:attachment":[{"href":"https:\/\/www.ptc.cz\/hr\/wp-json\/wp\/v2\/media?parent=4961"}],"curies":[{"name":"wp","href":"https:\/\/api.w.org\/{rel}","templated":true}]}}