{"id":4994,"date":"2024-02-16T08:37:50","date_gmt":"2024-02-16T07:37:50","guid":{"rendered":"https:\/\/www.ptc.cz\/sto-lijecimo\/lymfomy\/proc-zvolit-protonovou-lecbu\/protonova-lecba-snizuje-postizeni-srdce\/"},"modified":"2024-06-21T14:37:34","modified_gmt":"2024-06-21T12:37:34","slug":"protonska-terapija-smanjuje-ostecenje-srca","status":"publish","type":"page","link":"https:\/\/www.ptc.cz\/hr\/sto-lijecimo\/limfomi\/zasto-odabrati-protonsko-lijecenje-malignih-limfoma\/protonska-terapija-smanjuje-ostecenje-srca\/","title":{"rendered":"Protonska terapija smanjuje o\u0161te\u0107enje srca"},"content":{"rendered":"<h4><strong class=\"custom-bold\">Posti\u017een\u00ed srdce (kardiotoxicita)<\/strong><\/h4>\n<p>Podstatn\u00fdm d\u016fvodem pro indikaci\u00a0<strong>protonov\u00e9 radioterapie<\/strong>\u00a0je faktor RIHD (radiation induced heart disease) = posti\u017een\u00ed srdce v\u00a0d\u016fsledku oza\u0159ov\u00e1n\u00ed. Onemocn\u011bn\u00ed srdce zp\u016fsoben\u00e9 oz\u00e1\u0159en\u00edm je jedn\u00edm z\u00a0<strong>nejz\u00e1va\u017en\u011bj\u0161\u00edch pozdn\u00edch \u00fa\u010dink\u016f<\/strong>\u00a0oza\u0159ov\u00e1n\u00ed. P\u0159i l\u00e9\u010db\u011b malign\u00edho lymfomu, kdy je doporu\u010deno oza\u0159ov\u00e1n\u00ed, se proto odborn\u00edci sna\u017e\u00ed o&nbsp;minimalizaci d\u00e1vky z\u00e1\u0159en\u00ed na&nbsp;srdce.\u00a0<strong>D\u00edky protonov\u00e9mu paprsku tak dok\u00e1\u017eeme v\u00fdznamn\u011b sn\u00ed\u017eit riziko vzniku infarktu, srde\u010dn\u00edch probl\u00e9m\u016f nebo rozvoje plicn\u00ed fibr\u00f3zy.<\/strong><\/p>\n","protected":false},"excerpt":{"rendered":"<p>Posti\u017een\u00ed srdce (kardiotoxicita) Podstatn\u00fdm d\u016fvodem pro indikaci\u00a0protonov\u00e9 radioterapie\u00a0je faktor RIHD (radiation induced heart disease) = posti\u017een\u00ed srdce v\u00a0d\u016fsledku oza\u0159ov\u00e1n\u00ed. Onemocn\u011bn\u00ed srdce zp\u016fsoben\u00e9 oz\u00e1\u0159en\u00edm je jedn\u00edm z\u00a0nejz\u00e1va\u017en\u011bj\u0161\u00edch pozdn\u00edch \u00fa\u010dink\u016f\u00a0oza\u0159ov\u00e1n\u00ed. P\u0159i l\u00e9\u010db\u011b malign\u00edho lymfomu, kdy je doporu\u010deno oza\u0159ov\u00e1n\u00ed, se proto odborn\u00edci sna\u017e\u00ed o&nbsp;minimalizaci d\u00e1vky z\u00e1\u0159en\u00ed na&nbsp;srdce.\u00a0D\u00edky protonov\u00e9mu paprsku tak dok\u00e1\u017eeme v\u00fdznamn\u011b sn\u00ed\u017eit riziko vzniku infarktu, srde\u010dn\u00edch probl\u00e9m\u016f&#8230;<\/p>\n","protected":false},"author":5,"featured_media":0,"parent":4992,"menu_order":377,"comment_status":"closed","ping_status":"closed","template":"template-service-detail-with-sidebar.php","meta":{"footnotes":""},"class_list":["post-4994","page","type-page","status-publish","hentry"],"acf":[],"aioseo_notices":[],"_links":{"self":[{"href":"https:\/\/www.ptc.cz\/hr\/wp-json\/wp\/v2\/pages\/4994","targetHints":{"allow":["GET"]}}],"collection":[{"href":"https:\/\/www.ptc.cz\/hr\/wp-json\/wp\/v2\/pages"}],"about":[{"href":"https:\/\/www.ptc.cz\/hr\/wp-json\/wp\/v2\/types\/page"}],"author":[{"embeddable":true,"href":"https:\/\/www.ptc.cz\/hr\/wp-json\/wp\/v2\/users\/5"}],"replies":[{"embeddable":true,"href":"https:\/\/www.ptc.cz\/hr\/wp-json\/wp\/v2\/comments?post=4994"}],"version-history":[{"count":1,"href":"https:\/\/www.ptc.cz\/hr\/wp-json\/wp\/v2\/pages\/4994\/revisions"}],"predecessor-version":[{"id":5012,"href":"https:\/\/www.ptc.cz\/hr\/wp-json\/wp\/v2\/pages\/4994\/revisions\/5012"}],"up":[{"embeddable":true,"href":"https:\/\/www.ptc.cz\/hr\/wp-json\/wp\/v2\/pages\/4992"}],"wp:attachment":[{"href":"https:\/\/www.ptc.cz\/hr\/wp-json\/wp\/v2\/media?parent=4994"}],"curies":[{"name":"wp","href":"https:\/\/api.w.org\/{rel}","templated":true}]}}