{"id":4995,"date":"2024-02-16T08:39:39","date_gmt":"2024-02-16T07:39:39","guid":{"rendered":"https:\/\/www.ptc.cz\/sto-lijecimo\/lymfomy\/leukemicke-postizeni-cns\/"},"modified":"2024-06-21T14:37:44","modified_gmt":"2024-06-21T12:37:44","slug":"leukemijsko-zahvacanje-cns-a","status":"publish","type":"page","link":"https:\/\/www.ptc.cz\/hr\/sto-lijecimo\/limfomi\/leukemijsko-zahvacanje-cns-a\/","title":{"rendered":"Leukemijsko zahva\u0107anje CNS-a"},"content":{"rendered":"<div class=\"gdc_row\">\n<div class=\"gdc_column gdc_chalf\">\n<div class=\"gdc_inner\">\n<p><strong>Leukemick\u00e9 posti\u017een\u00ed centr\u00e1ln\u00ed nervov\u00e9 soustavy pat\u0159\u00ed mezi nejnov\u011bj\u0161\u00ed diagn\u00f3zy ur\u010den\u00e9 k&nbsp;protonov\u00e9 l\u00e9\u010db\u011b.<\/strong><\/p>\n<p><strong>Oz\u00e1\u0159en\u00ed kraniospin\u00e1ln\u00ed osy<\/strong> je p\u0159\u00ednosn\u00e9 pr\u00e1v\u011b pro pacienty, kte\u0159\u00ed maj\u00ed i&nbsp;p\u0159es intenzivn\u00ed syst\u00e9movou l\u00e9\u010dbu:<\/p>\n<ul>\n<li>pozitivn\u00ed n\u00e1lez leukemick\u00fdch bun\u011bk v\u00a0mozkom\u00ed\u0161n\u00edm moku,<\/li>\n<li>d\u00e1le pacienti, kte\u0159\u00ed m\u011bli pozitivn\u00ed mozkom\u00ed\u0161n\u00ed mok ji\u017e p\u0159i stanoven\u00ed diagn\u00f3zy a&nbsp;kte\u0159\u00ed jsou rizikov\u00ed z\u00a0hlediska posti\u017een\u00ed centr\u00e1ln\u00edho nervov\u00e9ho syst\u00e9mu i&nbsp;do budoucna.<\/li>\n<\/ul>\n<\/div>\n<\/div>\n<div class=\"gdc_column gdc_chalf\">\n<div class=\"gdc_inner\">\n<p>C\u00edlem je zbavit tak\u00e9 tyto t\u011b\u017ece dostupn\u00e9 prostory leukemick\u00fdch bun\u011bk, a&nbsp;to i&nbsp;t\u011bch, kter\u00e9 ji\u017e nejsou citliv\u00e9 na&nbsp;l\u00e9\u010dbu chemoterapi\u00ed \u010di biologickou l\u00e9\u010dbou.<\/p>\n<p><strong>Protonov\u00e1 radioterapie m\u00e1\u00a0 v&nbsp;tomto p\u0159\u00edpad\u011b z\u00e1sadn\u00ed v\u00fdhody oproti ostatn\u00edm form\u00e1m radioterapie. Jsou to nulov\u00e1 radia\u010dn\u00ed z\u00e1t\u011b\u017e org\u00e1n\u016f p\u0159ed obratlov\u00fdmi t\u011bly, minim\u00e1ln\u00ed syst\u00e9mov\u00e1 toxicita (redukce nausey, zvracen\u00ed, pr\u016fjmu), a&nbsp;je vhodn\u00e1 pro vysoce p\u0159edl\u00e9\u010den\u00e9 pacienty s&nbsp;nutnou redukc\u00ed d\u00e1vky na&nbsp;pl\u00edce, st\u0159evn\u00ed kli\u010dky, srdce a&nbsp;dal\u0161\u00ed org\u00e1ny.<\/strong><\/p>\n<\/div>\n<\/div>\n<\/div>\n","protected":false},"excerpt":{"rendered":"","protected":false},"author":5,"featured_media":0,"parent":4983,"menu_order":384,"comment_status":"closed","ping_status":"closed","template":"template-service-detail-with-sidebar.php","meta":{"footnotes":""},"class_list":["post-4995","page","type-page","status-publish","hentry"],"acf":[],"aioseo_notices":[],"_links":{"self":[{"href":"https:\/\/www.ptc.cz\/hr\/wp-json\/wp\/v2\/pages\/4995","targetHints":{"allow":["GET"]}}],"collection":[{"href":"https:\/\/www.ptc.cz\/hr\/wp-json\/wp\/v2\/pages"}],"about":[{"href":"https:\/\/www.ptc.cz\/hr\/wp-json\/wp\/v2\/types\/page"}],"author":[{"embeddable":true,"href":"https:\/\/www.ptc.cz\/hr\/wp-json\/wp\/v2\/users\/5"}],"replies":[{"embeddable":true,"href":"https:\/\/www.ptc.cz\/hr\/wp-json\/wp\/v2\/comments?post=4995"}],"version-history":[{"count":2,"href":"https:\/\/www.ptc.cz\/hr\/wp-json\/wp\/v2\/pages\/4995\/revisions"}],"predecessor-version":[{"id":5013,"href":"https:\/\/www.ptc.cz\/hr\/wp-json\/wp\/v2\/pages\/4995\/revisions\/5013"}],"up":[{"embeddable":true,"href":"https:\/\/www.ptc.cz\/hr\/wp-json\/wp\/v2\/pages\/4983"}],"wp:attachment":[{"href":"https:\/\/www.ptc.cz\/hr\/wp-json\/wp\/v2\/media?parent=4995"}],"curies":[{"name":"wp","href":"https:\/\/api.w.org\/{rel}","templated":true}]}}