{"id":5019,"date":"2023-08-07T13:35:35","date_gmt":"2023-08-07T11:35:35","guid":{"rendered":"https:\/\/www.ptc.cz\/sto-lijecimo\/prsy\/protonova-lecba-rakoviny-prsu\/"},"modified":"2024-06-21T14:41:10","modified_gmt":"2024-06-21T12:41:10","slug":"protonska-terapija-raka-dojke","status":"publish","type":"page","link":"https:\/\/www.ptc.cz\/hr\/sto-lijecimo\/grudi\/protonska-terapija-raka-dojke\/","title":{"rendered":"Protonska terapija raka dojke"},"content":{"rendered":"<h3 class=\"color-primary mb-3\"><strong>Protonov\u00e1 radioterapie prov\u00e1d\u011bn\u00e1 v\u00a0hlubok\u00e9m \u0159\u00edzen\u00e9m n\u00e1dechu je jednozna\u010dn\u011b\u00a0nejvhodn\u011bj\u0161\u00ed a&nbsp;nej\u0161etrn\u011bj\u0161\u00ed oza\u0159ovac\u00ed<\/strong><strong>\u00a0technikou.\u00a0\u017d\u00e1dnou jinou metodou nelze doc\u00edlit stejn\u00fdch parametr\u016f oz\u00e1\u0159en\u00ed.<\/strong><\/h3>\n<h3 class=\"color-primary mb-3\">Protonov\u00e1 terapie umo\u017e\u0148uje v&nbsp;p\u0159\u00edpad\u011b karcinomu prsu sn\u00ed\u017eit oz\u00e1\u0159en\u00ed okoln\u00edch zdrav\u00fdch tk\u00e1n\u00ed, zejm\u00e9na srdce a&nbsp;plic.<\/h3>\n<p><strong>V sou\u010dasn\u00e9 dob\u011b je mo\u017en\u00e9 vyl\u00e9\u010dit velkou \u010d\u00e1st \u017een s&nbsp;karcinomem prsu, proto je na\u0161\u00edm c\u00edlem, aby byl jejich \u017eivot po l\u00e9\u010db\u011b bez dal\u0161\u00edch omezen\u00ed a&nbsp;zdravotn\u00edch komplikac\u00ed.\u00a0<\/strong>Pokud m\u00e1 b\u00fdt sou\u010d\u00e1st\u00ed l\u00e9\u010dby rakoviny prsu oza\u0159ov\u00e1n\u00ed, je d\u016fle\u017eit\u00e9 zvolit ten nej\u0161etrn\u011bj\u0161\u00ed zp\u016fsob. <strong>Protonov\u00e1 l\u00e9\u010dba\u00a0<\/strong>umo\u017e\u0148uje dodat odpov\u00eddaj\u00edc\u00ed d\u00e1vku z\u00e1\u0159en\u00ed do c\u00edlov\u00e9 oblasti a&nbsp;z\u00e1rove\u0148 sn\u00ed\u017eit oz\u00e1\u0159en\u00ed okoln\u00edch tk\u00e1n\u00ed, zejm\u00e9na srdce a&nbsp;plic. D\u00edky n\u00ed je tak minimalizov\u00e1no riziko vzniku pozdn\u00edch ne\u017e\u00e1douc\u00edch \u00fa\u010dink\u016f, jako je srde\u010dn\u00ed infarkt, srde\u010dn\u00ed arytmie, rozvoj plicn\u00ed fibr\u00f3zy nebo vznik sekund\u00e1rn\u00edch n\u00e1dor\u016f z&nbsp;oz\u00e1\u0159en\u00ed.<\/p>\n<h3><strong class=\"custom-bold\">Protonov\u00e1 l\u00e9\u010dba m\u00e1 v\u00fdhodu zejm\u00e9na:\u00a0<\/strong><\/h3>\n<ul>\n<li><strong>u n\u00e1dor\u016f, kter\u00e9 se nach\u00e1zej\u00ed v\u00a0lev\u00e9m prsu<\/strong>,<\/li>\n<li>u pacientek\/pacient\u016f <strong>po\u00a0p\u0159edchoz\u00ed radia\u010dn\u00ed l\u00e9\u010db\u011b druhostrann\u00e9ho prsu<\/strong>,<\/li>\n<li><strong>p\u0159i oboustrann\u00e9m n\u00e1lezu,<\/strong><\/li>\n<li>je v\u017edy doporu\u010dov\u00e1na u&nbsp;pacientek\/pacient\u016f s&nbsp;p\u0159idru\u017een\u00fdm srde\u010dn\u00edm onemocn\u011bn\u00edm.<\/li>\n<\/ul>\n<p><iframe loading=\"lazy\" title=\"V\u00fdhody protonov\u00e9 l\u00e9\u010dby n\u00e1doru prsu\" width=\"500\" height=\"281\" src=\"https:\/\/www.youtube.com\/embed\/tSMi7EEQ5iI?feature=oembed\" frameborder=\"0\" allow=\"accelerometer; autoplay; clipboard-write; encrypted-media; gyroscope; picture-in-picture; web-share\" referrerpolicy=\"strict-origin-when-cross-origin\" allowfullscreen><\/iframe><\/p>\n","protected":false},"excerpt":{"rendered":"<p>Protonov\u00e1 radioterapie prov\u00e1d\u011bn\u00e1 v\u00a0hlubok\u00e9m \u0159\u00edzen\u00e9m n\u00e1dechu je jednozna\u010dn\u011b\u00a0nejvhodn\u011bj\u0161\u00ed a&nbsp;nej\u0161etrn\u011bj\u0161\u00ed oza\u0159ovac\u00ed\u00a0technikou.\u00a0\u017d\u00e1dnou jinou metodou nelze doc\u00edlit stejn\u00fdch parametr\u016f oz\u00e1\u0159en\u00ed. Protonov\u00e1 terapie umo\u017e\u0148uje v&nbsp;p\u0159\u00edpad\u011b karcinomu prsu sn\u00ed\u017eit oz\u00e1\u0159en\u00ed okoln\u00edch zdrav\u00fdch tk\u00e1n\u00ed, zejm\u00e9na srdce a&nbsp;plic. V&nbsp;sou\u010dasn\u00e9 dob\u011b je mo\u017en\u00e9 vyl\u00e9\u010dit velkou \u010d\u00e1st \u017een s&nbsp;karcinomem prsu, proto je na\u0161\u00edm c\u00edlem, aby byl jejich \u017eivot po l\u00e9\u010db\u011b bez dal\u0161\u00edch omezen\u00ed&#8230;<\/p>\n","protected":false},"author":1,"featured_media":5020,"parent":5016,"menu_order":396,"comment_status":"closed","ping_status":"closed","template":"template-service-detail-with-anchor-sidebar.php","meta":{"footnotes":""},"class_list":["post-5019","page","type-page","status-publish","has-post-thumbnail","hentry"],"acf":[],"aioseo_notices":[],"_links":{"self":[{"href":"https:\/\/www.ptc.cz\/hr\/wp-json\/wp\/v2\/pages\/5019","targetHints":{"allow":["GET"]}}],"collection":[{"href":"https:\/\/www.ptc.cz\/hr\/wp-json\/wp\/v2\/pages"}],"about":[{"href":"https:\/\/www.ptc.cz\/hr\/wp-json\/wp\/v2\/types\/page"}],"author":[{"embeddable":true,"href":"https:\/\/www.ptc.cz\/hr\/wp-json\/wp\/v2\/users\/1"}],"replies":[{"embeddable":true,"href":"https:\/\/www.ptc.cz\/hr\/wp-json\/wp\/v2\/comments?post=5019"}],"version-history":[{"count":1,"href":"https:\/\/www.ptc.cz\/hr\/wp-json\/wp\/v2\/pages\/5019\/revisions"}],"predecessor-version":[{"id":5049,"href":"https:\/\/www.ptc.cz\/hr\/wp-json\/wp\/v2\/pages\/5019\/revisions\/5049"}],"up":[{"embeddable":true,"href":"https:\/\/www.ptc.cz\/hr\/wp-json\/wp\/v2\/pages\/5016"}],"wp:featuredmedia":[{"embeddable":true,"href":"https:\/\/www.ptc.cz\/hr\/wp-json\/wp\/v2\/media\/5020"}],"wp:attachment":[{"href":"https:\/\/www.ptc.cz\/hr\/wp-json\/wp\/v2\/media?parent=5019"}],"curies":[{"name":"wp","href":"https:\/\/api.w.org\/{rel}","templated":true}]}}