{"id":5024,"date":"2024-01-15T17:21:19","date_gmt":"2024-01-15T16:21:19","guid":{"rendered":"https:\/\/www.ptc.cz\/sto-lijecimo\/prsy\/proc-zvolit-protonovou-lecbu\/mate-dostatek-informaci\/"},"modified":"2024-06-21T14:41:44","modified_gmt":"2024-06-21T12:41:44","slug":"imate-li-dovoljno-informacija","status":"publish","type":"page","link":"https:\/\/www.ptc.cz\/hr\/sto-lijecimo\/grudi\/zasto-odabrati-protonsko-lijecenje\/imate-li-dovoljno-informacija\/","title":{"rendered":"Imate li dovoljno informacija?"},"content":{"rendered":"<p>Nahmatala jste si\u00a0<strong>bulku v&nbsp;prsu<\/strong>\u00a0a nev\u00edte, kam se obr\u00e1tit?<\/p>\n<p>Byl v\u00e1m diagnostikov\u00e1n <strong>karcinom prsu<\/strong> a&nbsp;nev\u00edte, jak postupovat?<\/p>\n<p>Byl v\u00e1m diagnostikov\u00e1n karcinom prsu a&nbsp;sou\u010d\u00e1st\u00ed l\u00e9\u010dby m\u00e1 b\u00fdt oza\u0159ov\u00e1n\u00ed?<\/p>\n<p>&nbsp;<\/p>\n<p>Aby bylo mo\u017en\u00e9 zvolit nejoptim\u00e1ln\u011bj\u0161\u00ed l\u00e9\u010dbu, je velmi d\u016fle\u017eit\u00e9\u00a0<strong>dostat \u00fapln\u00e9 a&nbsp;srozumiteln\u00e9 informace.<\/strong> Zaj\u00edmejte se nejen o&nbsp;nejmodern\u011bj\u0161\u00ed l\u00e9\u010debn\u00e9 metody, ale i&nbsp;o&nbsp;vedlej\u0161\u00ed \u00fa\u010dinky spojen\u00e9 s\u00a0l\u00e9\u010dbou. Ty toti\u017e mohou v\u00fdznamn\u011b ovlivnit kvalitu va\u0161eho \u017eivota b\u011bhem l\u00e9\u010dby i&nbsp;po n\u00ed.\u00a0<strong>Pokud v\u00e1m bylo doporu\u010deno oza\u0159ov\u00e1n\u00ed,\u00a0ptejte se na&nbsp;v\u0161echny dostupn\u00e9 zp\u016fsoby<\/strong>, kter\u00e9 jsou v&nbsp;\u010cR k&nbsp;dostupn\u00e9.<\/p>\n<p>Kontaktuje na\u0161e koordin\u00e1tory l\u00e9\u010dby. Ochotn\u011b odpov\u00ed na&nbsp;v\u0161echny va\u0161e dotazy a&nbsp;sjednaj\u00ed v\u00e1m term\u00edn\u00a0<strong>bezplatn\u00e9 nez\u00e1vazn\u00e9 konzultace.<\/strong><\/p>\n<p><strong>Objednejte se na&nbsp;telefonn\u00edm \u010d\u00edsle\u00a0+420&nbsp;222&nbsp;999&nbsp;000.\u00a0Jedin\u00e9, co mus\u00edte ud\u011blat VY, je\u00a0 p\u0159ij\u00edt k\u00a0N\u00c1M\u00a0v\u010das. MY jsme p\u0159ipraveni v\u00e1m pomoci.<\/strong><\/p>\n<p style=\"text-align: left;\"><a  target=\"\"  class=\"button\" href=\"\/kontakt\/\">Kontaktujte n\u00e1s<\/a><\/p>\n","protected":false},"excerpt":{"rendered":"<p>Nahmatala jste si\u00a0bulku v&nbsp;prsu\u00a0a nev\u00edte, kam se obr\u00e1tit? Byl v\u00e1m diagnostikov\u00e1n karcinom prsu a&nbsp;nev\u00edte, jak postupovat? Byl v\u00e1m diagnostikov\u00e1n karcinom prsu a&nbsp;sou\u010d\u00e1st\u00ed l\u00e9\u010dby m\u00e1 b\u00fdt oza\u0159ov\u00e1n\u00ed? &nbsp; Aby bylo mo\u017en\u00e9 zvolit nejoptim\u00e1ln\u011bj\u0161\u00ed l\u00e9\u010dbu, je velmi d\u016fle\u017eit\u00e9\u00a0dostat \u00fapln\u00e9 a&nbsp;srozumiteln\u00e9 informace. Zaj\u00edmejte se nejen o&nbsp;nejmodern\u011bj\u0161\u00ed l\u00e9\u010debn\u00e9 metody, ale i&nbsp;o&nbsp;vedlej\u0161\u00ed \u00fa\u010dinky spojen\u00e9 s\u00a0l\u00e9\u010dbou. Ty toti\u017e mohou v\u00fdznamn\u011b ovlivnit&#8230;<\/p>\n","protected":false},"author":5,"featured_media":0,"parent":5021,"menu_order":411,"comment_status":"closed","ping_status":"closed","template":"template-service-detail-with-sidebar.php","meta":{"footnotes":""},"class_list":["post-5024","page","type-page","status-publish","hentry"],"acf":[],"aioseo_notices":[],"_links":{"self":[{"href":"https:\/\/www.ptc.cz\/hr\/wp-json\/wp\/v2\/pages\/5024","targetHints":{"allow":["GET"]}}],"collection":[{"href":"https:\/\/www.ptc.cz\/hr\/wp-json\/wp\/v2\/pages"}],"about":[{"href":"https:\/\/www.ptc.cz\/hr\/wp-json\/wp\/v2\/types\/page"}],"author":[{"embeddable":true,"href":"https:\/\/www.ptc.cz\/hr\/wp-json\/wp\/v2\/users\/5"}],"replies":[{"embeddable":true,"href":"https:\/\/www.ptc.cz\/hr\/wp-json\/wp\/v2\/comments?post=5024"}],"version-history":[{"count":2,"href":"https:\/\/www.ptc.cz\/hr\/wp-json\/wp\/v2\/pages\/5024\/revisions"}],"predecessor-version":[{"id":5059,"href":"https:\/\/www.ptc.cz\/hr\/wp-json\/wp\/v2\/pages\/5024\/revisions\/5059"}],"up":[{"embeddable":true,"href":"https:\/\/www.ptc.cz\/hr\/wp-json\/wp\/v2\/pages\/5021"}],"wp:attachment":[{"href":"https:\/\/www.ptc.cz\/hr\/wp-json\/wp\/v2\/media?parent=5024"}],"curies":[{"name":"wp","href":"https:\/\/api.w.org\/{rel}","templated":true}]}}