{"id":5025,"date":"2024-01-15T05:44:11","date_gmt":"2024-01-15T04:44:11","guid":{"rendered":"https:\/\/www.ptc.cz\/sto-lijecimo\/prsy\/proc-zvolit-protonovou-lecbu\/vyhody-protonoveho-ozarovani-u-karcinomu-prsu\/"},"modified":"2024-06-21T14:41:55","modified_gmt":"2024-06-21T12:41:55","slug":"prednosti-protonske-terapije-kod-raka-dojke","status":"publish","type":"page","link":"https:\/\/www.ptc.cz\/hr\/sto-lijecimo\/grudi\/zasto-odabrati-protonsko-lijecenje\/prednosti-protonske-terapije-kod-raka-dojke\/","title":{"rendered":"Prednosti protonske terapije kod raka dojke"},"content":{"rendered":"<h3><strong>V\u00edte \u017ee, v\u00fdhody protonov\u00e9ho oza\u0159ov\u00e1n\u00ed jsou zalo\u017eeny na&nbsp;fyzik\u00e1ln\u00edch z\u00e1konech a&nbsp;vlastnostech proton\u016f?<\/strong><\/h3>\n<p><strong>Protony toti\u017e m\u016f\u017eeme zastavit p\u0159esn\u011b a&nbsp;v\u00a0m\u00edst\u011b, kde pot\u0159ebujeme,<\/strong> v\u00a0tzv. c\u00edlov\u00e9m objemu. Ve va\u0161em p\u0159\u00edpad\u011b v\u00a0prsu, hrudn\u00ed st\u011bn\u011b a&nbsp;sp\u00e1dov\u00fdch lymfatick\u00fdch uzlin\u00e1ch. \u00a0Zdrav\u00e9 tk\u00e1n\u011b v\u00a0okol\u00ed prsu, zejm\u00e9na srdce a&nbsp;lev\u00e1 pl\u00edce, jsou zasa\u017eeny z\u00e1\u0159en\u00edm minim\u00e1ln\u011b nebo nejsou oz\u00e1\u0159eny v\u016fbec.<\/p>\n<h4><strong>Protonov\u00e1 l\u00e9\u010dba rakoviny prsu dok\u00e1\u017ee:<\/strong><\/h4>\n<ul>\n<li>\n<h4>minimalizovat riziko ne\u017e\u00e1douc\u00edch \u00fa\u010dink\u016f na&nbsp;srdce, pl\u00edce a&nbsp;m\u00edchu,<\/h4>\n<\/li>\n<li>\n<h4>zajistit p\u0159esn\u00e9 pokryt\u00ed oza\u0159ovan\u00e9 oblasti,<\/h4>\n<\/li>\n<li>\n<h4>sn\u00ed\u017eit riziko vzniku sekund\u00e1rn\u00edch n\u00e1dor\u016f,<\/h4>\n<\/li>\n<li>\n<h4>sn\u00ed\u017eit riziko komplikac\u00ed po l\u00e9\u010db\u011b,<\/h4>\n<\/li>\n<li>\n<h4>nab\u00eddnout \u0161etrnou, \u00fa\u010dinnou a&nbsp;bezbolestnou l\u00e9\u010dbu.<\/h4>\n<\/li>\n<\/ul>\n","protected":false},"excerpt":{"rendered":"<p>V\u00edte \u017ee, v\u00fdhody protonov\u00e9ho oza\u0159ov\u00e1n\u00ed jsou zalo\u017eeny na&nbsp;fyzik\u00e1ln\u00edch z\u00e1konech a&nbsp;vlastnostech proton\u016f? Protony toti\u017e m\u016f\u017eeme zastavit p\u0159esn\u011b a&nbsp;v\u00a0m\u00edst\u011b, kde pot\u0159ebujeme, v\u00a0tzv. c\u00edlov\u00e9m objemu. Ve va\u0161em p\u0159\u00edpad\u011b v\u00a0prsu, hrudn\u00ed st\u011bn\u011b a&nbsp;sp\u00e1dov\u00fdch lymfatick\u00fdch uzlin\u00e1ch. \u00a0Zdrav\u00e9 tk\u00e1n\u011b v\u00a0okol\u00ed prsu, zejm\u00e9na srdce a&nbsp;lev\u00e1 pl\u00edce, jsou zasa\u017eeny z\u00e1\u0159en\u00edm minim\u00e1ln\u011b nebo nejsou oz\u00e1\u0159eny v\u016fbec. Protonov\u00e1 l\u00e9\u010dba rakoviny prsu dok\u00e1\u017ee: minimalizovat riziko ne\u017e\u00e1douc\u00edch&#8230;<\/p>\n","protected":false},"author":5,"featured_media":0,"parent":5021,"menu_order":416,"comment_status":"closed","ping_status":"closed","template":"template-service-detail-with-sidebar.php","meta":{"footnotes":""},"class_list":["post-5025","page","type-page","status-publish","hentry"],"acf":[],"aioseo_notices":[],"_links":{"self":[{"href":"https:\/\/www.ptc.cz\/hr\/wp-json\/wp\/v2\/pages\/5025","targetHints":{"allow":["GET"]}}],"collection":[{"href":"https:\/\/www.ptc.cz\/hr\/wp-json\/wp\/v2\/pages"}],"about":[{"href":"https:\/\/www.ptc.cz\/hr\/wp-json\/wp\/v2\/types\/page"}],"author":[{"embeddable":true,"href":"https:\/\/www.ptc.cz\/hr\/wp-json\/wp\/v2\/users\/5"}],"replies":[{"embeddable":true,"href":"https:\/\/www.ptc.cz\/hr\/wp-json\/wp\/v2\/comments?post=5025"}],"version-history":[{"count":1,"href":"https:\/\/www.ptc.cz\/hr\/wp-json\/wp\/v2\/pages\/5025\/revisions"}],"predecessor-version":[{"id":5060,"href":"https:\/\/www.ptc.cz\/hr\/wp-json\/wp\/v2\/pages\/5025\/revisions\/5060"}],"up":[{"embeddable":true,"href":"https:\/\/www.ptc.cz\/hr\/wp-json\/wp\/v2\/pages\/5021"}],"wp:attachment":[{"href":"https:\/\/www.ptc.cz\/hr\/wp-json\/wp\/v2\/media?parent=5025"}],"curies":[{"name":"wp","href":"https:\/\/api.w.org\/{rel}","templated":true}]}}