{"id":5026,"date":"2023-08-07T13:37:30","date_gmt":"2023-08-07T11:37:30","guid":{"rendered":"https:\/\/www.ptc.cz\/sto-lijecimo\/prsy\/jak-poznat-rakovinu-prsu\/"},"modified":"2024-06-21T14:42:04","modified_gmt":"2024-06-21T12:42:04","slug":"rak-dojke","status":"publish","type":"page","link":"https:\/\/www.ptc.cz\/hr\/sto-lijecimo\/grudi\/rak-dojke\/","title":{"rendered":"Rak dojke"},"content":{"rendered":"<p id=\"karcinom\"><strong>Karcinom prsu je nej\u010dast\u011bj\u0161\u00edm zhoubn\u00fdm onemocn\u011bn\u00edm<\/strong>\u00a0u \u017een a&nbsp;druhou nej\u010dast\u011bj\u0161\u00ed p\u0159\u00ed\u010dinou \u00famrt\u00ed na&nbsp;onkologick\u00e9 onemocn\u011bn\u00ed. Ro\u010dn\u011b je v\u00a0\u010cesk\u00e9 republice diagnostikov\u00e1no v\u00edce ne\u017e 7\u00a0000 nov\u00fdch p\u0159\u00edpad\u016f. Zhruba 75&nbsp;% \u017een m\u00e1 v&nbsp;dob\u011b diagn\u00f3zy onemocn\u011bn\u00ed I.\u00a0nebo II. stadia s&nbsp;dlouhou o\u010dek\u00e1vanou dobou do\u017eit\u00ed.<\/p>\n<p>&nbsp;<\/p>\n<p><img decoding=\"async\" class=\"is-loaded\" src=\"https:\/\/www.ptc.cz\/uploads\/thumbs\/prsy-graf-1200x1200.png\" alt=\"prsy-graf.png (14 KB)\" width=\"556\" data-src=\"\/uploads\/thumbs\/prsy-graf-1200x1200.png\" \/><\/p>\n<p>Jestli\u017ee je onemocn\u011bn\u00ed zachyceno v\u00a0\u010dasn\u00e9m st\u00e1diu, b\u00fdv\u00e1 l\u00e9\u010dba \u00fasp\u011b\u0161n\u011bj\u0161\u00ed, s\u00a0men\u0161\u00edmi komplikacemi a&nbsp;ni\u017e\u0161\u00edm rizikem vzniku ne\u017e\u00e1douc\u00edch \u00fa\u010dink\u016f. Rakovina prsu se nevyskytuje pouze u&nbsp;\u017een, ale m\u016f\u017ee se objevit i&nbsp;u&nbsp;mu\u017e\u016f. D\u00edky v\u010dasn\u00e9 diagnostice a&nbsp;nov\u00fdm technologi\u00edm\u00a0<strong class=\"custom-bold\">stoup\u00e1\u00a0\u00a0\u0161ance na<\/strong>\u00a0<strong>\u00fasp\u011b\u0161nou l\u00e9\u010dbu<\/strong>.<\/p>\n<p>Komplexn\u00ed l\u00e9\u010dba karcinomu prsu vy\u017eaduje spolupr\u00e1ci mnoha odborn\u00edk\u016f nap\u0159\u00ed\u010d r\u016fzn\u00fdmi obory. K\u00a0l\u00e9\u010db\u011b rakoviny prsu se vyu\u017e\u00edv\u00e1 operace, chemoterapie, hormon\u00e1ln\u00ed a&nbsp;biologick\u00e1 l\u00e9\u010dba, radioterapie.<\/p>\n<p>Radioterapie m\u00e1 v&nbsp;r\u00e1mci komplexn\u00ed l\u00e9\u010dby rakoviny prsu sv\u00e9 nezastupiteln\u00e9 m\u00edsto. P<strong>rotonov\u00e9 centrum v&nbsp;Praze jako prvn\u00ed na&nbsp;sv\u011bt\u011b vyvinulo jedine\u010dn\u00e9 a&nbsp;inovativn\u00ed postupy l\u00e9\u010dby rakoviny prsu, kter\u00e9 minimalizuj\u00ed ne\u017e\u00e1douc\u00ed oz\u00e1\u0159en\u00ed srdce a&nbsp;v\u011bn\u010dit\u00fdch tepen, plic a&nbsp;druhostrann\u00e9ho prsu.<\/strong><\/p>\n","protected":false},"excerpt":{"rendered":"<p>Karcinom prsu je nej\u010dast\u011bj\u0161\u00edm zhoubn\u00fdm onemocn\u011bn\u00edm\u00a0u \u017een a&nbsp;druhou nej\u010dast\u011bj\u0161\u00ed p\u0159\u00ed\u010dinou \u00famrt\u00ed na&nbsp;onkologick\u00e9 onemocn\u011bn\u00ed. Ro\u010dn\u011b je v\u00a0\u010cesk\u00e9 republice diagnostikov\u00e1no v\u00edce ne\u017e 7\u00a0000 nov\u00fdch p\u0159\u00edpad\u016f. Zhruba 75&nbsp;% \u017een m\u00e1 v&nbsp;dob\u011b diagn\u00f3zy onemocn\u011bn\u00ed I.\u00a0nebo II. stadia s&nbsp;dlouhou o\u010dek\u00e1vanou dobou do\u017eit\u00ed. &nbsp; Jestli\u017ee je onemocn\u011bn\u00ed zachyceno v\u00a0\u010dasn\u00e9m st\u00e1diu, b\u00fdv\u00e1 l\u00e9\u010dba \u00fasp\u011b\u0161n\u011bj\u0161\u00ed, s\u00a0men\u0161\u00edmi komplikacemi a&nbsp;ni\u017e\u0161\u00edm rizikem vzniku ne\u017e\u00e1douc\u00edch \u00fa\u010dink\u016f. Rakovina&#8230;<\/p>\n","protected":false},"author":1,"featured_media":4901,"parent":5016,"menu_order":424,"comment_status":"closed","ping_status":"closed","template":"template-service-detail-with-sidebar.php","meta":{"footnotes":""},"class_list":["post-5026","page","type-page","status-publish","has-post-thumbnail","hentry"],"acf":[],"aioseo_notices":[],"_links":{"self":[{"href":"https:\/\/www.ptc.cz\/hr\/wp-json\/wp\/v2\/pages\/5026","targetHints":{"allow":["GET"]}}],"collection":[{"href":"https:\/\/www.ptc.cz\/hr\/wp-json\/wp\/v2\/pages"}],"about":[{"href":"https:\/\/www.ptc.cz\/hr\/wp-json\/wp\/v2\/types\/page"}],"author":[{"embeddable":true,"href":"https:\/\/www.ptc.cz\/hr\/wp-json\/wp\/v2\/users\/1"}],"replies":[{"embeddable":true,"href":"https:\/\/www.ptc.cz\/hr\/wp-json\/wp\/v2\/comments?post=5026"}],"version-history":[{"count":1,"href":"https:\/\/www.ptc.cz\/hr\/wp-json\/wp\/v2\/pages\/5026\/revisions"}],"predecessor-version":[{"id":5063,"href":"https:\/\/www.ptc.cz\/hr\/wp-json\/wp\/v2\/pages\/5026\/revisions\/5063"}],"up":[{"embeddable":true,"href":"https:\/\/www.ptc.cz\/hr\/wp-json\/wp\/v2\/pages\/5016"}],"wp:featuredmedia":[{"embeddable":true,"href":"https:\/\/www.ptc.cz\/hr\/wp-json\/wp\/v2\/media\/4901"}],"wp:attachment":[{"href":"https:\/\/www.ptc.cz\/hr\/wp-json\/wp\/v2\/media?parent=5026"}],"curies":[{"name":"wp","href":"https:\/\/api.w.org\/{rel}","templated":true}]}}