{"id":5028,"date":"2024-01-15T17:30:34","date_gmt":"2024-01-15T16:30:34","guid":{"rendered":"https:\/\/www.ptc.cz\/sto-lijecimo\/prsy\/jak-poznat-rakovinu-prsu\/svet-preferuje-protony\/"},"modified":"2024-06-21T14:42:14","modified_gmt":"2024-06-21T12:42:14","slug":"svijet-preferira-protone","status":"publish","type":"page","link":"https:\/\/www.ptc.cz\/hr\/sto-lijecimo\/grudi\/rak-dojke\/svijet-preferira-protone\/","title":{"rendered":"Svijet preferira protone"},"content":{"rendered":"<div class=\"gdc_row\">\n<div class=\"gdc_column gdc_chalf\">\n<div class=\"gdc_inner\">\n<p><strong>Protonov\u00e1 l\u00e9\u010dba<\/strong>\u00a0je ve sv\u011bt\u011b st\u00e1le v\u00edce uzn\u00e1vanou a&nbsp;preferovanou metodou. V\u00fdsledky a&nbsp;zku\u0161enosti sv\u011btov\u00fdch protonov\u00fdch center i\u00a0<strong>pra\u017esk\u00e9ho Protonov\u00e9ho centra<\/strong>\u00a0jednozna\u010dn\u011b potvrzuj\u00ed, \u017ee protonov\u00e1 terapie otev\u00edr\u00e1 zcela nov\u00e9 mo\u017enosti l\u00e9\u010dby n\u00e1dorov\u00fdch onemocn\u011bn\u00ed.<\/p>\n<p><strong>Protonov\u00e1 radioterapie nen\u00ed novou metodou<\/strong>\u00a0\u2013 od roku 1991 existuje prvn\u00ed v\u00fdlu\u010dn\u011b klinick\u00e9 (nikoliv akademick\u00e9) pracovi\u0161t\u011b (Loma Linda, Kalifornie, USA) a\u00a0<strong>po\u010det nemocn\u00fdch l\u00e9\u010den\u00fdch protony dosahuje mnoha des\u00edtek tis\u00edc.\u00a0<\/strong>Jedn\u00e1 se o&nbsp;technologicky naprosto zralou l\u00e9\u010dbu, ov\u011b\u0159enou v&nbsp;klinick\u00e9m provozu.<\/p>\n<\/div>\n<\/div>\n<div class=\"gdc_column gdc_chalf\">\n<div class=\"gdc_inner\">\n<p>Z\u00a0\u0159ad n\u011bkter\u00fdch odborn\u00edk\u016f lze i&nbsp;po mnoha letech, kdy se pro l\u00e9\u010dbu vybran\u00fdch onkologick\u00fdch onemocn\u011bn\u00ed pou\u017e\u00edv\u00e1 protonov\u00e1 radioterapie, sly\u0161et n\u00e1zor, \u017ee vy\u0161\u0161\u00ed d\u00e1vky z\u00e1\u0159en\u00ed p\u0159i b\u011b\u017en\u00e9 (fotonov\u00e9) radioterapii na&nbsp;zdrav\u00e9 tk\u00e1n\u011b neod\u016fvod\u0148uj\u00ed pou\u017eit\u00ed l\u00e9\u010dby protonov\u00fdm svazkem.<\/p>\n<p><strong>T\u00fdm l\u00e9ka\u0159\u016f z\u00a0MGH v\u00a0Bostonu\u00a0 se proto zam\u011b\u0159il na&nbsp;pacientky s\u00a0karcinomem prsu<\/strong>. Zejm\u00e9na u&nbsp;t\u011bch, kde je nezbytn\u011b nutn\u00e9 oz\u00e1\u0159it i&nbsp;sp\u00e1dov\u00e9 lymfatick\u00e9 uzliny, studie uzav\u00edr\u00e1, \u017ee\u00a0<strong>protonov\u00e1 radioterapie karcinomu prsu m\u00e1 n\u00edzkou toxicitu p\u0159i zachov\u00e1n\u00ed stejn\u00e9 kontroly nad&nbsp;n\u00e1dorov\u00fdm onemocn\u011bn\u00edm jako d\u0159\u00edve publikovan\u00e1 data fotonov\u00e9 radioterapie.\u00a0<\/strong>(Jin\u00fdmi slovy, protonov\u00e1 l\u00e9\u010dba karcinomu prsu jednozna\u010dn\u011b sni\u017euje riziko vzniku ne\u017e\u00e1douc\u00edch \u00fa\u010dink\u016f).<\/p>\n<\/div>\n<\/div>\n<\/div>\n<p><a title=\"Studie v\u00a0Journal of Clinical Oncology\" href=\"https:\/\/ascopubs.org\/doi\/abs\/10.1200\/JCO.18.02366?journalCode=jco\" target=\"_blank\" rel=\"noopener\">Studii lze nal\u00e9zt v\u00a0Journal of Clinical Oncology<\/a><\/p>\n","protected":false},"excerpt":{"rendered":"<p>Studii lze nal\u00e9zt v\u00a0Journal of Clinical Oncology<\/p>\n","protected":false},"author":5,"featured_media":0,"parent":5026,"menu_order":426,"comment_status":"closed","ping_status":"closed","template":"template-service-detail-with-sidebar.php","meta":{"footnotes":""},"class_list":["post-5028","page","type-page","status-publish","hentry"],"acf":[],"aioseo_notices":[],"_links":{"self":[{"href":"https:\/\/www.ptc.cz\/hr\/wp-json\/wp\/v2\/pages\/5028","targetHints":{"allow":["GET"]}}],"collection":[{"href":"https:\/\/www.ptc.cz\/hr\/wp-json\/wp\/v2\/pages"}],"about":[{"href":"https:\/\/www.ptc.cz\/hr\/wp-json\/wp\/v2\/types\/page"}],"author":[{"embeddable":true,"href":"https:\/\/www.ptc.cz\/hr\/wp-json\/wp\/v2\/users\/5"}],"replies":[{"embeddable":true,"href":"https:\/\/www.ptc.cz\/hr\/wp-json\/wp\/v2\/comments?post=5028"}],"version-history":[{"count":2,"href":"https:\/\/www.ptc.cz\/hr\/wp-json\/wp\/v2\/pages\/5028\/revisions"}],"predecessor-version":[{"id":5064,"href":"https:\/\/www.ptc.cz\/hr\/wp-json\/wp\/v2\/pages\/5028\/revisions\/5064"}],"up":[{"embeddable":true,"href":"https:\/\/www.ptc.cz\/hr\/wp-json\/wp\/v2\/pages\/5026"}],"wp:attachment":[{"href":"https:\/\/www.ptc.cz\/hr\/wp-json\/wp\/v2\/media?parent=5028"}],"curies":[{"name":"wp","href":"https:\/\/api.w.org\/{rel}","templated":true}]}}