{"id":5082,"date":"2023-06-12T12:01:44","date_gmt":"2023-06-12T10:01:44","guid":{"rendered":"https:\/\/www.ptc.cz\/sto-lijecimo\/prostata\/jak-poznat-rakovinu-prostaty\/"},"modified":"2024-06-21T14:46:18","modified_gmt":"2024-06-21T12:46:18","slug":"rak-prostate","status":"publish","type":"page","link":"https:\/\/www.ptc.cz\/hr\/sto-lijecimo\/prostata\/rak-prostate\/","title":{"rendered":"Rak prostate"},"content":{"rendered":"<p><strong>D\u00edky testu PSA<\/strong> jsme schopni zachytit rakovinu prostaty ji\u017e v&nbsp;\u010dasn\u00e9m st\u00e1diu. Zv\u00fd\u0161en\u00e1 hladina <strong>prostatick\u00e9ho specifick\u00e9ho antigenu (PSA) v&nbsp;krvi, co\u017e je b\u00edlkovina vytv\u00e1\u0159en\u00e1 bu\u0148kami prostaty, je jedn\u00edm z&nbsp;ukazatel\u016f karcinomu prostaty, ale objevuje se i&nbsp;u&nbsp;n\u011bkter\u00fdch nezhoubn\u00fdch onemocn\u011bn\u00ed t\u00e9to \u010d\u00e1sti mu\u017esk\u00e9ho t\u011bla, nap\u0159\u00edklad z\u00e1n\u011btu prostaty\u00a0\u010di\u00a0benign\u00ed hyperplazii prostaty.<\/strong><\/p>\n<h5>V p\u0159\u00edpad\u011b, \u017ee v\u00e1m byla zji\u0161t\u011bna rakovina prostaty a&nbsp;nev\u00edte, jak postupovat, pot\u0159ebujete dal\u0161\u00ed informace nebo v\u00e1h\u00e1te, jakou l\u00e9\u010dbu si vybrat, kontaktuje na\u0161e koordin\u00e1tory l\u00e9\u010dby.<\/h5>\n<p>Ochotn\u011b odpov\u00ed na&nbsp;v\u0161echny va\u0161e dotazy a&nbsp;sjednaj\u00ed v\u00e1m term\u00edn bezplatn\u00e9ho nez\u00e1vazn\u00e9ho vy\u0161et\u0159en\u00ed.<\/p>\n<h3><strong>Objednejte se na&nbsp;telefonn\u00edm \u010d\u00edsle +420&nbsp;222&nbsp;999&nbsp;000.<\/strong><\/h3>\n<p style=\"text-align: left;\"><a  target=\"\"  class=\"button\" href=\"\/kontakt\/\">Kontaktujte n\u00e1s<\/a><\/p>\n","protected":false},"excerpt":{"rendered":"<p>D\u00edky testu PSA jsme schopni zachytit rakovinu prostaty ji\u017e v&nbsp;\u010dasn\u00e9m st\u00e1diu. Zv\u00fd\u0161en\u00e1 hladina prostatick\u00e9ho specifick\u00e9ho antigenu (PSA) v&nbsp;krvi, co\u017e je b\u00edlkovina vytv\u00e1\u0159en\u00e1 bu\u0148kami prostaty, je jedn\u00edm z&nbsp;ukazatel\u016f karcinomu prostaty, ale objevuje se i&nbsp;u&nbsp;n\u011bkter\u00fdch nezhoubn\u00fdch onemocn\u011bn\u00ed t\u00e9to \u010d\u00e1sti mu\u017esk\u00e9ho t\u011bla, nap\u0159\u00edklad z\u00e1n\u011btu prostaty\u00a0\u010di\u00a0benign\u00ed hyperplazii prostaty. V&nbsp;p\u0159\u00edpad\u011b, \u017ee v\u00e1m byla zji\u0161t\u011bna rakovina prostaty a&nbsp;nev\u00edte, jak postupovat,&#8230;<\/p>\n","protected":false},"author":1,"featured_media":5083,"parent":5066,"menu_order":458,"comment_status":"closed","ping_status":"closed","template":"template-service-detail-with-sidebar.php","meta":{"footnotes":""},"class_list":["post-5082","page","type-page","status-publish","has-post-thumbnail","hentry"],"acf":[],"aioseo_notices":[],"_links":{"self":[{"href":"https:\/\/www.ptc.cz\/hr\/wp-json\/wp\/v2\/pages\/5082","targetHints":{"allow":["GET"]}}],"collection":[{"href":"https:\/\/www.ptc.cz\/hr\/wp-json\/wp\/v2\/pages"}],"about":[{"href":"https:\/\/www.ptc.cz\/hr\/wp-json\/wp\/v2\/types\/page"}],"author":[{"embeddable":true,"href":"https:\/\/www.ptc.cz\/hr\/wp-json\/wp\/v2\/users\/1"}],"replies":[{"embeddable":true,"href":"https:\/\/www.ptc.cz\/hr\/wp-json\/wp\/v2\/comments?post=5082"}],"version-history":[{"count":1,"href":"https:\/\/www.ptc.cz\/hr\/wp-json\/wp\/v2\/pages\/5082\/revisions"}],"predecessor-version":[{"id":5128,"href":"https:\/\/www.ptc.cz\/hr\/wp-json\/wp\/v2\/pages\/5082\/revisions\/5128"}],"up":[{"embeddable":true,"href":"https:\/\/www.ptc.cz\/hr\/wp-json\/wp\/v2\/pages\/5066"}],"wp:featuredmedia":[{"embeddable":true,"href":"https:\/\/www.ptc.cz\/hr\/wp-json\/wp\/v2\/media\/5083"}],"wp:attachment":[{"href":"https:\/\/www.ptc.cz\/hr\/wp-json\/wp\/v2\/media?parent=5082"}],"curies":[{"name":"wp","href":"https:\/\/api.w.org\/{rel}","templated":true}]}}