{"id":5085,"date":"2023-09-14T15:53:52","date_gmt":"2023-09-14T13:53:52","guid":{"rendered":"https:\/\/www.ptc.cz\/sto-lijecimo\/prostata\/jak-poznat-rakovinu-prostaty\/priznaky-rakoviny-prostaty\/"},"modified":"2024-06-21T14:46:38","modified_gmt":"2024-06-21T12:46:38","slug":"simptomi-raka-prostate","status":"publish","type":"page","link":"https:\/\/www.ptc.cz\/hr\/sto-lijecimo\/prostata\/rak-prostate\/simptomi-raka-prostate\/","title":{"rendered":"Simptomi raka prostate"},"content":{"rendered":"<div class=\"gdc_row\">\n<div class=\"gdc_column gdc_chalf\">\n<div class=\"gdc_inner\">\n<p>Nejv\u011bt\u0161\u00ed nebezpe\u010d\u00ed karcinomu prostaty spo\u010d\u00edv\u00e1 v\u00a0tom, \u017ee se\u00a0v\u00a0po\u010d\u00e1te\u010dn\u00edch st\u00e1di\u00edch nemoci u\u00a0pacienta\u00a0<strong>neprojevuj\u00ed \u017e\u00e1dn\u00e9 p\u0159\u00edznaky<\/strong>. \u010casto se st\u00e1v\u00e1, \u017ee je n\u00e1dor odhalen a\u017e d\u00edky vzd\u00e1len\u00fdm metast\u00e1z\u00e1m.<\/p>\n<h4>Kl\u00ed\u010dovou roli v\u00a0l\u00e9\u010db\u011b karcinomu prostaty tedy hraje prevence.<\/h4>\n<p>V\u00a0pozd\u011bj\u0161\u00edch st\u00e1di\u00edch nemoci m\u016f\u017ee \u010dlov\u011bk posti\u017een\u00fd karcinomem prostaty poci\u0165ovat \u0159adu p\u0159\u00edznak\u016f, mnoho z\u00a0nich v\u0161ak m\u016f\u017ee signalizovat i\u00a0jin\u00e9 onemocn\u011bn\u00ed. Mezi tyto p\u0159\u00edznaky pat\u0159\u00ed pot\u0159eba \u010dast\u00e9ho mo\u010den\u00ed (hlavn\u011b v\u00a0noci), pot\u00ed\u017ee p\u0159i mo\u010den\u00ed, krev v\u00a0mo\u010di nebo ve spermatu, pot\u00ed\u017ee s\u00a0erekc\u00ed, bolest p\u0159i ejakulaci, \u010dast\u00e1 bolest nebo ztuhlost v\u00a0bedrech, boc\u00edch nebo v\u00a0horn\u00ed \u010d\u00e1sti stehen.<\/p>\n<p><strong>Pokud se u\u00a0v\u00e1s objevil min. jeden z\u00a0n\u00e1sleduj\u00edc\u00edch probl\u00e9m\u016f, nemus\u00ed se jednat o\u00a0zhoubn\u00fd n\u00e1dor prostaty, ale m\u011bli byste nav\u0161t\u00edvit sv\u00e9ho praktick\u00e9ho l\u00e9ka\u0159e nebo p\u0159\u00edmo sv\u00e9ho urologa:<\/strong><\/p>\n<ul>\n<li><span style=\"color: #1282c6;\">Obt\u00ed\u017en\u00e9 mo\u010den\u00ed.<\/span><\/li>\n<li><span style=\"color: #1282c6;\">Probl\u00e9m spustit mo\u010den\u00ed, neschopnost mo\u010den\u00ed zastavit.<\/span><\/li>\n<li><span style=\"color: #1282c6;\">\u010cast\u00e9 mo\u010den\u00ed, zvl\u00e1\u0161t\u011b v\u00a0noci.<\/span><\/li>\n<li><span style=\"color: #1282c6;\">Slab\u00fd a\u00a0p\u0159eru\u0161ovan\u00fd proud mo\u010di.<\/span><\/li>\n<li><span style=\"color: #1282c6;\">Bolest, p\u00e1len\u00ed p\u0159i mo\u010den\u00ed.<\/span><\/li>\n<li><span style=\"color: #1282c6;\">Krev v\u00a0mo\u010di nebo ve spermatu.<\/span><\/li>\n<li><span style=\"color: #1282c6;\">Probl\u00e9my s\u00a0erekc\u00ed.<\/span><\/li>\n<li><span style=\"color: #1282c6;\">Bolesti v\u00a0p\u00e1nvi, z\u00e1dech.<\/span><\/li>\n<\/ul>\n<\/div>\n<\/div>\n<div class=\"gdc_column gdc_chalf\">\n<div class=\"gdc_inner\">\n<p>Nejjednodu\u0161\u0161\u00edm a\u00a0klinicky nejv\u00fdznamn\u011bj\u0161\u00edm ukazatelem rakoviny prostaty je<strong>\u00a0prostatick\u00fd specifick\u00fd antigen\u00a0<\/strong>(PSA) v\u00a0krvi. Zv\u00fd\u0161en\u00e1 koncentrace PSA v\u00a0krvi nasv\u011bd\u010duje tomu, \u017ee se zv\u011bt\u0161ila prostupnost st\u011bn prostaty n\u00e1sledkem patologick\u00fdch zm\u011bn, nap\u0159\u00edklad pr\u00e1v\u011b n\u00e1dorem, kter\u00fd lze d\u00edky vy\u0161et\u0159en\u00ed krve v\u011bt\u0161inou odhalit ji\u017e v\u00a0ran\u00e9m stadiu.<\/p>\n<p>N\u00e1dor prostaty metastazuje nej\u010dast\u011bji p\u0159es lymfatick\u00e9 uzliny do kost\u00ed, plic, jater, nervov\u00e9 soustavy, ledvin. P\u0159i zanedb\u00e1n\u00ed prevence je karcinom prostaty \u010dasto odhalen a\u017e ve stadiu metast\u00e1z, kter\u00e9 zp\u016fsobuj\u00ed bolest nebo ztuhlost v\u00a0z\u00e1dech, ky\u010dl\u00edch, kon\u010detin\u00e1ch. Rakovinu tak\u00e9 prov\u00e1z\u00ed celkov\u00e1 slabost, nechutenstv\u00ed a\u00a0\u00fabytek t\u011blesn\u00e9 hmotnosti.<\/p>\n<p><img loading=\"lazy\" decoding=\"async\" class=\"alignnone wp-image-1883 size-thumbnail\" src=\"https:\/\/www.ptc.cz\/wp-content\/uploads\/2024\/01\/shutterstock_2005053044-s-800x650.jpg\" alt=\"\" width=\"800\" height=\"650\" \/><\/p>\n<\/div>\n<\/div>\n<\/div>\n<p>Nejv\u011bt\u0161\u00ed nebezpe\u010d\u00ed karcinomu prostaty spo\u010d\u00edv\u00e1 v\u00a0tom, \u017ee se\u00a0v\u00a0po\u010d\u00e1te\u010dn\u00edch st\u00e1di\u00edch nemoci u\u00a0pacienta\u00a0<strong>neprojevuj\u00ed \u017e\u00e1dn\u00e9 p\u0159\u00edznaky<\/strong>. \u010casto se st\u00e1v\u00e1, \u017ee je n\u00e1dor odhalen a\u017e d\u00edky vzd\u00e1len\u00fdm metast\u00e1z\u00e1m.<\/p>\n<h4>Kl\u00ed\u010dovou roli v\u00a0l\u00e9\u010db\u011b karcinomu prostaty tedy hraje prevence.<\/h4>\n<p>V\u00a0pozd\u011bj\u0161\u00edch st\u00e1di\u00edch nemoci m\u016f\u017ee \u010dlov\u011bk posti\u017een\u00fd karcinomem prostaty poci\u0165ovat \u0159adu p\u0159\u00edznak\u016f, mnoho z\u00a0nich v\u0161ak m\u016f\u017ee signalizovat i\u00a0jin\u00e9 onemocn\u011bn\u00ed. Mezi tyto p\u0159\u00edznaky pat\u0159\u00ed pot\u0159eba \u010dast\u00e9ho mo\u010den\u00ed (hlavn\u011b v\u00a0noci), pot\u00ed\u017ee p\u0159i mo\u010den\u00ed, krev v\u00a0mo\u010di nebo ve spermatu, pot\u00ed\u017ee s\u00a0erekc\u00ed, bolest p\u0159i ejakulaci, \u010dast\u00e1 bolest nebo ztuhlost v\u00a0bedrech, boc\u00edch nebo v\u00a0horn\u00ed \u010d\u00e1sti stehen.<\/p>\n<p><strong>Pokud se u\u00a0v\u00e1s objevil min. jeden z\u00a0n\u00e1sleduj\u00edc\u00edch probl\u00e9m\u016f, nemus\u00ed se jednat o\u00a0zhoubn\u00fd n\u00e1dor prostaty, ale m\u011bli byste nav\u0161t\u00edvit sv\u00e9ho praktick\u00e9ho l\u00e9ka\u0159e nebo p\u0159\u00edmo sv\u00e9ho urologa:<\/strong><\/p>\n<ul>\n<li>Obt\u00ed\u017en\u00e9 mo\u010den\u00ed.<\/li>\n<li>Probl\u00e9m spustit mo\u010den\u00ed, neschopnost mo\u010den\u00ed zastavit.<\/li>\n<li>\u010cast\u00e9 mo\u010den\u00ed, zvl\u00e1\u0161t\u011b v\u00a0noci.<\/li>\n<li>Slab\u00fd a\u00a0p\u0159eru\u0161ovan\u00fd proud mo\u010di.<\/li>\n<li>Bolest, p\u00e1len\u00ed p\u0159i mo\u010den\u00ed.<\/li>\n<li>Krev v\u00a0mo\u010di nebo ve spermatu.<\/li>\n<li>Probl\u00e9my s\u00a0erekc\u00ed.<\/li>\n<li>Bolesti v\u00a0p\u00e1nvi, z\u00e1dech.<\/li>\n<\/ul>\n<p>Nejjednodu\u0161\u0161\u00edm a\u00a0klinicky nejv\u00fdznamn\u011bj\u0161\u00edm ukazatelem rakoviny prostaty je<strong>\u00a0prostatick\u00fd specifick\u00fd antigen\u00a0<\/strong>(PSA) v\u00a0krvi. Zv\u00fd\u0161en\u00e1 koncentrace PSA v\u00a0krvi nasv\u011bd\u010duje tomu, \u017ee se zv\u011bt\u0161ila prostupnost st\u011bn prostaty n\u00e1sledkem patologick\u00fdch zm\u011bn, nap\u0159\u00edklad pr\u00e1v\u011b n\u00e1dorem, kter\u00fd lze d\u00edky vy\u0161et\u0159en\u00ed krve v\u011bt\u0161inou odhalit ji\u017e v\u00a0ran\u00e9m stadiu.<\/p>\n<p>N\u00e1dor prostaty metastazuje nej\u010dast\u011bji p\u0159es lymfatick\u00e9 uzliny do kost\u00ed, plic, jater, nervov\u00e9 soustavy, ledvin. P\u0159i zanedb\u00e1n\u00ed prevence je karcinom prostaty \u010dasto odhalen a\u017e ve stadiu metast\u00e1z, kter\u00e9 zp\u016fsobuj\u00ed bolest nebo ztuhlost v\u00a0z\u00e1dech, ky\u010dl\u00edch, kon\u010detin\u00e1ch. Rakovinu tak\u00e9 prov\u00e1z\u00ed celkov\u00e1 slabost, nechutenstv\u00ed a\u00a0\u00fabytek t\u011blesn\u00e9 hmotnosti.<\/p>\n<p style=\"text-align: center;\"><a  target=\"\"  class=\"button\" href=\"\/kontakt\/\">Kontaktujte n\u00e1s<\/a><\/p>\n","protected":false},"excerpt":{"rendered":"<p>Nejv\u011bt\u0161\u00ed nebezpe\u010d\u00ed karcinomu prostaty spo\u010d\u00edv\u00e1 v\u00a0tom, \u017ee se\u00a0v\u00a0po\u010d\u00e1te\u010dn\u00edch st\u00e1di\u00edch nemoci u\u00a0pacienta\u00a0neprojevuj\u00ed \u017e\u00e1dn\u00e9 p\u0159\u00edznaky. \u010casto se st\u00e1v\u00e1, \u017ee je n\u00e1dor odhalen a\u017e d\u00edky vzd\u00e1len\u00fdm metast\u00e1z\u00e1m. Kl\u00ed\u010dovou roli v\u00a0l\u00e9\u010db\u011b karcinomu prostaty tedy hraje prevence. V\u00a0pozd\u011bj\u0161\u00edch st\u00e1di\u00edch nemoci m\u016f\u017ee \u010dlov\u011bk posti\u017een\u00fd karcinomem prostaty poci\u0165ovat \u0159adu p\u0159\u00edznak\u016f, mnoho z\u00a0nich v\u0161ak m\u016f\u017ee signalizovat i\u00a0jin\u00e9 onemocn\u011bn\u00ed. Mezi tyto p\u0159\u00edznaky pat\u0159\u00ed pot\u0159eba&#8230;<\/p>\n","protected":false},"author":9,"featured_media":5086,"parent":5082,"menu_order":470,"comment_status":"closed","ping_status":"closed","template":"template-service-detail-with-sidebar.php","meta":{"footnotes":""},"class_list":["post-5085","page","type-page","status-publish","has-post-thumbnail","hentry"],"acf":[],"aioseo_notices":[],"_links":{"self":[{"href":"https:\/\/www.ptc.cz\/hr\/wp-json\/wp\/v2\/pages\/5085","targetHints":{"allow":["GET"]}}],"collection":[{"href":"https:\/\/www.ptc.cz\/hr\/wp-json\/wp\/v2\/pages"}],"about":[{"href":"https:\/\/www.ptc.cz\/hr\/wp-json\/wp\/v2\/types\/page"}],"author":[{"embeddable":true,"href":"https:\/\/www.ptc.cz\/hr\/wp-json\/wp\/v2\/users\/9"}],"replies":[{"embeddable":true,"href":"https:\/\/www.ptc.cz\/hr\/wp-json\/wp\/v2\/comments?post=5085"}],"version-history":[{"count":2,"href":"https:\/\/www.ptc.cz\/hr\/wp-json\/wp\/v2\/pages\/5085\/revisions"}],"predecessor-version":[{"id":5132,"href":"https:\/\/www.ptc.cz\/hr\/wp-json\/wp\/v2\/pages\/5085\/revisions\/5132"}],"up":[{"embeddable":true,"href":"https:\/\/www.ptc.cz\/hr\/wp-json\/wp\/v2\/pages\/5082"}],"wp:featuredmedia":[{"embeddable":true,"href":"https:\/\/www.ptc.cz\/hr\/wp-json\/wp\/v2\/media\/5086"}],"wp:attachment":[{"href":"https:\/\/www.ptc.cz\/hr\/wp-json\/wp\/v2\/media?parent=5085"}],"curies":[{"name":"wp","href":"https:\/\/api.w.org\/{rel}","templated":true}]}}