{"id":5138,"date":"2023-06-12T11:54:58","date_gmt":"2023-06-12T09:54:58","guid":{"rendered":"https:\/\/www.ptc.cz\/sto-lijecimo\/prostata\/o-protonove-lecbe\/"},"modified":"2024-06-21T14:48:32","modified_gmt":"2024-06-21T12:48:32","slug":"o-protonskoj-terapiji","status":"publish","type":"page","link":"https:\/\/www.ptc.cz\/hr\/sto-lijecimo\/prostata\/o-protonskoj-terapiji\/","title":{"rendered":"O protonskoj terapiji"},"content":{"rendered":"<p>Mus\u00ed b\u00fdt kotva sem &#8211; <a href=\"https:\/\/www.ptc.cz\/o-lecbe\/#section3\">O l\u00e9\u010db\u011b | Protonov\u00e9 centrum (mh370.cz)<\/a><\/p>\n<p style=\"text-align: center;\"><a  target=\"\"  class=\"button\" href=\"\/kontakt\/\">Kontaktujte n\u00e1s<\/a><\/p>\n","protected":false},"excerpt":{"rendered":"<p>Mus\u00ed b\u00fdt kotva sem &#8211; O&nbsp;l\u00e9\u010db\u011b | Protonov\u00e9 centrum (mh370.cz)<\/p>\n","protected":false},"author":1,"featured_media":4837,"parent":5066,"menu_order":490,"comment_status":"closed","ping_status":"closed","template":"template-service-detail-with-sidebar.php","meta":{"footnotes":""},"class_list":["post-5138","page","type-page","status-publish","has-post-thumbnail","hentry"],"acf":[],"aioseo_notices":[],"_links":{"self":[{"href":"https:\/\/www.ptc.cz\/hr\/wp-json\/wp\/v2\/pages\/5138","targetHints":{"allow":["GET"]}}],"collection":[{"href":"https:\/\/www.ptc.cz\/hr\/wp-json\/wp\/v2\/pages"}],"about":[{"href":"https:\/\/www.ptc.cz\/hr\/wp-json\/wp\/v2\/types\/page"}],"author":[{"embeddable":true,"href":"https:\/\/www.ptc.cz\/hr\/wp-json\/wp\/v2\/users\/1"}],"replies":[{"embeddable":true,"href":"https:\/\/www.ptc.cz\/hr\/wp-json\/wp\/v2\/comments?post=5138"}],"version-history":[{"count":2,"href":"https:\/\/www.ptc.cz\/hr\/wp-json\/wp\/v2\/pages\/5138\/revisions"}],"predecessor-version":[{"id":5148,"href":"https:\/\/www.ptc.cz\/hr\/wp-json\/wp\/v2\/pages\/5138\/revisions\/5148"}],"up":[{"embeddable":true,"href":"https:\/\/www.ptc.cz\/hr\/wp-json\/wp\/v2\/pages\/5066"}],"wp:featuredmedia":[{"embeddable":true,"href":"https:\/\/www.ptc.cz\/hr\/wp-json\/wp\/v2\/media\/4837"}],"wp:attachment":[{"href":"https:\/\/www.ptc.cz\/hr\/wp-json\/wp\/v2\/media?parent=5138"}],"curies":[{"name":"wp","href":"https:\/\/api.w.org\/{rel}","templated":true}]}}