{"id":3659,"date":"2024-01-26T10:50:06","date_gmt":"2024-01-26T09:50:06","guid":{"rendered":"https:\/\/www.ptc.cz\/odeslano\/"},"modified":"2024-09-27T13:24:51","modified_gmt":"2024-09-27T11:24:51","slug":"wyslano","status":"publish","type":"page","link":"https:\/\/www.ptc.cz\/pl\/wyslano\/","title":{"rendered":"Wys\u0142ano"},"content":{"rendered":"<h2>Va\u0161e zpr\u00e1va byla v&nbsp;po\u0159\u00e1dku odesl\u00e1na.<\/h2>\n","protected":false},"excerpt":{"rendered":"<p>Va\u0161e zpr\u00e1va byla v&nbsp;po\u0159\u00e1dku odesl\u00e1na.<\/p>\n","protected":false},"author":1,"featured_media":0,"parent":0,"menu_order":14,"comment_status":"closed","ping_status":"closed","template":"template-thank-you.php","meta":{"footnotes":""},"class_list":["post-3659","page","type-page","status-publish","hentry"],"acf":[],"aioseo_notices":[],"_links":{"self":[{"href":"https:\/\/www.ptc.cz\/pl\/wp-json\/wp\/v2\/pages\/3659","targetHints":{"allow":["GET"]}}],"collection":[{"href":"https:\/\/www.ptc.cz\/pl\/wp-json\/wp\/v2\/pages"}],"about":[{"href":"https:\/\/www.ptc.cz\/pl\/wp-json\/wp\/v2\/types\/page"}],"author":[{"embeddable":true,"href":"https:\/\/www.ptc.cz\/pl\/wp-json\/wp\/v2\/users\/1"}],"replies":[{"embeddable":true,"href":"https:\/\/www.ptc.cz\/pl\/wp-json\/wp\/v2\/comments?post=3659"}],"version-history":[{"count":4,"href":"https:\/\/www.ptc.cz\/pl\/wp-json\/wp\/v2\/pages\/3659\/revisions"}],"predecessor-version":[{"id":7589,"href":"https:\/\/www.ptc.cz\/pl\/wp-json\/wp\/v2\/pages\/3659\/revisions\/7589"}],"wp:attachment":[{"href":"https:\/\/www.ptc.cz\/pl\/wp-json\/wp\/v2\/media?parent=3659"}],"curies":[{"name":"wp","href":"https:\/\/api.w.org\/{rel}","templated":true}]}}