{"id":3664,"date":"2023-09-21T14:46:09","date_gmt":"2023-09-21T12:46:09","guid":{"rendered":"https:\/\/www.ptc.cz\/kvalita-a-bezpeci\/"},"modified":"2024-06-17T13:20:46","modified_gmt":"2024-06-17T11:20:46","slug":"jakosc-i-bezpieczenstwo","status":"publish","type":"page","link":"https:\/\/www.ptc.cz\/pl\/jakosc-i-bezpieczenstwo\/","title":{"rendered":"Jako\u015b\u0107 i&nbsp;bezpiecze\u0144stwo"},"content":{"rendered":"","protected":false},"excerpt":{"rendered":"","protected":false},"author":1,"featured_media":3666,"parent":0,"menu_order":2,"comment_status":"closed","ping_status":"closed","template":"template-page-with-anchor-sidebar.php","meta":{"footnotes":""},"class_list":["post-3664","page","type-page","status-publish","has-post-thumbnail","hentry"],"acf":[],"aioseo_notices":[],"_links":{"self":[{"href":"https:\/\/www.ptc.cz\/pl\/wp-json\/wp\/v2\/pages\/3664","targetHints":{"allow":["GET"]}}],"collection":[{"href":"https:\/\/www.ptc.cz\/pl\/wp-json\/wp\/v2\/pages"}],"about":[{"href":"https:\/\/www.ptc.cz\/pl\/wp-json\/wp\/v2\/types\/page"}],"author":[{"embeddable":true,"href":"https:\/\/www.ptc.cz\/pl\/wp-json\/wp\/v2\/users\/1"}],"replies":[{"embeddable":true,"href":"https:\/\/www.ptc.cz\/pl\/wp-json\/wp\/v2\/comments?post=3664"}],"version-history":[{"count":1,"href":"https:\/\/www.ptc.cz\/pl\/wp-json\/wp\/v2\/pages\/3664\/revisions"}],"predecessor-version":[{"id":3685,"href":"https:\/\/www.ptc.cz\/pl\/wp-json\/wp\/v2\/pages\/3664\/revisions\/3685"}],"wp:featuredmedia":[{"embeddable":true,"href":"https:\/\/www.ptc.cz\/pl\/wp-json\/wp\/v2\/media\/3666"}],"wp:attachment":[{"href":"https:\/\/www.ptc.cz\/pl\/wp-json\/wp\/v2\/media?parent=3664"}],"curies":[{"name":"wp","href":"https:\/\/api.w.org\/{rel}","templated":true}]}}