{"id":3704,"date":"2023-06-16T09:20:55","date_gmt":"2023-06-16T07:20:55","guid":{"rendered":"https:\/\/www.ptc.cz\/jak-se-k-nam-dostanete\/cesta-mhd\/"},"modified":"2024-06-17T13:26:39","modified_gmt":"2024-06-17T11:26:39","slug":"podroz-komunikacja-miejska","status":"publish","type":"page","link":"https:\/\/www.ptc.cz\/pl\/jak-do-nas-dotrzec\/podroz-komunikacja-miejska\/","title":{"rendered":"Podr\u00f3\u017c komunikacj\u0105 miejsk\u0105"},"content":{"rendered":"<div class=\"gdc_row\">\n<div class=\"gdc_column gdc_chalf\">\n<div class=\"gdc_inner\">\n<p><strong>Zast\u00e1vka Bulovka<\/strong><\/p>\n<\/div>\n<\/div>\n<div class=\"gdc_column gdc_chalf\">\n<div class=\"gdc_inner\">\n<ul>\n<li>bus \u010d. 201<\/li>\n<li>tram \u010d. 3, 10, 24<\/li>\n<\/ul>\n<\/div>\n<\/div>\n<\/div>\n","protected":false},"excerpt":{"rendered":"","protected":false},"author":1,"featured_media":0,"parent":3701,"menu_order":78,"comment_status":"closed","ping_status":"closed","template":"template-page-with-sidebar.php","meta":{"footnotes":""},"class_list":["post-3704","page","type-page","status-publish","hentry"],"acf":[],"aioseo_notices":[],"_links":{"self":[{"href":"https:\/\/www.ptc.cz\/pl\/wp-json\/wp\/v2\/pages\/3704","targetHints":{"allow":["GET"]}}],"collection":[{"href":"https:\/\/www.ptc.cz\/pl\/wp-json\/wp\/v2\/pages"}],"about":[{"href":"https:\/\/www.ptc.cz\/pl\/wp-json\/wp\/v2\/types\/page"}],"author":[{"embeddable":true,"href":"https:\/\/www.ptc.cz\/pl\/wp-json\/wp\/v2\/users\/1"}],"replies":[{"embeddable":true,"href":"https:\/\/www.ptc.cz\/pl\/wp-json\/wp\/v2\/comments?post=3704"}],"version-history":[{"count":1,"href":"https:\/\/www.ptc.cz\/pl\/wp-json\/wp\/v2\/pages\/3704\/revisions"}],"predecessor-version":[{"id":3711,"href":"https:\/\/www.ptc.cz\/pl\/wp-json\/wp\/v2\/pages\/3704\/revisions\/3711"}],"up":[{"embeddable":true,"href":"https:\/\/www.ptc.cz\/pl\/wp-json\/wp\/v2\/pages\/3701"}],"wp:attachment":[{"href":"https:\/\/www.ptc.cz\/pl\/wp-json\/wp\/v2\/media?parent=3704"}],"curies":[{"name":"wp","href":"https:\/\/api.w.org\/{rel}","templated":true}]}}