{"id":3705,"date":"2023-06-16T09:21:13","date_gmt":"2023-06-16T07:21:13","guid":{"rendered":"https:\/\/www.ptc.cz\/jak-se-k-nam-dostanete\/cesta-autem\/"},"modified":"2024-06-17T13:26:50","modified_gmt":"2024-06-17T11:26:50","slug":"podroz-samochodem","status":"publish","type":"page","link":"https:\/\/www.ptc.cz\/pl\/jak-do-nas-dotrzec\/podroz-samochodem\/","title":{"rendered":"Podr\u00f3\u017c samochodem"},"content":{"rendered":"<div class=\"gdc_row\">\n<div class=\"gdc_column gdc_chalf\">\n<div class=\"gdc_inner\">\n<p>Pokud vlastn\u00edte navigaci, m\u016f\u017eete zadat sou\u0159adnice GPS: 50.1171363, 14.4646944.<\/p>\n<p><em><strong>Vjezdy do are\u00e1lu:<\/strong><\/em><\/p>\n<ul>\n<li>Z ulice Na&nbsp;Truhl\u00e1\u0159ce (viz mapa \u2013 \u010derven\u00e9 te\u010dky).<\/li>\n<li>Z\u00a0ulice Zenklova (viz mapa \u2013 modr\u00e9 te\u010dky).<\/li>\n<\/ul>\n<p>V\u00a0p\u0159\u00edpad\u011b obou vjezd\u016f sledujte modrob\u00edlou navigaci s\u00a0n\u00e1pisem Proton Therapy Center.<\/p>\n<p>&nbsp;<\/p>\n<\/div>\n<\/div>\n<div class=\"gdc_column gdc_chalf\">\n<div class=\"gdc_inner\">\n<p><strong><a href=\"https:\/\/www.ptc.cz\/wp-content\/uploads\/2023\/08\/ptc-mapa-cze-1200x1200-1.jpg\" data-rel=\"lightbox-image-0\" data-rl_title=\"\" data-rl_caption=\"\" title=\"\"><img loading=\"lazy\" decoding=\"async\" class=\"alignnone size-full wp-image-440\" src=\"https:\/\/www.ptc.cz\/wp-content\/uploads\/2023\/08\/ptc-mapa-cze-1200x1200-1.jpg\" alt=\"\" width=\"1200\" height=\"742\" srcset=\"https:\/\/www.ptc.cz\/wp-content\/uploads\/2023\/08\/ptc-mapa-cze-1200x1200-1.jpg 1200w, https:\/\/www.ptc.cz\/wp-content\/uploads\/2023\/08\/ptc-mapa-cze-1200x1200-1-300x186.jpg 300w, https:\/\/www.ptc.cz\/wp-content\/uploads\/2023\/08\/ptc-mapa-cze-1200x1200-1-768x475.jpg 768w\" sizes=\"auto, (max-width: 1200px) 100vw, 1200px\" \/><\/a><\/strong><\/p>\n<\/div>\n<\/div>\n<\/div>\n","protected":false},"excerpt":{"rendered":"","protected":false},"author":1,"featured_media":0,"parent":3701,"menu_order":82,"comment_status":"closed","ping_status":"closed","template":"template-page-with-sidebar.php","meta":{"footnotes":""},"class_list":["post-3705","page","type-page","status-publish","hentry"],"acf":[],"aioseo_notices":[],"_links":{"self":[{"href":"https:\/\/www.ptc.cz\/pl\/wp-json\/wp\/v2\/pages\/3705","targetHints":{"allow":["GET"]}}],"collection":[{"href":"https:\/\/www.ptc.cz\/pl\/wp-json\/wp\/v2\/pages"}],"about":[{"href":"https:\/\/www.ptc.cz\/pl\/wp-json\/wp\/v2\/types\/page"}],"author":[{"embeddable":true,"href":"https:\/\/www.ptc.cz\/pl\/wp-json\/wp\/v2\/users\/1"}],"replies":[{"embeddable":true,"href":"https:\/\/www.ptc.cz\/pl\/wp-json\/wp\/v2\/comments?post=3705"}],"version-history":[{"count":1,"href":"https:\/\/www.ptc.cz\/pl\/wp-json\/wp\/v2\/pages\/3705\/revisions"}],"predecessor-version":[{"id":3712,"href":"https:\/\/www.ptc.cz\/pl\/wp-json\/wp\/v2\/pages\/3705\/revisions\/3712"}],"up":[{"embeddable":true,"href":"https:\/\/www.ptc.cz\/pl\/wp-json\/wp\/v2\/pages\/3701"}],"wp:attachment":[{"href":"https:\/\/www.ptc.cz\/pl\/wp-json\/wp\/v2\/media?parent=3705"}],"curies":[{"name":"wp","href":"https:\/\/api.w.org\/{rel}","templated":true}]}}