{"id":3717,"date":"2023-06-13T10:20:43","date_gmt":"2023-06-13T08:20:43","guid":{"rendered":"https:\/\/www.ptc.cz\/moderni-diagnostika\/magneticka-rezonance\/"},"modified":"2025-01-09T10:38:29","modified_gmt":"2025-01-09T09:38:29","slug":"rezonans-magnetyczny","status":"publish","type":"page","link":"https:\/\/www.ptc.cz\/pl\/nowoczesna-diagnostyka\/rezonans-magnetyczny\/","title":{"rendered":"Rezonans magnetyczny"},"content":{"rendered":"<p><strong>Rezonans magnetyczny (MRI)<\/strong> to nowoczesna nieinwazyjna metoda obrazowania diagnostycznego, kt\u00f3ra umo\u017cliwia szczeg\u00f3\u0142owy wgl\u0105d w wewn\u0119trzne struktury cia\u0142a. Wykorzystuj\u0105c silne pole magnetyczne i&nbsp;fale radiowe, MRI tworzy szczeg\u00f3\u0142owe obrazy narz\u0105d\u00f3w i&nbsp;tkanek, kt\u00f3re s\u0105 wykorzystywane do diagnozowania i&nbsp;monitorowania r\u00f3\u017cnych schorze\u0144.<\/p>\n<p>MRI wykorzystuje silne pole magnetyczne i&nbsp;fale radiowe do tworzenia szczeg\u00f3\u0142owych obraz\u00f3w wewn\u0119trznych narz\u0105d\u00f3w i&nbsp;struktur cia\u0142a. Gdy pacjent znajduje si\u0119 wewn\u0105trz urz\u0105dzenia MRI, pole magnetyczne wp\u0142ywa na&nbsp;atomy wodoru w ciele. Atomy te wysy\u0142aj\u0105 sygna\u0142y, kt\u00f3re s\u0105 przechwytywane i&nbsp;przetwarzane na&nbsp;obrazy. W przeciwie\u0144stwie do promieniowania rentgenowskiego i&nbsp;tomografii komputerowej, rezonans magnetyczny nie wykorzystuje promieniowania jonizuj\u0105cego, dzi\u0119ki czemu metoda ta jest bezpieczniejsza w przypadku wielokrotnego stosowania.<\/p>\n","protected":false},"excerpt":{"rendered":"<p>Rezonans magnetyczny (MRI) to nowoczesna nieinwazyjna metoda obrazowania diagnostycznego, kt\u00f3ra umo\u017cliwia szczeg\u00f3\u0142owy wgl\u0105d w wewn\u0119trzne struktury cia\u0142a. Wykorzystuj\u0105c silne pole magnetyczne i&nbsp;fale radiowe, MRI tworzy szczeg\u00f3\u0142owe obrazy narz\u0105d\u00f3w i&nbsp;tkanek, kt\u00f3re s\u0105 wykorzystywane do diagnozowania i&nbsp;monitorowania r\u00f3\u017cnych schorze\u0144. MRI wykorzystuje silne pole magnetyczne i&nbsp;fale radiowe do tworzenia szczeg\u00f3\u0142owych obraz\u00f3w wewn\u0119trznych narz\u0105d\u00f3w i&nbsp;struktur cia\u0142a. Gdy pacjent znajduje&#8230;<\/p>\n","protected":false},"author":1,"featured_media":7819,"parent":3714,"menu_order":103,"comment_status":"closed","ping_status":"closed","template":"template-page-with-sidebar.php","meta":{"footnotes":""},"class_list":["post-3717","page","type-page","status-publish","has-post-thumbnail","hentry"],"acf":[],"aioseo_notices":[],"_links":{"self":[{"href":"https:\/\/www.ptc.cz\/pl\/wp-json\/wp\/v2\/pages\/3717","targetHints":{"allow":["GET"]}}],"collection":[{"href":"https:\/\/www.ptc.cz\/pl\/wp-json\/wp\/v2\/pages"}],"about":[{"href":"https:\/\/www.ptc.cz\/pl\/wp-json\/wp\/v2\/types\/page"}],"author":[{"embeddable":true,"href":"https:\/\/www.ptc.cz\/pl\/wp-json\/wp\/v2\/users\/1"}],"replies":[{"embeddable":true,"href":"https:\/\/www.ptc.cz\/pl\/wp-json\/wp\/v2\/comments?post=3717"}],"version-history":[{"count":2,"href":"https:\/\/www.ptc.cz\/pl\/wp-json\/wp\/v2\/pages\/3717\/revisions"}],"predecessor-version":[{"id":4428,"href":"https:\/\/www.ptc.cz\/pl\/wp-json\/wp\/v2\/pages\/3717\/revisions\/4428"}],"up":[{"embeddable":true,"href":"https:\/\/www.ptc.cz\/pl\/wp-json\/wp\/v2\/pages\/3714"}],"wp:featuredmedia":[{"embeddable":true,"href":"https:\/\/www.ptc.cz\/pl\/wp-json\/wp\/v2\/media\/7819"}],"wp:attachment":[{"href":"https:\/\/www.ptc.cz\/pl\/wp-json\/wp\/v2\/media?parent=3717"}],"curies":[{"name":"wp","href":"https:\/\/api.w.org\/{rel}","templated":true}]}}