{"id":3725,"date":"2023-06-13T13:12:42","date_gmt":"2023-06-13T11:12:42","guid":{"rendered":"https:\/\/www.ptc.cz\/moderni-diagnostika\/magneticka-rezonance\/informace-o-vysetreni-magnetickou-rezonanci-pro-lekare\/"},"modified":"2026-04-16T11:26:24","modified_gmt":"2026-04-16T09:26:24","slug":"informacje-o-badaniu-rezonansem-magnetycznym-dla-lekarzy","status":"publish","type":"page","link":"https:\/\/www.ptc.cz\/pl\/nowoczesna-diagnostyka\/rezonans-magnetyczny\/informacje-o-badaniu-rezonansem-magnetycznym-dla-lekarzy\/","title":{"rendered":"Informacje o&nbsp;badaniu rezonansem magnetycznym dla lekarzy"},"content":{"rendered":"<p>Centrum Protonowe w Pradze oferuje wybrane badania diagnostyczne, tj. rezonans magnetyczny (MR) i&nbsp;pozytronow\u0105 tomografi\u0119 emisyjn\u0105 z&nbsp;tomografem komputerowym (PET\/CT). Badamy nie tylko pacjent\u00f3w onkologicznych Centrum Terapii Protonowej, ale r\u00f3wnie\u017c wszystkich innych pacjent\u00f3w skierowanych na&nbsp;badanie przez lekarza prowadz\u0105cego.<\/p>\n<h4>Oddzia\u0142 radiodiagnostyki przeprowadza nast\u0119puj\u0105ce badania:<\/h4>\n<ul>\n<li>RM g\u0142owy (np. m\u00f3zgu, w tym angiografia RM, spektroskopia m\u00f3zgu),<\/li>\n<li>RM ko\u0144czyn, staw\u00f3w, kr\u0119gos\u0142upa (szyjnego, piersiowego i&nbsp;l\u0119d\u017awiowego),<\/li>\n<li>RM tkanek mi\u0119kkich,<\/li>\n<li>RM szyi, klatki piersiowej, brzucha, miednicy,<\/li>\n<li>angiografia MRI,<\/li>\n<li>spektroskopia MRI,<\/li>\n<li>cholangiopankreatografia RM (MRCP),<\/li>\n<li>RM piersi.<\/li>\n<\/ul>\n<p><strong>Czas oczekiwania na&nbsp;wizyt\u0119 wynosi zazwyczaj 2\u20133 tygodnie i&nbsp;zale\u017cy od rodzaju badania. W niekt\u00f3rych przypadkach mo\u017ce by\u0107 d\u0142u\u017cszyW razie zwolnienia si\u0119 wcze\u015bniejszego terminu skontaktujemy si\u0119 z&nbsp;Tob\u0105.<\/strong><\/p>\n<p>&nbsp;<\/p>\n<h4>1. Jak um\u00f3wi\u0107 pacjenta na&nbsp;badanie rezonansem magnetycznym<\/h4>\n<ul>\n<li>Skierowanie na&nbsp;badanie RM (PDF do pobrania)<\/li>\n<li>Skierowanie na&nbsp;badanie RM (do wype\u0142nienia on-line)<\/li>\n<\/ul>\n<p>Prosimy o&nbsp;przes\u0142anie wype\u0142nionego formularza MRI z&nbsp;danymi pacjenta, w tym uzasadnieniem, szczeg\u00f3\u0142ow\u0105 specyfikacj\u0105 badania, piecz\u0105tk\u0105 i&nbsp;podpisem na&nbsp;poni\u017cszy adres e-mail: <a href=\"mailto:zadanky@ptc.cz\">zadanky@ptc.cz<\/a>.<\/p>\n<p>Inn\u0105 opcj\u0105 jest wype\u0142nienie skierowania on-line, w kt\u00f3rym po klikni\u0119ciu na&nbsp;link nale\u017cy wype\u0142ni\u0107 wymagane informacje i&nbsp;nacisn\u0105\u0107 przycisk \u201eWy\u015blij skierowanie\u201d.<\/p>\n<p>O&nbsp;kolejnym terminie poinformujemy najp\u00f3\u017aniej w nast\u0119pnym dniu roboczym.<\/p>\n<p>W przypadku niekt\u00f3rych rodzaj\u00f3w skan\u00f3w MRI czasami konieczne jest podanie \u015brodka kontrastowego. W zwi\u0105zku z&nbsp;tym wymagamy wcze\u015bniejszej laboratoryjnej kontroli czynno\u015bci nerek pacjenta. Pozwala to unikn\u0105\u0107 konieczno\u015bci wykonywania tylko natywnego, tj. mniej wydajnego badania lub zmiany terminu wizyty pacjenta na&nbsp;inny po otrzymaniu wynik\u00f3w laboratoryjnych.<\/p>\n<p>Jeste\u015bmy r\u00f3wnie\u017c w stanie zapewni\u0107 wysokiej jako\u015bci badania w znieczuleniu og\u00f3lnym dla pacjent\u00f3w pediatrycznych i&nbsp;doros\u0142ych ze specyficznymi problemami (klaustrofobia).<\/p>\n<h4>2. RM \u2013 do pobrania przez lekarza<\/h4>\n<p><strong>Pouczenie dla pacjenta \u2013 Rezonans magnetyczny (PDF do pobrania)<\/strong><\/p>\n<p>Aby zaoszcz\u0119dzi\u0107 pacjentom obaw zwi\u0105zanych z&nbsp;badaniem, zebrali\u015bmy podstawowe informacje na&nbsp;temat badania RM.<\/p>\n<p><a href=\"https:\/\/www.ptc.cz\/wp-content\/uploads\/2024\/06\/informovani-souhlas-mr-vyaet-en-pl.docx\"><strong>\u015awiadoma zgoda pacjenta na&nbsp;badanie RM (do pobrania)<\/strong><\/a><\/p>\n<p>Z&nbsp;tre\u015bci\u0105 \u015bwiadomej zgody na&nbsp;badanie RM pacjent mo\u017ce na&nbsp;spokojnie zapozna\u0107 si\u0119 w domu. Mo\u017ce j\u0105 wype\u0142ni\u0107 i&nbsp;podpisa\u0107 dopiero podczas wizyty w Centrum Terapii Protonowej.<\/p>\n<p>&nbsp;<\/p>\n","protected":false},"excerpt":{"rendered":"<p>Centrum Protonowe w Pradze oferuje wybrane badania diagnostyczne, tj. rezonans magnetyczny (MR) i&nbsp;pozytronow\u0105 tomografi\u0119 emisyjn\u0105 z&nbsp;tomografem komputerowym (PET\/CT). Badamy nie tylko pacjent\u00f3w onkologicznych Centrum Terapii Protonowej, ale r\u00f3wnie\u017c wszystkich innych pacjent\u00f3w skierowanych na&nbsp;badanie przez lekarza prowadz\u0105cego. Oddzia\u0142 radiodiagnostyki przeprowadza nast\u0119puj\u0105ce badania: RM g\u0142owy (np. m\u00f3zgu, w tym angiografia RM, spektroskopia m\u00f3zgu), RM ko\u0144czyn, staw\u00f3w, kr\u0119gos\u0142upa&#8230;<\/p>\n","protected":false},"author":1,"featured_media":3726,"parent":3717,"menu_order":99,"comment_status":"closed","ping_status":"closed","template":"template-page-with-sidebar.php","meta":{"footnotes":""},"class_list":["post-3725","page","type-page","status-publish","has-post-thumbnail","hentry"],"acf":[],"aioseo_notices":[],"_links":{"self":[{"href":"https:\/\/www.ptc.cz\/pl\/wp-json\/wp\/v2\/pages\/3725","targetHints":{"allow":["GET"]}}],"collection":[{"href":"https:\/\/www.ptc.cz\/pl\/wp-json\/wp\/v2\/pages"}],"about":[{"href":"https:\/\/www.ptc.cz\/pl\/wp-json\/wp\/v2\/types\/page"}],"author":[{"embeddable":true,"href":"https:\/\/www.ptc.cz\/pl\/wp-json\/wp\/v2\/users\/1"}],"replies":[{"embeddable":true,"href":"https:\/\/www.ptc.cz\/pl\/wp-json\/wp\/v2\/comments?post=3725"}],"version-history":[{"count":7,"href":"https:\/\/www.ptc.cz\/pl\/wp-json\/wp\/v2\/pages\/3725\/revisions"}],"predecessor-version":[{"id":9433,"href":"https:\/\/www.ptc.cz\/pl\/wp-json\/wp\/v2\/pages\/3725\/revisions\/9433"}],"up":[{"embeddable":true,"href":"https:\/\/www.ptc.cz\/pl\/wp-json\/wp\/v2\/pages\/3717"}],"wp:featuredmedia":[{"embeddable":true,"href":"https:\/\/www.ptc.cz\/pl\/wp-json\/wp\/v2\/media\/3726"}],"wp:attachment":[{"href":"https:\/\/www.ptc.cz\/pl\/wp-json\/wp\/v2\/media?parent=3725"}],"curies":[{"name":"wp","href":"https:\/\/api.w.org\/{rel}","templated":true}]}}