{"id":3727,"date":"2023-06-13T13:13:51","date_gmt":"2023-06-13T11:13:51","guid":{"rendered":"https:\/\/www.ptc.cz\/moderni-diagnostika\/magneticka-rezonance\/informace-o-vysetreni-magnetickou-rezonanci-pro-pacienty\/"},"modified":"2026-04-16T11:34:07","modified_gmt":"2026-04-16T09:34:07","slug":"informacje-o-badaniu-rezonansem-magnetycznym-dla-pacjentow","status":"publish","type":"page","link":"https:\/\/www.ptc.cz\/pl\/nowoczesna-diagnostyka\/rezonans-magnetyczny\/informacje-o-badaniu-rezonansem-magnetycznym-dla-pacjentow\/","title":{"rendered":"Informacje o&nbsp;badaniu rezonansem magnetycznym dla pacjent\u00f3w"},"content":{"rendered":"<div class=\"row\">\n<div class=\"col js-imageOptimalization\">\n<p>Centrum Terapii Protonowej w Pradze oferuje wybrane badania diagnostyczne, tj. rezonans magnetyczny (MR) i&nbsp;pozytronow\u0105 tomografi\u0119 emisyjn\u0105 z&nbsp;tomografem komputerowym (PET\/CT). Badamy nie tylko pacjent\u00f3w onkologicznych Centrum Terapii Protonowej, ale r\u00f3wnie\u017c wszystkich innych pacjent\u00f3w skierowanych na&nbsp;badanie przez lekarza prowadz\u0105cego.<\/p>\n<h4>Oddzia\u0142 radiodiagnostyki przeprowadza nast\u0119puj\u0105ce badania:<\/h4>\n<ul>\n<li>RM g\u0142owy (np. m\u00f3zgu, w tym angiografia RM, spektroskopia m\u00f3zgu),<\/li>\n<li>RM ko\u0144czyn, staw\u00f3w, kr\u0119gos\u0142upa (szyjnego, piersiowego i&nbsp;l\u0119d\u017awiowego),<\/li>\n<li>RM tkanek mi\u0119kkich,<\/li>\n<li>RM szyi, klatki piersiowej, brzucha, miednicy,<\/li>\n<li>angiografia MRI,<\/li>\n<li>MRI dr\u00f3g \u017c\u00f3\u0142ciowych i&nbsp;przewodu trzustkowego bez interwencji endoskopowej (cholangiopankreatografia),<\/li>\n<li>RM piersi.<\/li>\n<\/ul>\n<p><strong> Czas oczekiwania na&nbsp;wizyt\u0119 wynosi zazwyczaj 2\u20133 tygodnie i&nbsp;zale\u017cy od rodzaju badania. W niekt\u00f3rych przypadkach mo\u017ce by\u0107 d\u0142u\u017cszy. W razie zwolnienia si\u0119 wcze\u015bniejszego terminu skontaktujemy si\u0119 z&nbsp;Tob\u0105.<\/strong><\/p>\n<p>&nbsp;<\/p>\n<h3>1. Jak um\u00f3wi\u0107 si\u0119 na&nbsp;badanie rezonansem magnetycznym<\/h3>\n<p>Na&nbsp;badanie rezonansem magnetycznym mo\u017cna um\u00f3wi\u0107 si\u0119 drog\u0105 e-mailow\u0105: <a href=\"mailto:zadanky@ptc.cz\">zadanky@ptc.cz<\/a>.<\/p>\n<p>Najpierw nale\u017cy uzyska\u0107 skierowanie, wystawione przez lekarza prowadz\u0105cego. Skierowanie musi by\u0107 podpisane i&nbsp;opatrzone piecz\u0105tk\u0105 plac\u00f3wki medycznej. W tre\u015bci wiadomo\u015bci e-mail nale\u017cy poda\u0107 w\u0142asne dane kontaktowe (najlepiej numer telefonu). Wcze\u015bniej przes\u0142ane skierowanie u\u0142atwi i&nbsp;przyspieszy mo\u017cliwo\u015b\u0107 um\u00f3wienia pacjenta.<\/p>\n<p>Je\u017celi przes\u0142anie skierowania e-mailem nie jest mo\u017cliwe, prosimy o&nbsp;kontakt z&nbsp;recepcj\u0105 Oddzia\u0142u Radiodiagnostyki pod&nbsp;numerem telefonu +420&nbsp;222&nbsp;999&nbsp;070, by uzyska\u0107 informacje na&nbsp;temat tego, jak post\u0119powa\u0107.<\/p>\n<p><strong>Orygina\u0142 wype\u0142nionego skierowania na&nbsp;badanie rezonansem magnetycznym z&nbsp;piecz\u0105tk\u0105 plac\u00f3wki medycznej i&nbsp;podpisem lekarza nale\u017cy przynie\u015b\u0107 ze sob\u0105 na&nbsp;badanie.<\/strong><\/p>\n<h3>2. Co jest potrzebne do badania rezonansem magnetycznym<\/h3>\n<ul>\n<li>Skierowanie wystawione przez lekarza prowadz\u0105cego (lekarza pierwszego kontaktu lub lekarza specjalist\u0119 \u2013 onkologa, ortoped\u0119\u2026 itp.).<\/li>\n<li>Wa\u017cna karta ubezpieczonego<\/li>\n<li>Dow\u00f3d to\u017csamo\u015bci<\/li>\n<\/ul>\n<h3>3. Do pobrania dla pacjent\u00f3w<\/h3>\n<p><strong>\u00b7 Pouczenie dla pacjenta \u2013 Rezonans magnetyczny (PDF do pobrania)<\/strong><\/p>\n<p>Lekarz na&nbsp;podstawie obrazu klinicznego rekomenduje badanie rezonansem magnetycznym. Aby zaoszcz\u0119dzi\u0107 Ci obaw zwi\u0105zanych z&nbsp;badaniem, zebrali\u015bmy tutaj informacje podstawowe o&nbsp;badaniu rezonansem magnetycznym. Dowiesz si\u0119, na&nbsp;czym polega badanie, czego mo\u017cesz si\u0119 spodziewa\u0107, jak d\u0142ugo trwa badanie i&nbsp;czy istniej\u0105 jakie\u015b ograniczenia.<\/p>\n<p><strong>\u00b7 <a href=\"https:\/\/www.ptc.cz\/wp-content\/uploads\/2024\/06\/informovani-souhlas-mr-vyaet-en-pl.docx\">\u015awiadoma zgoda pacjenta na&nbsp;badanie RM<\/a> (do pobrania)<\/strong><\/p>\n<p>\u015awiadom\u0105 zgod\u0119 na&nbsp;badanie RM mo\u017cna przeczyta\u0107 na&nbsp;spokojnie w domu. Nale\u017cy j\u0105 nast\u0119pnie wype\u0142ni\u0107 i&nbsp;przynie\u015b\u0107 podczas kolejnej wizyty w Centrum Terapii Protonowej.<\/p>\n<h3><\/h3>\n<h3>4. Kiedy badanie rezonansem magnetycznym nie jest mo\u017cliwe<\/h3>\n<p>Badanie rezonansem magnetycznym NIE MO\u017bE zosta\u0107 przeprowadzone je\u015bli posiadasz:<\/p>\n<ul>\n<li>wszczepiony rozrusznik serca lub defibrylator,<\/li>\n<li>implant \u015blimakowy.<\/li>\n<\/ul>\n<p>Posiadanie jakiegokolwiek elektronicznego lub metalowego implantu lub cia\u0142a obcego nie oznacza automatycznie, \u017ce nie mo\u017cna wykona\u0107 badania RM. Nale\u017cy jednak ZAWSZE zg\u0142osi\u0107 ten fakt personelowi recepcji PRZED um\u00f3wieniem si\u0119 na&nbsp;badanie, a&nbsp;tak\u017ce obs\u0142udze RM, kt\u00f3ry podejmie \u015bwiadom\u0105 decyzj\u0119, czy mo\u017cna podda\u0107 pacjenta badaniu.<\/p>\n<p>Ze wzgl\u0119du na&nbsp;komfort pacjenta, przed badaniem prostaty <strong>nie wymagamy wprowadzania czopka glicerynowego do odbytnicy<\/strong>. Prosimy jedynie o&nbsp;post\u0119powanie zgodnie z&nbsp;instrukcjami przekazanymi przez nas telefonicznie i&nbsp;mailowo.<\/p>\n<p>Kobietom karmi\u0105cym piersi\u0105 zaleca si\u0119 odci\u0105gni\u0119cie mleka matki i&nbsp;zachowanie go w ilo\u015bci wystarczaj\u0105cej do od\u017cywienia dziecka przez nast\u0119pne 24 godziny. Po badaniu z&nbsp;podaniem \u015brodka kontrastowego, a\u017c do ca\u0142kowitego wyeliminowania \u015brodka przez nerki, nale\u017cy przerwa\u0107 karmienie piersi\u0105 na&nbsp;24 godziny i&nbsp;nie u\u017cywa\u0107 odci\u0105gni\u0119tego mleka.<\/p>\n<h3>5. Rezonans magnetyczny piersi<\/h3>\n<p>Badanie rezonansem magnetycznym piersi jest coraz cz\u0119\u015bciej wykorzystywane do lepszej wizualizacji zmian w piersiach. Badaniu RM powinny podda\u0107 si\u0119 przede wszystkim kobiety z&nbsp;podwy\u017cszonym ryzykiem wyst\u0105pienia raka piersi. S\u0105 to kobiety, kt\u00f3rych matka lub babka chorowa\u0142y na&nbsp;raka piersi, maj\u0105 predyspozycje genetyczne, przesz\u0142y radioterapi\u0119 klatki piersiowej lub \u015br\u00f3dpiersia 30 lub wi\u0119cej lat temu lub s\u0105 monitorowane pod&nbsp;k\u0105tem \u0142agodnego raka piersi.<\/p>\n<p>Rezonans magnetyczny piersi umo\u017cliwia lepsze wykrycie rozleg\u0142o\u015bci guza przed zabiegiem chirurgicznym lub radioterapi\u0105. Badaniu mog\u0105 podda\u0107 si\u0119 r\u00f3wnie\u017c kobiety z&nbsp;implantami piesi, u&nbsp;kt\u00f3rych nie uda\u0142o si\u0119 uzyska\u0107 wystarczaj\u0105cych informacji w badaniu USG, a&nbsp;tak\u017ce kobiety po zabiegach plastycznych (np. po modelowaniu piersi).<\/p>\n<p>W przypadku choroby onkologicznej, RM piersi mo\u017ce dostarczy\u0107 informacji na&nbsp;temat odpowiedzi na&nbsp;radioterapi\u0119 lub chemioterapi\u0119, lub mo\u017ce by\u0107 stosowany do obserwacji i&nbsp;kontroli po chorobie. Badanie mo\u017cna r\u00f3wnie\u017c wykona\u0107 u&nbsp;pacjentek z&nbsp;powi\u0119kszonymi w\u0119z\u0142ami pachowymi, kt\u00f3rych pierwotne \u017ar\u00f3d\u0142o jest nieznane, lub u&nbsp;pacjentek z&nbsp;podejrzeniem raka w uprzednio wykonanym badaniu mammograficznym. Sekwencje dynamiczne uzyskane podczas RM, pomagaj\u0105 rozr\u00f3\u017cni\u0107 zmiany z\u0142o\u015bliwe od niez\u0142o\u015bliwych\/\u0142agodnych w zale\u017cno\u015bci od ich nasycenia, dlatego badanie RM w diagnostyce raka piersi jest bardzo przydatne i&nbsp;miarodajne.<\/p>\n<\/div>\n<\/div>\n","protected":false},"excerpt":{"rendered":"<p>Centrum Terapii Protonowej w Pradze oferuje wybrane badania diagnostyczne, tj. rezonans magnetyczny (MR) i&nbsp;pozytronow\u0105 tomografi\u0119 emisyjn\u0105 z&nbsp;tomografem komputerowym (PET\/CT). Badamy nie tylko pacjent\u00f3w onkologicznych Centrum Terapii Protonowej, ale r\u00f3wnie\u017c wszystkich innych pacjent\u00f3w skierowanych na&nbsp;badanie przez lekarza prowadz\u0105cego. Oddzia\u0142 radiodiagnostyki przeprowadza nast\u0119puj\u0105ce badania: RM g\u0142owy (np. m\u00f3zgu, w tym angiografia RM, spektroskopia m\u00f3zgu), RM ko\u0144czyn, staw\u00f3w,&#8230;<\/p>\n","protected":false},"author":1,"featured_media":3728,"parent":3717,"menu_order":107,"comment_status":"closed","ping_status":"closed","template":"template-page-with-sidebar.php","meta":{"footnotes":""},"class_list":["post-3727","page","type-page","status-publish","has-post-thumbnail","hentry"],"acf":[],"aioseo_notices":[],"_links":{"self":[{"href":"https:\/\/www.ptc.cz\/pl\/wp-json\/wp\/v2\/pages\/3727","targetHints":{"allow":["GET"]}}],"collection":[{"href":"https:\/\/www.ptc.cz\/pl\/wp-json\/wp\/v2\/pages"}],"about":[{"href":"https:\/\/www.ptc.cz\/pl\/wp-json\/wp\/v2\/types\/page"}],"author":[{"embeddable":true,"href":"https:\/\/www.ptc.cz\/pl\/wp-json\/wp\/v2\/users\/1"}],"replies":[{"embeddable":true,"href":"https:\/\/www.ptc.cz\/pl\/wp-json\/wp\/v2\/comments?post=3727"}],"version-history":[{"count":11,"href":"https:\/\/www.ptc.cz\/pl\/wp-json\/wp\/v2\/pages\/3727\/revisions"}],"predecessor-version":[{"id":9440,"href":"https:\/\/www.ptc.cz\/pl\/wp-json\/wp\/v2\/pages\/3727\/revisions\/9440"}],"up":[{"embeddable":true,"href":"https:\/\/www.ptc.cz\/pl\/wp-json\/wp\/v2\/pages\/3717"}],"wp:featuredmedia":[{"embeddable":true,"href":"https:\/\/www.ptc.cz\/pl\/wp-json\/wp\/v2\/media\/3728"}],"wp:attachment":[{"href":"https:\/\/www.ptc.cz\/pl\/wp-json\/wp\/v2\/media?parent=3727"}],"curies":[{"name":"wp","href":"https:\/\/api.w.org\/{rel}","templated":true}]}}