{"id":3729,"date":"2023-06-13T10:21:18","date_gmt":"2023-06-13T08:21:18","guid":{"rendered":"https:\/\/www.ptc.cz\/moderni-diagnostika\/pet-ct\/"},"modified":"2025-01-09T10:39:41","modified_gmt":"2025-01-09T09:39:41","slug":"pet-ct","status":"publish","type":"page","link":"https:\/\/www.ptc.cz\/pl\/nowoczesna-diagnostyka\/pet-ct\/","title":{"rendered":"PET\/CT"},"content":{"rendered":"<p><strong>PET\/CT<\/strong> to zaawansowana technika obrazowania diagnostycznego, kt\u00f3ra \u0142\u0105czy w sobie dwie zaawansowane technologie \u2013 pozytonow\u0105 tomografi\u0119 emisyjn\u0105 (PET) i&nbsp;tomografi\u0119 komputerow\u0105 (CT). Po\u0142\u0105czenie to pozwala uzyska\u0107 szczeg\u00f3\u0142owe informacje na&nbsp;temat anatomii i&nbsp;aktywno\u015bci metabolicznej tkanek i&nbsp;narz\u0105d\u00f3w, co jest szczeg\u00f3lnie przydatne w diagnostyce i&nbsp;monitorowaniu r\u00f3\u017cnych chor\u00f3b, w tym nowotwor\u00f3w.<\/p>\n","protected":false},"excerpt":{"rendered":"<p>PET\/CT to zaawansowana technika obrazowania diagnostycznego, kt\u00f3ra \u0142\u0105czy w sobie dwie zaawansowane technologie \u2013 pozytonow\u0105 tomografi\u0119 emisyjn\u0105 (PET) i&nbsp;tomografi\u0119 komputerow\u0105 (CT). Po\u0142\u0105czenie to pozwala uzyska\u0107 szczeg\u00f3\u0142owe informacje na&nbsp;temat anatomii i&nbsp;aktywno\u015bci metabolicznej tkanek i&nbsp;narz\u0105d\u00f3w, co jest szczeg\u00f3lnie przydatne w diagnostyce i&nbsp;monitorowaniu r\u00f3\u017cnych chor\u00f3b, w tym nowotwor\u00f3w.<\/p>\n","protected":false},"author":1,"featured_media":7814,"parent":3714,"menu_order":132,"comment_status":"closed","ping_status":"closed","template":"template-page-with-sidebar.php","meta":{"footnotes":""},"class_list":["post-3729","page","type-page","status-publish","has-post-thumbnail","hentry"],"acf":[],"aioseo_notices":[],"_links":{"self":[{"href":"https:\/\/www.ptc.cz\/pl\/wp-json\/wp\/v2\/pages\/3729","targetHints":{"allow":["GET"]}}],"collection":[{"href":"https:\/\/www.ptc.cz\/pl\/wp-json\/wp\/v2\/pages"}],"about":[{"href":"https:\/\/www.ptc.cz\/pl\/wp-json\/wp\/v2\/types\/page"}],"author":[{"embeddable":true,"href":"https:\/\/www.ptc.cz\/pl\/wp-json\/wp\/v2\/users\/1"}],"replies":[{"embeddable":true,"href":"https:\/\/www.ptc.cz\/pl\/wp-json\/wp\/v2\/comments?post=3729"}],"version-history":[{"count":1,"href":"https:\/\/www.ptc.cz\/pl\/wp-json\/wp\/v2\/pages\/3729\/revisions"}],"predecessor-version":[{"id":4434,"href":"https:\/\/www.ptc.cz\/pl\/wp-json\/wp\/v2\/pages\/3729\/revisions\/4434"}],"up":[{"embeddable":true,"href":"https:\/\/www.ptc.cz\/pl\/wp-json\/wp\/v2\/pages\/3714"}],"wp:featuredmedia":[{"embeddable":true,"href":"https:\/\/www.ptc.cz\/pl\/wp-json\/wp\/v2\/media\/7814"}],"wp:attachment":[{"href":"https:\/\/www.ptc.cz\/pl\/wp-json\/wp\/v2\/media?parent=3729"}],"curies":[{"name":"wp","href":"https:\/\/api.w.org\/{rel}","templated":true}]}}