{"id":3735,"date":"2023-06-13T13:19:17","date_gmt":"2023-06-13T11:19:17","guid":{"rendered":"https:\/\/www.ptc.cz\/moderni-diagnostika\/pet-ct\/informace-o-vysetreni-pet-ct-pro-lekare\/"},"modified":"2026-04-16T11:13:26","modified_gmt":"2026-04-16T09:13:26","slug":"informacje-o-badaniu-pet-ct-dla-lekarzy","status":"publish","type":"page","link":"https:\/\/www.ptc.cz\/pl\/nowoczesna-diagnostyka\/pet-ct\/informacje-o-badaniu-pet-ct-dla-lekarzy\/","title":{"rendered":"Informacje o&nbsp;badaniu PET\/CT dla lekarzy"},"content":{"rendered":"<div class=\"row\">\n<div class=\"col js-imageOptimalization\">\n<p>Centrum Terapii Protonowej w Pradze oferuje wybrane badania diagnostyczne, tj. rezonans magnetyczny (MR) i&nbsp;pozytronow\u0105 tomografi\u0119 emisyjn\u0105 z&nbsp;tomografem komputerowym (PET\/CT). Badamy nie tylko pacjent\u00f3w onkologicznych Centrum Terapii Protonowej, ale r\u00f3wnie\u017c wszystkich innych pacjent\u00f3w skierowanych na&nbsp;badanie przez lekarza prowadz\u0105cego.<\/p>\n<h3>Oddzia\u0142 Medycyny Nuklearnej przeprowadza nast\u0119puj\u0105ce badania:<\/h3>\n<ul>\n<li>Badanie PET\/CT tu\u0142owia z&nbsp;u\u017cyciem radiofarmaceutyku\/radioznacznika FDG (fluorodeoksyglukoza),<\/li>\n<li>Badanie PET\/CT tu\u0142owia z&nbsp;u\u017cyciem radiofarmaceutyku\/radioznacznika FCh (fluorocholina),<\/li>\n<li>Badanie PET\/CT tu\u0142owia z&nbsp;u\u017cyciem radiofarmaceutyku\/radioznacznika FCV (flucyklowina\/Axumin),<\/li>\n<li>Badanie PET\/CT m\u00f3zgu z&nbsp;u\u017cyciem radiofarmaceutyku\/radioznacznika FMISO (fluoromisonidazole),<\/li>\n<li>Badanie PET\/CT piersi z&nbsp;u\u017cyciem radiofarmaceutyku\/radioznacznika FES (fluorestradiol),<\/li>\n<li>PET\/CT do planowania radioterapii.<\/li>\n<\/ul>\n<h4>Terminy oczekiwania na&nbsp;wizyt\u0119 s\u0105 kr\u00f3tkie, wynosz\u0105 2\u20133 tygodni. W razie zwolnienia si\u0119 wcze\u015bniejszego terminu skontaktujemy si\u0119 z&nbsp;Tob\u0105.<\/h4>\n<p>&nbsp;<\/p>\n<p><img loading=\"lazy\" decoding=\"async\" class=\"is-loaded\" src=\"https:\/\/www.ptc.cz\/uploads\/thumbs\/medium-150-dpi-mi-biograph-vision-closeup-image-18-1200x1200.jpg\" alt=\"medium-150-dpi-mi-biograph-vision-closeup-image-18.jpg (581 KB)\" width=\"619\" height=\"464\" data-src=\"\/uploads\/thumbs\/medium-150-dpi-mi-biograph-vision-closeup-image-18-1200x1200.jpg\" \/><\/p>\n<h3><\/h3>\n<h3>1. Jak um\u00f3wi\u0107 pacjenta na&nbsp;badanie PET\/CT<\/h3>\n<p>Na&nbsp;badanie PET\/CT czyli badanie metod\u0105 pozytronowej tomografii emisyjnej z&nbsp;tomografem komputerowym mo\u017cna um\u00f3wi\u0107 si\u0119 pod&nbsp;numerem telefonu +420&nbsp;222&nbsp;999&nbsp;046. Nast\u0119pnie nale\u017cy przes\u0142a\u0107 <a href=\"https:\/\/www.ptc.cz\/wp-content\/uploads\/2025\/01\/Zadanka-na-PETCT-vysetreni-EN.docx\">wype\u0142nione skierowanie<\/a> na&nbsp;e-mail: <a href=\"mailto:zadanky@ptc.cz\">zadanky@ptc.cz<\/a>. Wcze\u015bniejsza rezerwacja terminu i&nbsp;przes\u0142anie skierowania u\u0142atwi i&nbsp;przyspieszy mo\u017cliwo\u015b\u0107 um\u00f3wienia pacjenta.<\/p>\n<h5><\/h5>\n<h3>2. PET\/CT\u2013 do pobrania przez lekarza tutaj:<\/h3>\n<p>\u00b7 <strong>Pouczenie dla pacjenta \u2013 badanie PET\/CT (PDF do pobrania)<\/strong><\/p>\n<p>Aby zaoszcz\u0119dzi\u0107 pacjentom obaw zwi\u0105zanych z&nbsp;badaniem, zebrali\u015bmy informacje podstawowe na&nbsp;temat badania PET\/CT.<\/p>\n<p>\u00b7 <strong>\u015awiadoma zgoda pacjenta na&nbsp;badanie PET\/CT (do pobrania)<\/strong><\/p>\n<p>Z&nbsp;tre\u015bci\u0105 \u015bwiadomej zgody na&nbsp;badanie PET\/CT pacjent mo\u017ce na&nbsp;spokojnie zapozna\u0107 si\u0119 w domu. Mo\u017ce j\u0105 wype\u0142ni\u0107 i&nbsp;podpisa\u0107 dopiero podczas wizyty w Centrum Terapii Protonowej.<\/p>\n<p>&nbsp;<\/p>\n<h3>3. Co to jest PET\/CT<\/h3>\n<p>PET\/CT to diagnostyczna metoda obrazowania medycyny nuklearnej. Metoda ta jest wykorzystywana g\u0142\u00f3wnie do diagnozowania nowotwor\u00f3w lub stan\u00f3w zapalnych, przy u\u017cyciu fuzji lub po\u0142\u0105czenia obraz\u00f3w funkcjonalnych (metabolicznych) i&nbsp;anatomicznych (morfologicznych).<\/p>\n<p>Badanie PET\/CT jest jedn\u0105 z&nbsp;najbardziej zaawansowanych metod obrazowania. \u0141\u0105czy w sobie zalety obrazowania metabolicznego (PET) i&nbsp;obrazowania strukturalnego (CT). Jest to tak zwane obrazowanie hybrydowe. Pozwala to okre\u015bli\u0107 dok\u0142adn\u0105 anatomiczn\u0105 lokalizacj\u0119 zmian patologicznych i&nbsp;jednocze\u015bnie wyja\u015bni\u0107 niejasne zmiany strukturalne. Znacz\u0105co zwi\u0119ksza miarodajno\u015b\u0107 obu metod. Wykonanie obu bada\u0144 upraszcza cz\u0119sto d\u0142ugotrwa\u0142y, trudny dla pacjent\u00f3w proces.<\/p>\n<ul>\n<li>Najcz\u0119\u015bciej stosowana metoda w onkologii \u2013 u&nbsp;pacjent\u00f3w z&nbsp;podejrzeniem lub potwierdzeniem choroby nowotworowej. W tym przypadku badanie przeprowadza si\u0119 przed rozpocz\u0119ciem leczenia (na&nbsp;podstawie tego badania nawet w 25% przypadk\u00f3w dochodzi do zmiany procedury terapeutycznej).<\/li>\n<li>Jednak badanie jest r\u00f3wnie\u017c cz\u0119sto przeprowadzane jako badanie kontrolne po leczeniu (w celu oceny efektu leczenia i&nbsp;dostosowania go w razie potrzeby) lub w celu zaplanowania radioterapii.<\/li>\n<li>PET\/CT znajduje r\u00f3wnie\u017c zastosowanie w diagnostyce chor\u00f3b zapalnych i&nbsp;autoimmunologicznych, neurologii i&nbsp;kardiologii.<\/li>\n<\/ul>\n<h4>Nasza plac\u00f3wka wyposa\u017cona jest w nast\u0119puj\u0105cy sprz\u0119t: PET\/CT Siemens Biograph Vision 450<\/h4>\n<p>Hybrydowy aparat PET\/CT czyli pozytronowa tomografia emisyjna po\u0142\u0105czona z&nbsp;tomografi\u0105 komputerow\u0105, \u0142\u0105czy w sobie zalety obrazowania metabolicznego (PET) i&nbsp;obrazowania strukturalnego (CT). Stosunkowo kr\u00f3tki i&nbsp;szeroki tunel o&nbsp;\u015brednicy 78 cm oraz st\u00f3\u0142 do bada\u0144 o&nbsp;ud\u017awigu do 227&nbsp;kg umo\u017cliwiaj\u0105 nie tylko badanie pacjent\u00f3w o&nbsp;du\u017cej posturze i&nbsp;pacjent\u00f3w wra\u017cliwych na&nbsp;ograniczone przestrzenie, ale tak\u017ce badanie z&nbsp;akcesoriami wykorzystywanymi w planowaniu radioterapii. Ze wzgl\u0119du na&nbsp;wysok\u0105 wydajno\u015b\u0107 skanowania pozwala na&nbsp;zmniejszenie stosowanej aktywno\u015bci radiofarmaceutyk\u00f3w (radioznacznik\u00f3w), a&nbsp;co za tym idzie mo\u017cliwo\u015b\u0107 zmniejszenia obci\u0105\u017cenia pacjent\u00f3w promieniowaniem. Urz\u0105dzenie jest r\u00f3wnie\u017c wyposa\u017cone w algorytm t\u0142umienia artefakt\u00f3w metalicznych, np. wok\u00f3\u0142 protez staw\u00f3w.<\/p>\n<h3>4. Zastosowanie radiofarmaceutyk\u00f3w\/radioznacznik\u00f3w<\/h3>\n<p>W celu sporz\u0105dzenia obrazu metabolicznego wymagane jest do\u017cylne podanie specjalnych substancji radioaktywnych, zwanych radiofarmaceutykami\/radioznacznikami (najcz\u0119\u015bciej F-fluorodeoksyglukozy (FDG) i&nbsp;F-choliny (FCH)). Podane substancje radioaktywne s\u0105 szybko wydalane z&nbsp;organizmu pacjenta wraz z&nbsp;moczem i&nbsp;nie powoduj\u0105 alergii ani nie ograniczaj\u0105 zdolno\u015bci do prowadzenia pojazd\u00f3w.<\/p>\n<h4>FDG (fluorodeoksyglukoza)<\/h4>\n<p>FDG jest analogiem glukozy, kt\u00f3ry ma tendencj\u0119 do gromadzenia si\u0119 w tkankach o&nbsp;wysokim zapotrzebowaniu na&nbsp;glukoz\u0119, takich jak guzy i&nbsp;kom\u00f3rki zapalne.<\/p>\n<p><strong>Wskazania do badania obejmuj\u0105:<\/strong><\/p>\n<p>diagnostyk\u0119 r\u00f3\u017cnicow\u0105 zmian \u0142agodnych i&nbsp;z\u0142o\u015bliwych, poszukiwanie nieznanej pierwotnej zmiany z\u0142o\u015bliwej, okre\u015blenie rozleg\u0142o\u015bci nowotworu, monitorowanie efekt\u00f3w terapii, diagnostyk\u0119 nawrot\u00f3w nowotworu, planowanie rozleg\u0142o\u015bci radioterapii, wykrywanie zmian zapalnych.<\/p>\n<h4>F-FMISO (fluoromizonidazol)<\/h4>\n<p>18F-FMISO s\u0142u\u017cy do wykrywania niedokrwienia guza, co jest szczeg\u00f3lnie wa\u017cne dla leczenia, ale jest r\u00f3wnie\u017c wykorzystywane do oceny rokowania choroby.<\/p>\n<p><strong>G\u0142\u00f3wne wskazania obejmuj\u0105 obecnie:<\/strong><\/p>\n<ul>\n<li>Guzy m\u00f3zgu (glejaki)<\/li>\n<li>Guzy g\u0142owy i&nbsp;szyi (zw\u0142aszcza rak p\u0142askonab\u0142onkowy)<\/li>\n<li>Niedrobnokom\u00f3rkowy rak p\u0142uc (NSCLC)<\/li>\n<li>Rak nerki<\/li>\n<li>Rak piersi<\/li>\n<li>Mi\u0119sak<\/li>\n<\/ul>\n<h4>FCh (fluorocholina)<\/h4>\n<p><strong>Wskazania do badania obejmuj\u0105:<\/strong><\/p>\n<p>Rak prostaty, lokalizacja gruczolaka lub przerostu przytarczyc w przypadku podejrzenia pierwotnej nadczynno\u015bci przytarczyc.<\/p>\n<h4>FCV (fluciclovine\/Axumin)<\/h4>\n<p><strong>Wskazania do badania obejmuj\u0105:<\/strong> Wykrywanie nawrotu raka prostaty.<\/p>\n<p>Obraz morfologiczny uzyskuje si\u0119 za pomoc\u0105 pe\u0142nej tomografii komputerowej (CT) z&nbsp;zastosowaniem kontrastu jodowego (o&nbsp;ile nie ma przeciwwskaza\u0144). Badanie jest czasoch\u0142onne i&nbsp;trwa oko\u0142o 3 godzin, poniewa\u017c standardowo skanowany jest du\u017cy obszar cia\u0142a (tzw. skan ca\u0142ego cia\u0142a).<\/p>\n<h4><strong>FES (fluoroestradiol)<\/strong><\/h4>\n<p>Badanie 18F-FES\/PET mo\u017cna wykona\u0107 w przypadku raka piersi:<\/p>\n<ul>\n<li>Do oceny stopnia zaawansowania i&nbsp;zmiany stopnia zaawansowania ER-dodatniego raka piersi<\/li>\n<li>Do przewidzenia odpowiedzi pacjenta na&nbsp;terapi\u0119 hormonaln\u0105<\/li>\n<li>W celu okre\u015blenia heterogeniczno\u015bci ekspresji receptora estrogenowego w guzach pierwotnych i&nbsp;ich przerzutach<\/li>\n<\/ul>\n<p>Wskazanie do badania musi zosta\u0107 zatwierdzone przez multidyscyplinarny zesp\u00f3\u0142 ds. raka piersi w ramach Kompleksowego Centrum Onkologicznego. Nale\u017cy wzi\u0105\u0107 pod&nbsp;uwag\u0119 ewentualn\u0105 potrzeb\u0119 przerwania terapii antyestrogenowej.<\/p>\n<\/div>\n<\/div>\n","protected":false},"excerpt":{"rendered":"<p>Centrum Terapii Protonowej w Pradze oferuje wybrane badania diagnostyczne, tj. rezonans magnetyczny (MR) i&nbsp;pozytronow\u0105 tomografi\u0119 emisyjn\u0105 z&nbsp;tomografem komputerowym (PET\/CT). Badamy nie tylko pacjent\u00f3w onkologicznych Centrum Terapii Protonowej, ale r\u00f3wnie\u017c wszystkich innych pacjent\u00f3w skierowanych na&nbsp;badanie przez lekarza prowadz\u0105cego. Oddzia\u0142 Medycyny Nuklearnej przeprowadza nast\u0119puj\u0105ce badania: Badanie PET\/CT tu\u0142owia z&nbsp;u\u017cyciem radiofarmaceutyku\/radioznacznika FDG (fluorodeoksyglukoza), Badanie PET\/CT tu\u0142owia z&nbsp;u\u017cyciem radiofarmaceutyku\/radioznacznika&#8230;<\/p>\n","protected":false},"author":1,"featured_media":3723,"parent":3729,"menu_order":114,"comment_status":"closed","ping_status":"closed","template":"template-page-with-sidebar.php","meta":{"footnotes":""},"class_list":["post-3735","page","type-page","status-publish","has-post-thumbnail","hentry"],"acf":[],"aioseo_notices":[],"_links":{"self":[{"href":"https:\/\/www.ptc.cz\/pl\/wp-json\/wp\/v2\/pages\/3735","targetHints":{"allow":["GET"]}}],"collection":[{"href":"https:\/\/www.ptc.cz\/pl\/wp-json\/wp\/v2\/pages"}],"about":[{"href":"https:\/\/www.ptc.cz\/pl\/wp-json\/wp\/v2\/types\/page"}],"author":[{"embeddable":true,"href":"https:\/\/www.ptc.cz\/pl\/wp-json\/wp\/v2\/users\/1"}],"replies":[{"embeddable":true,"href":"https:\/\/www.ptc.cz\/pl\/wp-json\/wp\/v2\/comments?post=3735"}],"version-history":[{"count":22,"href":"https:\/\/www.ptc.cz\/pl\/wp-json\/wp\/v2\/pages\/3735\/revisions"}],"predecessor-version":[{"id":9422,"href":"https:\/\/www.ptc.cz\/pl\/wp-json\/wp\/v2\/pages\/3735\/revisions\/9422"}],"up":[{"embeddable":true,"href":"https:\/\/www.ptc.cz\/pl\/wp-json\/wp\/v2\/pages\/3729"}],"wp:featuredmedia":[{"embeddable":true,"href":"https:\/\/www.ptc.cz\/pl\/wp-json\/wp\/v2\/media\/3723"}],"wp:attachment":[{"href":"https:\/\/www.ptc.cz\/pl\/wp-json\/wp\/v2\/media?parent=3735"}],"curies":[{"name":"wp","href":"https:\/\/api.w.org\/{rel}","templated":true}]}}