{"id":3736,"date":"2023-06-13T13:19:52","date_gmt":"2023-06-13T11:19:52","guid":{"rendered":"https:\/\/www.ptc.cz\/moderni-diagnostika\/pet-ct\/informace-o-vysetreni-pet-ct-pro-pacienty\/"},"modified":"2025-05-29T14:20:10","modified_gmt":"2025-05-29T12:20:10","slug":"informacje-o-badaniu-pet-ct-dla-pacjentow","status":"publish","type":"page","link":"https:\/\/www.ptc.cz\/pl\/nowoczesna-diagnostyka\/pet-ct\/informacje-o-badaniu-pet-ct-dla-pacjentow\/","title":{"rendered":"Informacje o&nbsp;badaniu PET\/CT dla pacjent\u00f3w"},"content":{"rendered":"<div class=\"row\">\n<div class=\"col js-imageOptimalization\">\n<p><strong>PET\/CT<\/strong> to diagnostyczna metoda obrazowania medycyny nuklearnej. Metoda ta jest wykorzystywana g\u0142\u00f3wnie do diagnozowania nowotwor\u00f3w lub stan\u00f3w zapalnych, wykorzystuj\u0105c fuzj\u0119 lub po\u0142\u0105czenie obraz\u00f3w funkcjonalnych (metabolicznych) i&nbsp;anatomicznych (morfologicznych).<\/p>\n<h3>Oddzia\u0142 Medycyny Nuklearnej przeprowadza nast\u0119puj\u0105ce badania:<\/h3>\n<ul>\n<li>Badanie PET\/CT tu\u0142owia z\u00a0u\u017cyciem radiofarmaceutyku\/radioznacznika FDG (fluorodeoksyglukoza),<\/li>\n<li>Badanie PET\/CT tu\u0142owia z\u00a0u\u017cyciem radiofarmaceutyku\/radioznacznika FCh (fluorocholina),<\/li>\n<li>Badanie PET\/CT tu\u0142owia z\u00a0u\u017cyciem radiofarmaceutyku\/radioznacznika FCV (flucyklowina\/Axumin),<\/li>\n<li>Badanie PET\/CT m\u00f3zgu z&nbsp;u\u017cyciem radiofarmaceutyku\/radioznacznika FMISO (fluoromisonidazole),<\/li>\n<li>Badanie PET\/CT piersi z&nbsp;u\u017cyciem radiofarmaceutyku\/radioznacznika FES (fluorestradiol),<\/li>\n<li>PET\/CT do planowania radioterapii.<\/li>\n<\/ul>\n<h4>Terminy oczekiwania na&nbsp;wizyt\u0119 s\u0105 kr\u00f3tkie, wynosz\u0105 3\u20134 tygodni. W razie zwolnienia si\u0119 wcze\u015bniejszego terminu skontaktujemy si\u0119 z&nbsp;Tob\u0105.<\/h4>\n<p>&nbsp;<\/p>\n<p><img loading=\"lazy\" decoding=\"async\" class=\"is-loaded\" src=\"https:\/\/www.ptc.cz\/uploads\/thumbs\/medium-150-dpi-mi-biograph-vision-4837-image-18-1200x1200.jpg\" alt=\"medium-150-dpi-mi-biograph-vision-4837-image-18.jpg (456 KB)\" width=\"677\" height=\"508\" data-src=\"\/uploads\/thumbs\/medium-150-dpi-mi-biograph-vision-4837-image-18-1200x1200.jpg\" \/><\/p>\n<p>&nbsp;<\/p>\n<p>Badanie PET\/CT jest jedn\u0105 z&nbsp;najbardziej zaawansowanych metod obrazowania. \u0141\u0105czy w sobie zalety obrazowania metabolicznego (PET) i&nbsp;obrazowania strukturalnego (CT). Jest to tak zwane obrazowanie hybrydowe. Pozwala to okre\u015bli\u0107 dok\u0142adn\u0105 anatomiczn\u0105 lokalizacj\u0119 zmian patologicznych i&nbsp;jednocze\u015bnie wyja\u015bni\u0107 niejasne zmiany strukturalne. Znacz\u0105co zwi\u0119ksza miarodajno\u015b\u0107 obu metod. Wykonanie obu bada\u0144 upraszcza cz\u0119sto d\u0142ugotrwa\u0142y, trudny dla pacjent\u00f3w proces.<\/p>\n<ul>\n<li>Najcz\u0119\u015bciej stosowana metoda w onkologii \u2013 u&nbsp;pacjent\u00f3w z&nbsp;podejrzeniem lub potwierdzeniem choroby nowotworowej. W tym przypadku badanie przeprowadza si\u0119 przed rozpocz\u0119ciem leczenia (na&nbsp;podstawie tego badania nawet w 25% przypadk\u00f3w dochodzi do zmiany procedury terapeutycznej). Jednak badanie jest r\u00f3wnie\u017c cz\u0119sto przeprowadzane jako badanie kontrolne po leczeniu (w celu oceny efektu leczenia i&nbsp;dostosowania go w razie potrzeby) lub w celu zaplanowania radioterapii.<\/li>\n<li>PET\/CT znajduje r\u00f3wnie\u017c zastosowanie w diagnostyce chor\u00f3b zapalnych i&nbsp;autoimmunologicznych, neurologii i&nbsp;kardiologii.<\/li>\n<\/ul>\n<h3>Zastosowanie radiofarmaceutyk\u00f3w\/radioznacznik\u00f3w<\/h3>\n<p>Do sporz\u0105dzenia obrazu metabolicznego konieczne jest podanie do\u017cylne specjalnych substancji radioaktywnych, nazywanych radiofarmaceutykami, (najcz\u0119\u015bciej jest to fluorodeoksyglukoza (FDG)) i&nbsp;fluorocholina (FCH)). Podane substancje radioaktywne s\u0105 szybko wydalane z&nbsp;organizmu pacjenta wraz z&nbsp;moczem i&nbsp;nie powoduj\u0105 alergii ani nie ograniczaj\u0105 zdolno\u015bci do prowadzenia pojazd\u00f3w. Prowadzenie pojazd\u00f3w mechanicznych nale\u017cy skonsultowa\u0107 z&nbsp;lekarzem tylko, je\u017celi pacjentowi podano jeszcze inne leki.<\/p>\n<p>Obraz morfologiczny uzyskuje si\u0119 za pomoc\u0105 pe\u0142nej tomografii komputerowej (CT) z&nbsp;zastosowaniem kontrastu jodowego (o&nbsp;ile nie ma przeciwwskaza\u0144). Badanie jest czasoch\u0142onne i&nbsp;trwa oko\u0142o 3 godzin, poniewa\u017c standardowo skanowany jest du\u017cy obszar cia\u0142a (tzw. skan ca\u0142ego cia\u0142a).<\/p>\n<h3>1. Jak um\u00f3wi\u0107 si\u0119 na&nbsp;badanie PET\/CT<\/h3>\n<p>Na&nbsp;badanie PET\/CT, czyli badanie metod\u0105 pozytronowej tomografii emisyjnej z&nbsp;tomografem komputerowym mo\u017cna um\u00f3wi\u0107 si\u0119 pod&nbsp;numerem telefonu +420&nbsp;222&nbsp;999&nbsp;046. Nast\u0119pnie nale\u017cy przes\u0142a\u0107 <a href=\"https:\/\/www.ptc.cz\/wp-content\/uploads\/2025\/01\/Zadanka-na-PETCT-vysetreni-EN.docx\">wype\u0142nione skierowanie<\/a> na&nbsp;e-mail: <a href=\"mailto:zadanky@ptc.cz\">zadanky@ptc.cz<\/a>. W ten spos\u00f3b um\u00f3wienie pacjenta b\u0119dzie \u0142atwiejsze i&nbsp;szybsze.<\/p>\n<h3>2. Co jest potrzebne do przeprowadzenia badania PET\/CT?<\/h3>\n<ul>\n<li>Skierowanie wystawione przez lekarza prowadz\u0105cego (lekarza pierwszego kontaktu lub lekarza specjalist\u0119 \u2013 onkologa, pneumologa, reumatologa, chirurga, hematologa, neurologa, kardiologa\u2026 itp.).<\/li>\n<li>Wa\u017cna karta ubezpieczonego<\/li>\n<li>Dow\u00f3d to\u017csamo\u015bci<\/li>\n<\/ul>\n<h3>3. Do pobrania dla pacjent\u00f3w<\/h3>\n<p><strong>\u00b7 Pouczenie dla pacjenta \u2013 badanie PET\/CT<\/strong><\/p>\n<p>Na&nbsp;podstawie wynik\u00f3w bada\u0144 klinicznych lekarz rekomenduje wykonanie badania PET\/CT. Aby zaoszcz\u0119dzi\u0107 Ci obaw zwi\u0105zanych z&nbsp;badaniem, zebrali\u015bmy informacje podstawowe na&nbsp;temat tego badania. Mo\u017cesz dowiedzie\u0107 si\u0119, na&nbsp;czym polega badanie, czego si\u0119 spodziewa\u0107, jak d\u0142ugo trwa i&nbsp;czy istniej\u0105 jakie\u015b ograniczenia.<\/p>\n<p><strong>\u00b7 \u015awiadoma zgoda pacjenta na&nbsp;badanie PET\/CT<\/strong><\/p>\n<p>Z&nbsp;tre\u015bci\u0105 \u015bwiadomej zgody na&nbsp;badanie PET\/CT pacjent mo\u017ce na&nbsp;spokojnie zapozna\u0107 si\u0119 w domu. Nale\u017cy j\u0105 nast\u0119pnie wype\u0142ni\u0107 i&nbsp;przynie\u015b\u0107 podczas kolejnej wizyty w Centrum Terapii Protonowej.<\/p>\n<\/div>\n<\/div>\n","protected":false},"excerpt":{"rendered":"<p>PET\/CT to diagnostyczna metoda obrazowania medycyny nuklearnej. Metoda ta jest wykorzystywana g\u0142\u00f3wnie do diagnozowania nowotwor\u00f3w lub stan\u00f3w zapalnych, wykorzystuj\u0105c fuzj\u0119 lub po\u0142\u0105czenie obraz\u00f3w funkcjonalnych (metabolicznych) i&nbsp;anatomicznych (morfologicznych). Oddzia\u0142 Medycyny Nuklearnej przeprowadza nast\u0119puj\u0105ce badania: Badanie PET\/CT tu\u0142owia z\u00a0u\u017cyciem radiofarmaceutyku\/radioznacznika FDG (fluorodeoksyglukoza), Badanie PET\/CT tu\u0142owia z\u00a0u\u017cyciem radiofarmaceutyku\/radioznacznika FCh (fluorocholina), Badanie PET\/CT tu\u0142owia z\u00a0u\u017cyciem radiofarmaceutyku\/radioznacznika FCV (flucyklowina\/Axumin), Badanie&#8230;<\/p>\n","protected":false},"author":1,"featured_media":3738,"parent":3729,"menu_order":115,"comment_status":"closed","ping_status":"closed","template":"template-page-with-sidebar.php","meta":{"footnotes":""},"class_list":["post-3736","page","type-page","status-publish","has-post-thumbnail","hentry"],"acf":[],"aioseo_notices":[],"_links":{"self":[{"href":"https:\/\/www.ptc.cz\/pl\/wp-json\/wp\/v2\/pages\/3736","targetHints":{"allow":["GET"]}}],"collection":[{"href":"https:\/\/www.ptc.cz\/pl\/wp-json\/wp\/v2\/pages"}],"about":[{"href":"https:\/\/www.ptc.cz\/pl\/wp-json\/wp\/v2\/types\/page"}],"author":[{"embeddable":true,"href":"https:\/\/www.ptc.cz\/pl\/wp-json\/wp\/v2\/users\/1"}],"replies":[{"embeddable":true,"href":"https:\/\/www.ptc.cz\/pl\/wp-json\/wp\/v2\/comments?post=3736"}],"version-history":[{"count":11,"href":"https:\/\/www.ptc.cz\/pl\/wp-json\/wp\/v2\/pages\/3736\/revisions"}],"predecessor-version":[{"id":8248,"href":"https:\/\/www.ptc.cz\/pl\/wp-json\/wp\/v2\/pages\/3736\/revisions\/8248"}],"up":[{"embeddable":true,"href":"https:\/\/www.ptc.cz\/pl\/wp-json\/wp\/v2\/pages\/3729"}],"wp:featuredmedia":[{"embeddable":true,"href":"https:\/\/www.ptc.cz\/pl\/wp-json\/wp\/v2\/media\/3738"}],"wp:attachment":[{"href":"https:\/\/www.ptc.cz\/pl\/wp-json\/wp\/v2\/media?parent=3736"}],"curies":[{"name":"wp","href":"https:\/\/api.w.org\/{rel}","templated":true}]}}